{"id":4,"date":"2019-06-20T16:29:17","date_gmt":"2019-06-20T16:29:17","guid":{"rendered":"https:\/\/joerns-gmbh.com\/?p=4"},"modified":"2026-02-24T14:04:50","modified_gmt":"2026-02-24T13:04:50","slug":"home","status":"publish","type":"page","link":"https:\/\/joerns-gmbh.com\/en\/","title":{"rendered":"Home"},"content":{"rendered":"<h1>Technik. Qualit\u00e4t. <br \/>Seit 1992.<\/h1>\n<div>Die JOERNS GmbH ist Lieferant innovativer Fertigungseinrichtungen f\u00fcr die Elektronikindustrie und von Rauch- Gas- und Staubabsaugsystemen f\u00fcr alle Fertigungsbereiche.<\/div>\n<ul>\n<li>\n<p>\n        <a href=\"\/?page_id=2205\">Absaugsysteme<\/a>\n    <\/p>\n<\/li>\n<li>\n<p>\n        <a href=\"\/reparatursysteme-2\/\">Reparatursysteme<\/a>\n    <\/p>\n<\/li>\n<\/ul>\n<p><p>\n        <a href=\"\/vakuumgeneratoren\/\">Vakuum Generatoren<\/a>\n    <\/p>\n<\/p>\n<hr>\n<h1>Kontaktieren Sie uns<\/h1>\n<ul>\n<li>\n<p>\n        <a href=\"tel:+49569162870\">+49 05691 \u2013 6287-0<\/a>\n    <\/p>\n<\/li>\n<li>\n<p>\n        <a href=\"mailto:info@joerns-gmbh.com\"> info@joerns-gmbh.com<\/a>\n    <\/p>\n<\/li>\n<\/ul>\n<p><img decoding=\"async\" src=\"\/wp-content\/uploads\/2025\/03\/gmbh.jpg\" alt=\"\"><br \/>\n<img decoding=\"async\" src=\"\/wp-content\/uploads\/2025\/04\/briloner_web.jpg\" alt=\"\"><\/p>\n<h1>Unsere Produktpalette<\/h1>\n<div>Die JOERNS GmbH ist Lieferant innovativer Fertigungseinrichtungen f\u00fcr die Elektronikindustrie und von Rauch- Gas- und Staubabsaugsystemen f\u00fcr alle Fertigungsbereiche.<\/div>\n<p><p>\n        <a href=\"\/wp-admin\/admin-ajax.php?action=kernel&amp;p=customizer\">Kontakt aufnehmen<\/a>\n    <\/p>\n<\/p>\n<ul>\n<li>\n<p>        <img decoding=\"async\" src=\"\/wp-content\/uploads\/2025\/03\/absaugsysteme.jpg\" alt=\"\"><\/p>\n<h3>Absaugsysteme<\/h3>\n<p><a href=\"\/?page_id=2205\">Zu den Absaugsystemen &#8211;><\/a><\/p>\n<\/li>\n<li>\n<p>        <img decoding=\"async\" src=\"\/wp-content\/uploads\/2025\/03\/Produktbild-Core-Plus.jpg\" alt=\"\"><\/p>\n<h3>Reparatursysteme<\/h3>\n<p><a href=\"\/reparatursysteme-2\/\">Zu den Reparatursystemen &#8211;><\/a><\/p>\n<\/li>\n<li>\n<p>        <img decoding=\"async\" src=\"\/wp-content\/uploads\/2025\/03\/vakuum-generatoren.jpg\" alt=\"\"><\/p>\n<h3>Vakuum Generatoren<\/h3>\n<p><a href=\"\/vakuumgeneratoren\/\">Zu den Vakuum Generatoren &#8211;><\/a><\/p>\n<\/li>\n<\/ul>\n<p><p>\n        <a href=\"\/wp-admin\/admin-ajax.php?action=kernel&amp;p=customizer\">Kontakt aufnehmen<\/a>\n    <\/p>\n<\/p>\n<h1>Unser Service f\u00fcr Sie<\/h1>\n<div>\n<p>Guter Service ist das, was JOERNS ausmacht. Wir stehen Ihnen von der ersten Beratung bis zur langfristigen Betreuung zuverl\u00e4ssig zur Seite. Ob Produktbestellung, Schulung oder Wartung \u2013 bei uns bekommen Sie alles aus einer Hand.<\/p>\n<\/div>\n<ul>\n<li>\n<h2>Unser Service <\/h2>\n<p>Service | Schulung | Wartung<\/p>\n<div>Alle Produkte, Absaugsysteme, Verbrauchsartikel, Zubeh\u00f6r, Ersatzteile, k\u00f6nnen direkt \u00fcber uns bezogen werden.<\/div>\n<p><a href=\"#\">Serviceleistungen im Detail -><\/a><\/p>\n<\/li>\n<li>\n<h2>Wartung <\/h2>\n<p>Ausf\u00e4lle vermeiden, Effizienz sichern<\/p>\n<div>Vermeiden Sie unn\u00f6tige Ausf\u00e4lle: Unsere Wartungsteams sorgen f\u00fcr st\u00f6rungsfreie Prozesse und erkennen Probleme, bevor sie entstehen.<\/div>\n<p><a href=\"\/service\/#wartung\">Erfahren Sie mehr \u00fcber die Wartung -><\/a><\/p>\n<\/li>\n<\/ul>\n<div>Expertise seit 1992<\/div>\n<h2>\u00dcber die Joerns GmbH<\/h2>\n<p><img decoding=\"async\" src=\"\/wp-content\/uploads\/2025\/04\/briloner_web.jpg\" alt=\"\"><\/p>\n<div>\n<p>Seit mehr als drei Jahrzehnten steht die Joerns GmbH f\u00fcr zuverl\u00e4ssige Absaugtechnik, individuell abgestimmte L\u00f6sungen und pers\u00f6nliche Beratung auf Augenh\u00f6he. Unser Anspruch: maximale Effizienz bei minimaler Belastung \u2013 f\u00fcr Mensch, Maschine und Umwelt.<\/p>\n<p>Ob Planung, Wartung oder Notfall \u2013 unser Team ist 24\/7 f\u00fcr Sie erreichbar. Denn bei uns endet der Service nicht mit dem Verkauf, sondern beginnt dort erst richtig.<\/p>\n<\/div>\n<p><p>\n        <a href=\"\/?page_id=2284\">Mehr \u00fcber Joerns<\/a>\n    <\/p>\n<\/p>\n<p><img decoding=\"async\" src=\"\/wp-content\/uploads\/2025\/04\/briloner_web.jpg\" alt=\"\"><\/p>\n<p><!--more--><br \/>\n<!-- {\"type\":\"layout\",\"children\":[{\"name\":\"Hero\",\"type\":\"section\",\"props\":{\"animation\":\"slide-left-medium\",\"animation_delay\":false,\"height\":\"pixels\",\"height_offset_top\":true,\"height_viewport\":720,\"image_position\":\"center-center\",\"image_size\":\"cover\",\"padding_remove_bottom\":false,\"padding_remove_top\":false,\"style\":\"muted\",\"title_breakpoint\":\"xl\",\"title_position\":\"top-left\",\"title_rotation\":\"left\",\"vertical_align\":\"middle\",\"width\":\"large\"},\"children\":[{\"type\":\"row\",\"props\":{\"column_gap\":\"large\",\"layout\":\"1-2,1-2\",\"row_gap\":\"large\"},\"children\":[{\"type\":\"column\",\"props\":{\"image_position\":\"center-center\",\"position_sticky_breakpoint\":\"m\",\"vertical_align\":\"middle\",\"width_medium\":\"1-2\"},\"children\":[{\"type\":\"headline\",\"props\":{\"block_align\":\"center\",\"content\":\"Technik. Qualit\\u00e4t. <br \/>Seit 1992.\",\"margin_remove_top\":true,\"text_align\":\"left\",\"text_align_breakpoint\":\"m\",\"text_align_fallback\":\"center\",\"title_element\":\"h1\",\"title_style\":\"heading-medium\"}},{\"type\":\"text\",\"props\":{\"block_align_breakpoint\":\"m\",\"block_align_fallback\":\"center\",\"column_breakpoint\":\"m\",\"content\":\"Die JOERNS GmbH ist Lieferant innovativer Fertigungseinrichtungen f\\u00fcr die Elektronikindustrie und von Rauch- Gas- und Staubabsaugsystemen f\\u00fcr alle Fertigungsbereiche.\",\"margin\":\"medium\",\"margin_remove_top\":true,\"maxwidth\":\"xlarge\",\"text_align\":\"left\",\"text_align_breakpoint\":\"m\",\"text_align_fallback\":\"center\"}},{\"type\":\"button\",\"props\":{\"grid_column_gap\":\"small\",\"grid_row_gap\":\"small\",\"margin\":\"default\",\"margin_remove_bottom\":true,\"text_align\":\"left\",\"text_align_breakpoint\":\"m\",\"text_align_fallback\":\"center\"},\"children\":[{\"type\":\"button_item\",\"props\":{\"button_style\":\"primary\",\"content\":\"Absaugsysteme\",\"dialog_layout\":\"modal\",\"dialog_offcanvas_flip\":true,\"icon_align\":\"left\",\"link\":\"?page_id=2205\",\"link_title\":\"Explore\"}},{\"type\":\"button_item\",\"props\":{\"button_style\":\"primary\",\"content\":\"Reparatursysteme\",\"dialog_layout\":\"modal\",\"dialog_offcanvas_flip\":true,\"icon_align\":\"left\",\"link\":\"reparatursysteme-2\\\/\",\"link_title\":\"Explore\"}}]},{\"type\":\"button\",\"props\":{\"css\":\"\\\/* Hide element if the viewport width is 600px or less *\\\/\\n@media screen and (max-width: 800px) {\\n  .el-element {\\n    position: static !important;\\n  }\\n}\",\"grid_column_gap\":\"small\",\"grid_row_gap\":\"small\",\"margin\":\"small\",\"margin_remove_top\":false,\"position\":\"relative\",\"position_left\":\"80\",\"text_align\":\"left\",\"text_align_breakpoint\":\"m\",\"text_align_fallback\":\"center\"},\"children\":[{\"type\":\"button_item\",\"props\":{\"button_style\":\"primary\",\"content\":\"Vakuum Generatoren\",\"dialog_layout\":\"modal\",\"dialog_offcanvas_flip\":true,\"icon_align\":\"left\",\"link\":\"vakuumgeneratoren\\\/\",\"link_title\":\"Explore\"}}]},{\"type\":\"divider\",\"props\":{\"css\":\".el-element {\\n \\n  border-top: 1px solid #f7890d;\\n}\",\"divider_element\":\"hr\",\"margin\":\"medium\",\"margin_remove_bottom\":true,\"maxwidth\":\"xlarge\"}},{\"type\":\"headline\",\"props\":{\"block_align\":\"center\",\"content\":\"Kontaktieren Sie uns\",\"css\":\".el-element{\\n    font-weight:800;\\n    font-style:italic;\\n}\",\"margin\":\"default\",\"margin_remove_top\":false,\"text_align\":\"left\",\"text_align_breakpoint\":\"m\",\"text_align_fallback\":\"center\",\"title_element\":\"h1\",\"title_style\":\"h3\"}},{\"type\":\"button\",\"props\":{\"css\":\".el-content{\\n    text-transform:none;\\n    font-size:20px;\\n    font-weight:800;\\n    font-style:italic;\\n}\",\"fullwidth\":false,\"grid_column_gap\":\"\",\"grid_row_gap\":\"medium\",\"margin\":\"default\",\"text_align\":\"left\",\"text_align_breakpoint\":\"m\",\"text_align_fallback\":\"center\"},\"children\":[{\"type\":\"button_item\",\"props\":{\"button_style\":\"text\",\"content\":\"+49 05691 \\u2013 6287-0\",\"dialog_layout\":\"modal\",\"dialog_offcanvas_flip\":true,\"icon\":\"custom-phone\",\"icon_align\":\"left\",\"link\":\"tel:+49569162870\"}},{\"type\":\"button_item\",\"props\":{\"button_style\":\"text\",\"content\":\" info@joerns-gmbh.com\",\"dialog_layout\":\"modal\",\"dialog_offcanvas_flip\":true,\"icon\":\"custom-mail\",\"icon_align\":\"left\",\"link\":\"mailto:info@joerns-gmbh.com\"}}],\"name\":\"button\"}]},{\"type\":\"column\",\"props\":{\"image_position\":\"center-center\",\"position_sticky_breakpoint\":\"m\",\"vertical_align\":\"middle\",\"width_medium\":\"1-2\"},\"children\":[{\"type\":\"image\",\"props\":{\"container_padding_remove\":false,\"css\":\".el-image{\\n    border: 5px solid #f5f4f4;\\n \\n}\",\"image\":\"wp-content\\\/uploads\\\/2025\\\/03\\\/gmbh.jpg\",\"image_height\":420,\"image_svg_color\":\"emphasis\",\"margin\":\"default\",\"position\":\"relative\",\"position_right\":\"0\",\"position_top\":\"-60\",\"text_align\":\"right\",\"visibility\":\"m\"}},{\"type\":\"image\",\"props\":{\"container_padding_remove\":false,\"css\":\".el-image{\\n    border: 8px solid #f5f4f4;\\n  \\n}\",\"image\":\"wp-content\\\/uploads\\\/2025\\\/04\\\/briloner_web.jpg\",\"image_height\":250,\"image_svg_color\":\"emphasis\",\"margin\":\"default\",\"position\":\"absolute\",\"position_bottom\":\"-60\",\"position_left\":\"-260\",\"text_align\":\"right\",\"visibility\":\"m\"}}]}]}]},{\"name\":\"About us\",\"type\":\"section\",\"props\":{\"animation\":\"slide-right-medium\",\"css\":\"\\n.el-section{\\n    border-top:4px solid orange;\\n    border-bottom:4px solid orange;\\n}\",\"image_position\":\"top-center\",\"image_size\":\"cover\",\"image_width\":\"2560\",\"media_overlay\":\"hsla(240, 100%, 25%, 0.73)\",\"media_visibility\":\"m\",\"preserve_color\":true,\"style\":\"default\",\"title_breakpoint\":\"xl\",\"title_position\":\"top-left\",\"title_rotation\":\"left\",\"vertical_align\":\"\",\"video\":\"wp-content\\\/uploads\\\/2025\\\/04\\\/1108619349-preview.mp4\",\"width\":\"large\"},\"children\":[{\"type\":\"row\",\"children\":[{\"type\":\"column\",\"props\":{\"image_position\":\"center-center\",\"position_sticky_breakpoint\":\"m\",\"width_medium\":\"2-3\"},\"children\":[{\"type\":\"headline\",\"props\":{\"content\":\"Unsere Produktpalette\",\"css\":\".el-element{\\n    font-style:italic;\\n    font-weight:700;\\n color: white;   \\n    \\n}\\n\\n.el-element > ::after{\\n\\n  border-bottom: calc(0.7px + 0.05em) solid #fff!important;\\n}\\n\\n\\n\",\"title_decoration\":\"line\",\"title_element\":\"h1\",\"title_style\":\"heading-small\"}},{\"type\":\"text\",\"props\":{\"block_align_breakpoint\":\"m\",\"block_align_fallback\":\"center\",\"column_breakpoint\":\"m\",\"content\":\"Die JOERNS GmbH ist Lieferant innovativer Fertigungseinrichtungen f\\u00fcr die Elektronikindustrie und von Rauch- Gas- und Staubabsaugsystemen f\\u00fcr alle Fertigungsbereiche.\",\"css\":\".el-element{\\n    \\n color: white;   \\n    \\n}\",\"margin\":\"default\",\"text_align_breakpoint\":\"m\",\"text_align_fallback\":\"center\"}}]},{\"type\":\"column\",\"props\":{\"image_position\":\"center-center\",\"position_sticky_breakpoint\":\"m\",\"vertical_align\":\"bottom\",\"width_medium\":\"1-3\"},\"children\":[{\"type\":\"button\",\"props\":{\"grid_column_gap\":\"small\",\"grid_row_gap\":\"small\",\"margin\":\"default\",\"text_align\":\"right\",\"text_align_breakpoint\":\"m\",\"text_align_fallback\":\"left\",\"visibility\":\"m\"},\"children\":[{\"type\":\"button_item\",\"props\":{\"button_style\":\"primary\",\"content\":\"Kontakt aufnehmen\",\"dialog_layout\":\"modal\",\"dialog_offcanvas_flip\":true,\"icon_align\":\"left\",\"link\":\"wp-admin\\\/admin-ajax.php?action=kernel&p=customizer\"}}]}]}],\"props\":{\"layout\":\"2-3,1-3\",\"margin\":\"large\"}},{\"type\":\"row\",\"children\":[{\"type\":\"column\",\"props\":{\"image_position\":\"center-center\",\"position_sticky_breakpoint\":\"m\"},\"children\":[{\"type\":\"grid\",\"props\":{\"content_column_breakpoint\":\"m\",\"filter_align\":\"left\",\"filter_all\":true,\"filter_grid_breakpoint\":\"m\",\"filter_grid_width\":\"auto\",\"filter_position\":\"top\",\"filter_style\":\"tab\",\"grid_column_gap\":\"small\",\"grid_default\":\"1\",\"grid_medium\":\"3\",\"grid_row_gap\":\"small\",\"grid_small\":\"2\",\"icon_width\":80,\"image_align\":\"top\",\"image_grid_breakpoint\":\"m\",\"image_grid_width\":\"1-2\",\"image_height\":350,\"image_svg_color\":\"emphasis\",\"image_width\":458,\"item_animation\":true,\"lightbox_bg_close\":true,\"link_fullwidth\":true,\"link_size\":\"small\",\"link_style\":\"primary\",\"link_text\":\"Read more\",\"margin\":\"default\",\"meta_align\":\"below-title\",\"meta_element\":\"div\",\"meta_style\":\"text-meta\",\"panel_image_no_padding\":true,\"panel_padding\":\"small\",\"panel_style\":\"card-secondary\",\"show_content\":true,\"show_hover_image\":true,\"show_hover_video\":true,\"show_image\":true,\"show_link\":true,\"show_meta\":true,\"show_title\":true,\"show_video\":true,\"text_align\":\"center\",\"title_align\":\"top\",\"title_element\":\"h3\",\"title_grid_breakpoint\":\"m\",\"title_grid_width\":\"1-2\",\"title_hover_style\":\"reset\",\"title_style\":\"h3\"},\"children\":[{\"type\":\"grid_item\",\"props\":{\"image\":\"wp-content\\\/uploads\\\/2025\\\/03\\\/absaugsysteme.jpg\",\"link\":\"?page_id=2205\",\"link_text\":\"Zu den Absaugsystemen -->&#8222;,&#8220;title&#8220;:&#8220;Absaugsysteme&#8220;}},{&#8222;type&#8220;:&#8220;grid_item&#8220;,&#8220;props&#8220;:{&#8222;image&#8220;:&#8220;wp-content\\\/uploads\\\/2025\\\/03\\\/Produktbild-Core-Plus.jpg&#8220;,&#8220;link&#8220;:&#8220;reparatursysteme-2\\\/&#8220;,&#8220;link_text&#8220;:&#8220;Zu den Reparatursystemen &#8211;>&#8220;,&#8220;title&#8220;:&#8220;Reparatursysteme&#8220;}},{&#8222;type&#8220;:&#8220;grid_item&#8220;,&#8220;props&#8220;:{&#8222;image&#8220;:&#8220;wp-content\\\/uploads\\\/2025\\\/03\\\/vakuum-generatoren.jpg&#8220;,&#8220;link&#8220;:&#8220;vakuumgeneratoren\\\/&#8220;,&#8220;link_text&#8220;:&#8220;Zu den Vakuum Generatoren &#8211;>&#8220;,&#8220;title&#8220;:&#8220;Vakuum Generatoren&#8220;}}]},{&#8222;type&#8220;:&#8220;button&#8220;,&#8220;props&#8220;:{&#8222;grid_column_gap&#8220;:&#8220;small&#8220;,&#8220;grid_row_gap&#8220;:&#8220;small&#8220;,&#8220;margin&#8220;:&#8220;default&#8220;,&#8220;text_align&#8220;:&#8220;right&#8220;,&#8220;text_align_breakpoint&#8220;:&#8220;m&#8220;,&#8220;text_align_fallback&#8220;:&#8220;left&#8220;,&#8220;visibility&#8220;:&#8220;hidden-m&#8220;},&#8220;children&#8220;:[{&#8222;type&#8220;:&#8220;button_item&#8220;,&#8220;props&#8220;:{&#8222;button_style&#8220;:&#8220;primary&#8220;,&#8220;content&#8220;:&#8220;Kontakt aufnehmen&#8220;,&#8220;dialog_layout&#8220;:&#8220;modal&#8220;,&#8220;dialog_offcanvas_flip&#8220;:true,&#8220;icon_align&#8220;:&#8220;left&#8220;,&#8220;link&#8220;:&#8220;wp-admin\\\/admin-ajax.php?action=kernel&#038;p=customizer&#8220;}}]}]}]}]},{&#8222;name&#8220;:&#8220;Services&#8220;,&#8220;type&#8220;:&#8220;section&#8220;,&#8220;props&#8220;:{&#8222;animation&#8220;:&#8220;slide-left-medium&#8220;,&#8220;image_position&#8220;:&#8220;center-center&#8220;,&#8220;image_size&#8220;:&#8220;cover&#8220;,&#8220;style&#8220;:&#8220;muted&#8220;,&#8220;title_breakpoint&#8220;:&#8220;xl&#8220;,&#8220;title_position&#8220;:&#8220;top-left&#8220;,&#8220;title_rotation&#8220;:&#8220;left&#8220;,&#8220;vertical_align&#8220;:&#8220;&#8220;,&#8220;width&#8220;:&#8220;large&#8220;},&#8220;children&#8220;:[{&#8222;type&#8220;:&#8220;row&#8220;,&#8220;children&#8220;:[{&#8222;type&#8220;:&#8220;column&#8220;,&#8220;props&#8220;:{&#8222;image_position&#8220;:&#8220;center-center&#8220;,&#8220;position_sticky_breakpoint&#8220;:&#8220;m&#8220;},&#8220;children&#8220;:[{&#8222;type&#8220;:&#8220;headline&#8220;,&#8220;props&#8220;:{&#8222;content&#8220;:&#8220;Unser Service f\\u00fcr Sie&#8220;,&#8220;css&#8220;:&#8220;.el-element{\\n    font-style:italic;\\n    font-weight:700;\\n \\n    \\n}&#8220;,&#8220;text_align&#8220;:&#8220;center&#8220;,&#8220;title_decoration&#8220;:&#8220;line&#8220;,&#8220;title_element&#8220;:&#8220;h1&#8243;,&#8220;title_style&#8220;:&#8220;heading-small&#8220;}},{&#8222;type&#8220;:&#8220;text&#8220;,&#8220;props&#8220;:{&#8222;block_align&#8220;:&#8220;center&#8220;,&#8220;column_breakpoint&#8220;:&#8220;m&#8220;,&#8220;content&#8220;:&#8220;<\/p>\n<p>Guter Service ist das, was JOERNS ausmacht. Wir stehen Ihnen von der ersten Beratung bis zur langfristigen Betreuung zuverl\\u00e4ssig zur Seite. Ob Produktbestellung, Schulung oder Wartung \\u2013 bei uns bekommen Sie alles aus einer Hand.<\\\/p>&#8222;,&#8220;margin&#8220;:&#8220;default&#8220;,&#8220;maxwidth&#8220;:&#8220;2xlarge&#8220;,&#8220;text_align&#8220;:&#8220;center&#8220;}}]}],&#8220;props&#8220;:{&#8222;margin&#8220;:&#8220;large&#8220;}},{&#8222;type&#8220;:&#8220;row&#8220;,&#8220;children&#8220;:[{&#8222;type&#8220;:&#8220;column&#8220;,&#8220;props&#8220;:{&#8222;image_position&#8220;:&#8220;center-center&#8220;,&#8220;position_sticky_breakpoint&#8220;:&#8220;m&#8220;},&#8220;children&#8220;:[{&#8222;type&#8220;:&#8220;grid&#8220;,&#8220;props&#8220;:{&#8222;content_column_breakpoint&#8220;:&#8220;m&#8220;,&#8220;css&#8220;:&#8220;.el-item{\\n    \\n    \\n border: 1px solid black;   \\n    \\n}&#8220;,&#8220;filter_align&#8220;:&#8220;left&#8220;,&#8220;filter_all&#8220;:true,&#8220;filter_grid_breakpoint&#8220;:&#8220;m&#8220;,&#8220;filter_grid_width&#8220;:&#8220;auto&#8220;,&#8220;filter_position&#8220;:&#8220;top&#8220;,&#8220;filter_style&#8220;:&#8220;tab&#8220;,&#8220;grid_column_gap&#8220;:&#8220;small&#8220;,&#8220;grid_default&#8220;:&#8220;1&#8243;,&#8220;grid_medium&#8220;:&#8220;2&#8243;,&#8220;grid_row_gap&#8220;:&#8220;small&#8220;,&#8220;icon_width&#8220;:80,&#8220;image_align&#8220;:&#8220;top&#8220;,&#8220;image_grid_breakpoint&#8220;:&#8220;m&#8220;,&#8220;image_grid_width&#8220;:&#8220;1-2&#8243;,&#8220;image_svg_color&#8220;:&#8220;emphasis&#8220;,&#8220;item_animation&#8220;:true,&#8220;lightbox_bg_close&#8220;:true,&#8220;link_style&#8220;:&#8220;text&#8220;,&#8220;link_text&#8220;:&#8220;Read more&#8220;,&#8220;margin&#8220;:&#8220;default&#8220;,&#8220;meta_align&#8220;:&#8220;above-title&#8220;,&#8220;meta_color&#8220;:&#8220;primary&#8220;,&#8220;meta_element&#8220;:&#8220;div&#8220;,&#8220;meta_margin&#8220;:&#8220;small&#8220;,&#8220;meta_style&#8220;:&#8220;text-meta&#8220;,&#8220;panel_expand&#8220;:&#8220;content&#8220;,&#8220;panel_padding&#8220;:&#8220;default&#8220;,&#8220;panel_style&#8220;:&#8220;card-default&#8220;,&#8220;show_content&#8220;:true,&#8220;show_hover_image&#8220;:true,&#8220;show_hover_video&#8220;:true,&#8220;show_image&#8220;:true,&#8220;show_link&#8220;:true,&#8220;show_meta&#8220;:true,&#8220;show_title&#8220;:true,&#8220;show_video&#8220;:true,&#8220;title_align&#8220;:&#8220;top&#8220;,&#8220;title_element&#8220;:&#8220;h2&#8243;,&#8220;title_grid_breakpoint&#8220;:&#8220;m&#8220;,&#8220;title_grid_width&#8220;:&#8220;1-2&#8243;,&#8220;title_hover_style&#8220;:&#8220;reset&#8220;,&#8220;title_margin&#8220;:&#8220;small&#8220;,&#8220;title_style&#8220;:&#8220;h2&#8243;},&#8220;children&#8220;:[{&#8222;type&#8220;:&#8220;grid_item&#8220;,&#8220;props&#8220;:{&#8222;content&#8220;:&#8220;Alle Produkte, Absaugsysteme, Verbrauchsartikel, Zubeh\\u00f6r, Ersatzteile, k\\u00f6nnen direkt \\u00fcber uns bezogen werden.&#8220;,&#8220;link&#8220;:&#8220;#&#8220;,&#8220;link_text&#8220;:&#8220;Serviceleistungen im Detail ->&#8220;,&#8220;meta&#8220;:&#8220;Service | Schulung | Wartung&#8220;,&#8220;title&#8220;:&#8220;Unser Service &#8222;}},{&#8222;type&#8220;:&#8220;grid_item&#8220;,&#8220;props&#8220;:{&#8222;content&#8220;:&#8220;Vermeiden Sie unn\\u00f6tige Ausf\\u00e4lle: Unsere Wartungsteams sorgen f\\u00fcr st\\u00f6rungsfreie Prozesse und erkennen Probleme, bevor sie entstehen.&#8220;,&#8220;link&#8220;:&#8220;service\\\/#wartung&#8220;,&#8220;link_text&#8220;:&#8220;Erfahren Sie mehr \\u00fcber die Wartung ->&#8220;,&#8220;meta&#8220;:&#8220;Ausf\\u00e4lle vermeiden, Effizienz sichern&#8220;,&#8220;title&#8220;:&#8220;Wartung &#8222;}}]}]}]}]},{&#8222;name&#8220;:&#8220;Products&#8220;,&#8220;type&#8220;:&#8220;section&#8220;,&#8220;props&#8220;:{&#8222;animation&#8220;:&#8220;slide-top-small&#8220;,&#8220;animation_delay&#8220;:&#8220;200&#8243;,&#8220;image_position&#8220;:&#8220;center-center&#8220;,&#8220;image_size&#8220;:&#8220;cover&#8220;,&#8220;style&#8220;:&#8220;default&#8220;,&#8220;title_breakpoint&#8220;:&#8220;xl&#8220;,&#8220;title_position&#8220;:&#8220;top-left&#8220;,&#8220;title_rotation&#8220;:&#8220;left&#8220;,&#8220;vertical_align&#8220;:&#8220;middle&#8220;,&#8220;width&#8220;:&#8220;large&#8220;},&#8220;children&#8220;:[{&#8222;type&#8220;:&#8220;row&#8220;,&#8220;props&#8220;:{&#8222;layout&#8220;:&#8220;1-2,1-2&#8243;},&#8220;children&#8220;:[{&#8222;type&#8220;:&#8220;column&#8220;,&#8220;props&#8220;:{&#8222;image_position&#8220;:&#8220;center-center&#8220;,&#8220;position_sticky_breakpoint&#8220;:&#8220;m&#8220;,&#8220;width_medium&#8220;:&#8220;1-2&#8243;},&#8220;children&#8220;:[{&#8222;type&#8220;:&#8220;text&#8220;,&#8220;props&#8220;:{&#8222;column_breakpoint&#8220;:&#8220;m&#8220;,&#8220;content&#8220;:&#8220;Expertise seit 1992&#8243;,&#8220;margin&#8220;:&#8220;default&#8220;,&#8220;text_align&#8220;:&#8220;left&#8220;,&#8220;text_color&#8220;:&#8220;primary&#8220;,&#8220;text_style&#8220;:&#8220;meta&#8220;}},{&#8222;type&#8220;:&#8220;headline&#8220;,&#8220;props&#8220;:{&#8222;content&#8220;:&#8220;\\u00dcber die Joerns GmbH&#8220;,&#8220;margin_remove_top&#8220;:true,&#8220;text_align&#8220;:&#8220;left&#8220;,&#8220;title_decoration&#8220;:&#8220;line&#8220;,&#8220;title_element&#8220;:&#8220;h2&#8243;,&#8220;title_style&#8220;:&#8220;heading-small&#8220;}},{&#8222;type&#8220;:&#8220;image&#8220;,&#8220;props&#8220;:{&#8222;image&#8220;:&#8220;wp-content\\\/uploads\\\/2025\\\/04\\\/briloner_web.jpg&#8220;,&#8220;image_svg_color&#8220;:&#8220;emphasis&#8220;,&#8220;image_width&#8220;:600,&#8220;margin&#8220;:&#8220;&#8220;,&#8220;text_align&#8220;:&#8220;right&#8220;,&#8220;text_align_breakpoint&#8220;:&#8220;m&#8220;,&#8220;text_align_fallback&#8220;:&#8220;left&#8220;,&#8220;visibility&#8220;:&#8220;hidden-m&#8220;}},{&#8222;type&#8220;:&#8220;text&#8220;,&#8220;props&#8220;:{&#8222;block_align&#8220;:&#8220;center&#8220;,&#8220;column_breakpoint&#8220;:&#8220;m&#8220;,&#8220;content&#8220;:&#8220;<\/p>\n<p>Seit mehr als drei Jahrzehnten steht die Joerns GmbH f\\u00fcr zuverl\\u00e4ssige Absaugtechnik, individuell abgestimmte L\\u00f6sungen und pers\\u00f6nliche Beratung auf Augenh\\u00f6he. Unser Anspruch: maximale Effizienz bei minimaler Belastung \\u2013 f\\u00fcr Mensch, Maschine und Umwelt.<\\\/p>\\n<\/p>\n<p>Ob Planung, Wartung oder Notfall \\u2013 unser Team ist 24\\\/7 f\\u00fcr Sie erreichbar. Denn bei uns endet der Service nicht mit dem Verkauf, sondern beginnt dort erst richtig.<\\\/p>&#8222;,&#8220;margin&#8220;:&#8220;medium&#8220;,&#8220;margin_remove_bottom&#8220;:true}},{&#8222;type&#8220;:&#8220;button&#8220;,&#8220;props&#8220;:{&#8222;grid_column_gap&#8220;:&#8220;small&#8220;,&#8220;grid_row_gap&#8220;:&#8220;small&#8220;,&#8220;margin&#8220;:&#8220;medium&#8220;,&#8220;margin_remove_top&#8220;:false,&#8220;position_left&#8220;:&#8220;80&#8243;,&#8220;text_align&#8220;:&#8220;left&#8220;,&#8220;text_align_breakpoint&#8220;:&#8220;m&#8220;,&#8220;text_align_fallback&#8220;:&#8220;left&#8220;},&#8220;children&#8220;:[{&#8222;type&#8220;:&#8220;button_item&#8220;,&#8220;props&#8220;:{&#8222;button_style&#8220;:&#8220;primary&#8220;,&#8220;content&#8220;:&#8220;Mehr \\u00fcber Joerns&#8220;,&#8220;dialog_layout&#8220;:&#8220;modal&#8220;,&#8220;dialog_offcanvas_flip&#8220;:true,&#8220;icon_align&#8220;:&#8220;left&#8220;,&#8220;link&#8220;:&#8220;?page_id=2284&#8243;,&#8220;link_title&#8220;:&#8220;Explore&#8220;}}]}]},{&#8222;type&#8220;:&#8220;column&#8220;,&#8220;props&#8220;:{&#8222;image_position&#8220;:&#8220;center-center&#8220;,&#8220;position_sticky_breakpoint&#8220;:&#8220;m&#8220;,&#8220;width_medium&#8220;:&#8220;1-2&#8243;},&#8220;children&#8220;:[{&#8222;type&#8220;:&#8220;image&#8220;,&#8220;props&#8220;:{&#8222;image&#8220;:&#8220;wp-content\\\/uploads\\\/2025\\\/04\\\/briloner_web.jpg&#8220;,&#8220;image_svg_color&#8220;:&#8220;emphasis&#8220;,&#8220;image_width&#8220;:600,&#8220;margin&#8220;:&#8220;&#8220;,&#8220;text_align&#8220;:&#8220;right&#8220;,&#8220;text_align_breakpoint&#8220;:&#8220;m&#8220;,&#8220;text_align_fallback&#8220;:&#8220;left&#8220;,&#8220;visibility&#8220;:&#8220;m&#8220;}}]}]}]}],&#8220;version&#8220;:&#8220;4.5.11&#8243;} &#8211;><\/p>\n","protected":false},"excerpt":{"rendered":"<p>Technik. Qualit\u00e4t. Seit 1992. Die JOERNS GmbH ist Lieferant innovativer Fertigungseinrichtungen f\u00fcr die Elektronikindustrie und von Rauch- Gas- und Staubabsaugsystemen f\u00fcr alle Fertigungsbereiche. Absaugsysteme Reparatursysteme Vakuum Generatoren Kontaktieren Sie uns +49 05691 \u2013 6287-0 info@joerns-gmbh.com Unsere Produktpalette Die JOERNS GmbH ist Lieferant innovativer Fertigungseinrichtungen f\u00fcr die Elektronikindustrie und von Rauch- Gas- und Staubabsaugsystemen f\u00fcr alle [&hellip;]<\/p>\n","protected":false},"author":1,"featured_media":0,"parent":0,"menu_order":3,"comment_status":"closed","ping_status":"closed","template":"","meta":{"_acf_changed":false,"footnotes":""},"class_list":["post-4","page","type-page","status-publish","hentry"],"acf":[],"_links":{"self":[{"href":"https:\/\/joerns-gmbh.com\/en\/wp-json\/wp\/v2\/pages\/4","targetHints":{"allow":["GET"]}}],"collection":[{"href":"https:\/\/joerns-gmbh.com\/en\/wp-json\/wp\/v2\/pages"}],"about":[{"href":"https:\/\/joerns-gmbh.com\/en\/wp-json\/wp\/v2\/types\/page"}],"author":[{"embeddable":true,"href":"https:\/\/joerns-gmbh.com\/en\/wp-json\/wp\/v2\/users\/1"}],"replies":[{"embeddable":true,"href":"https:\/\/joerns-gmbh.com\/en\/wp-json\/wp\/v2\/comments?post=4"}],"version-history":[{"count":179,"href":"https:\/\/joerns-gmbh.com\/en\/wp-json\/wp\/v2\/pages\/4\/revisions"}],"predecessor-version":[{"id":3135,"href":"https:\/\/joerns-gmbh.com\/en\/wp-json\/wp\/v2\/pages\/4\/revisions\/3135"}],"wp:attachment":[{"href":"https:\/\/joerns-gmbh.com\/en\/wp-json\/wp\/v2\/media?parent=4"}],"curies":[{"name":"wp","href":"https:\/\/api.w.org\/{rel}","templated":true}]}}