{"id":3098,"date":"2026-02-05T14:04:32","date_gmt":"2026-02-05T13:04:32","guid":{"rendered":"https:\/\/joerns-gmbh.com\/?page_id=3098"},"modified":"2026-02-24T14:06:46","modified_gmt":"2026-02-24T13:06:46","slug":"kontakt","status":"publish","type":"page","link":"https:\/\/joerns-gmbh.com\/en\/kontakt\/","title":{"rendered":"Contact us"},"content":{"rendered":"<h1>Nehmen Sie Kontakt auf<\/h1>\n<h1>Wir freuen uns auf Ihre Anfrage<\/h1>\n<div>Wir sind gerne f\u00fcr Sie da. Schreiben Sie uns oder rufen Sie an. Gemeinsam finden wir die passende L\u00f6sung f\u00fcr Ihr Unternehmen.<\/div>\n<div>\n<p>        <img decoding=\"async\" src=\"\/wp-content\/uploads\/2025\/04\/briloner_web.jpg\" alt=\"\"><\/p>\n<h3>JOERNS GmbH<\/h3>\n<div>\n<p>Briloner Stra\u00dfe 21<br \/>DE &#8211; 34454 Bad Arolsen<br \/>Tel.: +49 (0) 5691-6287-0<br \/>Mob.: +49 (0) 151 &#8211; 2295 4587<br \/>E-mail: <a href=\"mailto:info@joerns-gmbh.com\">info@joerns-gmbh.com<\/a><\/p>\n<\/div>\n<p><a href=\"https:\/\/maps.app.goo.gl\/YQe8SHs7y4x9xSpDA\">Route berechnen<\/a><\/p>\n<\/div>\n<div>\n<p>51.3898365,8.9474559<\/p>\n<\/div>\n<p><!--more--><br \/>\n<!-- {\"type\":\"layout\",\"children\":[{\"type\":\"section\",\"props\":{\"image\":\"wp-content\\\/uploads\\\/2025\\\/04\\\/briloner_web.jpg\",\"image_position\":\"center-center\",\"image_size\":\"cover\",\"media_overlay\":\"rgba(0, 0, 128, 0.82)\",\"style\":\"primary\",\"title_breakpoint\":\"xl\",\"title_position\":\"top-left\",\"title_rotation\":\"left\",\"vertical_align\":\"middle\",\"width\":\"large\"},\"children\":[{\"type\":\"row\",\"children\":[{\"type\":\"column\",\"props\":{\"image_position\":\"center-center\",\"position_sticky_breakpoint\":\"m\"},\"children\":[{\"type\":\"headline\",\"props\":{\"content\":\"Nehmen Sie Kontakt auf\",\"title_element\":\"h1\"}},{\"type\":\"breadcrumbs\",\"props\":{\"show_current\":true,\"show_home\":true}}]}]}],\"name\":\"headr\"},{\"type\":\"section\",\"props\":{\"image_position\":\"center-center\",\"style\":\"muted\",\"title_breakpoint\":\"xl\",\"title_position\":\"top-left\",\"title_rotation\":\"left\",\"vertical_align\":\"middle\",\"width\":\"large\"},\"children\":[{\"type\":\"row\",\"children\":[{\"type\":\"column\",\"props\":{\"image_position\":\"center-center\",\"position_sticky_breakpoint\":\"m\"},\"children\":[{\"type\":\"fragment\",\"props\":{\"margin\":\"default\"},\"children\":[{\"type\":\"row\",\"props\":{\"layout\":\"3-5,2-5\"},\"children\":[{\"type\":\"column\",\"props\":{\"image_position\":\"center-center\",\"position_sticky_breakpoint\":\"m\",\"width_medium\":\"3-5\"},\"children\":[{\"type\":\"headline\",\"props\":{\"content\":\"Wir freuen uns auf Ihre Anfrage\",\"title_element\":\"h1\",\"title_style\":\"h1\"}},{\"type\":\"text\",\"props\":{\"column_breakpoint\":\"m\",\"content\":\"Wir sind gerne f\\u00fcr Sie da. Schreiben Sie uns oder rufen Sie an. Gemeinsam finden wir die passende L\\u00f6sung f\\u00fcr Ihr Unternehmen.\",\"margin\":\"default\"}}]},{\"type\":\"column\",\"props\":{\"image_position\":\"center-center\",\"position_sticky_breakpoint\":\"m\",\"width_medium\":\"2-5\"}}]},{\"type\":\"row\",\"props\":{\"layout\":\"3-5,2-5\"},\"children\":[{\"type\":\"column\",\"props\":{\"image_position\":\"center-center\",\"position_sticky_breakpoint\":\"m\",\"width_medium\":\"3-5\"},\"children\":[{\"type\":\"panel\",\"props\":{\"content\":\"\n\n<p>Briloner Stra\\u00dfe 21<br \\\/>DE - 34454 Bad Arolsen<br \\\/>Tel.: +49 (0) 5691-6287-0<br \\\/>Mob.: +49 (0) 151 - 2295 4587<br \\\/>E-mail: <a href=\\\"mailto:info@joerns-gmbh.com\\\">info@joerns-gmbh.com<\\\/a><\\\/p>\",\"content_column_breakpoint\":\"m\",\"icon_width\":80,\"image\":\"wp-content\\\/uploads\\\/2025\\\/04\\\/briloner_web.jpg\",\"image_align\":\"left\",\"image_grid_breakpoint\":\"m\",\"image_grid_width\":\"1-2\",\"image_svg_color\":\"emphasis\",\"image_width\":800,\"link\":\"https:\\\/\\\/maps.app.goo.gl\\\/YQe8SHs7y4x9xSpDA\",\"link_style\":\"primary\",\"link_target\":true,\"link_text\":\"Route berechnen\",\"margin\":\"default\",\"meta_align\":\"below-title\",\"meta_element\":\"div\",\"meta_style\":\"text-meta\",\"panel_padding\":\"small\",\"panel_style\":\"card-default\",\"title\":\"JOERNS GmbH\",\"title_align\":\"top\",\"title_element\":\"h3\",\"title_grid_breakpoint\":\"m\",\"title_grid_width\":\"1-2\",\"title_hover_style\":\"reset\",\"title_style\":\"h3\"},\"name\":\"ueberuns\"}]},{\"type\":\"column\",\"props\":{\"image_position\":\"center-center\",\"position_sticky_breakpoint\":\"m\",\"width_medium\":\"2-5\"},\"children\":[{\"type\":\"map\",\"props\":{\"controls\":true,\"dragging\":false,\"height\":265,\"image_svg_color\":\"emphasis\",\"link_style\":\"default\",\"link_text\":\"Read more\",\"margin\":\"default\",\"max_zoom\":18,\"meta_align\":\"below-title\",\"meta_element\":\"div\",\"meta_style\":\"text-meta\",\"min_zoom\":0,\"poi\":false,\"show_content\":true,\"show_image\":true,\"show_link\":true,\"show_meta\":true,\"show_title\":true,\"title_element\":\"h3\",\"title_hover_style\":\"reset\",\"type\":\"roadmap\",\"zoom\":\"11\",\"zooming\":false},\"children\":[{\"type\":\"map_item\",\"props\":{\"location\":\"51.3898365,8.9474559\"}}]}]}]}]}]}]}],\"name\":\"\\u00dcber uns\"}],\"version\":\"4.5.11\"} --><\/p>\n","protected":false},"excerpt":{"rendered":"<p>Nehmen Sie Kontakt auf Wir freuen uns auf Ihre Anfrage Wir sind gerne f\u00fcr Sie da. Schreiben Sie uns oder rufen Sie an. Gemeinsam finden wir die passende L\u00f6sung f\u00fcr Ihr Unternehmen. JOERNS GmbH Briloner Stra\u00dfe 21DE &#8211; 34454 Bad ArolsenTel.: +49 (0) 5691-6287-0Mob.: +49 (0) 151 &#8211; 2295 4587E-mail: info@joerns-gmbh.com Route berechnen 51.3898365,8.9474559<\/p>","protected":false},"author":1,"featured_media":0,"parent":0,"menu_order":0,"comment_status":"closed","ping_status":"closed","template":"","meta":{"_acf_changed":false,"footnotes":""},"class_list":["post-3098","page","type-page","status-publish","hentry"],"acf":[],"_links":{"self":[{"href":"https:\/\/joerns-gmbh.com\/en\/wp-json\/wp\/v2\/pages\/3098","targetHints":{"allow":["GET"]}}],"collection":[{"href":"https:\/\/joerns-gmbh.com\/en\/wp-json\/wp\/v2\/pages"}],"about":[{"href":"https:\/\/joerns-gmbh.com\/en\/wp-json\/wp\/v2\/types\/page"}],"author":[{"embeddable":true,"href":"https:\/\/joerns-gmbh.com\/en\/wp-json\/wp\/v2\/users\/1"}],"replies":[{"embeddable":true,"href":"https:\/\/joerns-gmbh.com\/en\/wp-json\/wp\/v2\/comments?post=3098"}],"version-history":[{"count":9,"href":"https:\/\/joerns-gmbh.com\/en\/wp-json\/wp\/v2\/pages\/3098\/revisions"}],"predecessor-version":[{"id":3137,"href":"https:\/\/joerns-gmbh.com\/en\/wp-json\/wp\/v2\/pages\/3098\/revisions\/3137"}],"wp:attachment":[{"href":"https:\/\/joerns-gmbh.com\/en\/wp-json\/wp\/v2\/media?parent=3098"}],"curies":[{"name":"wp","href":"https:\/\/api.w.org\/{rel}","templated":true}]}}