{"id":3003,"date":"2026-01-21T12:14:59","date_gmt":"2026-01-21T11:14:59","guid":{"rendered":"https:\/\/joerns-gmbh.com\/?page_id=3003"},"modified":"2026-02-24T10:52:59","modified_gmt":"2026-02-24T09:52:59","slug":"analoge-absaugsysteme-fumecube-1-2-arm","status":"publish","type":"page","link":"https:\/\/joerns-gmbh.com\/en\/absaugsysteme-2\/analoge-absaugsysteme\/analoge-absaugsysteme-fumecube-1-2-arm\/","title":{"rendered":"Analoge Absaugsysteme &#8211; FumeCube 1 &amp; 2 Arm"},"content":{"rendered":"<h1>Rauch- Gas- und Staub- Absaugsysteme<\/h1>\n<h2>FumeCube-1Arm \/ FumeCube-2Arm<\/h2>\n<ul>\n<li>\n<p>        <img decoding=\"async\" src=\"\/wp-content\/uploads\/2026\/01\/cube_1a.png\" alt=\"\"><\/p>\n<\/li>\n<li>\n<p>        <img decoding=\"async\" src=\"\/wp-content\/uploads\/2026\/01\/cube_2a.png\" alt=\"\"><\/p>\n<\/li>\n<li>\n<p>        <img decoding=\"async\" src=\"\/wp-content\/uploads\/2026\/01\/cube_schema.jpg\" alt=\"\"><\/p>\n<h3>200i_400i_schema<\/h3>\n<div>\n<ol class=\"left\">\n<li>Sauganschluss<\/li>\n<li>Vorfiltermatte<\/li>\n<li>Hauptfilter (HEPA-teil)<\/li>\n<li>Hauptfilter (Aktivkohle-teil)<\/li>\n<li>Reinluftauslass<\/li>\n<li>Filtertypenschild<\/li>\n<\/ol>\n<\/div>\n<\/li>\n<\/ul>\n<div>\n<p>Aubsaugsystem f\u00fcr Anwendungen mit einem maximalen Saugvolumenbedarf von-<\/p>\n<ul>\n<li>100m\u00b3\/h &#8211; System FumeCube-1Arm<\/li>\n<li>2x50m\u00b3\/h &#8211; System FumeCube-2Arm<\/li>\n<\/ul>\n<\/div>\n<ul>\n<li>\n<p>        <img decoding=\"async\" src=\"\/wp-content\/uploads\/2026\/01\/beispiel.bmp\" alt=\"\"><\/p>\n<h3>Dreistufige Filtrierung<\/h3>\n<div>\n<p><b>Dreistufige Filtrierung<\/b><\/p>\n<p>Die Ger\u00e4te saugen die Luftverunreinigungen ab, filtern gesundheitssch\u00e4dliche Partikel und Gase anhand eines dreistufigen Prozesses heraus und f\u00fchren die gereinigte Luft an den Arbeitsplatz zur\u00fcck.<\/p>\n<p>Filterstufen-<\/p>\n<ul>\n<li>Vorfilterflies<\/li>\n<li>HEPA Feinstaubfilter<\/li>\n<li>Aktivkohlefilter<\/li>\n<\/ul>\n<p>Der FumeCube<sup>TM<\/sup> ist ein tragbares Absaugsystem.<\/p>\n<p>Er gew\u00e4hrleistet den Schutz vor dem Einatmen von gesundheitssch\u00e4dlichen D\u00e4mpfen und Partikeln am Arbeitsplatz.<\/p>\n<p>Ein bzw. zwei flexible Edelstahlarme mit Rohrd\u00fcsen, konischen Hutzen oder Klarsichthauben k\u00f6nnen mit Klemmhalterungen rasch an einer Werkbank befestigt werden.<\/p>\n<p>Im Lieferumfang enthalten sind ein bzw. zwei Anschluss Sortimente, bestehend aus einem flexiblen Schlauch \u00d8i 50mm x 2000mm lang,<br \/>eine Tischklemmbefstigung mit absperrbarem Fu\u00dfventil, ein flexibler Edelstahlarm \u00d8i 38 x 1000mm lang, eine Rohrd\u00fcse \u00d8i 38mm und ein konischer Hutzen \u00d8i 38mm x \u00d8a95mm.<\/p>\n<\/div>\n<\/li>\n<li>\n<h3>Technische Daten<\/h3>\n<div>\n<table class=\"tech-table\">\n<thead>\n<tr>\n<th>Technische Daten<\/th>\n<th>FumeCube-1A<\/th>\n<th>FumeCube-2A<\/th>\n<\/tr>\n<\/thead>\n<tbody>\n<tr>\n<td>Artikelnummer<\/td>\n<td data-label=\"FumeCube-1A\">103.060.072.066<\/td>\n<td data-label=\"FumeCube-2A\">103.060.072.065<\/td>\n<\/tr>\n<tr>\n<td>Spannung<\/td>\n<td data-label=\"FumeCube-1A\">230V \u00b110%<\/td>\n<td data-label=\"FumeCube-2A\">230V \u00b110%<\/td>\n<\/tr>\n<tr>\n<td>Leistungsaufnahme<\/td>\n<td data-label=\"FumeCube-1A\">0,14kW<\/td>\n<td data-label=\"FumeCube-2A\">0,14kW<\/td>\n<\/tr>\n<tr>\n<td>Frequenz<\/td>\n<td data-label=\"FumeCube-1A\">50\/60Hz<\/td>\n<td data-label=\"FumeCube-2A\">50\/60Hz<\/td>\n<\/tr>\n<tr>\n<td>Ger\u00e4uschentwicklung<\/td>\n<td data-label=\"FumeCube-1A\">60dBA<\/td>\n<td data-label=\"FumeCube-2A\">60dBA<\/td>\n<\/tr>\n<tr>\n<td>Durchsatz (maximal)<\/td>\n<td data-label=\"FumeCube-1A\">190m\u00b3\/h<\/td>\n<td data-label=\"FumeCube-2A\">190m\u00b3\/h<\/td>\n<\/tr>\n<tr>\n<td>Unterdruck (maximal)<\/td>\n<td data-label=\"FumeCube-1A\">3,2kPa<\/td>\n<td data-label=\"FumeCube-2A\">3,2kPa<\/td>\n<\/tr>\n<tr>\n<td>Abmessungen B \u00d7 T \u00d7 H<\/td>\n<td data-label=\"FumeCube-1A\">308\u00d7294\u00d7366mm<\/td>\n<td data-label=\"FumeCube-2A\">308\u00d7294\u00d7366mm<\/td>\n<\/tr>\n<tr>\n<td>Gewicht (inkl. Filter)<\/td>\n<td data-label=\"FumeCube-1A\">17kg<\/td>\n<td data-label=\"FumeCube-2A\">17kg<\/td>\n<\/tr>\n<tr>\n<td>Sauganschluss \u00d8<\/td>\n<td data-label=\"FumeCube-1A\">55mm<\/td>\n<td data-label=\"FumeCube-2A\">2\u00d755mm<\/td>\n<\/tr>\n<\/tbody>\n<\/table>\n<h3>FumeCube Standardfilter<\/h3>\n<table cellpadding=\"5\" cellspacing=\"0\">\n<tbody>\n<tr class=\"b-blue\">\n<td><\/td>\n<\/tr>\n<tr>\n<td><b>Filtertyp<\/b><\/td>\n<td><b>Filterbezeichnung<\/b><\/td>\n<td><b>Code<\/b><\/td>\n<\/tr>\n<tr>\n<td>Hauptfilter<\/td>\n<td>HEPA\/Aktivkohle<\/td>\n<td>110.536<\/td>\n<\/tr>\n<tr>\n<td>Hauptfilter<\/td>\n<td>Aktivkohle<\/td>\n<td>110.537<\/td>\n<\/tr>\n<tr>\n<td>Hauptfilter<\/td>\n<td>Reinraumfilter<\/td>\n<td>110.538<\/td>\n<\/tr>\n<tr>\n<td>Vorfilter<\/td>\n<td>Matte F5<\/td>\n<td>200.225<\/td>\n<\/tr>\n<\/tbody>\n<\/table>\n<\/div>\n<p><a href=\"\/wp-content\/uploads\/2026\/01\/fumecube_1a_a.pdf\">Datenblatt.PDF -><\/a><\/p>\n<\/li>\n<\/ul>\n<div>\n<h3>Eigenschaften<\/h3>\n<div>\n<ul>\n<li>Vollautomatische Str\u00f6mungskontrolle zur Einhaltung eines konstanten Saugstroms bis zur vollst\u00e4ndigen Filters\u00e4ttigung<\/li>\n<li>Stufenlos einstellbare Saugleistung<\/li>\n<li>Vorfiltermatte zum Schutz des HEPA Filters<\/li>\n<li>Kombinierter HEPA\/Aktivkohle Filter zur Aufnahme von Feinstaub und zur Neutralisierung von Prozessgasen<\/li>\n<li>Problemlose optische und akustische Identifizierung des Filterzustands durch <a class=\"b-blue\" href=\"https:\/\/joerns-gmbh.com\/absaugsysteme\/08_kontrollsystem_a.html\">VariColour\u2122 Warn System<\/a>\n<\/li>\n<li>Optional:\n<ul>\n<li>Fehlersignal an angeschlossene Maschinen bei Auftreten einer St\u00f6rung<\/li>\n<li>Fern Ein- ausschaltung<\/li>\n<\/ul>\n<\/li>\n<\/ul>\n<\/div>\n<\/div>\n<div>\n<\/div>\n<div>\n<h3>Sie haben Fragen?<\/h3>\n<div>\n<p>Kontaktieren Sie uns gerne. Wir sind durchgehend f\u00fcr Sie erreichbar.<\/p>\n<\/div>\n<p><a href=\"tel:+490569162870\">+49(0) 5691-6287-0<\/a><\/p>\n<\/div>\n<p><!--more--><br \/>\n<!-- {\"type\":\"layout\",\"children\":[{\"type\":\"section\",\"props\":{\"image\":\"wp-content\\\/uploads\\\/2025\\\/04\\\/briloner_web.jpg\",\"image_position\":\"center-center\",\"image_size\":\"cover\",\"media_overlay\":\"rgba(0, 0, 128, 0.82)\",\"style\":\"primary\",\"title_breakpoint\":\"xl\",\"title_position\":\"top-left\",\"title_rotation\":\"left\",\"vertical_align\":\"middle\",\"width\":\"large\"},\"children\":[{\"type\":\"row\",\"children\":[{\"type\":\"column\",\"props\":{\"image_position\":\"center-center\",\"position_sticky_breakpoint\":\"m\"},\"children\":[{\"type\":\"headline\",\"props\":{\"content\":\"Rauch- Gas- und Staub- Absaugsysteme\",\"title_element\":\"h1\"}},{\"type\":\"breadcrumbs\",\"props\":{\"show_current\":true,\"show_home\":true}}]}]}]},{\"type\":\"section\",\"props\":{\"image_position\":\"center-center\",\"style\":\"muted\",\"title_breakpoint\":\"xl\",\"title_position\":\"top-left\",\"title_rotation\":\"left\",\"vertical_align\":\"middle\",\"width\":\"large\"},\"children\":[{\"type\":\"row\",\"props\":{\"column_gap\":\"medium\",\"layout\":\"3-4,1-4\"},\"children\":[{\"type\":\"column\",\"props\":{\"image_position\":\"center-center\",\"position_sticky_breakpoint\":\"m\",\"style\":\"card-default\",\"width_medium\":\"3-4\"},\"children\":[{\"type\":\"headline\",\"props\":{\"content\":\"FumeCube-1Arm \\\/ FumeCube-2Arm\",\"title_element\":\"h2\"}},{\"type\":\"grid\",\"props\":{\"content_column_breakpoint\":\"m\",\"filter_align\":\"left\",\"filter_all\":true,\"filter_grid_breakpoint\":\"m\",\"filter_grid_width\":\"auto\",\"filter_position\":\"top\",\"filter_style\":\"tab\",\"grid_column_align\":false,\"grid_default\":\"1\",\"grid_medium\":\"3\",\"grid_parallax_justify\":false,\"grid_row_align\":true,\"grid_small\":\"2\",\"icon_width\":80,\"image_align\":\"top\",\"image_grid_breakpoint\":\"m\",\"image_grid_width\":\"auto\",\"image_svg_color\":\"emphasis\",\"item_animation\":true,\"lightbox_bg_close\":true,\"link_style\":\"default\",\"link_text\":\"Read more\",\"margin\":\"default\",\"meta_align\":\"below-title\",\"meta_element\":\"div\",\"meta_style\":\"text-meta\",\"show_content\":true,\"show_hover_image\":true,\"show_hover_video\":true,\"show_image\":true,\"show_link\":true,\"show_meta\":true,\"show_title\":false,\"show_video\":true,\"title_align\":\"top\",\"title_element\":\"h3\",\"title_grid_breakpoint\":\"m\",\"title_grid_width\":\"1-2\",\"title_hover_style\":\"reset\"},\"children\":[{\"type\":\"grid_item\",\"props\":{\"image\":\"wp-content\\\/uploads\\\/2026\\\/01\\\/cube_1a.png\"}},{\"type\":\"grid_item\",\"props\":{\"image\":\"wp-content\\\/uploads\\\/2026\\\/01\\\/cube_2a.png\"}},{\"type\":\"grid_item\",\"props\":{\"content\":\"\n\n<ol class=\\\"left\\\">\\n\n\n<li>Sauganschluss<\\\/li>\\n\n\n<li>Vorfiltermatte<\\\/li>\\n\n\n<li>Hauptfilter (HEPA-teil)<\\\/li>\\n\n\n<li>Hauptfilter (Aktivkohle-teil)<\\\/li>\\n\n\n<li>Reinluftauslass<\\\/li>\\n\n\n<li>Filtertypenschild<\\\/li>\\n<\\\/ol>\",\"image\":\"wp-content\\\/uploads\\\/2026\\\/01\\\/cube_schema.jpg\",\"title\":\"200i_400i_schema\"}}]},{\"type\":\"text\",\"props\":{\"column_breakpoint\":\"m\",\"content\":\"\n\n<p>Aubsaugsystem f\\u00fcr Anwendungen mit einem maximalen Saugvolumenbedarf von-<\\\/p>\\n\n\n<ul>\\n\n\n<li>100m\\u00b3\\\/h - System FumeCube-1Arm<\\\/li>\\n\n\n<li>2x50m\\u00b3\\\/h - System FumeCube-2Arm<\\\/li>\\n<\\\/ul>\",\"margin\":\"default\"}},{\"type\":\"fragment\",\"props\":{\"margin\":\"default\"},\"children\":[{\"type\":\"row\",\"children\":[{\"type\":\"column\",\"props\":{\"image_position\":\"center-center\",\"position_sticky_breakpoint\":\"m\"},\"children\":[{\"type\":\"grid\",\"props\":{\"content_column_breakpoint\":\"m\",\"css\":\".tech-table {\\n  width: 100%;\\n  border-collapse: collapse;\\n  font-size: 0.95rem;\\n}\\n\\n.tech-table th {\\n  text-align: left;\\n  padding: 10px;\\n  background: #f4f6f8;\\n  font-weight: 600;\\n}\\n\\n.tech-table td {\\n  padding: 8px 10px;\\n  border-bottom: 1px solid #e5e5e5;\\n}\\n\\n\\n\\n@media (max-width: 768px) {\\n\\n  .tech-table thead {\\n    display: none;\\n  }\\n\\n  .tech-table,\\n  .tech-table tbody,\\n  .tech-table tr {\\n    display: block;\\n    width: 100%;\\n  }\\n\\n  .tech-table tr {\\n    margin-bottom: 1.5rem;\\n    padding: 1rem;\\n  \\n  }\\n\\n  .tech-table td {\\n    display: block;\\n    border: none;\\n    padding: 4px 0;\\n  }\\n\\n  .tech-table td:first-child {\\n    font-weight: 600;\\n    margin-top: 0.5rem;\\n  }\\n\\n  .tech-table td[data-label]::before {\\n    content: attr(data-label);\\n    display: block;\\n    font-size: 0.75rem;\\n    color: #777;\\n    margin-bottom: 2px;\\n  }\\n}\\n\",\"filter_align\":\"left\",\"filter_all\":true,\"filter_grid_breakpoint\":\"m\",\"filter_grid_width\":\"auto\",\"filter_position\":\"top\",\"filter_style\":\"tab\",\"grid_column_gap\":\"medium\",\"grid_default\":\"1\",\"grid_medium\":\"2\",\"grid_row_gap\":\"small\",\"icon_width\":80,\"image_align\":\"bottom\",\"image_grid_breakpoint\":\"m\",\"image_grid_width\":\"1-2\",\"image_svg_color\":\"emphasis\",\"item_animation\":true,\"lightbox_bg_close\":true,\"link_style\":\"\",\"link_text\":\"Read more\",\"margin\":\"default\",\"meta_align\":\"below-title\",\"meta_element\":\"div\",\"meta_style\":\"text-meta\",\"panel_padding\":\"small\",\"panel_style\":\"card-secondary\",\"show_content\":true,\"show_hover_image\":true,\"show_hover_video\":true,\"show_image\":true,\"show_link\":true,\"show_meta\":true,\"show_title\":true,\"show_video\":true,\"title_align\":\"top\",\"title_element\":\"h3\",\"title_grid_breakpoint\":\"m\",\"title_grid_width\":\"1-2\",\"title_hover_style\":\"reset\",\"title_style\":\"h3\"},\"children\":[{\"type\":\"grid_item\",\"props\":{\"content\":\"\n\n<p><b>Dreistufige Filtrierung<\\\/b><\\\/p>\\n\n\n<p>Die Ger\\u00e4te saugen die Luftverunreinigungen ab, filtern gesundheitssch\\u00e4dliche Partikel und Gase anhand eines dreistufigen Prozesses heraus und f\\u00fchren die gereinigte Luft an den Arbeitsplatz zur\\u00fcck.<\\\/p>\\n\n\n<p>Filterstufen-<\\\/p>\\n\n\n<ul>\\n\n\n<li>Vorfilterflies<\\\/li>\\n\n\n<li>HEPA Feinstaubfilter<\\\/li>\\n\n\n<li>Aktivkohlefilter<\\\/li>\\n<\\\/ul>\\n\n\n<p>Der FumeCube<sup>TM<\\\/sup> ist ein tragbares Absaugsystem.<\\\/p>\\n\n\n<p>Er gew\\u00e4hrleistet den Schutz vor dem Einatmen von gesundheitssch\\u00e4dlichen D\\u00e4mpfen und Partikeln am Arbeitsplatz.<\\\/p>\\n\n\n<p>Ein bzw. zwei flexible Edelstahlarme mit Rohrd\\u00fcsen, konischen Hutzen oder Klarsichthauben k\\u00f6nnen mit Klemmhalterungen rasch an einer Werkbank befestigt werden.<\\\/p>\\n\n\n<p>Im Lieferumfang enthalten sind ein bzw. zwei Anschluss Sortimente, bestehend aus einem flexiblen Schlauch \\u00d8i 50mm x 2000mm lang,<br \\\/>eine Tischklemmbefstigung mit absperrbarem Fu\\u00dfventil, ein flexibler Edelstahlarm \\u00d8i 38 x 1000mm lang, eine Rohrd\\u00fcse \\u00d8i 38mm und ein konischer Hutzen \\u00d8i 38mm x \\u00d8a95mm.<\\\/p>\",\"image\":\"wp-content\\\/uploads\\\/2026\\\/01\\\/beispiel.bmp\",\"panel_style\":\"card-secondary\",\"title\":\"Dreistufige Filtrierung\"}},{\"type\":\"grid_item\",\"props\":{\"content\":\"\n\n<table class=\\\"tech-table\\\">\\n\n\n<thead>\\n\n\n<tr>\\n\n\n<th>Technische Daten<\\\/th>\\n\n\n<th>FumeCube-1A<\\\/th>\\n\n\n<th>FumeCube-2A<\\\/th>\\n<\\\/tr>\\n<\\\/thead>\\n\n\n<tbody>\\n\n\n<tr>\\n\n\n<td>Artikelnummer<\\\/td>\\n\n\n<td data-label=\\\"FumeCube-1A\\\">103.060.072.066<\\\/td>\\n\n\n<td data-label=\\\"FumeCube-2A\\\">103.060.072.065<\\\/td>\\n<\\\/tr>\\n\n\n<tr>\\n\n\n<td>Spannung<\\\/td>\\n\n\n<td data-label=\\\"FumeCube-1A\\\">230V \\u00b110%<\\\/td>\\n\n\n<td data-label=\\\"FumeCube-2A\\\">230V \\u00b110%<\\\/td>\\n<\\\/tr>\\n\n\n<tr>\\n\n\n<td>Leistungsaufnahme<\\\/td>\\n\n\n<td data-label=\\\"FumeCube-1A\\\">0,14kW<\\\/td>\\n\n\n<td data-label=\\\"FumeCube-2A\\\">0,14kW<\\\/td>\\n<\\\/tr>\\n\n\n<tr>\\n\n\n<td>Frequenz<\\\/td>\\n\n\n<td data-label=\\\"FumeCube-1A\\\">50\\\/60Hz<\\\/td>\\n\n\n<td data-label=\\\"FumeCube-2A\\\">50\\\/60Hz<\\\/td>\\n<\\\/tr>\\n\n\n<tr>\\n\n\n<td>Ger\\u00e4uschentwicklung<\\\/td>\\n\n\n<td data-label=\\\"FumeCube-1A\\\">60dBA<\\\/td>\\n\n\n<td data-label=\\\"FumeCube-2A\\\">60dBA<\\\/td>\\n<\\\/tr>\\n\n\n<tr>\\n\n\n<td>Durchsatz (maximal)<\\\/td>\\n\n\n<td data-label=\\\"FumeCube-1A\\\">190m\\u00b3\\\/h<\\\/td>\\n\n\n<td data-label=\\\"FumeCube-2A\\\">190m\\u00b3\\\/h<\\\/td>\\n<\\\/tr>\\n\n\n<tr>\\n\n\n<td>Unterdruck (maximal)<\\\/td>\\n\n\n<td data-label=\\\"FumeCube-1A\\\">3,2kPa<\\\/td>\\n\n\n<td data-label=\\\"FumeCube-2A\\\">3,2kPa<\\\/td>\\n<\\\/tr>\\n\n\n<tr>\\n\n\n<td>Abmessungen B \\u00d7 T \\u00d7 H<\\\/td>\\n\n\n<td data-label=\\\"FumeCube-1A\\\">308\\u00d7294\\u00d7366mm<\\\/td>\\n\n\n<td data-label=\\\"FumeCube-2A\\\">308\\u00d7294\\u00d7366mm<\\\/td>\\n<\\\/tr>\\n\n\n<tr>\\n\n\n<td>Gewicht (inkl. Filter)<\\\/td>\\n\n\n<td data-label=\\\"FumeCube-1A\\\">17kg<\\\/td>\\n\n\n<td data-label=\\\"FumeCube-2A\\\">17kg<\\\/td>\\n<\\\/tr>\\n\n\n<tr>\\n\n\n<td>Sauganschluss \\u00d8<\\\/td>\\n\n\n<td data-label=\\\"FumeCube-1A\\\">55mm<\\\/td>\\n\n\n<td data-label=\\\"FumeCube-2A\\\">2\\u00d755mm<\\\/td>\\n<\\\/tr>\\n<\\\/tbody>\\n<\\\/table>\\n\n\n<h3>FumeCube Standardfilter<\\\/h3>\\n\n\n<table cellpadding=\\\"5\\\" cellspacing=\\\"0\\\">\\n\n\n<tbody>\\n\n\n<tr class=\\\"b-blue\\\">\\n\n\n<td><\\\/td>\\n<\\\/tr>\\n\n\n<tr>\\n\n\n<td><b>Filtertyp<\\\/b><\\\/td>\\n\n\n<td><b>Filterbezeichnung<\\\/b><\\\/td>\\n\n\n<td><b>Code<\\\/b><\\\/td>\\n<\\\/tr>\\n\n\n<tr>\\n\n\n<td>Hauptfilter<\\\/td>\\n\n\n<td>HEPA\\\/Aktivkohle<\\\/td>\\n\n\n<td>110.536<\\\/td>\\n<\\\/tr>\\n\n\n<tr>\\n\n\n<td>Hauptfilter<\\\/td>\\n\n\n<td>Aktivkohle<\\\/td>\\n\n\n<td>110.537<\\\/td>\\n<\\\/tr>\\n\n\n<tr>\\n\n\n<td>Hauptfilter<\\\/td>\\n\n\n<td>Reinraumfilter<\\\/td>\\n\n\n<td>110.538<\\\/td>\\n<\\\/tr>\\n\n\n<tr>\\n\n\n<td>Vorfilter<\\\/td>\\n\n\n<td>Matte F5<\\\/td>\\n\n\n<td>200.225<\\\/td>\\n<\\\/tr>\\n<\\\/tbody>\\n<\\\/table>\",\"icon\":\"\",\"link\":\"wp-content\\\/uploads\\\/2026\\\/01\\\/fumecube_1a_a.pdf\",\"link_text\":\"Datenblatt.PDF ->\",\"title\":\"Technische Daten\"}}]},{\"type\":\"grid\",\"props\":{\"content_column\":\"1-2\",\"content_column_breakpoint\":\"m\",\"filter_align\":\"left\",\"filter_all\":true,\"filter_grid_breakpoint\":\"m\",\"filter_grid_width\":\"auto\",\"filter_position\":\"top\",\"filter_style\":\"tab\",\"grid_column_gap\":\"medium\",\"grid_default\":\"1\",\"grid_medium\":\"1\",\"grid_row_gap\":\"small\",\"icon_width\":80,\"image_align\":\"top\",\"image_grid_breakpoint\":\"m\",\"image_grid_width\":\"1-2\",\"image_svg_color\":\"emphasis\",\"item_animation\":true,\"lightbox_bg_close\":true,\"link_style\":\"default\",\"link_text\":\"Read more\",\"margin\":\"default\",\"meta_align\":\"below-title\",\"meta_element\":\"div\",\"meta_style\":\"text-meta\",\"panel_padding\":\"small\",\"panel_style\":\"card-secondary\",\"show_content\":true,\"show_hover_image\":true,\"show_hover_video\":true,\"show_image\":true,\"show_link\":true,\"show_meta\":true,\"show_title\":true,\"show_video\":true,\"title_align\":\"top\",\"title_element\":\"h3\",\"title_grid_breakpoint\":\"m\",\"title_grid_width\":\"1-2\",\"title_hover_style\":\"reset\",\"title_style\":\"h3\"},\"children\":[{\"type\":\"grid_item\",\"props\":{\"content\":\"\n\n<ul>\\n\n\n<li>Vollautomatische Str\\u00f6mungskontrolle zur Einhaltung eines konstanten Saugstroms bis zur vollst\\u00e4ndigen Filters\\u00e4ttigung<\\\/li>\\n\n\n<li>Stufenlos einstellbare Saugleistung<\\\/li>\\n\n\n<li>Vorfiltermatte zum Schutz des HEPA Filters<\\\/li>\\n\n\n<li>Kombinierter HEPA\\\/Aktivkohle Filter zur Aufnahme von Feinstaub und zur Neutralisierung von Prozessgasen<\\\/li>\\n\n\n<li>Problemlose optische und akustische Identifizierung des Filterzustands durch <a class=\\\"b-blue\\\" href=\\\"https:\\\/\\\/joerns-gmbh.com\\\/absaugsysteme\\\/08_kontrollsystem_a.html\\\">VariColour\\u2122 Warn System<\\\/a><br \\\/><br \\\/><\\\/li>\\n\n\n<li>Optional:\\n\n\n<ul>\\n\n\n<li>Fehlersignal an angeschlossene Maschinen bei Auftreten einer St\\u00f6rung<\\\/li>\\n\n\n<li>Fern Ein- ausschaltung<\\\/li>\\n<\\\/ul>\\n<\\\/li>\\n<\\\/ul>\",\"title\":\"Eigenschaften\"}}]}]}]}]}]},{\"type\":\"column\",\"props\":{\"image_position\":\"center-center\",\"position_sticky\":\"section\",\"position_sticky_breakpoint\":\"m\",\"position_sticky_offset\":\"50\",\"width_medium\":\"1-4\"},\"children\":[{\"type\":\"grid\",\"props\":{\"class\":\"uk-card-default uk-card-body\",\"content_column_breakpoint\":\"m\",\"css\":\".el-title{\\n    font-size:17px;\\n}\\n\\n.el-element{\\n    background:#f5f4f4;\\n    border:10px solid white;\\n    border-radius:5px;\\n    padding:30px 30px;\\n}\",\"filter_align\":\"left\",\"filter_all\":true,\"filter_grid_breakpoint\":\"m\",\"filter_grid_width\":\"auto\",\"filter_position\":\"top\",\"filter_style\":\"tab\",\"grid_column_gap\":\"small\",\"grid_default\":\"1\",\"grid_divider\":true,\"grid_medium\":\"1\",\"grid_row_gap\":\"small\",\"icon_width\":80,\"image_align\":\"top\",\"image_grid_breakpoint\":\"m\",\"image_grid_width\":\"1-2\",\"image_svg_color\":\"emphasis\",\"item_animation\":true,\"lightbox_bg_close\":true,\"link_style\":\"default\",\"link_text\":\"\",\"margin\":\"default\",\"meta_align\":\"below-title\",\"meta_element\":\"div\",\"meta_style\":\"text-meta\",\"panel_link\":true,\"show_content\":true,\"show_hover_image\":true,\"show_hover_video\":true,\"show_image\":true,\"show_link\":true,\"show_meta\":true,\"show_title\":true,\"show_video\":true,\"title_align\":\"top\",\"title_element\":\"h3\",\"title_grid_breakpoint\":\"m\",\"title_grid_width\":\"1-2\",\"title_hover_style\":\"reset\",\"title_style\":\"h4\"},\"children\":[{\"type\":\"grid_item\",\"source\":{\"query\":{\"name\":\"pages.customPages\",\"arguments\":{\"users\":[],\"users_operator\":\"IN\",\"offset\":0,\"limit\":28,\"order\":\"date\",\"order_direction\":\"ASC\"}},\"props\":{\"title\":{\"name\":\"title\"},\"_condition\":{\"name\":\"parent.title\",\"filters\":{\"condition\":\"=\",\"condition_value\":\"Absaugsysteme\"}},\"link\":{\"name\":\"link\"}}}}],\"name\":\"subnav-right inklusive dynamischer filter\"},{\"type\":\"panel\",\"props\":{\"content\":\"\n\n<p>Kontaktieren Sie uns gerne. Wir sind durchgehend f\\u00fcr Sie erreichbar.<\\\/p>\",\"content_column_breakpoint\":\"m\",\"css\":\".el-element {\\n  outline: 1px solid white;\\n    outline-offset: -5px;\\n\\n}\\n\\n.el-content{\\n    font-size:16px;\\n color: white;   \\n    \\n    \\n}\",\"icon_width\":80,\"image_align\":\"top\",\"image_grid_breakpoint\":\"m\",\"image_grid_width\":\"1-2\",\"image_svg_color\":\"emphasis\",\"link\":\"tel:+490569162870\",\"link_fullwidth\":true,\"link_size\":\"small\",\"link_style\":\"primary\",\"link_text\":\"+49(0) 5691-6287-0\",\"margin\":\"default\",\"meta_align\":\"below-title\",\"meta_element\":\"div\",\"meta_style\":\"text-meta\",\"panel_padding\":\"small\",\"panel_style\":\"card-primary\",\"text_align\":\"center\",\"title\":\"Sie haben Fragen?\",\"title_align\":\"top\",\"title_element\":\"h3\",\"title_grid_breakpoint\":\"m\",\"title_grid_width\":\"1-2\",\"title_hover_style\":\"reset\",\"title_style\":\"h3\"},\"name\":\"cta-subnav-right\"}]}]}]}],\"version\":\"4.5.11\"} --><\/p>\n","protected":false},"excerpt":{"rendered":"<p>Rauch- Gas- und Staub- Absaugsysteme FumeCube-1Arm \/ FumeCube-2Arm 200i_400i_schema Sauganschluss Vorfiltermatte Hauptfilter (HEPA-teil) Hauptfilter (Aktivkohle-teil) Reinluftauslass Filtertypenschild Aubsaugsystem f\u00fcr Anwendungen mit einem maximalen Saugvolumenbedarf von- 100m\u00b3\/h &#8211; System FumeCube-1Arm 2x50m\u00b3\/h &#8211; System FumeCube-2Arm Dreistufige Filtrierung Dreistufige Filtrierung Die Ger\u00e4te saugen die Luftverunreinigungen ab, filtern gesundheitssch\u00e4dliche Partikel und Gase anhand eines dreistufigen Prozesses heraus und f\u00fchren [&hellip;]<\/p>\n","protected":false},"author":1,"featured_media":0,"parent":2972,"menu_order":0,"comment_status":"closed","ping_status":"closed","template":"","meta":{"_acf_changed":false,"footnotes":""},"class_list":["post-3003","page","type-page","status-publish","hentry"],"acf":[],"_links":{"self":[{"href":"https:\/\/joerns-gmbh.com\/en\/wp-json\/wp\/v2\/pages\/3003","targetHints":{"allow":["GET"]}}],"collection":[{"href":"https:\/\/joerns-gmbh.com\/en\/wp-json\/wp\/v2\/pages"}],"about":[{"href":"https:\/\/joerns-gmbh.com\/en\/wp-json\/wp\/v2\/types\/page"}],"author":[{"embeddable":true,"href":"https:\/\/joerns-gmbh.com\/en\/wp-json\/wp\/v2\/users\/1"}],"replies":[{"embeddable":true,"href":"https:\/\/joerns-gmbh.com\/en\/wp-json\/wp\/v2\/comments?post=3003"}],"version-history":[{"count":12,"href":"https:\/\/joerns-gmbh.com\/en\/wp-json\/wp\/v2\/pages\/3003\/revisions"}],"predecessor-version":[{"id":3132,"href":"https:\/\/joerns-gmbh.com\/en\/wp-json\/wp\/v2\/pages\/3003\/revisions\/3132"}],"up":[{"embeddable":true,"href":"https:\/\/joerns-gmbh.com\/en\/wp-json\/wp\/v2\/pages\/2972"}],"wp:attachment":[{"href":"https:\/\/joerns-gmbh.com\/en\/wp-json\/wp\/v2\/media?parent=3003"}],"curies":[{"name":"wp","href":"https:\/\/api.w.org\/{rel}","templated":true}]}}