{"id":2981,"date":"2026-01-21T11:57:16","date_gmt":"2026-01-21T10:57:16","guid":{"rendered":"https:\/\/joerns-gmbh.com\/?page_id=2981"},"modified":"2026-02-05T15:22:09","modified_gmt":"2026-02-05T14:22:09","slug":"analoge-absaugsysteme-alpha-400","status":"publish","type":"page","link":"https:\/\/joerns-gmbh.com\/en\/absaugsysteme-2\/analoge-absaugsysteme\/analoge-absaugsysteme-alpha-400\/","title":{"rendered":"Analoge Absaugsysteme &#8211; Alpha 400"},"content":{"rendered":"<h1>Rauch- Gas- und Staub- Absaugsysteme<\/h1>\n<h2>Alpha-400<\/h2>\n<ul>\n<li>\n<p>        <img decoding=\"async\" src=\"\/wp-content\/uploads\/2026\/01\/alpha.png\" alt=\"\"><\/p>\n<\/li>\n<li>\n<p>        <img decoding=\"async\" src=\"\/wp-content\/uploads\/2026\/01\/alpha_schema-1.jpg\" alt=\"\"><\/p>\n<h3>200i_400i_schema<\/h3>\n<div>\n<ol class=\"left\">\n<li>Sauganschluss (links)<\/li>\n<li>Labyrinth Sackvorfilter<\/li>\n<li>Hauptfilter (HEPA-teil)<\/li>\n<li>Hauptfilter (Aktivkohle-teil)<\/li>\n<li>Reinluftauslass (R\u00fcckseite)<\/li>\n<li>Filterverriegelung<\/li>\n<li>Filtertypenschild<\/li>\n<\/ol>\n<\/div>\n<\/li>\n<\/ul>\n<div>\n<p>Aubsaugsystem f\u00fcr Anwendungen mit einem maximalen Saugvolumenbedarf von <strong>250m\u00b3\/h<\/strong><\/p>\n<\/div>\n<ul>\n<li>\n<h3>Dreistufige Filtrierung<\/h3>\n<div>\n<p>Die Ger\u00e4te saugen die Luftverunreinigungen ab, filtern gesundheitssch\u00e4dliche Partikel und Gase anhand eines dreistufigen Prozesses heraus und f\u00fchren die gereinigte Luft an den Arbeitsplatz zur\u00fcck.<\/p>\n<p>Filterstufen:<\/p>\n<ul>\n<li>Labyrint Balgensack Grobpartikelfilter<\/li>\n<li>HEPA Feinstaubfilter mit Vorfilterflies<\/li>\n<li>Aktivkohlefilter<\/li>\n<\/ul>\n<\/div>\n<\/li>\n<li>\n<h3>Technische Daten<\/h3>\n<div>\n<table cellpadding=\"5\" cellspacing=\"0\">\n<tbody>\n<tr class=\"b-blue\">\n<td>Technische Daten<\/td>\n<td>\u00a0<\/td>\n<td>Alpha-400<\/td>\n<\/tr>\n<tr>\n<td>Artikelnummer<\/td>\n<td>\u00a0<\/td>\n<td>103.086.AL4.102<\/td>\n<\/tr>\n<tr>\n<td>Spannung<\/td>\n<td>\u00a0<\/td>\n<td>230V \u00b110%<\/td>\n<\/tr>\n<tr>\n<td>Leistungsaufnahme<\/td>\n<td>\u00a0<\/td>\n<td>0,24kW<\/td>\n<\/tr>\n<tr>\n<td>Frequenz<\/td>\n<td>\u00a0<\/td>\n<td>50\/60Hz<\/td>\n<\/tr>\n<tr>\n<td>Ger\u00e4uschentwicklung<\/td>\n<td>\u00a0<\/td>\n<td>45dBA<\/td>\n<\/tr>\n<tr>\n<td>Durchsatz (maximal)<\/td>\n<td>\u00a0<\/td>\n<td>400m\u00b3\/h<\/td>\n<\/tr>\n<tr>\n<td>Unterdruck (maximal)<\/td>\n<td>\u00a0<\/td>\n<td>4,0kPa<\/td>\n<\/tr>\n<tr>\n<td>Abmessungen B x T x H<\/td>\n<td>\u00a0<\/td>\n<td>465x430x885mm<\/td>\n<\/tr>\n<tr>\n<td>Gewicht (inkl. Filter)<\/td>\n<td>\u00a0<\/td>\n<td>55kg<\/td>\n<\/tr>\n<tr>\n<td>Sauganschluss \u00d8<\/td>\n<td>\u00a0<\/td>\n<td>80mm<\/td>\n<\/tr>\n<\/tbody>\n<\/table>\n<\/div>\n<p><a href=\"https:\/\/joerns-gmbh.com\/wp-content\/uploads\/2026\/01\/alpha_400_a.pdf\">Datenblatt.PDF -><\/a><\/p>\n<\/li>\n<\/ul>\n<div>\n<h3>Eigenschaften<\/h3>\n<div>\n<ul>\n<li>Vollautomatische Str\u00f6mungskontrolle zur Einhaltung eines konstanten Saugstroms bis zur vollst\u00e4ndigen Filters\u00e4ttigung<\/li>\n<li>Stufenlos einstellbare Saugleistung<\/li>\n<li>Integrierter Labyrinth- Balgensackfilter zur Aufnahme gro\u00dfer Partikel<\/li>\n<li>Vorfiltermatte zum Schutz des HEPA Filters<\/li>\n<li>Kombinierter HEPA\/Aktivkohle Filter zur Aufnahme von Feinstaub und zur Neutralisierung von Prozessgasen<\/li>\n<li>Problemlose optische und akustische Identifizierung des Filterzustands durch <a class=\"b-blue\" href=\"https:\/\/joerns-gmbh.com\/absaugsysteme\/08_kontrollsystem_a.html\">VariColour\u2122 Warn System<\/a>\n<\/li>\n<li>Optional:\n<ul>\n<li>Fehlersignal an angeschlossene Maschinen bei Auftreten einer St\u00f6rung<\/li>\n<li>Fern Ein- ausschaltung<\/li>\n<\/ul>\n<\/li>\n<\/ul>\n<\/div>\n<\/div>\n<div>\n<\/div>\n<div>\n<h3>Sie haben Fragen?<\/h3>\n<div>\n<p>Kontaktieren Sie uns gerne. Wir sind durchgehend f\u00fcr Sie erreichbar.<\/p>\n<\/div>\n<p><a href=\"tel:+490569162870\">+49(0) 5691-6287-0<\/a><\/p>\n<\/div>\n<p><!--more--><br \/>\n<!-- {\"type\":\"layout\",\"children\":[{\"type\":\"section\",\"props\":{\"image\":\"wp-content\\\/uploads\\\/2025\\\/04\\\/briloner_web.jpg\",\"image_position\":\"center-center\",\"image_size\":\"cover\",\"media_overlay\":\"rgba(0, 0, 128, 0.82)\",\"style\":\"primary\",\"title_breakpoint\":\"xl\",\"title_position\":\"top-left\",\"title_rotation\":\"left\",\"vertical_align\":\"middle\",\"width\":\"large\"},\"children\":[{\"type\":\"row\",\"children\":[{\"type\":\"column\",\"props\":{\"image_position\":\"center-center\",\"position_sticky_breakpoint\":\"m\"},\"children\":[{\"type\":\"headline\",\"props\":{\"content\":\"Rauch- Gas- und Staub- Absaugsysteme\",\"css\":\"\\\/* Hide element if the viewport width is 600px or less *\\\/\\n@media screen and (max-width: 600px) {\\n  .el-element {\\n    font-size: 20px;\\n  }\\n}\",\"title_element\":\"h1\"}},{\"type\":\"breadcrumbs\",\"props\":{\"show_current\":true,\"show_home\":true}}]}]}]},{\"type\":\"section\",\"props\":{\"image_position\":\"center-center\",\"style\":\"muted\",\"title_breakpoint\":\"xl\",\"title_position\":\"top-left\",\"title_rotation\":\"left\",\"vertical_align\":\"middle\",\"width\":\"large\"},\"children\":[{\"type\":\"row\",\"props\":{\"column_gap\":\"medium\",\"layout\":\"3-4,1-4\"},\"children\":[{\"type\":\"column\",\"props\":{\"image_position\":\"center-center\",\"position_sticky_breakpoint\":\"m\",\"style\":\"card-default\",\"width_medium\":\"3-4\"},\"children\":[{\"type\":\"headline\",\"props\":{\"content\":\"Alpha-400\",\"title_element\":\"h2\"}},{\"type\":\"grid\",\"props\":{\"content_column_breakpoint\":\"m\",\"filter_align\":\"left\",\"filter_all\":true,\"filter_grid_breakpoint\":\"m\",\"filter_grid_width\":\"auto\",\"filter_position\":\"top\",\"filter_style\":\"tab\",\"grid_column_align\":false,\"grid_default\":\"1\",\"grid_medium\":\"3\",\"grid_parallax_justify\":false,\"grid_row_align\":true,\"grid_small\":\"2\",\"icon_width\":80,\"image_align\":\"top\",\"image_grid_breakpoint\":\"m\",\"image_grid_width\":\"auto\",\"image_svg_color\":\"emphasis\",\"item_animation\":true,\"lightbox_bg_close\":true,\"link_style\":\"default\",\"link_text\":\"Read more\",\"margin\":\"default\",\"meta_align\":\"below-title\",\"meta_element\":\"div\",\"meta_style\":\"text-meta\",\"show_content\":true,\"show_hover_image\":true,\"show_hover_video\":true,\"show_image\":true,\"show_link\":true,\"show_meta\":true,\"show_title\":false,\"show_video\":true,\"title_align\":\"top\",\"title_element\":\"h3\",\"title_grid_breakpoint\":\"m\",\"title_grid_width\":\"1-2\",\"title_hover_style\":\"reset\"},\"children\":[{\"type\":\"grid_item\",\"props\":{\"image\":\"wp-content\\\/uploads\\\/2026\\\/01\\\/alpha.png\"}},{\"type\":\"grid_item\",\"props\":{\"content\":\"\n\n<ol class=\\\"left\\\">\\n\n\n<li>Sauganschluss (links)<\\\/li>\\n\n\n<li>Labyrinth Sackvorfilter<\\\/li>\\n\n\n<li>Hauptfilter (HEPA-teil)<\\\/li>\\n\n\n<li>Hauptfilter (Aktivkohle-teil)<\\\/li>\\n\n\n<li>Reinluftauslass (R\\u00fcckseite)<\\\/li>\\n\n\n<li>Filterverriegelung<\\\/li>\\n\n\n<li>Filtertypenschild<\\\/li>\\n<\\\/ol>\",\"image\":\"wp-content\\\/uploads\\\/2026\\\/01\\\/alpha_schema-1.jpg\",\"title\":\"200i_400i_schema\"}}]},{\"type\":\"text\",\"props\":{\"column_breakpoint\":\"m\",\"content\":\"\n\n<p>Aubsaugsystem f\\u00fcr Anwendungen mit einem maximalen Saugvolumenbedarf von <strong>250m\\u00b3\\\/h<\\\/strong><\\\/p>\",\"margin\":\"default\"}},{\"type\":\"fragment\",\"props\":{\"margin\":\"default\"},\"children\":[{\"type\":\"row\",\"children\":[{\"type\":\"column\",\"props\":{\"image_position\":\"center-center\",\"position_sticky_breakpoint\":\"m\"},\"children\":[{\"type\":\"grid\",\"props\":{\"content_column_breakpoint\":\"m\",\"css\":\"@media (max-width: 768px) {\\n\\n  table {\\n    width: 100%;\\n    border-collapse: collapse;\\n  }\\n\\n  table tr {\\n    display: block;\\n    padding: 0.75rem 0;\\n    border-bottom: 1px solid #ddd;\\n  }\\n\\n  table td {\\n    display: block;\\n    width: 100%;\\n    padding: 2px 0;\\n  }\\n\\n  \\\/* mittlere (leere) Spalte ausblenden *\\\/\\n  table td:nth-child(2) {\\n    display: none;\\n  }\\n\\n  \\\/* Bezeichnung *\\\/\\n  table td:first-child {\\n    font-weight: 600;\\n    margin-bottom: 4px;\\n  }\\n\\n  \\\/* Wert *\\\/\\n  table td:last-child {\\n    font-size: 0.95rem;\\n    color: #333;\\n  }\\n\\n  \\\/* Kopfzeile *\\\/\\n  .b-blue td {\\n    font-weight: 700;\\n    font-size: 1.05rem;\\n    padding-bottom: 0.5rem;\\n  }\\n}\\n\",\"filter_align\":\"left\",\"filter_all\":true,\"filter_grid_breakpoint\":\"m\",\"filter_grid_width\":\"auto\",\"filter_position\":\"top\",\"filter_style\":\"tab\",\"grid_column_gap\":\"medium\",\"grid_default\":\"1\",\"grid_medium\":\"2\",\"grid_row_gap\":\"small\",\"icon_width\":80,\"image_align\":\"top\",\"image_grid_breakpoint\":\"m\",\"image_grid_width\":\"1-2\",\"image_svg_color\":\"emphasis\",\"item_animation\":true,\"lightbox_bg_close\":true,\"link_style\":\"\",\"link_text\":\"Read more\",\"margin\":\"default\",\"meta_align\":\"below-title\",\"meta_element\":\"div\",\"meta_style\":\"text-meta\",\"panel_padding\":\"small\",\"panel_style\":\"card-secondary\",\"show_content\":true,\"show_hover_image\":true,\"show_hover_video\":true,\"show_image\":true,\"show_link\":true,\"show_meta\":true,\"show_title\":true,\"show_video\":true,\"title_align\":\"top\",\"title_element\":\"h3\",\"title_grid_breakpoint\":\"m\",\"title_grid_width\":\"1-2\",\"title_hover_style\":\"reset\",\"title_style\":\"h3\"},\"children\":[{\"type\":\"grid_item\",\"props\":{\"content\":\"\n\n<p>Die Ger\\u00e4te saugen die Luftverunreinigungen ab, filtern gesundheitssch\\u00e4dliche Partikel und Gase anhand eines dreistufigen Prozesses heraus und f\\u00fchren die gereinigte Luft an den Arbeitsplatz zur\\u00fcck.<\\\/p>\\n\n\n<p>Filterstufen:<\\\/p>\\n\n\n<ul>\\n\n\n<li>Labyrint Balgensack Grobpartikelfilter<\\\/li>\\n\n\n<li>HEPA Feinstaubfilter mit Vorfilterflies<\\\/li>\\n\n\n<li>Aktivkohlefilter<\\\/li>\\n<\\\/ul>\",\"panel_style\":\"card-secondary\",\"title\":\"Dreistufige Filtrierung\"}},{\"type\":\"grid_item\",\"props\":{\"content\":\"\n\n<table cellpadding=\\\"5\\\" cellspacing=\\\"0\\\">\\n\n\n<tbody>\\n\n\n<tr class=\\\"b-blue\\\">\\n\n\n<td>Technische Daten<\\\/td>\\n\n\n<td>\\u00a0<\\\/td>\\n\n\n<td>Alpha-400<\\\/td>\\n<\\\/tr>\\n\n\n<tr>\\n\n\n<td>Artikelnummer<\\\/td>\\n\n\n<td>\\u00a0<\\\/td>\\n\n\n<td>103.086.AL4.102<\\\/td>\\n<\\\/tr>\\n\n\n<tr>\\n\n\n<td>Spannung<\\\/td>\\n\n\n<td>\\u00a0<\\\/td>\\n\n\n<td>230V \\u00b110%<\\\/td>\\n<\\\/tr>\\n\n\n<tr>\\n\n\n<td>Leistungsaufnahme<\\\/td>\\n\n\n<td>\\u00a0<\\\/td>\\n\n\n<td>0,24kW<\\\/td>\\n<\\\/tr>\\n\n\n<tr>\\n\n\n<td>Frequenz<\\\/td>\\n\n\n<td>\\u00a0<\\\/td>\\n\n\n<td>50\\\/60Hz<\\\/td>\\n<\\\/tr>\\n\n\n<tr>\\n\n\n<td>Ger\\u00e4uschentwicklung<\\\/td>\\n\n\n<td>\\u00a0<\\\/td>\\n\n\n<td>45dBA<\\\/td>\\n<\\\/tr>\\n\n\n<tr>\\n\n\n<td>Durchsatz (maximal)<\\\/td>\\n\n\n<td>\\u00a0<\\\/td>\\n\n\n<td>400m\\u00b3\\\/h<\\\/td>\\n<\\\/tr>\\n\n\n<tr>\\n\n\n<td>Unterdruck (maximal)<\\\/td>\\n\n\n<td>\\u00a0<\\\/td>\\n\n\n<td>4,0kPa<\\\/td>\\n<\\\/tr>\\n\n\n<tr>\\n\n\n<td>Abmessungen B x T x H<\\\/td>\\n\n\n<td>\\u00a0<\\\/td>\\n\n\n<td>465x430x885mm<\\\/td>\\n<\\\/tr>\\n\n\n<tr>\\n\n\n<td>Gewicht (inkl. Filter)<\\\/td>\\n\n\n<td>\\u00a0<\\\/td>\\n\n\n<td>55kg<\\\/td>\\n<\\\/tr>\\n\n\n<tr>\\n\n\n<td>Sauganschluss \\u00d8<\\\/td>\\n\n\n<td>\\u00a0<\\\/td>\\n\n\n<td>80mm<\\\/td>\\n<\\\/tr>\\n<\\\/tbody>\\n<\\\/table>\\n\n\n<p><\\\/p>\",\"icon\":\"\",\"link\":\"https:\\\/\\\/joerns-gmbh.com\\\/wp-content\\\/uploads\\\/2026\\\/01\\\/alpha_400_a.pdf\",\"link_text\":\"Datenblatt.PDF ->\",\"title\":\"Technische Daten\"}}]},{\"type\":\"grid\",\"props\":{\"content_column\":\"1-2\",\"content_column_breakpoint\":\"m\",\"filter_align\":\"left\",\"filter_all\":true,\"filter_grid_breakpoint\":\"m\",\"filter_grid_width\":\"auto\",\"filter_position\":\"top\",\"filter_style\":\"tab\",\"grid_column_gap\":\"medium\",\"grid_default\":\"1\",\"grid_medium\":\"1\",\"grid_row_gap\":\"small\",\"icon_width\":80,\"image_align\":\"top\",\"image_grid_breakpoint\":\"m\",\"image_grid_width\":\"1-2\",\"image_svg_color\":\"emphasis\",\"item_animation\":true,\"lightbox_bg_close\":true,\"link_style\":\"default\",\"link_text\":\"Read more\",\"margin\":\"default\",\"meta_align\":\"below-title\",\"meta_element\":\"div\",\"meta_style\":\"text-meta\",\"panel_padding\":\"small\",\"panel_style\":\"card-secondary\",\"show_content\":true,\"show_hover_image\":true,\"show_hover_video\":true,\"show_image\":true,\"show_link\":true,\"show_meta\":true,\"show_title\":true,\"show_video\":true,\"title_align\":\"top\",\"title_element\":\"h3\",\"title_grid_breakpoint\":\"m\",\"title_grid_width\":\"1-2\",\"title_hover_style\":\"reset\",\"title_style\":\"h3\"},\"children\":[{\"type\":\"grid_item\",\"props\":{\"content\":\"\n\n<ul>\\n\n\n<li>Vollautomatische Str\\u00f6mungskontrolle zur Einhaltung eines konstanten Saugstroms bis zur vollst\\u00e4ndigen Filters\\u00e4ttigung<\\\/li>\\n\n\n<li>Stufenlos einstellbare Saugleistung<\\\/li>\\n\n\n<li>Integrierter Labyrinth- Balgensackfilter zur Aufnahme gro\\u00dfer Partikel<\\\/li>\\n\n\n<li>Vorfiltermatte zum Schutz des HEPA Filters<\\\/li>\\n\n\n<li>Kombinierter HEPA\\\/Aktivkohle Filter zur Aufnahme von Feinstaub und zur Neutralisierung von Prozessgasen<\\\/li>\\n\n\n<li>Problemlose optische und akustische Identifizierung des Filterzustands durch <a class=\\\"b-blue\\\" href=\\\"https:\\\/\\\/joerns-gmbh.com\\\/absaugsysteme\\\/08_kontrollsystem_a.html\\\">VariColour\\u2122 Warn System<\\\/a><br \\\/><br \\\/><\\\/li>\\n\n\n<li>Optional:\\n\n\n<ul>\\n\n\n<li>Fehlersignal an angeschlossene Maschinen bei Auftreten einer St\\u00f6rung<\\\/li>\\n\n\n<li>Fern Ein- ausschaltung<\\\/li>\\n<\\\/ul>\\n<\\\/li>\\n<\\\/ul>\",\"title\":\"Eigenschaften\"}}]}]}]}]}]},{\"type\":\"column\",\"props\":{\"image_position\":\"center-center\",\"position_sticky\":\"section\",\"position_sticky_breakpoint\":\"m\",\"position_sticky_offset\":\"50\",\"width_medium\":\"1-4\"},\"children\":[{\"type\":\"grid\",\"props\":{\"class\":\"uk-card-default uk-card-body\",\"content_column_breakpoint\":\"m\",\"css\":\".el-title{\\n    font-size:17px;\\n}\\n\\n.el-element{\\n    background:#f5f4f4;\\n    border:10px solid white;\\n    border-radius:5px;\\n    padding:30px 30px;\\n}\",\"filter_align\":\"left\",\"filter_all\":true,\"filter_grid_breakpoint\":\"m\",\"filter_grid_width\":\"auto\",\"filter_position\":\"top\",\"filter_style\":\"tab\",\"grid_column_gap\":\"small\",\"grid_default\":\"1\",\"grid_divider\":true,\"grid_medium\":\"1\",\"grid_row_gap\":\"small\",\"icon_width\":80,\"image_align\":\"top\",\"image_grid_breakpoint\":\"m\",\"image_grid_width\":\"1-2\",\"image_svg_color\":\"emphasis\",\"item_animation\":true,\"lightbox_bg_close\":true,\"link_style\":\"default\",\"link_text\":\"\",\"margin\":\"default\",\"meta_align\":\"below-title\",\"meta_element\":\"div\",\"meta_style\":\"text-meta\",\"panel_link\":true,\"show_content\":true,\"show_hover_image\":true,\"show_hover_video\":true,\"show_image\":true,\"show_link\":true,\"show_meta\":true,\"show_title\":true,\"show_video\":true,\"title_align\":\"top\",\"title_element\":\"h3\",\"title_grid_breakpoint\":\"m\",\"title_grid_width\":\"1-2\",\"title_hover_style\":\"reset\",\"title_style\":\"h4\"},\"children\":[{\"type\":\"grid_item\",\"source\":{\"query\":{\"name\":\"pages.customPages\",\"arguments\":{\"users\":[],\"users_operator\":\"IN\",\"offset\":0,\"limit\":28,\"order\":\"date\",\"order_direction\":\"ASC\"}},\"props\":{\"title\":{\"name\":\"title\"},\"_condition\":{\"name\":\"parent.title\",\"filters\":{\"condition\":\"=\",\"condition_value\":\"Absaugsysteme\"}},\"link\":{\"name\":\"link\"}}}}],\"name\":\"subnav-right inklusive dynamischer filter\"},{\"type\":\"panel\",\"props\":{\"content\":\"\n\n<p>Kontaktieren Sie uns gerne. Wir sind durchgehend f\\u00fcr Sie erreichbar.<\\\/p>\",\"content_column_breakpoint\":\"m\",\"css\":\".el-element {\\n  outline: 1px solid white;\\n    outline-offset: -5px;\\n\\n}\\n\\n.el-content{\\n    font-size:16px;\\n color: white;   \\n    \\n    \\n}\",\"icon_width\":80,\"image_align\":\"top\",\"image_grid_breakpoint\":\"m\",\"image_grid_width\":\"1-2\",\"image_svg_color\":\"emphasis\",\"link\":\"tel:+490569162870\",\"link_fullwidth\":true,\"link_size\":\"small\",\"link_style\":\"primary\",\"link_text\":\"+49(0) 5691-6287-0\",\"margin\":\"default\",\"meta_align\":\"below-title\",\"meta_element\":\"div\",\"meta_style\":\"text-meta\",\"panel_padding\":\"small\",\"panel_style\":\"card-primary\",\"text_align\":\"center\",\"title\":\"Sie haben Fragen?\",\"title_align\":\"top\",\"title_element\":\"h3\",\"title_grid_breakpoint\":\"m\",\"title_grid_width\":\"1-2\",\"title_hover_style\":\"reset\",\"title_style\":\"h3\"},\"name\":\"cta-subnav-right\"}]}]}]}],\"version\":\"4.5.11\"} --><\/p>\n","protected":false},"excerpt":{"rendered":"<p>Rauch- Gas- und Staub- Absaugsysteme Alpha-400 200i_400i_schema Sauganschluss (links) Labyrinth Sackvorfilter Hauptfilter (HEPA-teil) Hauptfilter (Aktivkohle-teil) Reinluftauslass (R\u00fcckseite) Filterverriegelung Filtertypenschild Aubsaugsystem f\u00fcr Anwendungen mit einem maximalen Saugvolumenbedarf von 250m\u00b3\/h Dreistufige Filtrierung Die Ger\u00e4te saugen die Luftverunreinigungen ab, filtern gesundheitssch\u00e4dliche Partikel und Gase anhand eines dreistufigen Prozesses heraus und f\u00fchren die gereinigte Luft an den Arbeitsplatz zur\u00fcck. [&hellip;]<\/p>\n","protected":false},"author":1,"featured_media":0,"parent":2972,"menu_order":0,"comment_status":"closed","ping_status":"closed","template":"","meta":{"_acf_changed":false,"footnotes":""},"class_list":["post-2981","page","type-page","status-publish","hentry"],"acf":[],"_links":{"self":[{"href":"https:\/\/joerns-gmbh.com\/en\/wp-json\/wp\/v2\/pages\/2981","targetHints":{"allow":["GET"]}}],"collection":[{"href":"https:\/\/joerns-gmbh.com\/en\/wp-json\/wp\/v2\/pages"}],"about":[{"href":"https:\/\/joerns-gmbh.com\/en\/wp-json\/wp\/v2\/types\/page"}],"author":[{"embeddable":true,"href":"https:\/\/joerns-gmbh.com\/en\/wp-json\/wp\/v2\/users\/1"}],"replies":[{"embeddable":true,"href":"https:\/\/joerns-gmbh.com\/en\/wp-json\/wp\/v2\/comments?post=2981"}],"version-history":[{"count":8,"href":"https:\/\/joerns-gmbh.com\/en\/wp-json\/wp\/v2\/pages\/2981\/revisions"}],"predecessor-version":[{"id":3121,"href":"https:\/\/joerns-gmbh.com\/en\/wp-json\/wp\/v2\/pages\/2981\/revisions\/3121"}],"up":[{"embeddable":true,"href":"https:\/\/joerns-gmbh.com\/en\/wp-json\/wp\/v2\/pages\/2972"}],"wp:attachment":[{"href":"https:\/\/joerns-gmbh.com\/en\/wp-json\/wp\/v2\/media?parent=2981"}],"curies":[{"name":"wp","href":"https:\/\/api.w.org\/{rel}","templated":true}]}}