{"id":2972,"date":"2026-01-20T13:15:59","date_gmt":"2026-01-20T12:15:59","guid":{"rendered":"https:\/\/joerns-gmbh.com\/?page_id=2972"},"modified":"2026-02-05T15:21:16","modified_gmt":"2026-02-05T14:21:16","slug":"analoge-absaugsysteme","status":"publish","type":"page","link":"https:\/\/joerns-gmbh.com\/en\/absaugsysteme-2\/analoge-absaugsysteme\/","title":{"rendered":"Analogue extraction systems"},"content":{"rendered":"<h1>Rauch- Gas- und Staub- Absaugsysteme<\/h1>\n<h2>Analoge Absaugsysteme<\/h2>\n<ul>\n<li>\n<p>        <img decoding=\"async\" src=\"\/wp-content\/uploads\/2026\/02\/alpha-400-analog2-png.png\" alt=\"\"><\/p>\n<h3>Alpha-400<\/h3>\n<div>\n<ul>\n<li>Kompaksystem zum Absaugen von Laserd\u00e4mpfen &amp; Partikeln<\/li>\n<li>LGACs (Laser Generated Airborne Contaminants)<\/li>\n<li>Saugstrom max. 400m\u00b3\/h<\/li>\n<\/ul>\n<\/div>\n<p><a href=\"\/analoge-absaugsysteme\/analoge-absaugsysteme-alpha-400\/\">Produkt ansehen<\/a><\/p>\n<\/li>\n<li>\n<p>        <img decoding=\"async\" src=\"\/wp-content\/uploads\/2026\/02\/xbase400-analog2-png.png\" alt=\"\"><\/p>\n<h3>Xbase 400<\/h3>\n<div>\n<ul>\n<li>Gravurlaserabsaugung<\/li>\n<li>Saugstrom max. 400m\u00b3\/h<\/li>\n<\/ul>\n<\/div>\n<p><a href=\"\/analoge-absaugsysteme\/analoge-absaugsysteme-xbase-400\/\">Produkt ansehen<\/a><\/p>\n<\/li>\n<li>\n<p>        <img decoding=\"async\" src=\"\/wp-content\/uploads\/2026\/02\/fumecube-single-arm2-png.png\" alt=\"\"><\/p>\n<h3>FumeCube 1 Arm<\/h3>\n<div>\n<p>Armabsaugung f\u00fcr einen Arbeitsplatz<\/p>\n<\/div>\n<p><a href=\"\/analoge-absaugsysteme\/analoge-absaugsysteme-fumecube-1-2-arm\/\">Produkt ansehen<\/a><\/p>\n<\/li>\n<li>\n<p>        <img decoding=\"async\" src=\"\/wp-content\/uploads\/2026\/02\/fumecube-dual-arm-png-1.png\" alt=\"\"><\/p>\n<h3>FumeCube 2 Arm<\/h3>\n<div>\n<p>Armabsaugung f\u00fcr zwei Arbeitspl\u00e4tze<\/p>\n<\/div>\n<p><a href=\"\/analoge-absaugsysteme\/analoge-absaugsysteme-fumecube-1-2-arm\/\">Produkt ansehen<\/a><\/p>\n<\/li>\n<li>\n<p>        <img decoding=\"async\" src=\"\/wp-content\/uploads\/2026\/02\/fumecube-max-analog2.png\" alt=\"\"><\/p>\n<h3>FumeCube Max<\/h3>\n<div>\n<p>FumeCube Max Absaugung f\u00fcr einen Arbeitsplatz mit Partikelvorfilter<\/p>\n<\/div>\n<p><a href=\"\/analoge-absaugsysteme\/analoge-absaugsysteme-fumecube-max\/\">Produkt ansehen<\/a><\/p>\n<\/li>\n<li>\n<p>        <img decoding=\"async\" src=\"\/wp-content\/uploads\/2026\/01\/tisch.jpg\" alt=\"\"><\/p>\n<h3>Absaugtisch<\/h3>\n<div>Absaugtisch\tAbsaugtisch zum Schutz bei Schleif-, Schwei\u00df- oder Klebearbeiten<\/div>\n<p><a href=\"\/analoge-absaugsysteme\/analoge-absaugsysteme-absaugtisch\/\">Produkt ansehen<\/a><\/p>\n<\/li>\n<\/ul>\n<div>\n<\/div>\n<div>\n<h3>Sie haben Fragen?<\/h3>\n<div>\n<p>Kontaktieren Sie uns gerne. Wir sind durchgehend f\u00fcr Sie erreichbar.<\/p>\n<\/div>\n<p><a href=\"tel:+490569162870\">+49(0) 5691-6287-0<\/a><\/p>\n<\/div>\n<p><!--more--><br \/>\n<!-- {\"type\":\"layout\",\"children\":[{\"type\":\"section\",\"props\":{\"image\":\"wp-content\\\/uploads\\\/2025\\\/04\\\/briloner_web.jpg\",\"image_position\":\"center-center\",\"image_size\":\"cover\",\"media_overlay\":\"rgba(0, 0, 128, 0.82)\",\"style\":\"primary\",\"title_breakpoint\":\"xl\",\"title_position\":\"top-left\",\"title_rotation\":\"left\",\"vertical_align\":\"middle\",\"width\":\"large\"},\"children\":[{\"type\":\"row\",\"children\":[{\"type\":\"column\",\"props\":{\"image_position\":\"center-center\",\"position_sticky_breakpoint\":\"m\"},\"children\":[{\"type\":\"headline\",\"props\":{\"content\":\"Rauch- Gas- und Staub- Absaugsysteme\",\"css\":\"\\\/* Hide element if the viewport width is 600px or less *\\\/\\n@media screen and (max-width: 600px) {\\n  .el-element {\\n    font-size: 20px;\\n  }\\n}\",\"title_element\":\"h1\"}},{\"type\":\"breadcrumbs\",\"props\":{\"show_current\":true,\"show_home\":true}}]}]}]},{\"type\":\"section\",\"props\":{\"image_position\":\"center-center\",\"style\":\"muted\",\"title_breakpoint\":\"xl\",\"title_position\":\"top-left\",\"title_rotation\":\"left\",\"vertical_align\":\"middle\",\"width\":\"large\"},\"children\":[{\"type\":\"row\",\"props\":{\"column_gap\":\"medium\",\"layout\":\"3-4,1-4\"},\"children\":[{\"type\":\"column\",\"props\":{\"image_position\":\"center-center\",\"position_sticky_breakpoint\":\"m\",\"style\":\"card-default\",\"width_medium\":\"3-4\"},\"children\":[{\"type\":\"headline\",\"props\":{\"content\":\"Analoge Absaugsysteme\",\"title_element\":\"h2\"}},{\"type\":\"grid\",\"props\":{\"content_column_breakpoint\":\"m\",\"css\":\".el-content{\\n    \\n font-size:14px;   \\n    \\n}\",\"filter_align\":\"left\",\"filter_all\":true,\"filter_grid_breakpoint\":\"m\",\"filter_grid_width\":\"auto\",\"filter_position\":\"top\",\"filter_style\":\"tab\",\"grid_column_gap\":\"medium\",\"grid_default\":\"1\",\"grid_medium\":\"2\",\"grid_row_gap\":\"small\",\"icon_width\":80,\"image_align\":\"left\",\"image_grid_breakpoint\":\"m\",\"image_grid_width\":\"1-3\",\"image_svg_color\":\"emphasis\",\"item_animation\":true,\"lightbox_bg_close\":true,\"link_style\":\"primary\",\"link_text\":\"\",\"margin\":\"default\",\"meta_align\":\"below-title\",\"meta_element\":\"div\",\"meta_style\":\"text-meta\",\"panel_expand\":\"content\",\"panel_link\":true,\"panel_padding\":\"small\",\"panel_style\":\"card-secondary\",\"show_content\":true,\"show_hover_image\":true,\"show_hover_video\":true,\"show_image\":true,\"show_link\":true,\"show_meta\":true,\"show_title\":true,\"show_video\":true,\"title_align\":\"top\",\"title_element\":\"h3\",\"title_grid_breakpoint\":\"m\",\"title_grid_width\":\"1-2\",\"title_hover_style\":\"reset\",\"title_style\":\"h3\"},\"children\":[{\"type\":\"grid_item\",\"props\":{\"content\":\"\n\n<ul>\\n\n\n<li>Kompaksystem zum Absaugen von Laserd\\u00e4mpfen &amp; Partikeln<\\\/li>\\n\n\n<li>LGACs (Laser Generated Airborne Contaminants)<\\\/li>\\n\n\n<li>Saugstrom max. 400m\\u00b3\\\/h<\\\/li>\\n<\\\/ul>\",\"image\":\"wp-content\\\/uploads\\\/2026\\\/02\\\/alpha-400-analog2-png.png\",\"link\":\"analoge-absaugsysteme\\\/analoge-absaugsysteme-alpha-400\\\/\",\"link_text\":\"Produkt ansehen\",\"meta\":\"\",\"title\":\"Alpha-400\"}},{\"type\":\"grid_item\",\"props\":{\"content\":\"\n\n<ul>\\n\n\n<li>Gravurlaserabsaugung<\\\/li>\\n\n\n<li>Saugstrom max. 400m\\u00b3\\\/h<\\\/li>\\n<\\\/ul>\",\"image\":\"wp-content\\\/uploads\\\/2026\\\/02\\\/xbase400-analog2-png.png\",\"link\":\"analoge-absaugsysteme\\\/analoge-absaugsysteme-xbase-400\\\/\",\"link_aria_label\":\"Produkt ansehen\",\"link_text\":\"Produkt ansehen\",\"meta\":\"\",\"title\":\"Xbase 400\"}},{\"type\":\"grid_item\",\"props\":{\"content\":\"\n\n<p>Armabsaugung f\\u00fcr einen Arbeitsplatz<\\\/p>\",\"image\":\"wp-content\\\/uploads\\\/2026\\\/02\\\/fumecube-single-arm2-png.png\",\"link\":\"analoge-absaugsysteme\\\/analoge-absaugsysteme-fumecube-1-2-arm\\\/\",\"link_text\":\"Produkt ansehen\",\"meta\":\"\",\"title\":\"FumeCube 1 Arm\"}},{\"type\":\"grid_item\",\"props\":{\"content\":\"\n\n<p>Armabsaugung f\\u00fcr zwei Arbeitspl\\u00e4tze<\\\/p>\",\"image\":\"wp-content\\\/uploads\\\/2026\\\/02\\\/fumecube-dual-arm-png-1.png\",\"link\":\"analoge-absaugsysteme\\\/analoge-absaugsysteme-fumecube-1-2-arm\\\/\",\"link_text\":\"Produkt ansehen\",\"meta\":\"\",\"title\":\"FumeCube 2 Arm\"}},{\"type\":\"grid_item\",\"props\":{\"content\":\"\n\n<p>FumeCube Max Absaugung f\\u00fcr einen Arbeitsplatz mit Partikelvorfilter<\\\/p>\",\"image\":\"wp-content\\\/uploads\\\/2026\\\/02\\\/fumecube-max-analog2.png\",\"link\":\"analoge-absaugsysteme\\\/analoge-absaugsysteme-fumecube-max\\\/\",\"link_text\":\"Produkt ansehen\",\"meta\":\"\",\"title\":\"FumeCube Max\"}},{\"type\":\"grid_item\",\"props\":{\"content\":\"Absaugtisch\\tAbsaugtisch zum Schutz bei Schleif-, Schwei\\u00df- oder Klebearbeiten\",\"image\":\"wp-content\\\/uploads\\\/2026\\\/01\\\/tisch.jpg\",\"link\":\"analoge-absaugsysteme\\\/analoge-absaugsysteme-absaugtisch\\\/\",\"link_text\":\"Produkt ansehen\",\"meta\":\"\",\"title\":\"Absaugtisch\"}}],\"name\":\"digitale absaugsysteme\"}]},{\"type\":\"column\",\"props\":{\"image_position\":\"center-center\",\"position_sticky\":\"section\",\"position_sticky_breakpoint\":\"m\",\"position_sticky_offset\":\"50\",\"width_medium\":\"1-4\"},\"children\":[{\"type\":\"grid\",\"props\":{\"class\":\"uk-card-default uk-card-body\",\"content_column_breakpoint\":\"m\",\"css\":\".el-title{\\n    font-size:17px;\\n}\\n\\n.el-element{\\n    background:#f5f4f4;\\n    border:10px solid white;\\n    border-radius:5px;\\n    padding:30px 30px;\\n}\",\"filter_align\":\"left\",\"filter_all\":true,\"filter_grid_breakpoint\":\"m\",\"filter_grid_width\":\"auto\",\"filter_position\":\"top\",\"filter_style\":\"tab\",\"grid_column_gap\":\"small\",\"grid_default\":\"1\",\"grid_divider\":true,\"grid_medium\":\"1\",\"grid_row_gap\":\"small\",\"icon_width\":80,\"image_align\":\"top\",\"image_grid_breakpoint\":\"m\",\"image_grid_width\":\"1-2\",\"image_svg_color\":\"emphasis\",\"item_animation\":true,\"lightbox_bg_close\":true,\"link_style\":\"default\",\"link_text\":\"\",\"margin\":\"default\",\"meta_align\":\"below-title\",\"meta_element\":\"div\",\"meta_style\":\"text-meta\",\"panel_link\":true,\"show_content\":true,\"show_hover_image\":true,\"show_hover_video\":true,\"show_image\":true,\"show_link\":true,\"show_meta\":true,\"show_title\":true,\"show_video\":true,\"title_align\":\"top\",\"title_element\":\"h3\",\"title_grid_breakpoint\":\"m\",\"title_grid_width\":\"1-2\",\"title_hover_style\":\"reset\",\"title_style\":\"h4\"},\"children\":[{\"type\":\"grid_item\",\"source\":{\"query\":{\"name\":\"pages.customPages\",\"arguments\":{\"users\":[],\"users_operator\":\"IN\",\"offset\":0,\"limit\":30,\"order\":\"date\",\"order_direction\":\"ASC\"}},\"props\":{\"title\":{\"name\":\"title\"},\"_condition\":{\"name\":\"parent.title\",\"filters\":{\"condition\":\"=\",\"condition_value\":\"Absaugsysteme\"}},\"link\":{\"name\":\"link\"}}}}],\"name\":\"subnav-right inklusive dynamischer filter\"},{\"type\":\"panel\",\"props\":{\"content\":\"\n\n<p>Kontaktieren Sie uns gerne. Wir sind durchgehend f\\u00fcr Sie erreichbar.<\\\/p>\",\"content_column_breakpoint\":\"m\",\"css\":\".el-element {\\n  outline: 1px solid white;\\n    outline-offset: -5px;\\n\\n}\\n\\n.el-content{\\n    font-size:16px;\\n color: white;   \\n    \\n    \\n}\",\"icon_width\":80,\"image_align\":\"top\",\"image_grid_breakpoint\":\"m\",\"image_grid_width\":\"1-2\",\"image_svg_color\":\"emphasis\",\"link\":\"tel:+490569162870\",\"link_fullwidth\":true,\"link_size\":\"small\",\"link_style\":\"primary\",\"link_text\":\"+49(0) 5691-6287-0\",\"margin\":\"default\",\"meta_align\":\"below-title\",\"meta_element\":\"div\",\"meta_style\":\"text-meta\",\"panel_padding\":\"small\",\"panel_style\":\"card-primary\",\"text_align\":\"center\",\"title\":\"Sie haben Fragen?\",\"title_align\":\"top\",\"title_element\":\"h3\",\"title_grid_breakpoint\":\"m\",\"title_grid_width\":\"1-2\",\"title_hover_style\":\"reset\",\"title_style\":\"h3\"},\"name\":\"cta-subnav-right\"}]}]}]}],\"version\":\"4.5.11\"} --><\/p>\n","protected":false},"excerpt":{"rendered":"<p>Rauch- Gas- und Staub- Absaugsysteme Analoge Absaugsysteme Alpha-400 Kompaksystem zum Absaugen von Laserd\u00e4mpfen &amp; Partikeln LGACs (Laser Generated Airborne Contaminants) Saugstrom max. 400m\u00b3\/h Produkt ansehen Xbase 400 Gravurlaserabsaugung Saugstrom max. 400m\u00b3\/h Produkt ansehen FumeCube 1 Arm Armabsaugung f\u00fcr einen Arbeitsplatz Produkt ansehen FumeCube 2 Arm Armabsaugung f\u00fcr zwei Arbeitspl\u00e4tze Produkt ansehen FumeCube Max FumeCube Max [&hellip;]<\/p>\n","protected":false},"author":1,"featured_media":0,"parent":2205,"menu_order":0,"comment_status":"closed","ping_status":"closed","template":"","meta":{"_acf_changed":false,"footnotes":""},"class_list":["post-2972","page","type-page","status-publish","hentry"],"acf":[],"_links":{"self":[{"href":"https:\/\/joerns-gmbh.com\/en\/wp-json\/wp\/v2\/pages\/2972","targetHints":{"allow":["GET"]}}],"collection":[{"href":"https:\/\/joerns-gmbh.com\/en\/wp-json\/wp\/v2\/pages"}],"about":[{"href":"https:\/\/joerns-gmbh.com\/en\/wp-json\/wp\/v2\/types\/page"}],"author":[{"embeddable":true,"href":"https:\/\/joerns-gmbh.com\/en\/wp-json\/wp\/v2\/users\/1"}],"replies":[{"embeddable":true,"href":"https:\/\/joerns-gmbh.com\/en\/wp-json\/wp\/v2\/comments?post=2972"}],"version-history":[{"count":15,"href":"https:\/\/joerns-gmbh.com\/en\/wp-json\/wp\/v2\/pages\/2972\/revisions"}],"predecessor-version":[{"id":3120,"href":"https:\/\/joerns-gmbh.com\/en\/wp-json\/wp\/v2\/pages\/2972\/revisions\/3120"}],"up":[{"embeddable":true,"href":"https:\/\/joerns-gmbh.com\/en\/wp-json\/wp\/v2\/pages\/2205"}],"wp:attachment":[{"href":"https:\/\/joerns-gmbh.com\/en\/wp-json\/wp\/v2\/media?parent=2972"}],"curies":[{"name":"wp","href":"https:\/\/api.w.org\/{rel}","templated":true}]}}