{"id":2882,"date":"2025-10-13T12:28:12","date_gmt":"2025-10-13T10:28:12","guid":{"rendered":"https:\/\/joerns-gmbh.com\/?page_id=2882"},"modified":"2026-02-05T12:31:20","modified_gmt":"2026-02-05T11:31:20","slug":"digitale-absaugsysteme-9000-800i-2t-9000-800i-3t","status":"publish","type":"page","link":"https:\/\/joerns-gmbh.com\/en\/digitale-absaugsysteme-9000-800i-2t-9000-800i-3t\/","title":{"rendered":"Digitale Absaugsysteme 9000-800i-2T  9000-800i-3T"},"content":{"rendered":"<h1>Rauch- Gas- und Staub- Absaugsysteme<\/h1>\n<h2>Digitale Absaugsysteme 9000-800i-2T \/ 9000-800i-3T<\/h2>\n<ul>\n<li>\n<p>        <img decoding=\"async\" src=\"\/wp-content\/uploads\/2025\/10\/750i-800ii-png.png\" alt=\"\"><\/p>\n<\/li>\n<li>\n<p>        <img decoding=\"async\" src=\"\/wp-content\/uploads\/2025\/10\/800i2t_schema.jpg\" alt=\"\"><\/p>\n<h3>200i_400i_schema<\/h3>\n<p>800i-2T<\/p>\n<div>\n<p>1. Sauganschluss (links) <br \/>2. Labyrinth Sackvorfilter <br \/>3. Hauptfilter (HEPA-teil) <br \/>4. Hauptfilter (Aktivkohle-teil) <br \/>5. Reinluftauslass (R\u00fcckseite) <br \/>6. Filterverriegelung <br \/>7. Filtertypenschild<\/p>\n<\/div>\n<\/li>\n<li>\n<p>        <img decoding=\"async\" src=\"\/wp-content\/uploads\/2025\/10\/800i3t_schema.jpg\" alt=\"\"><\/p>\n<h3>200i_400i_schema<\/h3>\n<p>800i-3T<\/p>\n<div>\n<ol>\n<li>Hauptfilter HEPA<\/li>\n<li>Hauptfilter Aktivkohle<\/li>\n<\/ol>\n<\/div>\n<\/li>\n<\/ul>\n<div>Aubsaugsystem f\u00fcr Anwendungen mit einem maximalen Saugvolumenbedarf<br \/>\nvon 450m\u00b3\/h.<\/div>\n<ul>\n<li>\n<h3>Dreistufige Filtrierung<\/h3>\n<div>\n<p>Die Ger\u00e4te saugen die erzeugten Luftverunreinigungen ab, filtern gesundheitssch\u00e4dliche Partikel und Gase anhand eines dreistufigen Prozesses heraus und f\u00fchren die gereinigte Luft an den Arbeitsplatz zur\u00fcck.<\/p>\n<p>Filterstufen:<\/p>\n<ul>\n<li>Labyrint Balgensack Grobpartikelfilter<\/li>\n<li>HEPA Feinstaubfilter mit Vorfilterflies<\/li>\n<li>Aktivkohlefilter<\/li>\n<\/ul>\n<\/div>\n<\/li>\n<li>\n<h3>Digitales Kontrollsystem<\/h3>\n<div>Die digitale Steuerung der Systeme regelt die Pumpenleistung je nach S\u00e4ttigungsgrad der Partikelfilter auf das eingestellte Absaugvolumen nach. Somit l\u00e4uft die Pumpe bis zur vollst\u00e4ndigen Filters\u00e4ttigung mit optimaler Saugleistung.<\/p>\n<p>F\u00fcr den Fall, dass beim Prozess gro\u00dfe Mengen an Partikeln anfallen, wird alternativ der Einbau eines Inlinefilters empfohlen.<\/p><\/div>\n<\/li>\n<\/ul>\n<div>\n<h3>Eigenschaften<\/h3>\n<div>\n<ul>\n<li>Vollautomatisches Kontrollsystem regelt die Einhaltung eines konstanten Saugstroms durch variable Motorgeschwindigkeit \u00fcber die gesamte Filterstandzeit<\/li>\n<li>Permanente \u00dcberwachung der Reinluft durch Gas- und Partikelsensoren<\/li>\n<li>Permanente \u00dcberwachung der Prozessluft durch Temperatursensor<\/li>\n<li>Statusanzeige der aktuellen Parameter auf dem Grafikdisplay<\/li>\n<li>Anzeige des S\u00e4ttigungsgrades der Partikelfilter<\/li>\n<li>Anzeige des S\u00e4ttigungsgrades des Aktivkohlefilters<\/li>\n<li>Optische und akustische Meldung von Warnungen und St\u00f6rungen<\/li>\n<li>Integrierter Labyrinth- Balgensackfilter zur Aufnahme gro\u00dfer Partikel<\/li>\n<li>Vorfiltermatte zum Schutz des HEPA Filters<\/li>\n<li>Kombinierter HEPA-\/Aktivkohlefilter zur Aufnahme von Feinstaub und zur Neutralisierung von Prozessgasen (800i-2T)<\/li>\n<li>Separater HEPA Filter (800i-3T)<\/li>\n<li>Separater Aktivkohlefilter (800i-3T)<\/li>\n<li>Fern Ein- ausschaltung<\/li>\n<li>Fehlersignal an angeschlossene Maschinen bei Auftreten einer St\u00f6rung<\/li>\n<li>Einstellbare Vor- und Nachlaufzeit<\/li>\n<li>Volumenstromregelung<\/li>\n<\/ul>\n<\/div>\n<\/div>\n<div>\n<\/div>\n<div>\n<h3>Sie haben Fragen?<\/h3>\n<div>\n<p>Kontaktieren Sie uns gerne. Wir sind durchgehend f\u00fcr Sie erreichbar.<\/p>\n<\/div>\n<p><a href=\"tel:+490569162870\">+49(0) 5691-6287-0<\/a><\/p>\n<\/div>\n<p><!--more--><br \/>\n<!-- {\"type\":\"layout\",\"children\":[{\"type\":\"section\",\"props\":{\"image\":\"wp-content\\\/uploads\\\/2025\\\/04\\\/briloner_web.jpg\",\"image_position\":\"center-center\",\"image_size\":\"cover\",\"media_overlay\":\"rgba(0, 0, 128, 0.82)\",\"style\":\"primary\",\"title_breakpoint\":\"xl\",\"title_position\":\"top-left\",\"title_rotation\":\"left\",\"vertical_align\":\"middle\",\"width\":\"large\"},\"children\":[{\"type\":\"row\",\"children\":[{\"type\":\"column\",\"props\":{\"image_position\":\"center-center\",\"position_sticky_breakpoint\":\"m\"},\"children\":[{\"type\":\"headline\",\"props\":{\"content\":\"Rauch- Gas- und Staub- Absaugsysteme\",\"title_element\":\"h1\"}},{\"type\":\"breadcrumbs\",\"props\":{\"show_current\":true,\"show_home\":true}}]}]}]},{\"type\":\"section\",\"props\":{\"image_position\":\"center-center\",\"style\":\"muted\",\"title_breakpoint\":\"xl\",\"title_position\":\"top-left\",\"title_rotation\":\"left\",\"vertical_align\":\"middle\",\"width\":\"large\"},\"children\":[{\"type\":\"row\",\"props\":{\"column_gap\":\"medium\",\"layout\":\"3-4,1-4\"},\"children\":[{\"type\":\"column\",\"props\":{\"image_position\":\"center-center\",\"position_sticky_breakpoint\":\"m\",\"style\":\"card-default\",\"width_medium\":\"3-4\"},\"children\":[{\"type\":\"headline\",\"props\":{\"content\":\"Digitale Absaugsysteme 9000-800i-2T \\\/ 9000-800i-3T\",\"title_element\":\"h2\"}},{\"type\":\"grid\",\"props\":{\"content_column_breakpoint\":\"m\",\"filter_align\":\"left\",\"filter_all\":true,\"filter_grid_breakpoint\":\"m\",\"filter_grid_width\":\"auto\",\"filter_position\":\"top\",\"filter_style\":\"tab\",\"grid_column_align\":false,\"grid_column_gap\":\"large\",\"grid_default\":\"1\",\"grid_medium\":\"3\",\"grid_parallax_justify\":false,\"grid_row_align\":false,\"grid_small\":\"2\",\"icon_width\":80,\"image_align\":\"top\",\"image_grid_breakpoint\":\"m\",\"image_grid_width\":\"auto\",\"image_svg_color\":\"emphasis\",\"item_animation\":true,\"lightbox_bg_close\":true,\"link_style\":\"default\",\"link_text\":\"Read more\",\"margin\":\"default\",\"meta_align\":\"below-title\",\"meta_element\":\"div\",\"meta_style\":\"h3\",\"show_content\":true,\"show_hover_image\":true,\"show_hover_video\":true,\"show_image\":true,\"show_link\":true,\"show_meta\":true,\"show_title\":false,\"show_video\":true,\"title_align\":\"top\",\"title_element\":\"h3\",\"title_grid_breakpoint\":\"m\",\"title_grid_width\":\"1-2\",\"title_hover_style\":\"reset\"},\"children\":[{\"type\":\"grid_item\",\"props\":{\"image\":\"wp-content\\\/uploads\\\/2025\\\/10\\\/750i-800ii-png.png\"}},{\"type\":\"grid_item\",\"props\":{\"content\":\"\n\n<p>1. Sauganschluss (links) <br \\\/>2. Labyrinth Sackvorfilter <br \\\/>3. Hauptfilter (HEPA-teil) <br \\\/>4. Hauptfilter (Aktivkohle-teil) <br \\\/>5. Reinluftauslass (R\\u00fcckseite) <br \\\/>6. Filterverriegelung <br \\\/>7. Filtertypenschild<\\\/p>\",\"image\":\"wp-content\\\/uploads\\\/2025\\\/10\\\/800i2t_schema.jpg\",\"meta\":\"800i-2T\",\"title\":\"200i_400i_schema\"}},{\"type\":\"grid_item\",\"props\":{\"content\":\"\n\n<ol>\\n\n\n<li>Hauptfilter HEPA<\\\/li>\\n\n\n<li>Hauptfilter Aktivkohle<\\\/li>\\n<\\\/ol>\\n\n\n<p><\\\/p>\",\"image\":\"wp-content\\\/uploads\\\/2025\\\/10\\\/800i3t_schema.jpg\",\"meta\":\"800i-3T\",\"title\":\"200i_400i_schema\"}}]},{\"type\":\"text\",\"props\":{\"column_breakpoint\":\"m\",\"content\":\"Aubsaugsystem f\\u00fcr Anwendungen mit einem maximalen Saugvolumenbedarf\\nvon 450m\\u00b3\\\/h.\",\"margin\":\"default\"}},{\"type\":\"fragment\",\"props\":{\"margin\":\"default\"},\"children\":[{\"type\":\"row\",\"children\":[{\"type\":\"column\",\"props\":{\"image_position\":\"center-center\",\"position_sticky_breakpoint\":\"m\"},\"children\":[{\"type\":\"grid\",\"props\":{\"content_column_breakpoint\":\"m\",\"filter_align\":\"left\",\"filter_all\":true,\"filter_grid_breakpoint\":\"m\",\"filter_grid_width\":\"auto\",\"filter_position\":\"top\",\"filter_style\":\"tab\",\"grid_column_gap\":\"medium\",\"grid_default\":\"1\",\"grid_medium\":\"2\",\"grid_row_gap\":\"small\",\"icon_width\":80,\"image_align\":\"top\",\"image_grid_breakpoint\":\"m\",\"image_grid_width\":\"1-2\",\"image_svg_color\":\"emphasis\",\"item_animation\":true,\"lightbox_bg_close\":true,\"link_style\":\"default\",\"link_text\":\"Read more\",\"margin\":\"default\",\"meta_align\":\"below-title\",\"meta_element\":\"div\",\"meta_style\":\"text-meta\",\"panel_padding\":\"small\",\"panel_style\":\"card-secondary\",\"show_content\":true,\"show_hover_image\":true,\"show_hover_video\":true,\"show_image\":true,\"show_link\":true,\"show_meta\":true,\"show_title\":true,\"show_video\":true,\"title_align\":\"top\",\"title_element\":\"h3\",\"title_grid_breakpoint\":\"m\",\"title_grid_width\":\"1-2\",\"title_hover_style\":\"reset\",\"title_style\":\"h3\"},\"children\":[{\"type\":\"grid_item\",\"props\":{\"content\":\"\n\n<p>Die Ger\\u00e4te saugen die erzeugten Luftverunreinigungen ab, filtern gesundheitssch\\u00e4dliche Partikel und Gase anhand eines dreistufigen Prozesses heraus und f\\u00fchren die gereinigte Luft an den Arbeitsplatz zur\\u00fcck.<\\\/p>\\n\n\n<p>Filterstufen:<\\\/p>\\n\n\n<ul>\\n\n\n<li>Labyrint Balgensack Grobpartikelfilter<\\\/li>\\n\n\n<li>HEPA Feinstaubfilter mit Vorfilterflies<\\\/li>\\n\n\n<li>Aktivkohlefilter<\\\/li>\\n<\\\/ul>\",\"panel_style\":\"card-secondary\",\"title\":\"Dreistufige Filtrierung\"}},{\"type\":\"grid_item\",\"props\":{\"content\":\"Die digitale Steuerung der Systeme regelt die Pumpenleistung je nach S\\u00e4ttigungsgrad der Partikelfilter auf das eingestellte Absaugvolumen nach. Somit l\\u00e4uft die Pumpe bis zur vollst\\u00e4ndigen Filters\\u00e4ttigung mit optimaler Saugleistung.\n\n\\n\\nF\\u00fcr den Fall, dass beim Prozess gro\\u00dfe Mengen an Partikeln anfallen, wird alternativ der Einbau eines Inlinefilters empfohlen.\",\"title\":\"Digitales Kontrollsystem\"}}]},{\"type\":\"grid\",\"props\":{\"content_column\":\"1-2\",\"content_column_breakpoint\":\"m\",\"filter_align\":\"left\",\"filter_all\":true,\"filter_grid_breakpoint\":\"m\",\"filter_grid_width\":\"auto\",\"filter_position\":\"top\",\"filter_style\":\"tab\",\"grid_column_gap\":\"medium\",\"grid_default\":\"1\",\"grid_medium\":\"1\",\"grid_row_gap\":\"small\",\"icon_width\":80,\"image_align\":\"top\",\"image_grid_breakpoint\":\"m\",\"image_grid_width\":\"1-2\",\"image_svg_color\":\"emphasis\",\"item_animation\":true,\"lightbox_bg_close\":true,\"link_style\":\"default\",\"link_text\":\"Read more\",\"margin\":\"default\",\"meta_align\":\"below-title\",\"meta_element\":\"div\",\"meta_style\":\"text-meta\",\"panel_padding\":\"small\",\"panel_style\":\"card-secondary\",\"show_content\":true,\"show_hover_image\":true,\"show_hover_video\":true,\"show_image\":true,\"show_link\":true,\"show_meta\":true,\"show_title\":true,\"show_video\":true,\"title_align\":\"top\",\"title_element\":\"h3\",\"title_grid_breakpoint\":\"m\",\"title_grid_width\":\"1-2\",\"title_hover_style\":\"reset\",\"title_style\":\"h3\"},\"children\":[{\"type\":\"grid_item\",\"props\":{\"content\":\"\n\n<ul>\\n\n\n<li>Vollautomatisches Kontrollsystem regelt die Einhaltung eines konstanten Saugstroms durch variable Motorgeschwindigkeit \\u00fcber die gesamte Filterstandzeit<\\\/li>\\n\n\n<li>Permanente \\u00dcberwachung der Reinluft durch Gas- und Partikelsensoren<\\\/li>\\n\n\n<li>Permanente \\u00dcberwachung der Prozessluft durch Temperatursensor<\\\/li>\\n\n\n<li>Statusanzeige der aktuellen Parameter auf dem Grafikdisplay<\\\/li>\\n\n\n<li>Anzeige des S\\u00e4ttigungsgrades der Partikelfilter<\\\/li>\\n\n\n<li>Anzeige des S\\u00e4ttigungsgrades des Aktivkohlefilters<\\\/li>\\n\n\n<li>Optische und akustische Meldung von Warnungen und St\\u00f6rungen<\\\/li>\\n\n\n<li>Integrierter Labyrinth- Balgensackfilter zur Aufnahme gro\\u00dfer Partikel<\\\/li>\\n\n\n<li>Vorfiltermatte zum Schutz des HEPA Filters<\\\/li>\\n\n\n<li>Kombinierter HEPA-\\\/Aktivkohlefilter zur Aufnahme von Feinstaub und zur Neutralisierung von Prozessgasen (800i-2T)<\\\/li>\\n\n\n<li>Separater HEPA Filter (800i-3T)<\\\/li>\\n\n\n<li>Separater Aktivkohlefilter (800i-3T)<\\\/li>\\n\n\n<li>Fern Ein- ausschaltung<\\\/li>\\n\n\n<li>Fehlersignal an angeschlossene Maschinen bei Auftreten einer St\\u00f6rung<\\\/li>\\n\n\n<li>Einstellbare Vor- und Nachlaufzeit<\\\/li>\\n\n\n<li>Volumenstromregelung<\\\/li>\\n<\\\/ul>\",\"title\":\"Eigenschaften\"}}]}]}]}]}]},{\"type\":\"column\",\"props\":{\"image_position\":\"center-center\",\"position_sticky\":\"section\",\"position_sticky_breakpoint\":\"m\",\"position_sticky_offset\":\"50\",\"width_medium\":\"1-4\"},\"children\":[{\"type\":\"grid\",\"props\":{\"class\":\"uk-card-default uk-card-body\",\"content_column_breakpoint\":\"m\",\"css\":\".el-title{\\n    font-size:17px;\\n}\\n\\n.el-element{\\n    background:#f5f4f4;\\n    border:10px solid white;\\n    border-radius:5px;\\n    padding:30px 30px;\\n}\",\"filter_align\":\"left\",\"filter_all\":true,\"filter_grid_breakpoint\":\"m\",\"filter_grid_width\":\"auto\",\"filter_position\":\"top\",\"filter_style\":\"tab\",\"grid_column_gap\":\"small\",\"grid_default\":\"1\",\"grid_divider\":true,\"grid_medium\":\"1\",\"grid_row_gap\":\"small\",\"icon_width\":80,\"image_align\":\"top\",\"image_grid_breakpoint\":\"m\",\"image_grid_width\":\"1-2\",\"image_svg_color\":\"emphasis\",\"item_animation\":true,\"lightbox_bg_close\":true,\"link_style\":\"default\",\"link_text\":\"\",\"margin\":\"default\",\"meta_align\":\"below-title\",\"meta_element\":\"div\",\"meta_style\":\"text-meta\",\"panel_link\":true,\"show_content\":true,\"show_hover_image\":true,\"show_hover_video\":true,\"show_image\":true,\"show_link\":true,\"show_meta\":true,\"show_title\":true,\"show_video\":true,\"title_align\":\"top\",\"title_element\":\"h3\",\"title_grid_breakpoint\":\"m\",\"title_grid_width\":\"1-2\",\"title_hover_style\":\"reset\",\"title_style\":\"h4\"},\"children\":[{\"type\":\"grid_item\",\"source\":{\"query\":{\"name\":\"pages.customPages\",\"arguments\":{\"users\":[],\"users_operator\":\"IN\",\"offset\":0,\"limit\":30,\"order\":\"date\",\"order_direction\":\"ASC\"}},\"props\":{\"title\":{\"name\":\"title\"},\"_condition\":{\"name\":\"parent.title\",\"filters\":{\"condition\":\"=\",\"condition_value\":\"Absaugsysteme\"}},\"link\":{\"name\":\"link\"}}}}],\"name\":\"subnav-right inklusive dynamischer filter\"},{\"type\":\"panel\",\"props\":{\"content\":\"\n\n<p>Kontaktieren Sie uns gerne. Wir sind durchgehend f\\u00fcr Sie erreichbar.<\\\/p>\",\"content_column_breakpoint\":\"m\",\"css\":\".el-element {\\n  outline: 1px solid white;\\n    outline-offset: -5px;\\n\\n}\\n\\n.el-content{\\n    font-size:16px;\\n color: white;   \\n    \\n    \\n}\",\"icon_width\":80,\"image_align\":\"top\",\"image_grid_breakpoint\":\"m\",\"image_grid_width\":\"1-2\",\"image_svg_color\":\"emphasis\",\"link\":\"tel:+490569162870\",\"link_fullwidth\":true,\"link_size\":\"small\",\"link_style\":\"primary\",\"link_text\":\"+49(0) 5691-6287-0\",\"margin\":\"default\",\"meta_align\":\"below-title\",\"meta_element\":\"div\",\"meta_style\":\"text-meta\",\"panel_padding\":\"small\",\"panel_style\":\"card-primary\",\"text_align\":\"center\",\"title\":\"Sie haben Fragen?\",\"title_align\":\"top\",\"title_element\":\"h3\",\"title_grid_breakpoint\":\"m\",\"title_grid_width\":\"1-2\",\"title_hover_style\":\"reset\",\"title_style\":\"h3\"},\"name\":\"cta-subnav-right\"}]}]}]}],\"version\":\"4.5.11\"} --><\/p>\n","protected":false},"excerpt":{"rendered":"<p>Rauch- Gas- und Staub- Absaugsysteme Digitale Absaugsysteme 9000-800i-2T \/ 9000-800i-3T 200i_400i_schema 800i-2T 1. Sauganschluss (links) 2. Labyrinth Sackvorfilter 3. Hauptfilter (HEPA-teil) 4. Hauptfilter (Aktivkohle-teil) 5. Reinluftauslass (R\u00fcckseite) 6. Filterverriegelung 7. Filtertypenschild 200i_400i_schema 800i-3T Hauptfilter HEPA Hauptfilter Aktivkohle Aubsaugsystem f\u00fcr Anwendungen mit einem maximalen Saugvolumenbedarf von 450m\u00b3\/h. Dreistufige Filtrierung Die Ger\u00e4te saugen die erzeugten Luftverunreinigungen ab, [&hellip;]<\/p>\n","protected":false},"author":1,"featured_media":0,"parent":0,"menu_order":0,"comment_status":"closed","ping_status":"closed","template":"","meta":{"_acf_changed":false,"footnotes":""},"class_list":["post-2882","page","type-page","status-publish","hentry"],"acf":[],"_links":{"self":[{"href":"https:\/\/joerns-gmbh.com\/en\/wp-json\/wp\/v2\/pages\/2882","targetHints":{"allow":["GET"]}}],"collection":[{"href":"https:\/\/joerns-gmbh.com\/en\/wp-json\/wp\/v2\/pages"}],"about":[{"href":"https:\/\/joerns-gmbh.com\/en\/wp-json\/wp\/v2\/types\/page"}],"author":[{"embeddable":true,"href":"https:\/\/joerns-gmbh.com\/en\/wp-json\/wp\/v2\/users\/1"}],"replies":[{"embeddable":true,"href":"https:\/\/joerns-gmbh.com\/en\/wp-json\/wp\/v2\/comments?post=2882"}],"version-history":[{"count":6,"href":"https:\/\/joerns-gmbh.com\/en\/wp-json\/wp\/v2\/pages\/2882\/revisions"}],"predecessor-version":[{"id":3086,"href":"https:\/\/joerns-gmbh.com\/en\/wp-json\/wp\/v2\/pages\/2882\/revisions\/3086"}],"wp:attachment":[{"href":"https:\/\/joerns-gmbh.com\/en\/wp-json\/wp\/v2\/media?parent=2882"}],"curies":[{"name":"wp","href":"https:\/\/api.w.org\/{rel}","templated":true}]}}