{"id":2835,"date":"2025-08-25T13:32:26","date_gmt":"2025-08-25T11:32:26","guid":{"rendered":"https:\/\/joerns-gmbh.com\/?page_id=2835"},"modified":"2026-01-20T13:15:23","modified_gmt":"2026-01-20T12:15:23","slug":"produktpalette","status":"publish","type":"page","link":"https:\/\/joerns-gmbh.com\/en\/produktpalette\/","title":{"rendered":"Product range"},"content":{"rendered":"<h1>Produktpalette<\/h1>\n<h2>Unsere Produktpalette<\/h2>\n<div>\n<p>Unsere Produktpalette umfasst Absaugsysteme, Reparatursysteme und Vakuumgeneratoren. <br \/>Mit diesen Schwerpunkten bieten wir Ihnen zuverl\u00e4ssige Technik, h\u00f6chste Qualit\u00e4t und kompetente Beratung \u2013 optimal abgestimmt auf Ihre Anforderungen.<\/p>\n<\/div>\n<ul>\n<li>\n<p>        <img decoding=\"async\" src=\"\/wp-content\/uploads\/2025\/10\/200i-200ihp-400i-png.png\" alt=\"\"><\/p>\n<h3>Absaugsysteme<\/h3>\n<p><a href=\"\/?page_id=2829\">Zu den Absaugsystemen<\/a><\/p>\n<\/li>\n<li>\n<p>        <img decoding=\"async\" src=\"\/wp-content\/uploads\/2025\/03\/Produktbild-Core-Plus.jpg\" alt=\"\"><\/p>\n<h3>Reparatursysteme<\/h3>\n<p><a href=\"\/?page_id=2824\">Mehr \u00fcber Reparatursysteme<\/a><\/p>\n<\/li>\n<li>\n<p>        <img decoding=\"async\" src=\"\/wp-content\/uploads\/2025\/03\/jorivac2.jpg\" alt=\"\"><\/p>\n<h3>Vakuumgeneratoren<\/h3>\n<p><a href=\"\/?page_id=2791\">Zu den Vakuumgeneratoren<\/a><\/p>\n<\/li>\n<\/ul>\n<p><!--more--><br \/>\n<!-- {\"type\":\"layout\",\"children\":[{\"type\":\"section\",\"props\":{\"image\":\"wp-content\\\/uploads\\\/2025\\\/04\\\/briloner_web.jpg\",\"image_position\":\"center-center\",\"image_size\":\"cover\",\"media_overlay\":\"rgba(0, 0, 128, 0.82)\",\"style\":\"primary\",\"title_breakpoint\":\"xl\",\"title_position\":\"top-left\",\"title_rotation\":\"left\",\"vertical_align\":\"middle\",\"width\":\"large\"},\"children\":[{\"type\":\"row\",\"children\":[{\"type\":\"column\",\"props\":{\"image_position\":\"center-center\",\"position_sticky_breakpoint\":\"m\"},\"children\":[{\"type\":\"headline\",\"props\":{\"content\":\"Produktpalette\",\"title_element\":\"h1\"}},{\"type\":\"breadcrumbs\",\"props\":{\"show_current\":true,\"show_home\":true}}]}]}]},{\"type\":\"section\",\"props\":{\"image_position\":\"center-center\",\"style\":\"muted\",\"title_breakpoint\":\"xl\",\"title_position\":\"top-left\",\"title_rotation\":\"left\",\"vertical_align\":\"middle\",\"width\":\"large\"},\"children\":[{\"type\":\"row\",\"props\":{\"column_gap\":\"medium\"},\"children\":[{\"type\":\"column\",\"props\":{\"image_position\":\"center-center\",\"position_sticky_breakpoint\":\"m\",\"style\":\"card-default\"},\"children\":[{\"type\":\"headline\",\"props\":{\"content\":\"Unsere Produktpalette\",\"title_element\":\"h2\"}},{\"type\":\"text\",\"props\":{\"column_breakpoint\":\"m\",\"content\":\"\n\n<p>Unsere Produktpalette umfasst Absaugsysteme, Reparatursysteme und Vakuumgeneratoren. <br \\\/>Mit diesen Schwerpunkten bieten wir Ihnen zuverl\\u00e4ssige Technik, h\\u00f6chste Qualit\\u00e4t und kompetente Beratung \\u2013 optimal abgestimmt auf Ihre Anforderungen.<\\\/p>\",\"margin\":\"default\"}},{\"type\":\"fragment\",\"props\":{\"margin\":\"default\"},\"children\":[{\"type\":\"row\",\"children\":[{\"type\":\"column\",\"props\":{\"image_position\":\"center-center\",\"position_sticky_breakpoint\":\"m\"},\"children\":[{\"type\":\"grid\",\"props\":{\"animation\":\"slide-top\",\"content_column_breakpoint\":\"m\",\"css\":\".el-content{\\n    \\n font-size:14px;   \\n    \\n}\",\"filter_align\":\"left\",\"filter_all\":true,\"filter_grid_breakpoint\":\"m\",\"filter_grid_width\":\"auto\",\"filter_position\":\"top\",\"filter_style\":\"tab\",\"grid_column_gap\":\"medium\",\"grid_default\":\"1\",\"grid_medium\":\"3\",\"grid_row_gap\":\"small\",\"icon_width\":80,\"image_align\":\"top\",\"image_grid_breakpoint\":\"m\",\"image_grid_width\":\"1-2\",\"image_height\":185,\"image_svg_color\":\"emphasis\",\"item_animation\":true,\"lightbox_bg_close\":true,\"link_style\":\"primary\",\"link_text\":\"Read more\",\"margin\":\"default\",\"meta_align\":\"below-title\",\"meta_element\":\"div\",\"meta_style\":\"text-meta\",\"panel_padding\":\"small\",\"panel_style\":\"card-secondary\",\"show_content\":true,\"show_hover_image\":true,\"show_hover_video\":true,\"show_image\":true,\"show_link\":true,\"show_meta\":true,\"show_title\":true,\"show_video\":true,\"title_align\":\"top\",\"title_element\":\"h3\",\"title_grid_breakpoint\":\"m\",\"title_grid_width\":\"1-2\",\"title_hover_style\":\"reset\",\"title_style\":\"h3\"},\"children\":[{\"type\":\"grid_item\",\"props\":{\"content\":\"\",\"image\":\"wp-content\\\/uploads\\\/2025\\\/10\\\/200i-200ihp-400i-png.png\",\"link\":\"?page_id=2829\",\"link_text\":\"Zu den Absaugsystemen\",\"meta\":\"\",\"title\":\"Absaugsysteme\"}},{\"type\":\"grid_item\",\"props\":{\"content\":\"\",\"image\":\"wp-content\\\/uploads\\\/2025\\\/03\\\/Produktbild-Core-Plus.jpg\",\"link\":\"?page_id=2824\",\"link_text\":\"Mehr \\u00fcber Reparatursysteme\",\"meta\":\"\",\"title\":\"Reparatursysteme\"}},{\"type\":\"grid_item\",\"props\":{\"content\":\"\",\"image\":\"wp-content\\\/uploads\\\/2025\\\/03\\\/jorivac2.jpg\",\"link\":\"?page_id=2791\",\"link_text\":\"Zu den Vakuumgeneratoren\",\"meta\":\"\",\"title\":\"Vakuumgeneratoren\"}}]}]}]}]}]}]}]}],\"version\":\"4.5.11\"} --><\/p>\n","protected":false},"excerpt":{"rendered":"<p>Produktpalette Unsere Produktpalette Unsere Produktpalette umfasst Absaugsysteme, Reparatursysteme und Vakuumgeneratoren. Mit diesen Schwerpunkten bieten wir Ihnen zuverl\u00e4ssige Technik, h\u00f6chste Qualit\u00e4t und kompetente Beratung \u2013 optimal abgestimmt auf Ihre Anforderungen. Absaugsysteme Zu den Absaugsystemen Reparatursysteme Mehr \u00fcber Reparatursysteme Vakuumgeneratoren Zu den Vakuumgeneratoren<\/p>","protected":false},"author":1,"featured_media":0,"parent":0,"menu_order":0,"comment_status":"closed","ping_status":"closed","template":"","meta":{"_acf_changed":false,"footnotes":""},"class_list":["post-2835","page","type-page","status-publish","hentry"],"acf":[],"_links":{"self":[{"href":"https:\/\/joerns-gmbh.com\/en\/wp-json\/wp\/v2\/pages\/2835","targetHints":{"allow":["GET"]}}],"collection":[{"href":"https:\/\/joerns-gmbh.com\/en\/wp-json\/wp\/v2\/pages"}],"about":[{"href":"https:\/\/joerns-gmbh.com\/en\/wp-json\/wp\/v2\/types\/page"}],"author":[{"embeddable":true,"href":"https:\/\/joerns-gmbh.com\/en\/wp-json\/wp\/v2\/users\/1"}],"replies":[{"embeddable":true,"href":"https:\/\/joerns-gmbh.com\/en\/wp-json\/wp\/v2\/comments?post=2835"}],"version-history":[{"count":9,"href":"https:\/\/joerns-gmbh.com\/en\/wp-json\/wp\/v2\/pages\/2835\/revisions"}],"predecessor-version":[{"id":2971,"href":"https:\/\/joerns-gmbh.com\/en\/wp-json\/wp\/v2\/pages\/2835\/revisions\/2971"}],"wp:attachment":[{"href":"https:\/\/joerns-gmbh.com\/en\/wp-json\/wp\/v2\/media?parent=2835"}],"curies":[{"name":"wp","href":"https:\/\/api.w.org\/{rel}","templated":true}]}}