{"id":2791,"date":"2025-08-11T14:19:12","date_gmt":"2025-08-11T12:19:12","guid":{"rendered":"https:\/\/joerns-gmbh.com\/?page_id=2791"},"modified":"2026-02-05T12:05:36","modified_gmt":"2026-02-05T11:05:36","slug":"vakuumgeneratoren","status":"publish","type":"page","link":"https:\/\/joerns-gmbh.com\/en\/vakuumgeneratoren\/","title":{"rendered":"Vakuumgeneratoren"},"content":{"rendered":"<h1>Vakuumgeneratoren<\/h1>\n<h2>Vakuumgenerator JoriVac-II 250 mbar<\/h2>\n<div>\n<p>        <img decoding=\"async\" src=\"\/wp-content\/uploads\/2025\/03\/jorivac2.jpg\" alt=\"\"><\/p>\n<div>\n<p>Elektrischer Vakuumerzeuger zum Betrieb einer Vakuumpipette zum Positionieren und Sortieren von SMD Bauteilen oder zum Absaugen von Feinst\u00e4uben z.B. in der optischen Industrie.<\/p>\n<\/div>\n<\/div>\n<ul>\n<li>\n<p>        <img decoding=\"async\" src=\"\/wp-content\/uploads\/2025\/08\/pipette_large.jpg\" alt=\"\"><\/p>\n<div>\n<p>Aufnehmen und Ablegen von Bauelementen wird \u00fcber eine \u00d6ffnung in der Pipette gesteuert.<\/p>\n<\/div>\n<\/li>\n<li>\n<p>        <img decoding=\"async\" src=\"\/wp-content\/uploads\/2025\/08\/hartglasfilter_large.jpg\" alt=\"\"><\/p>\n<div>\n<p>Durch den Einbau eines Filters in die Saugleitung, kann das JoriVac-II auch zum Absaugen von Partikeln z.B. von Optiken genutzt werden.<\/p>\n<\/div>\n<\/li>\n<\/ul>\n<ul>\n<li>\n<h3>Eigenschaften<\/h3>\n<div>\n<ul>\n<li>Ein- und Ausschalten des Vakuums durch Bypass<\/li>\n<li>Schnelles l\u00f6sen eines Bauteils von der Pipette durch Freigabe der Bypass\u00f6ffnung<\/li>\n<li>Absaugen von Feinst\u00e4uben durch Vorschalten eines Filters<\/li>\n<li>Wartungsfrei<\/li>\n<li>\u00d6lfrei<\/li>\n<li>wenig Vibrationen<\/li>\n<li>Leiser Betrieb<\/li>\n<li>Lange Lebensdauer<\/li>\n<li>Vakuumcups in 6 verschiedenen Gr\u00f6\u00dfen<\/li>\n<\/ul>\n<\/div>\n<\/li>\n<li>\n<h3>Technische Daten<\/h3>\n<div>\n<table cellpadding=\"2\">\n<tbody>\n<tr>\n<td>Artikelnummer- Set<\/td>\n<td>124.040.100.000<\/td>\n<\/tr>\n<tr>\n<td>Vakuum (max)<\/td>\n<td>250mbar<\/td>\n<\/tr>\n<tr>\n<td>Anschlussspannung<\/td>\n<td>230V \/ 50Hz<\/td>\n<\/tr>\n<tr>\n<td>Leistung<\/td>\n<td>4,0W<\/td>\n<\/tr>\n<tr>\n<td>Abmessungen BxTxH<\/td>\n<td>72 x 185 x 72mm<\/td>\n<\/tr>\n<tr>\n<td>Gewicht<\/td>\n<td>0,85kg<\/td>\n<\/tr>\n<\/tbody>\n<\/table>\n<p>*Set besteht aus: Vakuumeinheit Vakuumfilter Vakuumschlauch Pipette Pipettenspitze<\/p>\n<\/div>\n<p><a href=\"\/wp-content\/uploads\/2025\/08\/jorivac2.pdf\">Datenblatt PDF<\/a><\/p>\n<\/li>\n<\/ul>\n<div>\n<div>\n<style>\n.table-responsive {\n  width: 100%;\n}<\/p>\n<p>.table-responsive .global-header {\n  display: none; \/* nur mobil sichtbar *\/\n  font-weight: 700;\n  color: #000080;\n  border-bottom: 2px solid #000080;\n  padding-bottom: 6px;\n  display: none;\n  justify-content: space-between;\n  gap: 20px;\n}<\/p>\n<p>.table-responsive .cols {\n  display: grid;\n  grid-template-columns: 1fr 1fr; \/* Desktop: zwei Spalten *\/\n  gap: 20px 40px; \/* Zeilen- \/ Spaltenabstand *\/\n}<\/p>\n<p>.table-responsive .col .header {\n  font-weight: 700;\n  color: #000080;\n  border-bottom: 2px solid #000080;\n  padding-bottom: 6px;\n  display: flex;\n  justify-content: space-between;\n}<\/p>\n<p>.table-responsive .row {\n  display: flex;\n  justify-content: space-between;\n  border-bottom: 1px solid #ccc;\n  padding: 6px 0;\n}<\/p>\n<p>\/* Ab Tablet (<=768px): einspaltig + nur EINE Kopfzeile oben *\/\n@media (max-width: 768px) {\n  .table-responsive .cols {\n    grid-template-columns: 1fr; \/* einspaltig *\/\n  }\n  .table-responsive .col .header {\n    display: none; \/* Spalten-Kopfzeilen ausblenden *\/\n  }\n  .table-responsive .global-header {\n    display: flex; \/* eine globale Kopfzeile oben *\/\n  }\n}\n<\/style>\n<div class=\"table-responsive\">\n  <!-- Kopfzeile nur f\u00fcr Tablet\/Mobil --><\/p>\n<div class=\"global-header\">\n    <span>Zubeh\u00f6r\/Ersatzteile<\/span><br \/>\n    <span>Artikelnummer<\/span>\n  <\/div>\n<div class=\"cols\">\n    <!-- Linke Desktop-Spalte --><\/p>\n<div class=\"col\">\n<div class=\"header\">\n        <span>Zubeh\u00f6r\/Ersatzteile<\/span><br \/>\n        <span>Artikelnummer<\/span>\n      <\/div>\n<div class=\"row\"><span>Vakuumeinheit<\/span><span>124.040.101.000<\/span><\/div>\n<div class=\"row\"><span>Vakuumschlauch 2m<\/span><span>108.020.202.006<\/span><\/div>\n<div class=\"row\"><span>Vakuumfilter<\/span><span>101.150.000.020<\/span><\/div>\n<div class=\"row\"><span>Partikelfilter<\/span><span>108.020.202.001<\/span><\/div>\n<div class=\"row\"><span>Pipette<\/span><span>118.700.000.010<\/span><\/div>\n<div class=\"row\"><span>Pipettenspitze<\/span><span>118.700.000.020<\/span><\/div>\n<\/p><\/div>\n<p>    <!-- Rechte Desktop-Spalte --><\/p>\n<div class=\"col\">\n<div class=\"header\">\n        <span>Zubeh\u00f6r\/Ersatzteile<\/span><br \/>\n        <span>Artikelnummer<\/span>\n      <\/div>\n<div class=\"row\"><span>Vakuum-Cup \u00d8 3,2mm<\/span><span>111.030.001.001<\/span><\/div>\n<div class=\"row\"><span>Vakuum-Cup \u00d8 4,8mm<\/span><span>111.030.001.002<\/span><\/div>\n<div class=\"row\"><span>Vakuum-Cup \u00d8 6,4mm<\/span><span>111.030.001.003<\/span><\/div>\n<div class=\"row\"><span>Vakuum-Cup \u00d8 8,0mm<\/span><span>111.030.001.006<\/span><\/div>\n<div class=\"row\"><span>Vakuum-Cup \u00d8 9,5mm<\/span><span>111.030.001.004<\/span><\/div>\n<div class=\"row\"><span>Vakuum-Cup \u00d8 12,8mm<\/span><span>111.030.001.005<\/span><\/div>\n<\/p><\/div>\n<\/p><\/div>\n<\/div>\n<\/div>\n<\/div>\n<h2>Produktpalette<\/h2>\n<div>\n<h3>Hier kommen noch Artikel der Produktpalette rein.<\/h3>\n<\/div>\n<div>\n<h3>Sie haben Fragen?<\/h3>\n<div>\n<p>Kontaktieren Sie uns gerne. Wir sind durchgehend f\u00fcr Sie erreichbar.<\/p>\n<\/div>\n<p><a href=\"tel:+490569162870\">+49(0) 5691-6287-0<\/a><\/p>\n<\/div>\n<p><!--more--><br \/>\n<!-- {\"type\":\"layout\",\"children\":[{\"type\":\"section\",\"props\":{\"image\":\"wp-content\\\/uploads\\\/2025\\\/04\\\/briloner_web.jpg\",\"image_position\":\"center-center\",\"image_size\":\"cover\",\"media_overlay\":\"rgba(0, 0, 128, 0.82)\",\"style\":\"primary\",\"title_breakpoint\":\"xl\",\"title_position\":\"top-left\",\"title_rotation\":\"left\",\"vertical_align\":\"middle\",\"width\":\"large\"},\"children\":[{\"type\":\"row\",\"children\":[{\"type\":\"column\",\"props\":{\"image_position\":\"center-center\",\"position_sticky_breakpoint\":\"m\"},\"children\":[{\"type\":\"headline\",\"props\":{\"content\":\"Vakuumgeneratoren\",\"title_element\":\"h1\"}},{\"type\":\"breadcrumbs\",\"props\":{\"show_current\":true,\"show_home\":true}}]}]}]},{\"type\":\"section\",\"props\":{\"image_position\":\"center-center\",\"style\":\"muted\",\"title_breakpoint\":\"xl\",\"title_position\":\"top-left\",\"title_rotation\":\"left\",\"vertical_align\":\"middle\",\"width\":\"large\"},\"children\":[{\"type\":\"row\",\"props\":{\"column_gap\":\"medium\",\"layout\":\"3-4,1-4\"},\"children\":[{\"type\":\"column\",\"props\":{\"image_position\":\"center-center\",\"position_sticky_breakpoint\":\"m\",\"style\":\"card-default\",\"width_medium\":\"3-4\"},\"children\":[{\"type\":\"headline\",\"props\":{\"content\":\"Vakuumgenerator JoriVac-II 250 mbar\",\"title_element\":\"h2\"}},{\"type\":\"fragment\",\"props\":{\"margin\":\"default\"},\"children\":[{\"type\":\"row\",\"children\":[{\"type\":\"column\",\"props\":{\"image_position\":\"center-center\",\"position_sticky_breakpoint\":\"m\"},\"children\":[{\"type\":\"panel\",\"props\":{\"content\":\"\n\n<p>Elektrischer Vakuumerzeuger zum Betrieb einer Vakuumpipette zum Positionieren und Sortieren von SMD Bauteilen oder zum Absaugen von Feinst\\u00e4uben z.B. in der optischen Industrie.<\\\/p>\",\"content_column_breakpoint\":\"m\",\"icon_width\":80,\"image\":\"wp-content\\\/uploads\\\/2025\\\/03\\\/jorivac2.jpg\",\"image_align\":\"left\",\"image_grid_breakpoint\":\"m\",\"image_grid_column_gap\":\"large\",\"image_grid_width\":\"1-3\",\"image_svg_color\":\"emphasis\",\"link_style\":\"default\",\"link_text\":\"Read more\",\"margin\":\"default\",\"meta_align\":\"below-title\",\"meta_element\":\"div\",\"meta_style\":\"text-meta\",\"title_align\":\"top\",\"title_element\":\"h3\",\"title_grid_breakpoint\":\"m\",\"title_grid_width\":\"1-2\",\"title_hover_style\":\"reset\"}},{\"type\":\"grid\",\"props\":{\"content_column_breakpoint\":\"m\",\"css\":\".el-content{\\n    \\n font-size:14px;   \\n    \\n}\\n\\n.el-item{\\n    \\n background: white !important;   \\n    \\n}\",\"filter_align\":\"left\",\"filter_all\":true,\"filter_grid_breakpoint\":\"m\",\"filter_grid_width\":\"auto\",\"filter_position\":\"top\",\"filter_style\":\"tab\",\"grid_column_gap\":\"medium\",\"grid_default\":\"1\",\"grid_medium\":\"2\",\"grid_row_gap\":\"small\",\"icon_width\":80,\"image_align\":\"top\",\"image_grid_breakpoint\":\"m\",\"image_grid_width\":\"1-2\",\"image_svg_color\":\"emphasis\",\"item_animation\":true,\"lightbox_bg_close\":true,\"link_style\":\"default\",\"link_text\":\"Read more\",\"margin\":\"default\",\"meta_align\":\"below-title\",\"meta_element\":\"div\",\"meta_style\":\"text-meta\",\"panel_padding\":\"small\",\"panel_style\":\"card-secondary\",\"show_content\":true,\"show_hover_image\":true,\"show_hover_video\":true,\"show_image\":true,\"show_link\":true,\"show_meta\":true,\"show_title\":true,\"show_video\":true,\"title_align\":\"top\",\"title_element\":\"h3\",\"title_grid_breakpoint\":\"m\",\"title_grid_width\":\"1-2\",\"title_hover_style\":\"reset\",\"title_style\":\"h3\"},\"children\":[{\"type\":\"grid_item\",\"props\":{\"content\":\"\n\n<p>Aufnehmen und Ablegen von Bauelementen wird \\u00fcber eine \\u00d6ffnung in der Pipette gesteuert.<\\\/p>\",\"image\":\"wp-content\\\/uploads\\\/2025\\\/08\\\/pipette_large.jpg\",\"meta\":\"\",\"title\":\"\"}},{\"type\":\"grid_item\",\"props\":{\"content\":\"\n\n<p>Durch den Einbau eines Filters in die Saugleitung, kann das JoriVac-II auch zum Absaugen von Partikeln z.B. von Optiken genutzt werden.<\\\/p>\",\"image\":\"wp-content\\\/uploads\\\/2025\\\/08\\\/hartglasfilter_large.jpg\",\"meta\":\"\",\"title\":\"\"}}]},{\"type\":\"grid\",\"props\":{\"content_column_breakpoint\":\"m\",\"filter_align\":\"left\",\"filter_all\":true,\"filter_grid_breakpoint\":\"m\",\"filter_grid_width\":\"auto\",\"filter_position\":\"top\",\"filter_style\":\"tab\",\"grid_column_gap\":\"medium\",\"grid_default\":\"1\",\"grid_medium\":\"2\",\"grid_row_gap\":\"medium\",\"icon_width\":80,\"image_align\":\"top\",\"image_grid_breakpoint\":\"m\",\"image_grid_width\":\"1-2\",\"image_svg_color\":\"emphasis\",\"item_animation\":true,\"lightbox_bg_close\":true,\"link_style\":\"\",\"link_text\":\"Read more\",\"margin\":\"default\",\"meta_align\":\"below-title\",\"meta_element\":\"div\",\"meta_style\":\"text-meta\",\"panel_padding\":\"small\",\"panel_style\":\"card-secondary\",\"show_content\":true,\"show_hover_image\":true,\"show_hover_video\":true,\"show_image\":true,\"show_link\":true,\"show_meta\":true,\"show_title\":true,\"show_video\":true,\"title_align\":\"top\",\"title_element\":\"h3\",\"title_grid_breakpoint\":\"m\",\"title_grid_width\":\"1-2\",\"title_hover_style\":\"reset\"},\"children\":[{\"type\":\"grid_item\",\"props\":{\"content\":\"\n\n<ul>\\n\n\n<li>Ein- und Ausschalten des Vakuums durch Bypass<\\\/li>\\n\n\n<li>Schnelles l\\u00f6sen eines Bauteils von der Pipette durch Freigabe der Bypass\\u00f6ffnung<\\\/li>\\n\n\n<li>Absaugen von Feinst\\u00e4uben durch Vorschalten eines Filters<\\\/li>\\n\n\n<li>Wartungsfrei<\\\/li>\\n\n\n<li>\\u00d6lfrei<\\\/li>\\n\n\n<li>wenig Vibrationen<\\\/li>\\n\n\n<li>Leiser Betrieb<\\\/li>\\n\n\n<li>Lange Lebensdauer<\\\/li>\\n\n\n<li>Vakuumcups in 6 verschiedenen Gr\\u00f6\\u00dfen<\\\/li>\\n<\\\/ul>\",\"title\":\"Eigenschaften\"}},{\"type\":\"grid_item\",\"props\":{\"content\":\"\n\n<table cellpadding=\\\"2\\\">\\n\n\n<tbody>\\n\n\n<tr>\\n\n\n<td>Artikelnummer- Set<\\\/td>\\n\n\n<td>124.040.100.000<\\\/td>\\n<\\\/tr>\\n\n\n<tr>\\n\n\n<td>Vakuum (max)<\\\/td>\\n\n\n<td>250mbar<\\\/td>\\n<\\\/tr>\\n\n\n<tr>\\n\n\n<td>Anschlussspannung<\\\/td>\\n\n\n<td>230V \\\/ 50Hz<\\\/td>\\n<\\\/tr>\\n\n\n<tr>\\n\n\n<td>Leistung<\\\/td>\\n\n\n<td>4,0W<\\\/td>\\n<\\\/tr>\\n\n\n<tr>\\n\n\n<td>Abmessungen BxTxH<\\\/td>\\n\n\n<td>72 x 185 x 72mm<\\\/td>\\n<\\\/tr>\\n\n\n<tr>\\n\n\n<td>Gewicht<\\\/td>\\n\n\n<td>0,85kg<\\\/td>\\n<\\\/tr>\\n<\\\/tbody>\\n<\\\/table>\\n\n\n<p>*Set besteht aus: Vakuumeinheit Vakuumfilter Vakuumschlauch Pipette Pipettenspitze<\\\/p>\",\"link\":\"wp-content\\\/uploads\\\/2025\\\/08\\\/jorivac2.pdf\",\"link_text\":\"Datenblatt PDF\",\"title\":\"Technische Daten\"}}]},{\"type\":\"panel\",\"props\":{\"content\":\"\n\n<style>\\n.table-responsive {\\n  width: 100%;\\n}\\n\\n.table-responsive .global-header {\\n  display: none; \\\/* nur mobil sichtbar *\\\/\\n  font-weight: 700;\\n  color: #000080;\\n  border-bottom: 2px solid #000080;\\n  padding-bottom: 6px;\\n  display: none;\\n  justify-content: space-between;\\n  gap: 20px;\\n}\\n\\n.table-responsive .cols {\\n  display: grid;\\n  grid-template-columns: 1fr 1fr; \\\/* Desktop: zwei Spalten *\\\/\\n  gap: 20px 40px; \\\/* Zeilen- \\\/ Spaltenabstand *\\\/\\n}\\n\\n.table-responsive .col .header {\\n  font-weight: 700;\\n  color: #000080;\\n  border-bottom: 2px solid #000080;\\n  padding-bottom: 6px;\\n  display: flex;\\n  justify-content: space-between;\\n}\\n\\n.table-responsive .row {\\n  display: flex;\\n  justify-content: space-between;\\n  border-bottom: 1px solid #ccc;\\n  padding: 6px 0;\\n}\\n\\n\\\/* Ab Tablet (<=768px): einspaltig + nur EINE Kopfzeile oben *\\\/\\n@media (max-width: 768px) {\\n  .table-responsive .cols {\\n    grid-template-columns: 1fr; \\\/* einspaltig *\\\/\\n  }\\n  .table-responsive .col .header {\\n    display: none; \\\/* Spalten-Kopfzeilen ausblenden *\\\/\\n  }\\n  .table-responsive .global-header {\\n    display: flex; \\\/* eine globale Kopfzeile oben *\\\/\\n  }\\n}\\n<\\\/style>\\n\\n\n\n<div class=\\\"table-responsive\\\">\\n  <!-- Kopfzeile nur f\\u00fcr Tablet\\\/Mobil -->\\n  <\/p>\n<div class=\\\"global-header\\\">\\n    <span>Zubeh\\u00f6r\\\/Ersatzteile<\\\/span>\\n    <span>Artikelnummer<\\\/span>\\n  <\\\/div>\\n\\n  <\/p>\n<div class=\\\"cols\\\">\\n    <!-- Linke Desktop-Spalte -->\\n    <\/p>\n<div class=\\\"col\\\">\\n      <\/p>\n<div class=\\\"header\\\">\\n        <span>Zubeh\\u00f6r\\\/Ersatzteile<\\\/span>\\n        <span>Artikelnummer<\\\/span>\\n      <\\\/div>\\n\\n      <\/p>\n<div class=\\\"row\\\"><span>Vakuumeinheit<\\\/span><span>124.040.101.000<\\\/span><\\\/div>\\n      <\/p>\n<div class=\\\"row\\\"><span>Vakuumschlauch 2m<\\\/span><span>108.020.202.006<\\\/span><\\\/div>\\n      <\/p>\n<div class=\\\"row\\\"><span>Vakuumfilter<\\\/span><span>101.150.000.020<\\\/span><\\\/div>\\n      <\/p>\n<div class=\\\"row\\\"><span>Partikelfilter<\\\/span><span>108.020.202.001<\\\/span><\\\/div>\\n      <\/p>\n<div class=\\\"row\\\"><span>Pipette<\\\/span><span>118.700.000.010<\\\/span><\\\/div>\\n      <\/p>\n<div class=\\\"row\\\"><span>Pipettenspitze<\\\/span><span>118.700.000.020<\\\/span><\\\/div>\\n    <\\\/div>\\n\\n    <!-- Rechte Desktop-Spalte -->\\n    <\/p>\n<div class=\\\"col\\\">\\n      <\/p>\n<div class=\\\"header\\\">\\n        <span>Zubeh\\u00f6r\\\/Ersatzteile<\\\/span>\\n        <span>Artikelnummer<\\\/span>\\n      <\\\/div>\\n\\n      <\/p>\n<div class=\\\"row\\\"><span>Vakuum-Cup \\u00d8 3,2mm<\\\/span><span>111.030.001.001<\\\/span><\\\/div>\\n      <\/p>\n<div class=\\\"row\\\"><span>Vakuum-Cup \\u00d8 4,8mm<\\\/span><span>111.030.001.002<\\\/span><\\\/div>\\n      <\/p>\n<div class=\\\"row\\\"><span>Vakuum-Cup \\u00d8 6,4mm<\\\/span><span>111.030.001.003<\\\/span><\\\/div>\\n      <\/p>\n<div class=\\\"row\\\"><span>Vakuum-Cup \\u00d8 8,0mm<\\\/span><span>111.030.001.006<\\\/span><\\\/div>\\n      <\/p>\n<div class=\\\"row\\\"><span>Vakuum-Cup \\u00d8 9,5mm<\\\/span><span>111.030.001.004<\\\/span><\\\/div>\\n      <\/p>\n<div class=\\\"row\\\"><span>Vakuum-Cup \\u00d8 12,8mm<\\\/span><span>111.030.001.005<\\\/span><\\\/div>\\n    <\\\/div>\\n  <\\\/div>\\n<\\\/div>\\n\",\"content_column_breakpoint\":\"m\",\"icon_width\":80,\"image_align\":\"top\",\"image_grid_breakpoint\":\"m\",\"image_grid_width\":\"1-2\",\"image_svg_color\":\"emphasis\",\"link_style\":\"default\",\"link_text\":\"Read more\",\"margin\":\"default\",\"meta_align\":\"below-title\",\"meta_element\":\"div\",\"meta_style\":\"text-meta\",\"title_align\":\"top\",\"title_element\":\"h3\",\"title_grid_breakpoint\":\"m\",\"title_grid_width\":\"1-2\",\"title_hover_style\":\"reset\"}}]}]}]}]},{\"type\":\"column\",\"props\":{\"image_position\":\"center-center\",\"position_sticky\":\"section\",\"position_sticky_breakpoint\":\"m\",\"position_sticky_offset\":\"50\",\"width_medium\":\"1-4\"},\"children\":[{\"type\":\"headline\",\"props\":{\"content\":\"Produktpalette\",\"title_element\":\"h2\"}},{\"type\":\"grid\",\"props\":{\"class\":\"uk-card-default uk-card-body\",\"content_column_breakpoint\":\"m\",\"css\":\".el-title{\\n    font-size:17px;\\n}\\n\\n.el-element{\\n    background:#f5f4f4;\\n    border:10px solid white;\\n    border-radius:5px;\\n    padding:30px 30px;\\n}\",\"filter_align\":\"left\",\"filter_all\":true,\"filter_grid_breakpoint\":\"m\",\"filter_grid_width\":\"auto\",\"filter_position\":\"top\",\"filter_style\":\"tab\",\"grid_column_gap\":\"small\",\"grid_default\":\"1\",\"grid_divider\":true,\"grid_medium\":\"1\",\"grid_row_gap\":\"small\",\"icon_width\":80,\"image_align\":\"top\",\"image_grid_breakpoint\":\"m\",\"image_grid_width\":\"1-2\",\"image_svg_color\":\"emphasis\",\"item_animation\":true,\"lightbox_bg_close\":true,\"link_style\":\"default\",\"link_text\":\"\",\"margin\":\"default\",\"meta_align\":\"below-title\",\"meta_element\":\"div\",\"meta_style\":\"text-meta\",\"panel_link\":true,\"show_content\":true,\"show_hover_image\":true,\"show_hover_video\":true,\"show_image\":true,\"show_link\":true,\"show_meta\":true,\"show_title\":true,\"show_video\":true,\"title_align\":\"top\",\"title_element\":\"h3\",\"title_grid_breakpoint\":\"m\",\"title_grid_width\":\"1-2\",\"title_hover_style\":\"reset\",\"title_style\":\"h4\"},\"children\":[{\"type\":\"grid_item\",\"props\":{\"title\":\"Hier kommen noch Artikel der Produktpalette rein.\"}}],\"name\":\"subnav-right inklusive dynamischer filter\"},{\"type\":\"panel\",\"props\":{\"content\":\"<\/p>\n<p>Kontaktieren Sie uns gerne. Wir sind durchgehend f\\u00fcr Sie erreichbar.<\\\/p>\",\"content_column_breakpoint\":\"m\",\"css\":\".el-element {\\n  outline: 1px solid white;\\n    outline-offset: -5px;\\n\\n}\\n\\n.el-content{\\n    font-size:16px;\\n color: white;   \\n    \\n    \\n}\",\"icon_width\":80,\"image_align\":\"top\",\"image_grid_breakpoint\":\"m\",\"image_grid_width\":\"1-2\",\"image_svg_color\":\"emphasis\",\"link\":\"tel:+490569162870\",\"link_fullwidth\":true,\"link_size\":\"small\",\"link_style\":\"primary\",\"link_text\":\"+49(0) 5691-6287-0\",\"margin\":\"default\",\"meta_align\":\"below-title\",\"meta_element\":\"div\",\"meta_style\":\"text-meta\",\"panel_padding\":\"small\",\"panel_style\":\"card-primary\",\"text_align\":\"center\",\"title\":\"Sie haben Fragen?\",\"title_align\":\"top\",\"title_element\":\"h3\",\"title_grid_breakpoint\":\"m\",\"title_grid_width\":\"1-2\",\"title_hover_style\":\"reset\",\"title_style\":\"h3\"},\"name\":\"cta-subnav-right\"}]}]}]}],\"version\":\"4.5.11\"} --><\/p>\n","protected":false},"excerpt":{"rendered":"<p>Vakuumgeneratoren Vakuumgenerator JoriVac-II 250 mbar Elektrischer Vakuumerzeuger zum Betrieb einer Vakuumpipette zum Positionieren und Sortieren von SMD Bauteilen oder zum Absaugen von Feinst\u00e4uben z.B. in der optischen Industrie. Aufnehmen und Ablegen von Bauelementen wird \u00fcber eine \u00d6ffnung in der Pipette gesteuert. Durch den Einbau eines Filters in die Saugleitung, kann das JoriVac-II auch zum Absaugen [&hellip;]<\/p>\n","protected":false},"author":1,"featured_media":0,"parent":0,"menu_order":0,"comment_status":"closed","ping_status":"closed","template":"","meta":{"_acf_changed":false,"footnotes":""},"class_list":["post-2791","page","type-page","status-publish","hentry"],"acf":[],"_links":{"self":[{"href":"https:\/\/joerns-gmbh.com\/en\/wp-json\/wp\/v2\/pages\/2791","targetHints":{"allow":["GET"]}}],"collection":[{"href":"https:\/\/joerns-gmbh.com\/en\/wp-json\/wp\/v2\/pages"}],"about":[{"href":"https:\/\/joerns-gmbh.com\/en\/wp-json\/wp\/v2\/types\/page"}],"author":[{"embeddable":true,"href":"https:\/\/joerns-gmbh.com\/en\/wp-json\/wp\/v2\/users\/1"}],"replies":[{"embeddable":true,"href":"https:\/\/joerns-gmbh.com\/en\/wp-json\/wp\/v2\/comments?post=2791"}],"version-history":[{"count":26,"href":"https:\/\/joerns-gmbh.com\/en\/wp-json\/wp\/v2\/pages\/2791\/revisions"}],"predecessor-version":[{"id":3068,"href":"https:\/\/joerns-gmbh.com\/en\/wp-json\/wp\/v2\/pages\/2791\/revisions\/3068"}],"wp:attachment":[{"href":"https:\/\/joerns-gmbh.com\/en\/wp-json\/wp\/v2\/media?parent=2791"}],"curies":[{"name":"wp","href":"https:\/\/api.w.org\/{rel}","templated":true}]}}