{"id":2713,"date":"2025-07-14T10:49:11","date_gmt":"2025-07-14T08:49:11","guid":{"rendered":"https:\/\/joerns-gmbh.com\/?page_id=2713"},"modified":"2026-02-05T15:20:08","modified_gmt":"2026-02-05T14:20:08","slug":"patentierte-inlinefilter","status":"publish","type":"page","link":"https:\/\/joerns-gmbh.com\/en\/absaugsysteme-2\/patentierte-inlinefilter\/","title":{"rendered":"Patented inline filter"},"content":{"rendered":"<h1>Rauch- Gas- und Staub- Absaugsysteme<\/h1>\n<h2>Patentierte Inlinefilter<\/h2>\n<h3>Inlinefilterschr\u00e4nke &#8211; Patent Nr.: 10 2006 048 137<\/h3>\n<div>\n<p>        <img decoding=\"async\" src=\"\/wp-content\/uploads\/2025\/07\/if500.jpg\" alt=\"\"><\/p>\n<h3>Patentierter Vorfilterschrank IF500 \/ IF2000<\/h3>\n<div>\n<p>Patentierter Inlinefilter zur Aufnahme grober Partikel in Labyrinth- Balgensackfiltern, aus Prozessen bei denen gro\u00dfe Mengen an St\u00e4uben entstehen.<\/p>\n<p>Filterklassen:<\/p>\n<ul>\n<li>F6 &#8211; 60 bis 80% Partikelgr\u00f6\u00dfe 1 &#8211; 3\u00b5m<\/li>\n<li>F8\/F9 &#8211; 90 bis 95% Partikelgr\u00f6\u00dfe 1 &#8211; 3\u00b5m <br \/>und &gt;95% Partikelgr\u00f6\u00dfe 0.5 &#8211; 1\u00b5m<\/li>\n<\/ul>\n<\/div>\n<\/div>\n<ul>\n<li>\n<h3>Eigenschaften<\/h3>\n<div>\n<ul>\n<li><b>Erhebliche Erh\u00f6hung der Sackfilterstandzeit<\/b>durch Spreizung der Balgen des Labyrinthfilters<\/li>\n<li>Optimale Nutzung der Filteroberfl\u00e4che<\/li>\n<li>Labyrinth- Balgensackfilter zur Aufnahme gro\u00dfer Partikel<\/li>\n<li>Schneller und einfacher Filterwechsel<\/li>\n<li>Nachtr\u00e4glicher Einbau in vorhandene Absauganlagen<\/li>\n<li>Anschluss f\u00fcr Abluft wahlweise seitlich oder unten, links oder rechts<\/li>\n<li>Anschluss f\u00fcr Zuluft wahlweise seitlich oder unten, rechts oder links<\/li>\n<li>Geh\u00e4use aus Edelstahl<\/li>\n<li>Geringer Wartungsaufwand<\/li>\n<li>ESD gesch\u00fctzt<\/li>\n<\/ul>\n<\/div>\n<\/li>\n<li>\n<h3>Technische Daten IF500<\/h3>\n<div>\n<table cellpadding=\"2\" cellspacing=\"10\">\n<tbody>\n<tr>\n<td class=\"b-blue\"><\/td>\n<\/tr>\n<tr>\n<td class=\"bold\">Inlinefilterschrank<\/td>\n<td class=\"bold\">IF500<\/td>\n<\/tr>\n<tr>\n<td>Artikelnummer<\/td>\n<td>124.022.010.000<\/td>\n<\/tr>\n<tr>\n<td>Durchsatz (max.)<\/td>\n<td>500m\u00b3\/h<\/td>\n<\/tr>\n<tr>\n<td>Abmessungen BxTxH<\/td>\n<td>470x470x1420mm<\/td>\n<\/tr>\n<tr>\n<td>Gewicht (inkl. Filter)<\/td>\n<td>45kg<\/td>\n<\/tr>\n<tr>\n<td>Sauganschluss<\/td>\n<td>\u00d8 80mm<\/td>\n<\/tr>\n<tr>\n<td>Maschinenanschluss<\/td>\n<td>\u00d8 80mm<\/td>\n<\/tr>\n<tr>\n<td colspan=\"3\">Bei den Abmessungen ist der jeweilige<br \/>Anschlussstutzen zu ber\u00fccksichtigen<\/td>\n<\/tr>\n<\/tbody>\n<\/table>\n<\/div>\n<p><a href=\"\/wp-content\/uploads\/2025\/07\/inlinefilter_if500.pdf\">Datenblatt IF500<\/a><\/p>\n<\/li>\n<li>\n<h3>Technische Daten IF2000<\/h3>\n<div>\n<table cellpadding=\"2\" cellspacing=\"10\">\n<tbody>\n<tr>\n<td class=\"bold\">Inlinefilterschrank<\/td>\n<td class=\"bold\">IF2000<\/td>\n<\/tr>\n<tr>\n<td>Artikelnummer<\/td>\n<td>124.022.030.000<\/td>\n<\/tr>\n<tr>\n<td>Durchsatz (max.)<\/td>\n<td>2000m\u00b3\/h<\/td>\n<\/tr>\n<tr>\n<td>Abmessungen BxTxH<\/td>\n<td>625x525x1600mm<\/td>\n<\/tr>\n<tr>\n<td>Gewicht (inkl. Filter)<\/td>\n<td>55kg<\/td>\n<\/tr>\n<tr>\n<td>Sauganschluss<\/td>\n<td>\u00d8 150mm<\/td>\n<\/tr>\n<tr>\n<td>Maschinenanschluss<\/td>\n<td>\u00d8 150mm<\/td>\n<\/tr>\n<tr>\n<td colspan=\"3\">Bei den Abmessungen ist der jeweilige<br \/>Anschlussstutzen zu ber\u00fccksichtigen<\/td>\n<\/tr>\n<\/tbody>\n<\/table>\n<\/div>\n<p><a href=\"\/wp-content\/uploads\/2025\/07\/inlinefilter_if500.pdf\">Datenblatt IF2000<\/a><\/p>\n<\/li>\n<\/ul>\n<hr>\n<div>\n<p>        <img decoding=\"async\" src=\"\/wp-content\/uploads\/2025\/07\/if500s.jpg\" alt=\"\"><\/p>\n<h3>Patentierter Vorfilterschrank IF500S<\/h3>\n<div>\n<p>Patentierter Inlinefilter zur Aufnahme grober Partikel in Labyrinth- Balgensackfiltern, aus Prozessen bei denen gro\u00dfe Mengen an St\u00e4uben entstehen.<\/p>\n<p>Filterklassen:<\/p>\n<ul>\n<li>F6 &#8211; 60 bis 80% Partikelgr\u00f6\u00dfe 1 &#8211; 3\u00b5m<\/li>\n<li>F8\/F9 &#8211; 90 bis 95% Partikelgr\u00f6\u00dfe 1 &#8211; 3\u00b5m<br \/>und &gt;95% Partikelgr\u00f6\u00dfe 0.5 &#8211; 1\u00b5m<\/li>\n<\/ul>\n<\/div>\n<\/div>\n<ul>\n<li>\n<h3>Eigenschaften<\/h3>\n<div>\n<ul>\n<li><b>Erhebliche Erh\u00f6hung der Sackfilterstandzeit<\/b> durch Spreizung der Balgen des Labyrinthfilters<\/li>\n<li>Optimale Nutzung der Filteroberfl\u00e4che<\/li>\n<li>Labyrinth- Balgensackfilter zur Aufnahme gro\u00dfer Partikel<\/li>\n<li>Schneller und einfacher Filterwechsel<\/li>\n<li>Nachtr\u00e4glicher Einbau in vorhandene Absauganlagen<\/li>\n<li>Anschluss f\u00fcr Abluft unten, wahlweise seitlich oder hinten<\/li>\n<li>Anschluss f\u00fcr Zuluft oben, an drehbarem Saugrohrbogen<\/li>\n<li>Geh\u00e4use aus Edelstahl auf Fahrrollen<\/li>\n<li>Geringer Wartungsaufwand<\/li>\n<li>ESD gesch\u00fctzt<\/li>\n<\/ul>\n<\/div>\n<\/li>\n<li>\n<h3>Technische Daten IF500S (links)<\/h3>\n<div>\n<table cellpadding=\"2\" cellspacing=\"10\">\n<tbody>\n<tr>\n<td class=\"bold\">Inlinefilterschrank<\/td>\n<td class=\"bold\">IF500S (links)<\/td>\n<\/tr>\n<tr>\n<td>Artikelnummer<\/td>\n<td>124.022.021.000<\/td>\n<\/tr>\n<tr>\n<td>Durchsatz (max.)<\/td>\n<td>500m\u00b3\/h<\/td>\n<\/tr>\n<tr>\n<td>Abmessungen BxTxH<\/td>\n<td>1148x435x450mm<\/td>\n<\/tr>\n<tr>\n<td>Gewicht (inkl. Filter)<\/td>\n<td>45kg<\/td>\n<\/tr>\n<tr>\n<td>Sauganschluss<\/td>\n<td>\u00d8 50mm<\/td>\n<\/tr>\n<tr>\n<td>Maschinenanschluss<\/td>\n<td>\u00d8 80mm<\/td>\n<\/tr>\n<tr>\n<td colspan=\"3\">Bei den Abmessungen ist der jeweilige Anschlussstutzen zu Ber\u00fccksichtigen<\/td>\n<\/tr>\n<\/tbody>\n<\/table>\n<\/div>\n<p><a href=\"\/wp-content\/uploads\/2025\/07\/inlinefilter_if500s.pdf\">Datenblatt IF500<\/a><\/p>\n<\/li>\n<li>\n<h3>Technische Daten IF500S (rechts)<\/h3>\n<div>\n<table cellpadding=\"2\" cellspacing=\"10\">\n<tbody>\n<tr>\n<td class=\"bold\">Inlinefilterschrank<\/td>\n<td class=\"bold\">IF500S (links)<\/td>\n<\/tr>\n<tr>\n<td>Artikelnummer<\/td>\n<td>124.022.021.000<\/td>\n<\/tr>\n<tr>\n<td>Durchsatz (max.)<\/td>\n<td>500m\u00b3\/h<\/td>\n<\/tr>\n<tr>\n<td>Abmessungen BxTxH<\/td>\n<td>1148x435x450mm<\/td>\n<\/tr>\n<tr>\n<td>Gewicht (inkl. Filter)<\/td>\n<td>45kg<\/td>\n<\/tr>\n<tr>\n<td>Sauganschluss<\/td>\n<td>\u00d8 50mm<\/td>\n<\/tr>\n<tr>\n<td>Maschinenanschluss<\/td>\n<td>\u00d8 80mm<\/td>\n<\/tr>\n<tr>\n<td colspan=\"3\">Bei den Abmessungen ist der jeweilige Anschlussstutzen zu Ber\u00fccksichtigen<\/td>\n<\/tr>\n<\/tbody>\n<\/table>\n<\/div>\n<p><a href=\"\/wp-content\/uploads\/2025\/07\/inlinefilter_if500s.pdf\">Datenblatt IF500<\/a><\/p>\n<\/li>\n<\/ul>\n<div>\n<\/div>\n<div>\n<h3>Sie haben Fragen?<\/h3>\n<div>\n<p>Kontaktieren Sie uns gerne. Wir sind durchgehend f\u00fcr Sie erreichbar.<\/p>\n<\/div>\n<p><a href=\"tel:+490569162870\">+49(0) 5691-6287-0<\/a><\/p>\n<\/div>\n<p><!--more--><br \/>\n<!-- {\"type\":\"layout\",\"children\":[{\"type\":\"section\",\"props\":{\"image\":\"wp-content\\\/uploads\\\/2025\\\/04\\\/briloner_web.jpg\",\"image_position\":\"center-center\",\"image_size\":\"cover\",\"media_overlay\":\"rgba(0, 0, 128, 0.82)\",\"style\":\"primary\",\"title_breakpoint\":\"xl\",\"title_position\":\"top-left\",\"title_rotation\":\"left\",\"vertical_align\":\"middle\",\"width\":\"large\"},\"children\":[{\"type\":\"row\",\"children\":[{\"type\":\"column\",\"props\":{\"image_position\":\"center-center\",\"position_sticky_breakpoint\":\"m\"},\"children\":[{\"type\":\"headline\",\"props\":{\"content\":\"Rauch- Gas- und Staub- Absaugsysteme\",\"css\":\"\\\/* Hide element if the viewport width is 600px or less *\\\/\\n@media screen and (max-width: 600px) {\\n  .el-element {\\n    font-size: 20px;\\n  }\\n}\",\"title_element\":\"h1\"}},{\"type\":\"breadcrumbs\",\"props\":{\"show_current\":true,\"show_home\":true}}]}]}]},{\"type\":\"section\",\"props\":{\"image_position\":\"center-center\",\"style\":\"muted\",\"title_breakpoint\":\"xl\",\"title_position\":\"top-left\",\"title_rotation\":\"left\",\"vertical_align\":\"middle\",\"width\":\"large\"},\"children\":[{\"type\":\"row\",\"props\":{\"column_gap\":\"medium\",\"layout\":\"3-4,1-4\"},\"children\":[{\"type\":\"column\",\"props\":{\"image_position\":\"center-center\",\"position_sticky_breakpoint\":\"m\",\"style\":\"card-default\",\"width_medium\":\"3-4\"},\"children\":[{\"type\":\"headline\",\"props\":{\"content\":\"Patentierte Inlinefilter\",\"title_element\":\"h2\"}},{\"type\":\"headline\",\"props\":{\"content\":\"Inlinefilterschr\\u00e4nke - Patent Nr.: 10 2006 048 137\",\"title_element\":\"h3\"}},{\"type\":\"panel\",\"props\":{\"content\":\"\n\n<p>Patentierter Inlinefilter zur Aufnahme grober Partikel in Labyrinth- Balgensackfiltern, aus Prozessen bei denen gro\\u00dfe Mengen an St\\u00e4uben entstehen.<\\\/p>\\n\n\n<p>Filterklassen:<\\\/p>\\n\n\n<ul>\\n\n\n<li>F6 - 60 bis 80% Partikelgr\\u00f6\\u00dfe 1 - 3\\u00b5m<\\\/li>\\n\n\n<li>F8\\\/F9 - 90 bis 95% Partikelgr\\u00f6\\u00dfe 1 - 3\\u00b5m <br \\\/>und &gt;95% Partikelgr\\u00f6\\u00dfe 0.5 - 1\\u00b5m<\\\/li>\\n<\\\/ul>\",\"content_column_breakpoint\":\"m\",\"icon_width\":80,\"image\":\"wp-content\\\/uploads\\\/2025\\\/07\\\/if500.jpg\",\"image_align\":\"right\",\"image_grid_breakpoint\":\"m\",\"image_grid_width\":\"2-5\",\"image_svg_color\":\"emphasis\",\"link_style\":\"default\",\"link_text\":\"Read more\",\"margin\":\"medium\",\"meta_align\":\"below-title\",\"meta_element\":\"div\",\"meta_style\":\"text-meta\",\"panel_padding\":\"small\",\"title\":\"Patentierter Vorfilterschrank IF500 \\\/ IF2000\",\"title_align\":\"top\",\"title_element\":\"h3\",\"title_grid_breakpoint\":\"m\",\"title_grid_width\":\"1-2\",\"title_hover_style\":\"reset\",\"title_style\":\"h3\"}},{\"type\":\"fragment\",\"props\":{\"margin\":\"default\"},\"children\":[{\"type\":\"row\",\"children\":[{\"type\":\"column\",\"props\":{\"image_position\":\"center-center\",\"position_sticky_breakpoint\":\"m\"},\"children\":[{\"type\":\"grid\",\"props\":{\"content_column_breakpoint\":\"m\",\"filter\":true,\"filter_align\":\"left\",\"filter_all\":false,\"filter_grid_breakpoint\":\"m\",\"filter_grid_width\":\"auto\",\"filter_position\":\"top\",\"filter_style\":\"subnav-pill\",\"grid_column_gap\":\"medium\",\"grid_default\":\"1\",\"grid_medium\":\"2\",\"grid_row_gap\":\"small\",\"icon_width\":80,\"image_align\":\"top\",\"image_grid_breakpoint\":\"m\",\"image_grid_width\":\"1-2\",\"image_svg_color\":\"emphasis\",\"item_animation\":true,\"lightbox_bg_close\":true,\"link_style\":\"default\",\"link_target\":true,\"link_text\":\"Read more\",\"margin\":\"default\",\"meta_align\":\"below-title\",\"meta_element\":\"div\",\"meta_style\":\"text-meta\",\"panel_padding\":\"small\",\"panel_style\":\"card-secondary\",\"show_content\":true,\"show_hover_image\":true,\"show_hover_video\":true,\"show_image\":true,\"show_link\":true,\"show_meta\":true,\"show_title\":true,\"show_video\":true,\"title_align\":\"top\",\"title_element\":\"h3\",\"title_grid_breakpoint\":\"m\",\"title_grid_width\":\"1-2\",\"title_hover_style\":\"reset\",\"title_style\":\"h3\"},\"children\":[{\"type\":\"grid_item\",\"props\":{\"content\":\"\n\n<ul>\\n\n\n<li><b>Erhebliche Erh\\u00f6hung der Sackfilterstandzeit<\\\/b>durch Spreizung der Balgen des Labyrinthfilters<\\\/li>\\n\n\n<li>Optimale Nutzung der Filteroberfl\\u00e4che<\\\/li>\\n\n\n<li>Labyrinth- Balgensackfilter zur Aufnahme gro\\u00dfer Partikel<\\\/li>\\n\n\n<li>Schneller und einfacher Filterwechsel<\\\/li>\\n\n\n<li>Nachtr\\u00e4glicher Einbau in vorhandene Absauganlagen<\\\/li>\\n\n\n<li>Anschluss f\\u00fcr Abluft wahlweise seitlich oder unten, links oder rechts<\\\/li>\\n\n\n<li>Anschluss f\\u00fcr Zuluft wahlweise seitlich oder unten, rechts oder links<\\\/li>\\n\n\n<li>Geh\\u00e4use aus Edelstahl<\\\/li>\\n\n\n<li>Geringer Wartungsaufwand<\\\/li>\\n\n\n<li>ESD gesch\\u00fctzt<\\\/li>\\n<\\\/ul>\",\"panel_style\":\"card-secondary\",\"tags\":\"IF500, IF2000\",\"title\":\"Eigenschaften\"}},{\"type\":\"grid_item\",\"props\":{\"content\":\"\n\n<table cellpadding=\\\"2\\\" cellspacing=\\\"10\\\">\\n\n\n<tbody>\\n\n\n<tr>\\n\n\n<td class=\\\"b-blue\\\"><\\\/td>\\n<\\\/tr>\\n\n\n<tr>\\n\n\n<td class=\\\"bold\\\">Inlinefilterschrank<\\\/td>\\n\n\n<td class=\\\"bold\\\">IF500<\\\/td>\\n\\n<\\\/tr>\\n\n\n<tr>\\n\n\n<td>Artikelnummer<\\\/td>\\n\n\n<td>124.022.010.000<\\\/td>\\n\\n<\\\/tr>\\n\n\n<tr>\\n\n\n<td>Durchsatz (max.)<\\\/td>\\n\n\n<td>500m\\u00b3\\\/h<\\\/td>\\n\\n<\\\/tr>\\n\n\n<tr>\\n\n\n<td>Abmessungen BxTxH<\\\/td>\\n\n\n<td>470x470x1420mm<\\\/td>\\n\\n<\\\/tr>\\n\n\n<tr>\\n\n\n<td>Gewicht (inkl. Filter)<\\\/td>\\n\n\n<td>45kg<\\\/td>\\n\\n<\\\/tr>\\n\n\n<tr>\\n\n\n<td>Sauganschluss<\\\/td>\\n\n\n<td>\\u00d8 80mm<\\\/td>\\n\\n<\\\/tr>\\n\n\n<tr>\\n\n\n<td>Maschinenanschluss<\\\/td>\\n\n\n<td>\\u00d8 80mm<\\\/td>\\n\\n<\\\/tr>\\n\n\n<tr>\\n\n\n<td colspan=\\\"3\\\">Bei den Abmessungen ist der jeweilige<br \\\/>Anschlussstutzen zu ber\\u00fccksichtigen<\\\/td>\\n<\\\/tr>\\n<\\\/tbody>\\n<\\\/table>\",\"link\":\"wp-content\\\/uploads\\\/2025\\\/07\\\/inlinefilter_if500.pdf\",\"link_text\":\"Datenblatt IF500\",\"tags\":\"IF500\",\"title\":\"Technische Daten IF500\"}},{\"type\":\"grid_item\",\"props\":{\"content\":\"\n\n<table cellpadding=\\\"2\\\" cellspacing=\\\"10\\\">\\n\n\n<tbody>\\n\n\n<tr>\\n\n\n<td class=\\\"bold\\\">Inlinefilterschrank<\\\/td>\\n\n\n<td class=\\\"bold\\\">IF2000<\\\/td>\\n<\\\/tr>\\n\n\n<tr>\\n\n\n<td>Artikelnummer<\\\/td>\\n\n\n<td>124.022.030.000<\\\/td>\\n<\\\/tr>\\n\n\n<tr>\\n\n\n<td>Durchsatz (max.)<\\\/td>\\n\n\n<td>2000m\\u00b3\\\/h<\\\/td>\\n<\\\/tr>\\n\n\n<tr>\\n\n\n<td>Abmessungen BxTxH<\\\/td>\\n\n\n<td>625x525x1600mm<\\\/td>\\n<\\\/tr>\\n\n\n<tr>\\n\n\n<td>Gewicht (inkl. Filter)<\\\/td>\\n\n\n<td>55kg<\\\/td>\\n<\\\/tr>\\n\n\n<tr>\\n\n\n<td>Sauganschluss<\\\/td>\\n\n\n<td>\\u00d8 150mm<\\\/td>\\n<\\\/tr>\\n\n\n<tr>\\n\n\n<td>Maschinenanschluss<\\\/td>\\n\n\n<td>\\u00d8 150mm<\\\/td>\\n<\\\/tr>\\n\n\n<tr>\\n\n\n<td colspan=\\\"3\\\">Bei den Abmessungen ist der jeweilige<br \\\/>Anschlussstutzen zu ber\\u00fccksichtigen<\\\/td>\\n<\\\/tr>\\n<\\\/tbody>\\n<\\\/table>\",\"link\":\"wp-content\\\/uploads\\\/2025\\\/07\\\/inlinefilter_if500.pdf\",\"link_text\":\"Datenblatt IF2000\",\"tags\":\"IF2000\",\"title\":\"Technische Daten IF2000\"}}]}]}]}]},{\"type\":\"divider\",\"props\":{\"divider_element\":\"hr\"}},{\"type\":\"panel\",\"props\":{\"content\":\"\n\n<p>Patentierter Inlinefilter zur Aufnahme grober Partikel in Labyrinth- Balgensackfiltern, aus Prozessen bei denen gro\\u00dfe Mengen an St\\u00e4uben entstehen.<\\\/p>\\n\n\n<p>Filterklassen:<\\\/p>\\n\n\n<ul>\\n\n\n<li>F6 - 60 bis 80% Partikelgr\\u00f6\\u00dfe 1 - 3\\u00b5m<\\\/li>\\n\n\n<li>F8\\\/F9 - 90 bis 95% Partikelgr\\u00f6\\u00dfe 1 - 3\\u00b5m<br \\\/>und &gt;95% Partikelgr\\u00f6\\u00dfe 0.5 - 1\\u00b5m<\\\/li>\\n<\\\/ul>\",\"content_column_breakpoint\":\"m\",\"icon_width\":80,\"image\":\"wp-content\\\/uploads\\\/2025\\\/07\\\/if500s.jpg\",\"image_align\":\"right\",\"image_grid_breakpoint\":\"m\",\"image_grid_width\":\"2-5\",\"image_svg_color\":\"emphasis\",\"image_vertical_align\":true,\"link_style\":\"default\",\"link_text\":\"Read more\",\"margin\":\"medium\",\"meta_align\":\"below-title\",\"meta_element\":\"div\",\"meta_style\":\"text-meta\",\"panel_padding\":\"small\",\"title\":\"Patentierter Vorfilterschrank IF500S\",\"title_align\":\"top\",\"title_element\":\"h3\",\"title_grid_breakpoint\":\"m\",\"title_grid_width\":\"1-2\",\"title_hover_style\":\"reset\",\"title_style\":\"h3\"}},{\"type\":\"fragment\",\"props\":{\"margin\":\"default\"},\"children\":[{\"type\":\"row\",\"children\":[{\"type\":\"column\",\"props\":{\"image_position\":\"center-center\",\"position_sticky_breakpoint\":\"m\"},\"children\":[{\"type\":\"grid\",\"props\":{\"content_column_breakpoint\":\"m\",\"filter\":true,\"filter_align\":\"left\",\"filter_all\":false,\"filter_grid_breakpoint\":\"m\",\"filter_grid_width\":\"auto\",\"filter_position\":\"top\",\"filter_style\":\"subnav-pill\",\"grid_column_gap\":\"medium\",\"grid_default\":\"1\",\"grid_medium\":\"2\",\"grid_row_gap\":\"small\",\"icon_width\":80,\"image_align\":\"top\",\"image_grid_breakpoint\":\"m\",\"image_grid_width\":\"1-2\",\"image_svg_color\":\"emphasis\",\"item_animation\":true,\"lightbox_bg_close\":true,\"link_style\":\"default\",\"link_target\":true,\"link_text\":\"Read more\",\"margin\":\"default\",\"meta_align\":\"below-title\",\"meta_element\":\"div\",\"meta_style\":\"text-meta\",\"panel_padding\":\"small\",\"panel_style\":\"card-secondary\",\"show_content\":true,\"show_hover_image\":true,\"show_hover_video\":true,\"show_image\":true,\"show_link\":true,\"show_meta\":true,\"show_title\":true,\"show_video\":true,\"title_align\":\"top\",\"title_element\":\"h3\",\"title_grid_breakpoint\":\"m\",\"title_grid_width\":\"1-2\",\"title_hover_style\":\"reset\",\"title_style\":\"h3\"},\"children\":[{\"type\":\"grid_item\",\"props\":{\"content\":\"\n\n<ul>\\n\n\n<li><b>Erhebliche Erh\\u00f6hung der Sackfilterstandzeit<\\\/b> durch Spreizung der Balgen des Labyrinthfilters<\\\/li>\\n\n\n<li>Optimale Nutzung der Filteroberfl\\u00e4che<\\\/li>\\n\n\n<li>Labyrinth- Balgensackfilter zur Aufnahme gro\\u00dfer Partikel<\\\/li>\\n\n\n<li>Schneller und einfacher Filterwechsel<\\\/li>\\n\n\n<li>Nachtr\\u00e4glicher Einbau in vorhandene Absauganlagen<\\\/li>\\n\n\n<li>Anschluss f\\u00fcr Abluft unten, wahlweise seitlich oder hinten<\\\/li>\\n\n\n<li>Anschluss f\\u00fcr Zuluft oben, an drehbarem Saugrohrbogen<\\\/li>\\n\n\n<li>Geh\\u00e4use aus Edelstahl auf Fahrrollen<\\\/li>\\n\n\n<li>Geringer Wartungsaufwand<\\\/li>\\n\n\n<li>ESD gesch\\u00fctzt<\\\/li>\\n<\\\/ul>\",\"panel_style\":\"card-secondary\",\"tags\":\"IF500S (links), IF500S (rechts)\",\"title\":\"Eigenschaften\"}},{\"type\":\"grid_item\",\"props\":{\"content\":\"\n\n<table cellpadding=\\\"2\\\" cellspacing=\\\"10\\\">\\n\n\n<tbody>\\n\n\n<tr>\\n\n\n<td class=\\\"bold\\\">Inlinefilterschrank<\\\/td>\\n\n\n<td class=\\\"bold\\\">IF500S (links)<\\\/td>\\n<\\\/tr>\\n\n\n<tr>\\n\n\n<td>Artikelnummer<\\\/td>\\n\n\n<td>124.022.021.000<\\\/td>\\n<\\\/tr>\\n\n\n<tr>\\n\n\n<td>Durchsatz (max.)<\\\/td>\\n\n\n<td>500m\\u00b3\\\/h<\\\/td>\\n<\\\/tr>\\n\n\n<tr>\\n\n\n<td>Abmessungen BxTxH<\\\/td>\\n\n\n<td>1148x435x450mm<\\\/td>\\n<\\\/tr>\\n\n\n<tr>\\n\n\n<td>Gewicht (inkl. Filter)<\\\/td>\\n\n\n<td>45kg<\\\/td>\\n<\\\/tr>\\n\n\n<tr>\\n\n\n<td>Sauganschluss<\\\/td>\\n\n\n<td>\\u00d8 50mm<\\\/td>\\n<\\\/tr>\\n\n\n<tr>\\n\n\n<td>Maschinenanschluss<\\\/td>\\n\n\n<td>\\u00d8 80mm<\\\/td>\\n<\\\/tr>\\n\n\n<tr>\\n\n\n<td colspan=\\\"3\\\">Bei den Abmessungen ist der jeweilige Anschlussstutzen zu Ber\\u00fccksichtigen<\\\/td>\\n<\\\/tr>\\n<\\\/tbody>\\n<\\\/table>\",\"link\":\"wp-content\\\/uploads\\\/2025\\\/07\\\/inlinefilter_if500s.pdf\",\"link_text\":\"Datenblatt IF500\",\"tags\":\"IF500S (links)\",\"title\":\"Technische Daten IF500S (links)\"}},{\"type\":\"grid_item\",\"props\":{\"content\":\"\n\n<table cellpadding=\\\"2\\\" cellspacing=\\\"10\\\">\\n\n\n<tbody>\\n\n\n<tr>\\n\n\n<td class=\\\"bold\\\">Inlinefilterschrank<\\\/td>\\n\n\n<td class=\\\"bold\\\">IF500S (links)<\\\/td>\\n<\\\/tr>\\n\n\n<tr>\\n\n\n<td>Artikelnummer<\\\/td>\\n\n\n<td>124.022.021.000<\\\/td>\\n<\\\/tr>\\n\n\n<tr>\\n\n\n<td>Durchsatz (max.)<\\\/td>\\n\n\n<td>500m\\u00b3\\\/h<\\\/td>\\n<\\\/tr>\\n\n\n<tr>\\n\n\n<td>Abmessungen BxTxH<\\\/td>\\n\n\n<td>1148x435x450mm<\\\/td>\\n<\\\/tr>\\n\n\n<tr>\\n\n\n<td>Gewicht (inkl. Filter)<\\\/td>\\n\n\n<td>45kg<\\\/td>\\n<\\\/tr>\\n\n\n<tr>\\n\n\n<td>Sauganschluss<\\\/td>\\n\n\n<td>\\u00d8 50mm<\\\/td>\\n<\\\/tr>\\n\n\n<tr>\\n\n\n<td>Maschinenanschluss<\\\/td>\\n\n\n<td>\\u00d8 80mm<\\\/td>\\n<\\\/tr>\\n\n\n<tr>\\n\n\n<td colspan=\\\"3\\\">Bei den Abmessungen ist der jeweilige Anschlussstutzen zu Ber\\u00fccksichtigen<\\\/td>\\n<\\\/tr>\\n<\\\/tbody>\\n<\\\/table>\",\"link\":\"wp-content\\\/uploads\\\/2025\\\/07\\\/inlinefilter_if500s.pdf\",\"link_text\":\"Datenblatt IF500\",\"tags\":\"IF500S (rechts)\",\"title\":\"Technische Daten IF500S (rechts)\"}}]}]}]}]}]},{\"type\":\"column\",\"props\":{\"image_position\":\"center-center\",\"position_sticky\":\"section\",\"position_sticky_breakpoint\":\"m\",\"position_sticky_offset\":\"50\",\"width_medium\":\"1-4\"},\"children\":[{\"type\":\"grid\",\"props\":{\"class\":\"uk-card-default uk-card-body\",\"content_column_breakpoint\":\"m\",\"css\":\".el-title{\\n    font-size:17px;\\n}\\n\\n.el-element{\\n    background:#f5f4f4;\\n    border:10px solid white;\\n    border-radius:5px;\\n    padding:30px 30px;\\n}\",\"filter_align\":\"left\",\"filter_all\":true,\"filter_grid_breakpoint\":\"m\",\"filter_grid_width\":\"auto\",\"filter_position\":\"top\",\"filter_style\":\"tab\",\"grid_column_gap\":\"small\",\"grid_default\":\"1\",\"grid_divider\":true,\"grid_medium\":\"1\",\"grid_row_gap\":\"small\",\"icon_width\":80,\"image_align\":\"top\",\"image_grid_breakpoint\":\"m\",\"image_grid_width\":\"1-2\",\"image_svg_color\":\"emphasis\",\"item_animation\":true,\"lightbox_bg_close\":true,\"link_style\":\"default\",\"link_text\":\"\",\"margin\":\"default\",\"meta_align\":\"below-title\",\"meta_element\":\"div\",\"meta_style\":\"text-meta\",\"panel_link\":true,\"show_content\":true,\"show_hover_image\":true,\"show_hover_video\":true,\"show_image\":true,\"show_link\":true,\"show_meta\":true,\"show_title\":true,\"show_video\":true,\"title_align\":\"top\",\"title_element\":\"h3\",\"title_grid_breakpoint\":\"m\",\"title_grid_width\":\"1-2\",\"title_hover_style\":\"reset\",\"title_style\":\"h4\"},\"children\":[{\"type\":\"grid_item\",\"source\":{\"query\":{\"name\":\"pages.customPages\",\"arguments\":{\"users\":[],\"users_operator\":\"IN\",\"offset\":0,\"limit\":25,\"order\":\"date\",\"order_direction\":\"ASC\"}},\"props\":{\"title\":{\"name\":\"title\"},\"_condition\":{\"name\":\"parent.title\",\"filters\":{\"condition\":\"=\",\"condition_value\":\"Absaugsysteme\"}},\"link\":{\"name\":\"link\"}}}}],\"name\":\"subnav-right inklusive dynamischer filter\"},{\"type\":\"panel\",\"props\":{\"content\":\"\n\n<p>Kontaktieren Sie uns gerne. Wir sind durchgehend f\\u00fcr Sie erreichbar.<\\\/p>\",\"content_column_breakpoint\":\"m\",\"css\":\".el-element {\\n  outline: 1px solid white;\\n    outline-offset: -5px;\\n\\n}\\n\\n.el-content{\\n    font-size:16px;\\n color: white;   \\n    \\n    \\n}\",\"icon_width\":80,\"image_align\":\"top\",\"image_grid_breakpoint\":\"m\",\"image_grid_width\":\"1-2\",\"image_svg_color\":\"emphasis\",\"link\":\"tel:+490569162870\",\"link_fullwidth\":true,\"link_size\":\"small\",\"link_style\":\"primary\",\"link_text\":\"+49(0) 5691-6287-0\",\"margin\":\"default\",\"meta_align\":\"below-title\",\"meta_element\":\"div\",\"meta_style\":\"text-meta\",\"panel_padding\":\"small\",\"panel_style\":\"card-primary\",\"text_align\":\"center\",\"title\":\"Sie haben Fragen?\",\"title_align\":\"top\",\"title_element\":\"h3\",\"title_grid_breakpoint\":\"m\",\"title_grid_width\":\"1-2\",\"title_hover_style\":\"reset\",\"title_style\":\"h3\"},\"name\":\"cta-subnav-right\"}]}]}]}],\"version\":\"4.5.11\"} --><\/p>\n","protected":false},"excerpt":{"rendered":"<p>Rauch- Gas- und Staub- Absaugsysteme Patentierte Inlinefilter Inlinefilterschr\u00e4nke &#8211; Patent Nr.: 10 2006 048 137 Patentierter Vorfilterschrank IF500 \/ IF2000 Patentierter Inlinefilter zur Aufnahme grober Partikel in Labyrinth- Balgensackfiltern, aus Prozessen bei denen gro\u00dfe Mengen an St\u00e4uben entstehen. Filterklassen: F6 &#8211; 60 bis 80% Partikelgr\u00f6\u00dfe 1 &#8211; 3\u00b5m F8\/F9 &#8211; 90 bis 95% Partikelgr\u00f6\u00dfe 1 [&hellip;]<\/p>\n","protected":false},"author":1,"featured_media":0,"parent":2205,"menu_order":0,"comment_status":"closed","ping_status":"closed","template":"","meta":{"_acf_changed":false,"footnotes":""},"class_list":["post-2713","page","type-page","status-publish","hentry"],"acf":[],"_links":{"self":[{"href":"https:\/\/joerns-gmbh.com\/en\/wp-json\/wp\/v2\/pages\/2713","targetHints":{"allow":["GET"]}}],"collection":[{"href":"https:\/\/joerns-gmbh.com\/en\/wp-json\/wp\/v2\/pages"}],"about":[{"href":"https:\/\/joerns-gmbh.com\/en\/wp-json\/wp\/v2\/types\/page"}],"author":[{"embeddable":true,"href":"https:\/\/joerns-gmbh.com\/en\/wp-json\/wp\/v2\/users\/1"}],"replies":[{"embeddable":true,"href":"https:\/\/joerns-gmbh.com\/en\/wp-json\/wp\/v2\/comments?post=2713"}],"version-history":[{"count":20,"href":"https:\/\/joerns-gmbh.com\/en\/wp-json\/wp\/v2\/pages\/2713\/revisions"}],"predecessor-version":[{"id":3117,"href":"https:\/\/joerns-gmbh.com\/en\/wp-json\/wp\/v2\/pages\/2713\/revisions\/3117"}],"up":[{"embeddable":true,"href":"https:\/\/joerns-gmbh.com\/en\/wp-json\/wp\/v2\/pages\/2205"}],"wp:attachment":[{"href":"https:\/\/joerns-gmbh.com\/en\/wp-json\/wp\/v2\/media?parent=2713"}],"curies":[{"name":"wp","href":"https:\/\/api.w.org\/{rel}","templated":true}]}}