{"id":2640,"date":"2025-07-08T10:15:58","date_gmt":"2025-07-08T08:15:58","guid":{"rendered":"https:\/\/joerns-gmbh.com\/?page_id=2640"},"modified":"2026-02-05T15:19:16","modified_gmt":"2026-02-05T14:19:16","slug":"absaugkabinen","status":"publish","type":"page","link":"https:\/\/joerns-gmbh.com\/en\/absaugsysteme-2\/absaugkabinen\/","title":{"rendered":"Extraction cabins"},"content":{"rendered":"<h1>Rauch- Gas- und Staub- Absaugsysteme<\/h1>\n<h2>Absaugkabinen<\/h2>\n<p><img decoding=\"async\" src=\"\/wp-content\/uploads\/2025\/10\/cleancab1.png\" alt=\"\"><br \/>\n<img decoding=\"async\" src=\"\/wp-content\/uploads\/2025\/07\/cleancab_abmess.jpg\" alt=\"\"><\/p>\n<h2>Cleancabs komplett<\/h2>\n<ul>\n<li>\n<p>        <img decoding=\"async\" src=\"\/wp-content\/uploads\/2025\/07\/cleancab150.jpg\" alt=\"\"><\/p>\n<h3>Cleancab <\/h3>\n<p>Artikelnr.: 840.150\t<\/p>\n<div>\n<p>Inklusive: <br \/>Antistatisches Unterteil<br \/>Vorne offene Haube mit Fu\u00dfventil \u00d8 50mm oben<\/p>\n<\/div>\n<\/li>\n<li>\n<p>        <img decoding=\"async\" src=\"\/wp-content\/uploads\/2025\/07\/cleancab155.jpg\" alt=\"\"><\/p>\n<h3>Cleancab <\/h3>\n<p>Artikelnr.: 840.155<\/p>\n<div>\n<p>Inklusive:<br \/>Antistatisches Unterteil <br \/>Vorne offene Haube mit Schlauchstutzen \u00d8 75mm oben<\/p>\n<\/div>\n<\/li>\n<li>\n<p>        <img decoding=\"async\" src=\"\/wp-content\/uploads\/2025\/07\/cleancab164.jpg\" alt=\"\"><\/p>\n<h3>Cleancab <\/h3>\n<p>Artikelnr.: 840.164<\/p>\n<div>\n<p>Inklusive:<br \/>Antistatisches Unterteil mit Schlauchstutzen \u00d8 75mm<br \/>Perforierter Einlegeboden<br \/>Vorne offene Haube<\/p>\n<\/div>\n<\/li>\n<\/ul>\n<h2>Ersatzteile<\/h2>\n<ul>\n<li>\n<p>        <img decoding=\"async\" src=\"\/wp-content\/uploads\/2025\/07\/haube_159.gif\" alt=\"\"><\/p>\n<h3>Haube <\/h3>\n<p>Artikelnr.: 840.159<\/p>\n<div>\n<p>Inklusive:<br \/>Vorne offene Haube mit Fu\u00dfventil \u00d8 50mm oben <br \/><strong>f\u00fcr Cleancab 840.150<\/strong><\/p>\n<\/div>\n<\/li>\n<li>\n<p>        <img decoding=\"async\" src=\"\/wp-content\/uploads\/2025\/07\/haube_171.gif\" alt=\"\"><\/p>\n<h3>Haube<\/h3>\n<p>Artikelnr.: 840.171<\/p>\n<div>\n<p>Inklusive:<br \/>Vorne offene Haube mit Schlauchstutzen \u00d8 75mm oben <br \/><strong>f\u00fcr Cleancab 840.155<\/strong><\/p>\n<\/div>\n<\/li>\n<li>\n<p>        <img decoding=\"async\" src=\"\/wp-content\/uploads\/2025\/07\/haube_151.gif\" alt=\"\"><\/p>\n<h3>Haube<\/h3>\n<p>Artikelnr.: 840.171<\/p>\n<div>\n<p>Vorne offene Haube<br \/><strong>f\u00fcr Cleancab 840.164<\/strong><\/p>\n<\/div>\n<\/li>\n<li>\n<p>        <img decoding=\"async\" src=\"\/wp-content\/uploads\/2025\/07\/boden_152.gif\" alt=\"\"><\/p>\n<h3>Unterteil <\/h3>\n<p>Artikelnr.: 840.152<\/p>\n<div>\n<p>Antistatisches Unterteil <br \/><strong>f\u00fcr Cleancab 840.150<\/strong><\/p>\n<\/div>\n<\/li>\n<li>\n<p>        <img decoding=\"async\" src=\"\/wp-content\/uploads\/2025\/07\/boden_152.gif\" alt=\"\"><\/p>\n<h3>Unterteil <\/h3>\n<p>Artikelnr.: 840.152<\/p>\n<div>\n<p>Antistatisches Unterteil<br \/><strong>f\u00fcr Cleancab 840.155<\/strong><\/p>\n<\/div>\n<\/li>\n<li>\n<p>        <img decoding=\"async\" src=\"\/wp-content\/uploads\/2025\/07\/boden_161.gif\" alt=\"\"><\/p>\n<h3>Unterteil <\/h3>\n<p>Artikelnr.: 840.161<\/p>\n<div>\n<p>Inklusive:<br \/>Antistatisches Unterteil mit Schlauchstutzen \u00d8 75mm<br \/>Perforierte Edelstahlgrundplatte <br \/><strong>f\u00fcr Cleancab 840.164<\/strong><\/p>\n<\/div>\n<\/li>\n<\/ul>\n<div>\n<\/div>\n<div>\n<h3>Sie haben Fragen?<\/h3>\n<div>\n<p>Kontaktieren Sie uns gerne. Wir sind durchgehend f\u00fcr Sie erreichbar.<\/p>\n<\/div>\n<p><a href=\"tel:+490569162870\">+49(0) 5691-6287-0<\/a><\/p>\n<\/div>\n<p><!--more--><br \/>\n<!-- {\"type\":\"layout\",\"children\":[{\"type\":\"section\",\"props\":{\"image\":\"wp-content\\\/uploads\\\/2025\\\/04\\\/briloner_web.jpg\",\"image_position\":\"center-center\",\"image_size\":\"cover\",\"media_overlay\":\"rgba(0, 0, 128, 0.82)\",\"style\":\"primary\",\"title_breakpoint\":\"xl\",\"title_position\":\"top-left\",\"title_rotation\":\"left\",\"vertical_align\":\"middle\",\"width\":\"large\"},\"children\":[{\"type\":\"row\",\"children\":[{\"type\":\"column\",\"props\":{\"image_position\":\"center-center\",\"position_sticky_breakpoint\":\"m\"},\"children\":[{\"type\":\"headline\",\"props\":{\"content\":\"Rauch- Gas- und Staub- Absaugsysteme\",\"css\":\"\\\/* Hide element if the viewport width is 600px or less *\\\/\\n@media screen and (max-width: 600px) {\\n  .el-element {\\n    font-size: 20px;\\n  }\\n}\",\"title_element\":\"h1\"}},{\"type\":\"breadcrumbs\",\"props\":{\"show_current\":true,\"show_home\":true}}]}]}]},{\"type\":\"section\",\"props\":{\"image_position\":\"center-center\",\"style\":\"muted\",\"title_breakpoint\":\"xl\",\"title_position\":\"top-left\",\"title_rotation\":\"left\",\"vertical_align\":\"middle\",\"width\":\"large\"},\"children\":[{\"type\":\"row\",\"props\":{\"column_gap\":\"medium\",\"layout\":\"3-4,1-4\"},\"children\":[{\"type\":\"column\",\"props\":{\"image_position\":\"center-center\",\"position_sticky_breakpoint\":\"m\",\"style\":\"card-default\",\"width_medium\":\"3-4\"},\"children\":[{\"type\":\"headline\",\"props\":{\"content\":\"Absaugkabinen\",\"title_element\":\"h2\"}},{\"type\":\"fragment\",\"props\":{\"margin\":\"default\"},\"children\":[{\"type\":\"row\",\"props\":{\"layout\":\"1-2,1-2\"},\"children\":[{\"type\":\"column\",\"props\":{\"image_position\":\"center-center\",\"position_sticky_breakpoint\":\"m\",\"width_medium\":\"1-2\"},\"children\":[{\"type\":\"image\",\"props\":{\"image\":\"wp-content\\\/uploads\\\/2025\\\/10\\\/cleancab1.png\",\"image_svg_color\":\"emphasis\",\"margin\":\"default\"}}]},{\"type\":\"column\",\"props\":{\"image_position\":\"center-center\",\"position_sticky_breakpoint\":\"m\",\"width_medium\":\"1-2\"},\"children\":[{\"type\":\"image\",\"props\":{\"image\":\"wp-content\\\/uploads\\\/2025\\\/07\\\/cleancab_abmess.jpg\",\"image_svg_color\":\"emphasis\",\"margin\":\"default\"}}]}]},{\"type\":\"row\",\"children\":[{\"type\":\"column\",\"props\":{\"image_position\":\"center-center\",\"position_sticky_breakpoint\":\"m\"},\"children\":[{\"type\":\"headline\",\"props\":{\"content\":\"Cleancabs komplett\",\"title_element\":\"h2\"}},{\"type\":\"grid\",\"props\":{\"content_column_breakpoint\":\"m\",\"css\":\".el-content{\\n    \\n    \\n font-size:14px;   \\n    \\n}\",\"filter_align\":\"left\",\"filter_all\":true,\"filter_grid_breakpoint\":\"m\",\"filter_grid_width\":\"auto\",\"filter_position\":\"top\",\"filter_style\":\"tab\",\"grid_column_gap\":\"medium\",\"grid_default\":\"1\",\"grid_medium\":\"3\",\"grid_row_gap\":\"medium\",\"icon_width\":80,\"image_align\":\"top\",\"image_grid_breakpoint\":\"m\",\"image_grid_width\":\"1-2\",\"image_svg_color\":\"emphasis\",\"item_animation\":true,\"lightbox_bg_close\":true,\"link_style\":\"default\",\"link_text\":\"Read more\",\"margin\":\"default\",\"meta_align\":\"below-title\",\"meta_element\":\"div\",\"meta_style\":\"text-meta\",\"panel_padding\":\"small\",\"panel_style\":\"card-secondary\",\"show_content\":true,\"show_hover_image\":true,\"show_hover_video\":true,\"show_image\":true,\"show_link\":true,\"show_meta\":true,\"show_title\":true,\"show_video\":true,\"title_align\":\"top\",\"title_element\":\"h3\",\"title_grid_breakpoint\":\"m\",\"title_grid_width\":\"1-2\",\"title_hover_style\":\"reset\"},\"children\":[{\"type\":\"grid_item\",\"props\":{\"content\":\"\n\n<p>Inklusive: <br \\\/>Antistatisches Unterteil<br \\\/>Vorne offene Haube mit Fu\\u00dfventil \\u00d8 50mm oben<\\\/p>\",\"image\":\"wp-content\\\/uploads\\\/2025\\\/07\\\/cleancab150.jpg\",\"meta\":\"Artikelnr.: 840.150\\t\",\"title\":\"Cleancab \"}},{\"type\":\"grid_item\",\"props\":{\"content\":\"\n\n<p>Inklusive:<br \\\/>Antistatisches Unterteil <br \\\/>Vorne offene Haube mit Schlauchstutzen \\u00d8 75mm oben<\\\/p>\",\"image\":\"wp-content\\\/uploads\\\/2025\\\/07\\\/cleancab155.jpg\",\"meta\":\"Artikelnr.: 840.155\",\"title\":\"Cleancab \"}},{\"type\":\"grid_item\",\"props\":{\"content\":\"\n\n<p>Inklusive:<br \\\/>Antistatisches Unterteil mit Schlauchstutzen \\u00d8 75mm<br \\\/>Perforierter Einlegeboden<br \\\/>Vorne offene Haube<\\\/p>\",\"image\":\"wp-content\\\/uploads\\\/2025\\\/07\\\/cleancab164.jpg\",\"meta\":\"Artikelnr.: 840.164\",\"title\":\"Cleancab \"}}]},{\"type\":\"headline\",\"props\":{\"content\":\"Ersatzteile\",\"title_element\":\"h2\"}},{\"type\":\"grid\",\"props\":{\"content_column_breakpoint\":\"m\",\"css\":\".el-content{\\n    \\n    \\n font-size:14px;   \\n    \\n}\",\"filter_align\":\"left\",\"filter_all\":true,\"filter_grid_breakpoint\":\"m\",\"filter_grid_width\":\"auto\",\"filter_position\":\"top\",\"filter_style\":\"tab\",\"grid_column_gap\":\"medium\",\"grid_default\":\"1\",\"grid_medium\":\"3\",\"grid_row_gap\":\"medium\",\"icon_width\":80,\"image_align\":\"top\",\"image_grid_breakpoint\":\"m\",\"image_grid_width\":\"1-2\",\"image_svg_color\":\"emphasis\",\"item_animation\":true,\"lightbox_bg_close\":true,\"link_style\":\"default\",\"link_text\":\"Read more\",\"margin\":\"default\",\"meta_align\":\"below-title\",\"meta_element\":\"div\",\"meta_style\":\"text-meta\",\"panel_padding\":\"small\",\"panel_style\":\"card-secondary\",\"show_content\":true,\"show_hover_image\":true,\"show_hover_video\":true,\"show_image\":true,\"show_link\":true,\"show_meta\":true,\"show_title\":true,\"show_video\":true,\"title_align\":\"top\",\"title_element\":\"h3\",\"title_grid_breakpoint\":\"m\",\"title_grid_width\":\"1-2\",\"title_hover_style\":\"reset\"},\"children\":[{\"type\":\"grid_item\",\"props\":{\"content\":\"\n\n<p>Inklusive:<br \\\/>Vorne offene Haube mit Fu\\u00dfventil \\u00d8 50mm oben <br \\\/><strong>f\\u00fcr Cleancab 840.150<\\\/strong><\\\/p>\",\"image\":\"wp-content\\\/uploads\\\/2025\\\/07\\\/haube_159.gif\",\"meta\":\"Artikelnr.: 840.159\",\"title\":\"Haube \"}},{\"type\":\"grid_item\",\"props\":{\"content\":\"\n\n<p>Inklusive:<br \\\/>Vorne offene Haube mit Schlauchstutzen \\u00d8 75mm oben <br \\\/><strong>f\\u00fcr Cleancab 840.155<\\\/strong><\\\/p>\",\"image\":\"wp-content\\\/uploads\\\/2025\\\/07\\\/haube_171.gif\",\"meta\":\"Artikelnr.: 840.171\",\"title\":\"Haube\"}},{\"type\":\"grid_item\",\"props\":{\"content\":\"\n\n<p>Vorne offene Haube<br \\\/><strong>f\\u00fcr Cleancab 840.164<\\\/strong><\\\/p>\",\"image\":\"wp-content\\\/uploads\\\/2025\\\/07\\\/haube_151.gif\",\"meta\":\"Artikelnr.: 840.171\",\"title\":\"Haube\"}},{\"type\":\"grid_item\",\"props\":{\"content\":\"\n\n<p>Antistatisches Unterteil <br \\\/><strong>f\\u00fcr Cleancab 840.150<\\\/strong><\\\/p>\",\"image\":\"wp-content\\\/uploads\\\/2025\\\/07\\\/boden_152.gif\",\"meta\":\"Artikelnr.: 840.152\",\"title\":\"Unterteil \"}},{\"type\":\"grid_item\",\"props\":{\"content\":\"\n\n<p>Antistatisches Unterteil<br \\\/><strong>f\\u00fcr Cleancab 840.155<\\\/strong><\\\/p>\",\"image\":\"wp-content\\\/uploads\\\/2025\\\/07\\\/boden_152.gif\",\"meta\":\"Artikelnr.: 840.152\",\"title\":\"Unterteil \"}},{\"type\":\"grid_item\",\"props\":{\"content\":\"\n\n<p>Inklusive:<br \\\/>Antistatisches Unterteil mit Schlauchstutzen \\u00d8 75mm<br \\\/>Perforierte Edelstahlgrundplatte <br \\\/><strong>f\\u00fcr Cleancab 840.164<\\\/strong><\\\/p>\",\"image\":\"wp-content\\\/uploads\\\/2025\\\/07\\\/boden_161.gif\",\"meta\":\"Artikelnr.: 840.161\",\"title\":\"Unterteil \"}}]}]}]}]}]},{\"type\":\"column\",\"props\":{\"image_position\":\"center-center\",\"position_sticky\":\"section\",\"position_sticky_breakpoint\":\"m\",\"position_sticky_offset\":\"50\",\"width_medium\":\"1-4\"},\"children\":[{\"type\":\"grid\",\"props\":{\"class\":\"uk-card-default uk-card-body\",\"content_column_breakpoint\":\"m\",\"css\":\".el-title{\\n    font-size:17px;\\n}\\n\\n.el-element{\\n    background:#f5f4f4;\\n    border:10px solid white;\\n    border-radius:5px;\\n    padding:30px 30px;\\n}\",\"filter_align\":\"left\",\"filter_all\":true,\"filter_grid_breakpoint\":\"m\",\"filter_grid_width\":\"auto\",\"filter_position\":\"top\",\"filter_style\":\"tab\",\"grid_column_gap\":\"small\",\"grid_default\":\"1\",\"grid_divider\":true,\"grid_medium\":\"1\",\"grid_row_gap\":\"small\",\"icon_width\":80,\"image_align\":\"top\",\"image_grid_breakpoint\":\"m\",\"image_grid_width\":\"1-2\",\"image_svg_color\":\"emphasis\",\"item_animation\":true,\"lightbox_bg_close\":true,\"link_style\":\"default\",\"link_text\":\"\",\"margin\":\"default\",\"meta_align\":\"below-title\",\"meta_element\":\"div\",\"meta_style\":\"text-meta\",\"panel_link\":true,\"show_content\":true,\"show_hover_image\":true,\"show_hover_video\":true,\"show_image\":true,\"show_link\":true,\"show_meta\":true,\"show_title\":true,\"show_video\":true,\"title_align\":\"top\",\"title_element\":\"h3\",\"title_grid_breakpoint\":\"m\",\"title_grid_width\":\"1-2\",\"title_hover_style\":\"reset\",\"title_style\":\"h4\"},\"children\":[{\"type\":\"grid_item\",\"source\":{\"query\":{\"name\":\"pages.customPages\",\"arguments\":{\"users\":[],\"users_operator\":\"IN\",\"offset\":0,\"limit\":30,\"order\":\"date\",\"order_direction\":\"ASC\"}},\"props\":{\"title\":{\"name\":\"title\"},\"_condition\":{\"name\":\"parent.title\",\"filters\":{\"condition\":\"=\",\"condition_value\":\"Absaugsysteme\"}},\"link\":{\"name\":\"link\"}}}}],\"name\":\"subnav-right\"},{\"type\":\"panel\",\"props\":{\"content\":\"\n\n<p>Kontaktieren Sie uns gerne. Wir sind durchgehend f\\u00fcr Sie erreichbar.<\\\/p>\",\"content_column_breakpoint\":\"m\",\"css\":\".el-element {\\n  outline: 1px solid white;\\n    outline-offset: -5px;\\n\\n}\\n\\n.el-content{\\n    font-size:16px;\\n color: white;   \\n    \\n    \\n}\",\"icon_width\":80,\"image_align\":\"top\",\"image_grid_breakpoint\":\"m\",\"image_grid_width\":\"1-2\",\"image_svg_color\":\"emphasis\",\"link\":\"tel:+490569162870\",\"link_fullwidth\":true,\"link_size\":\"small\",\"link_style\":\"primary\",\"link_text\":\"+49(0) 5691-6287-0\",\"margin\":\"default\",\"meta_align\":\"below-title\",\"meta_element\":\"div\",\"meta_style\":\"text-meta\",\"panel_padding\":\"small\",\"panel_style\":\"card-primary\",\"text_align\":\"center\",\"title\":\"Sie haben Fragen?\",\"title_align\":\"top\",\"title_element\":\"h3\",\"title_grid_breakpoint\":\"m\",\"title_grid_width\":\"1-2\",\"title_hover_style\":\"reset\",\"title_style\":\"h3\"},\"name\":\"cta-subnav-right\"}]}]}]}],\"version\":\"4.5.11\"} --><\/p>\n","protected":false},"excerpt":{"rendered":"<p>Rauch- Gas- und Staub- Absaugsysteme Absaugkabinen Cleancabs komplett Cleancab Artikelnr.: 840.150 Inklusive: Antistatisches UnterteilVorne offene Haube mit Fu\u00dfventil \u00d8 50mm oben Cleancab Artikelnr.: 840.155 Inklusive:Antistatisches Unterteil Vorne offene Haube mit Schlauchstutzen \u00d8 75mm oben Cleancab Artikelnr.: 840.164 Inklusive:Antistatisches Unterteil mit Schlauchstutzen \u00d8 75mmPerforierter EinlegebodenVorne offene Haube Ersatzteile Haube Artikelnr.: 840.159 Inklusive:Vorne offene Haube mit Fu\u00dfventil [&hellip;]<\/p>\n","protected":false},"author":1,"featured_media":0,"parent":2205,"menu_order":0,"comment_status":"closed","ping_status":"closed","template":"","meta":{"_acf_changed":false,"footnotes":""},"class_list":["post-2640","page","type-page","status-publish","hentry"],"acf":[],"_links":{"self":[{"href":"https:\/\/joerns-gmbh.com\/en\/wp-json\/wp\/v2\/pages\/2640","targetHints":{"allow":["GET"]}}],"collection":[{"href":"https:\/\/joerns-gmbh.com\/en\/wp-json\/wp\/v2\/pages"}],"about":[{"href":"https:\/\/joerns-gmbh.com\/en\/wp-json\/wp\/v2\/types\/page"}],"author":[{"embeddable":true,"href":"https:\/\/joerns-gmbh.com\/en\/wp-json\/wp\/v2\/users\/1"}],"replies":[{"embeddable":true,"href":"https:\/\/joerns-gmbh.com\/en\/wp-json\/wp\/v2\/comments?post=2640"}],"version-history":[{"count":26,"href":"https:\/\/joerns-gmbh.com\/en\/wp-json\/wp\/v2\/pages\/2640\/revisions"}],"predecessor-version":[{"id":3115,"href":"https:\/\/joerns-gmbh.com\/en\/wp-json\/wp\/v2\/pages\/2640\/revisions\/3115"}],"up":[{"embeddable":true,"href":"https:\/\/joerns-gmbh.com\/en\/wp-json\/wp\/v2\/pages\/2205"}],"wp:attachment":[{"href":"https:\/\/joerns-gmbh.com\/en\/wp-json\/wp\/v2\/media?parent=2640"}],"curies":[{"name":"wp","href":"https:\/\/api.w.org\/{rel}","templated":true}]}}