{"id":2509,"date":"2025-05-22T12:52:55","date_gmt":"2025-05-22T10:52:55","guid":{"rendered":"https:\/\/joerns-gmbh.com\/?page_id=2509"},"modified":"2026-02-05T15:18:34","modified_gmt":"2026-02-05T14:18:34","slug":"absaugsysteme-analoges-kontrollsystem","status":"publish","type":"page","link":"https:\/\/joerns-gmbh.com\/en\/absaugsysteme-2\/absaugsysteme-analoges-kontrollsystem\/","title":{"rendered":"Analogue control system"},"content":{"rendered":"<h1>Rauch- Gas- und Staub- Absaugsysteme<\/h1>\n<h1>Analoges Kontrollsystem<\/h1>\n<p><img decoding=\"async\" src=\"\/wp-content\/uploads\/2025\/05\/analogue-anim.gif\" alt=\"\"><\/p>\n<div>\n<p>Innovatives Kontroll- \u00dcberwachungs- und Anzeigesystem der analogen PUREX Absaugsysteme.<\/p>\n<p>Alle Funktionen sind vollautomatisch, die einzige Einstellung die bei der Installation vorgenommen werden muss ist die Gr\u00f6\u00dfe des Saugstroms.<\/p>\n<p>\u00dcberwachungs- und Sicherheitsmerkmale gew\u00e4hrleisten nicht nur Konformit\u00e4t mit internationaler Gesetzgebung zum Arbeitsplatzschutz, sondern bieten auch Kosteneinsparungen im Produktionsablauf.<\/p>\n<p>Zum Schutz der Gesundheit und Sicherheit der Mitarbeiter \u00fcberwacht und meldet das VariColour\u2122 System kontinuierlich und automatisch den Filterzustand.<\/p>\n<\/div>\n<div>\n<p>    <img decoding=\"async\" src=\"\/wp-content\/uploads\/2025\/05\/vario.jpg\" alt=\"\"><\/p>\n<h4>Filterstatussensor<\/h4>\n<div>\n<p>Anzeige:<\/p>\n<ul>\n<li><span class=\"style-gruen\">Gr\u00fcn<\/span>= der Filter ist sauber<\/li>\n<li><span class=\"style-gelb\">Gelb<\/span>= Ersatzfilter bereithalten<\/li>\n<li><span class=\"style-rot\">Rot <\/span>= (mit akustischem Signal) Filter ist ges\u00e4ttigt<\/li>\n<\/ul>\n<\/div>\n<\/div>\n<div>\n<h3>Eigenschaften<\/h3>\n<div>\n<ul>\n<li>Automatische elektronische Str\u00f6mungs\u00fcberwachung sorgt f\u00fcr einen konstanten Saugstrom bis zur vollst\u00e4ndigen Filters\u00e4ttigung<\/li>\n<li>Stufenlos einstellbarer Saugstrom \u00fcber Potentiometer<\/li>\n<li>VariColour\u2122 Warnsystem<\/li>\n<li>Geringe Investitions- und Betriebskosten<\/li>\n<li>Schneller und einfacher Filterwechsel<\/li>\n<li>Submikron (HEPA) Filtration h\u00e4lt 99,997% der Partikel bis zu 0,3 Mikron zur\u00fcck<\/li>\n<li>Aktivkohlefiltration absorbiert sch\u00e4dliche Gase<\/li>\n<li>Einfache Installation<\/li>\n<li>Ger\u00e4uscharmer Betrieb<\/li>\n<li>Einfacher Ortswechsel durch Transportrollen (Alpha \/ Xbase)<\/li>\n<li>Tragbare Ausf\u00fchrung (FumeCube \/ FumeBuster)<\/li>\n<li>Edelstahlgeh\u00e4use in Schutzklasse IP56<\/li>\n<\/ul>\n<\/div>\n<\/div>\n<div>\n<\/div>\n<div>\n<h3>Sie haben Fragen?<\/h3>\n<div>\n<p>Kontaktieren Sie uns gerne. Wir sind durchgehend f\u00fcr Sie erreichbar.<\/p>\n<\/div>\n<p><a href=\"tel:+490569162870\">+49(0) 5691-6287-0<\/a><\/p>\n<\/div>\n<p><!--more--><br \/>\n<!-- {\"type\":\"layout\",\"children\":[{\"type\":\"section\",\"props\":{\"image\":\"wp-content\\\/uploads\\\/2025\\\/04\\\/briloner_web.jpg\",\"image_position\":\"center-center\",\"image_size\":\"cover\",\"media_overlay\":\"rgba(0, 0, 128, 0.82)\",\"style\":\"primary\",\"title_breakpoint\":\"xl\",\"title_position\":\"top-left\",\"title_rotation\":\"left\",\"vertical_align\":\"middle\",\"width\":\"large\"},\"children\":[{\"type\":\"row\",\"children\":[{\"type\":\"column\",\"props\":{\"image_position\":\"center-center\",\"position_sticky_breakpoint\":\"m\"},\"children\":[{\"type\":\"headline\",\"props\":{\"content\":\"Rauch- Gas- und Staub- Absaugsysteme\",\"css\":\"\\\/* Hide element if the viewport width is 600px or less *\\\/\\n@media screen and (max-width: 600px) {\\n  .el-element {\\n    font-size: 20px;\\n  }\\n}\",\"title_element\":\"h1\"}},{\"type\":\"breadcrumbs\",\"props\":{\"show_current\":true,\"show_home\":true}}]}]}]},{\"type\":\"section\",\"props\":{\"image_position\":\"center-center\",\"style\":\"muted\",\"title_breakpoint\":\"xl\",\"title_position\":\"top-left\",\"title_rotation\":\"left\",\"vertical_align\":\"middle\",\"width\":\"large\"},\"children\":[{\"type\":\"row\",\"props\":{\"column_gap\":\"medium\",\"layout\":\"3-4,1-4\"},\"children\":[{\"type\":\"column\",\"props\":{\"image_position\":\"center-center\",\"position_sticky_breakpoint\":\"m\",\"style\":\"card-default\",\"width_medium\":\"3-4\"},\"children\":[{\"type\":\"fragment\",\"props\":{\"margin\":\"default\"},\"children\":[{\"type\":\"row\",\"children\":[{\"type\":\"column\",\"props\":{\"image_position\":\"center-center\",\"position_sticky_breakpoint\":\"m\"},\"children\":[{\"type\":\"headline\",\"props\":{\"content\":\"Analoges Kontrollsystem\",\"title_element\":\"h1\",\"title_style\":\"h2\"}},{\"type\":\"image\",\"props\":{\"image\":\"wp-content\\\/uploads\\\/2025\\\/05\\\/analogue-anim.gif\",\"image_svg_color\":\"emphasis\",\"margin\":\"default\"}},{\"type\":\"text\",\"props\":{\"column_breakpoint\":\"m\",\"content\":\"\n\n<p>Innovatives Kontroll- \\u00dcberwachungs- und Anzeigesystem der analogen PUREX Absaugsysteme.<\\\/p>\\n\n\n<p>Alle Funktionen sind vollautomatisch, die einzige Einstellung die bei der Installation vorgenommen werden muss ist die Gr\\u00f6\\u00dfe des Saugstroms.<\\\/p>\\n\n\n<p>\\u00dcberwachungs- und Sicherheitsmerkmale gew\\u00e4hrleisten nicht nur Konformit\\u00e4t mit internationaler Gesetzgebung zum Arbeitsplatzschutz, sondern bieten auch Kosteneinsparungen im Produktionsablauf.<\\\/p>\\n\n\n<p>Zum Schutz der Gesundheit und Sicherheit der Mitarbeiter \\u00fcberwacht und meldet das VariColour\\u2122 System kontinuierlich und automatisch den Filterzustand.<\\\/p>\",\"margin\":\"default\"}},{\"type\":\"grid\",\"props\":{\"content_column_breakpoint\":\"m\",\"content_margin\":\"remove\",\"filter_align\":\"left\",\"filter_all\":true,\"filter_grid_breakpoint\":\"m\",\"filter_grid_width\":\"auto\",\"filter_position\":\"top\",\"filter_style\":\"tab\",\"grid_column_gap\":\"small\",\"grid_default\":\"1\",\"grid_medium\":\"1\",\"grid_row_gap\":\"medium\",\"icon_width\":80,\"image_align\":\"right\",\"image_grid_breakpoint\":\"m\",\"image_grid_width\":\"1-2\",\"image_svg_color\":\"emphasis\",\"image_vertical_align\":true,\"item_animation\":true,\"lightbox_bg_close\":true,\"link_style\":\"default\",\"link_text\":\"Read more\",\"margin\":\"default\",\"meta_align\":\"below-title\",\"meta_element\":\"div\",\"meta_style\":\"text-meta\",\"show_content\":true,\"show_hover_image\":true,\"show_hover_video\":true,\"show_image\":true,\"show_link\":true,\"show_meta\":true,\"show_title\":true,\"show_video\":true,\"title_align\":\"top\",\"title_element\":\"h4\",\"title_grid_breakpoint\":\"m\",\"title_grid_width\":\"1-2\",\"title_hover_style\":\"reset\",\"title_style\":\"h3\"},\"children\":[{\"type\":\"grid_item\",\"props\":{\"content\":\"\n\n<p><\\\/p>\\n\n\n<p>Anzeige:<\\\/p>\\n\n\n<ul>\\n\n\n<li><span class=\\\"style-gruen\\\">Gr\\u00fcn<\\\/span>= der Filter ist sauber<\\\/li>\\n\n\n<li><span class=\\\"style-gelb\\\">Gelb<\\\/span>= Ersatzfilter bereithalten<\\\/li>\\n\n\n<li><span class=\\\"style-rot\\\">Rot <\\\/span>= (mit akustischem Signal) Filter ist ges\\u00e4ttigt<\\\/li>\\n<\\\/ul>\",\"image\":\"wp-content\\\/uploads\\\/2025\\\/05\\\/vario.jpg\",\"title\":\"Filterstatussensor\"}}]}]}]},{\"type\":\"row\",\"children\":[{\"type\":\"column\",\"props\":{\"image_position\":\"center-center\",\"position_sticky_breakpoint\":\"m\"},\"children\":[{\"type\":\"panel\",\"props\":{\"content\":\"\n\n<ul>\\n\n\n<li>Automatische elektronische Str\\u00f6mungs\\u00fcberwachung sorgt f\\u00fcr einen konstanten Saugstrom bis zur vollst\\u00e4ndigen Filters\\u00e4ttigung<\\\/li>\\n\n\n<li>Stufenlos einstellbarer Saugstrom \\u00fcber Potentiometer<\\\/li>\\n\n\n<li>VariColour\\u2122 Warnsystem<\\\/li>\\n\n\n<li>Geringe Investitions- und Betriebskosten<\\\/li>\\n\n\n<li>Schneller und einfacher Filterwechsel<\\\/li>\\n\n\n<li>Submikron (HEPA) Filtration h\\u00e4lt 99,997% der Partikel bis zu 0,3 Mikron zur\\u00fcck<\\\/li>\\n\n\n<li>Aktivkohlefiltration absorbiert sch\\u00e4dliche Gase<\\\/li>\\n\n\n<li>Einfache Installation<\\\/li>\\n\n\n<li>Ger\\u00e4uscharmer Betrieb<\\\/li>\\n\n\n<li>Einfacher Ortswechsel durch Transportrollen (Alpha \\\/ Xbase)<\\\/li>\\n\n\n<li>Tragbare Ausf\\u00fchrung (FumeCube \\\/ FumeBuster)<\\\/li>\\n\n\n<li>Edelstahlgeh\\u00e4use in Schutzklasse IP56<\\\/li>\\n<\\\/ul>\",\"content_column_breakpoint\":\"m\",\"icon_width\":80,\"image_align\":\"top\",\"image_grid_breakpoint\":\"m\",\"image_grid_width\":\"1-2\",\"image_svg_color\":\"emphasis\",\"link_style\":\"default\",\"link_text\":\"Read more\",\"margin\":\"default\",\"meta_align\":\"below-title\",\"meta_element\":\"div\",\"meta_style\":\"text-meta\",\"panel_padding\":\"small\",\"panel_style\":\"card-secondary\",\"title\":\"Eigenschaften\",\"title_align\":\"top\",\"title_element\":\"h3\",\"title_grid_breakpoint\":\"m\",\"title_grid_width\":\"1-2\",\"title_hover_style\":\"reset\",\"title_style\":\"h3\"}}]}]}]}]},{\"type\":\"column\",\"props\":{\"image_position\":\"center-center\",\"position_sticky\":\"column\",\"position_sticky_breakpoint\":\"m\",\"position_sticky_offset\":\"40px\",\"width_medium\":\"1-4\"},\"children\":[{\"type\":\"grid\",\"props\":{\"class\":\"uk-card-default uk-card-body\",\"content_column_breakpoint\":\"m\",\"css\":\".el-title{\\n    font-size:17px;\\n}\\n\\n.el-element{\\n    background:#f5f4f4;\\n    border:10px solid white;\\n    border-radius:5px;\\n    padding:30px 30px;\\n}\",\"filter_align\":\"left\",\"filter_all\":true,\"filter_grid_breakpoint\":\"m\",\"filter_grid_width\":\"auto\",\"filter_position\":\"top\",\"filter_style\":\"tab\",\"grid_column_gap\":\"small\",\"grid_default\":\"1\",\"grid_divider\":true,\"grid_medium\":\"1\",\"grid_row_gap\":\"small\",\"icon_width\":80,\"image_align\":\"top\",\"image_grid_breakpoint\":\"m\",\"image_grid_width\":\"1-2\",\"image_svg_color\":\"emphasis\",\"item_animation\":true,\"lightbox_bg_close\":true,\"link_style\":\"default\",\"link_text\":\"\",\"margin\":\"default\",\"meta_align\":\"below-title\",\"meta_element\":\"div\",\"meta_style\":\"text-meta\",\"panel_link\":true,\"show_content\":true,\"show_hover_image\":true,\"show_hover_video\":true,\"show_image\":true,\"show_link\":true,\"show_meta\":true,\"show_title\":true,\"show_video\":true,\"title_align\":\"top\",\"title_element\":\"h3\",\"title_grid_breakpoint\":\"m\",\"title_grid_width\":\"1-2\",\"title_hover_style\":\"reset\",\"title_style\":\"h4\"},\"children\":[{\"type\":\"grid_item\",\"source\":{\"query\":{\"name\":\"pages.customPages\",\"arguments\":{\"users\":[],\"users_operator\":\"IN\",\"offset\":0,\"limit\":25,\"order\":\"date\",\"order_direction\":\"ASC\"}},\"props\":{\"title\":{\"name\":\"title\"},\"_condition\":{\"name\":\"parent.title\",\"filters\":{\"condition\":\"=\",\"condition_value\":\"Absaugsysteme\"}},\"link\":{\"name\":\"link\"}}}}],\"name\":\"subnav-right inklusive dynamischer filter\"},{\"type\":\"panel\",\"props\":{\"content\":\"\n\n<p>Kontaktieren Sie uns gerne. Wir sind durchgehend f\\u00fcr Sie erreichbar.<\\\/p>\",\"content_column_breakpoint\":\"m\",\"css\":\".el-element {\\n  outline: 1px solid white;\\n    outline-offset: -5px;\\n\\n}\\n\\n.el-content{\\n    font-size:16px;\\n color: white;   \\n    \\n    \\n}\",\"icon_width\":80,\"image_align\":\"top\",\"image_grid_breakpoint\":\"m\",\"image_grid_width\":\"1-2\",\"image_svg_color\":\"emphasis\",\"link\":\"tel:+490569162870\",\"link_fullwidth\":true,\"link_size\":\"small\",\"link_style\":\"primary\",\"link_text\":\"+49(0) 5691-6287-0\",\"margin\":\"default\",\"meta_align\":\"below-title\",\"meta_element\":\"div\",\"meta_style\":\"text-meta\",\"panel_padding\":\"small\",\"panel_style\":\"card-primary\",\"text_align\":\"center\",\"title\":\"Sie haben Fragen?\",\"title_align\":\"top\",\"title_element\":\"h3\",\"title_grid_breakpoint\":\"m\",\"title_grid_width\":\"1-2\",\"title_hover_style\":\"reset\",\"title_style\":\"h3\"},\"name\":\"cta-subnav-right\"}]}]}],\"name\":\"section mit filter und cta\"}],\"version\":\"4.5.11\"} --><\/p>\n","protected":false},"excerpt":{"rendered":"<p>Rauch- Gas- und Staub- Absaugsysteme Analoges Kontrollsystem Innovatives Kontroll- \u00dcberwachungs- und Anzeigesystem der analogen PUREX Absaugsysteme. Alle Funktionen sind vollautomatisch, die einzige Einstellung die bei der Installation vorgenommen werden muss ist die Gr\u00f6\u00dfe des Saugstroms. \u00dcberwachungs- und Sicherheitsmerkmale gew\u00e4hrleisten nicht nur Konformit\u00e4t mit internationaler Gesetzgebung zum Arbeitsplatzschutz, sondern bieten auch Kosteneinsparungen im Produktionsablauf. Zum Schutz [&hellip;]<\/p>\n","protected":false},"author":1,"featured_media":0,"parent":2205,"menu_order":0,"comment_status":"closed","ping_status":"closed","template":"","meta":{"_acf_changed":false,"footnotes":""},"class_list":["post-2509","page","type-page","status-publish","hentry"],"acf":[],"_links":{"self":[{"href":"https:\/\/joerns-gmbh.com\/en\/wp-json\/wp\/v2\/pages\/2509","targetHints":{"allow":["GET"]}}],"collection":[{"href":"https:\/\/joerns-gmbh.com\/en\/wp-json\/wp\/v2\/pages"}],"about":[{"href":"https:\/\/joerns-gmbh.com\/en\/wp-json\/wp\/v2\/types\/page"}],"author":[{"embeddable":true,"href":"https:\/\/joerns-gmbh.com\/en\/wp-json\/wp\/v2\/users\/1"}],"replies":[{"embeddable":true,"href":"https:\/\/joerns-gmbh.com\/en\/wp-json\/wp\/v2\/comments?post=2509"}],"version-history":[{"count":10,"href":"https:\/\/joerns-gmbh.com\/en\/wp-json\/wp\/v2\/pages\/2509\/revisions"}],"predecessor-version":[{"id":3113,"href":"https:\/\/joerns-gmbh.com\/en\/wp-json\/wp\/v2\/pages\/2509\/revisions\/3113"}],"up":[{"embeddable":true,"href":"https:\/\/joerns-gmbh.com\/en\/wp-json\/wp\/v2\/pages\/2205"}],"wp:attachment":[{"href":"https:\/\/joerns-gmbh.com\/en\/wp-json\/wp\/v2\/media?parent=2509"}],"curies":[{"name":"wp","href":"https:\/\/api.w.org\/{rel}","templated":true}]}}