{"id":2290,"date":"2025-04-07T13:08:29","date_gmt":"2025-04-07T13:08:29","guid":{"rendered":"https:\/\/joerns-gmbh.com\/?page_id=2290"},"modified":"2026-02-05T13:59:33","modified_gmt":"2026-02-05T12:59:33","slug":"service","status":"publish","type":"page","link":"https:\/\/joerns-gmbh.com\/en\/service\/","title":{"rendered":"Service"},"content":{"rendered":"<h1>Service &amp; Wartung<\/h1>\n<h1>Unser Service f\u00fcr Sie<\/h1>\n<div>Wir unterst\u00fctzen Sie von der ersten Beratung bis zur laufenden Betreuung: mit zuverl\u00e4ssigem Service, schneller Ersatzteilversorgung, geschultem Personal und hoher Erreichbarkeit \u2013 damit Ihre Anlagen dauerhaft sicher und effizient laufen.<\/div>\n<ul>\n<li>\n<p>        <img decoding=\"async\" src=\"\/wp-content\/uploads\/2025\/03\/flexibel-icon.png\" alt=\"\"><\/p>\n<h4>Flexibilit\u00e4t<\/h4>\n<div>\n<p>Wir gehen auf Ihre Bed\u00fcrfnisse und Anforderungen ein und versuchen sie unkompliziert umzusetzen<\/p>\n<\/div>\n<\/li>\n<li>\n<p>        <img decoding=\"async\" src=\"\/wp-content\/uploads\/2025\/03\/24-hours.png\" alt=\"\"><\/p>\n<h4>Lagerhaltung<\/h4>\n<div>\n<ul>\n<li>Alle Artikel auf Lager<\/li>\n<li>Kurze Lieferzeiten f\u00fcr Ersatzteile \/ Verbrauchsartikel<\/li>\n<\/ul>\n<\/div>\n<\/li>\n<li>\n<p>        <img decoding=\"async\" src=\"\/wp-content\/uploads\/2025\/03\/service-icon.png\" alt=\"\"><\/p>\n<h4>Servicepersonal<\/h4>\n<div>\n<p>Flexibler Einsatz unseres Servicepersonals bei Vorf\u00fchrung \/ Wartung \/ Reparatur \/ Beratung<\/p>\n<\/div>\n<\/li>\n<li>\n<p>        <img decoding=\"async\" src=\"\/wp-content\/uploads\/2025\/03\/24-stunden-icon.png\" alt=\"\"><\/p>\n<h4>Erreichbarkeit<\/h4>\n<div>\n<p>Wir sind 24 Stunden am Tag, 7 Tage in der Woche und 365 Tage im Jahr f\u00fcr Sie erreichbar<\/p>\n<\/div>\n<\/li>\n<\/ul>\n<h1>Wartung<\/h1>\n<div>\n<p data-start=\"125\" data-end=\"273\" class=\"\">Regelm\u00e4\u00dfige Wartung sch\u00fctzt vor Ausf\u00e4llen und verl\u00e4ngert die Lebensdauer Ihrer Anlage. Wir erkennen Verschlei\u00df fr\u00fchzeitig \u2013 bevor Sch\u00e4den entstehen.<\/p>\n<p data-start=\"275\" data-end=\"511\" class=\"\"><strong data-start=\"275\" data-end=\"300\">Im St\u00f6rungsfall gilt:<\/strong><br data-start=\"300\" data-end=\"303\" \/>Wir sind rund um die Uhr f\u00fcr Sie erreichbar. Viele Probleme lassen sich bereits telefonisch kl\u00e4ren \u2013 andernfalls ist unser Serviceteam schnell vor Ort. Ersatzteile sind in der Regel direkt ab Lager verf\u00fcgbar.<\/p>\n<\/div>\n<div>\n<h3>Unterziehen Sie Ihr System regelm\u00e4\u00dfigen Wartungen:<\/h3>\n<div>\n<ul>\n<li>um Fehlfunktionen vorbeugend auszuschlie\u00dfen,<\/li>\n<li>Ausfallzeiten zu verhindern,<\/li>\n<li>Verschlei\u00df fr\u00fchzeitig erkennen und beheben zu k\u00f6nnen,<\/li>\n<li>Defekte zu vermeiden<\/li>\n<\/ul>\n<\/div>\n<\/div>\n<p><p>\n        <a href=\"#\">Kontakt aufnehmen<\/a>\n    <\/p>\n<\/p>\n<div>\n<h3>Ist der Schaden bereits eingetreten?<\/h3>\n<div>\n<ul>\n<li>Rufen Sie uns an, wir sind rund um die Uhr erreichbar.<\/li>\n<li>Soweit m\u00f6glich versuchen wir den Fehler telefonisch zu ermitteln.<\/li>\n<li>Sollte dieses nicht m\u00f6glich sein, ist unser Servicemitarbeiter schnell vor Ort.<\/li>\n<li>Ersatzteile, soweit erforderlich, sind ab Lager lieferbar.<\/li>\n<\/ul>\n<\/div>\n<\/div>\n<p><!--more--><br \/>\n<!-- {\"type\":\"layout\",\"children\":[{\"type\":\"section\",\"props\":{\"image\":\"wp-content\\\/uploads\\\/2025\\\/04\\\/briloner_web.jpg\",\"image_position\":\"center-center\",\"image_size\":\"cover\",\"media_overlay\":\"rgba(0, 0, 128, 0.82)\",\"style\":\"primary\",\"title_breakpoint\":\"xl\",\"title_position\":\"top-left\",\"title_rotation\":\"left\",\"vertical_align\":\"middle\",\"width\":\"large\"},\"children\":[{\"type\":\"row\",\"children\":[{\"type\":\"column\",\"props\":{\"image_position\":\"center-center\",\"position_sticky_breakpoint\":\"m\"},\"children\":[{\"type\":\"headline\",\"props\":{\"content\":\"Service &amp; Wartung\",\"title_element\":\"h1\"}},{\"type\":\"breadcrumbs\",\"props\":{\"show_current\":true,\"show_home\":true}}]}]}]},{\"type\":\"section\",\"props\":{\"image_position\":\"center-center\",\"style\":\"default\",\"title_breakpoint\":\"xl\",\"title_position\":\"top-left\",\"title_rotation\":\"left\",\"vertical_align\":\"middle\",\"width\":\"large\"},\"children\":[{\"type\":\"row\",\"children\":[{\"type\":\"column\",\"props\":{\"image_position\":\"center-center\",\"position_sticky_breakpoint\":\"m\"},\"children\":[{\"type\":\"fragment\",\"props\":{\"margin\":\"default\"},\"children\":[{\"type\":\"row\",\"props\":{\"layout\":\"2-3,1-3\"},\"children\":[{\"type\":\"column\",\"props\":{\"image_position\":\"center-center\",\"position_sticky_breakpoint\":\"m\",\"width_medium\":\"2-3\"},\"children\":[{\"type\":\"headline\",\"props\":{\"content\":\"Unser Service f\\u00fcr Sie\",\"title_element\":\"h1\"}},{\"type\":\"text\",\"props\":{\"column_breakpoint\":\"m\",\"content\":\"Wir unterst\\u00fctzen Sie von der ersten Beratung bis zur laufenden Betreuung: mit zuverl\\u00e4ssigem Service, schneller Ersatzteilversorgung, geschultem Personal und hoher Erreichbarkeit \\u2013 damit Ihre Anlagen dauerhaft sicher und effizient laufen.\",\"margin\":\"default\"}}]},{\"type\":\"column\",\"props\":{\"image_position\":\"center-center\",\"position_sticky_breakpoint\":\"m\",\"width_medium\":\"1-3\"}}]},{\"type\":\"row\",\"children\":[{\"type\":\"column\",\"props\":{\"image_position\":\"center-center\",\"position_sticky_breakpoint\":\"m\"},\"children\":[{\"type\":\"grid\",\"props\":{\"content_column_breakpoint\":\"m\",\"filter_align\":\"left\",\"filter_all\":true,\"filter_grid_breakpoint\":\"m\",\"filter_grid_width\":\"auto\",\"filter_position\":\"top\",\"filter_style\":\"tab\",\"grid_column_gap\":\"small\",\"grid_default\":\"1\",\"grid_medium\":\"4\",\"grid_row_gap\":\"medium\",\"grid_small\":\"2\",\"icon_width\":80,\"image_align\":\"top\",\"image_grid_breakpoint\":\"m\",\"image_grid_width\":\"1-2\",\"image_height\":60,\"image_svg_color\":\"emphasis\",\"item_animation\":true,\"lightbox_bg_close\":true,\"link_style\":\"default\",\"link_text\":\"Read more\",\"margin\":\"default\",\"meta_align\":\"below-title\",\"meta_element\":\"div\",\"meta_style\":\"text-meta\",\"panel_padding\":\"small\",\"panel_style\":\"card-secondary\",\"show_content\":true,\"show_hover_image\":true,\"show_hover_video\":true,\"show_image\":true,\"show_link\":true,\"show_meta\":true,\"show_title\":true,\"show_video\":true,\"title_align\":\"top\",\"title_element\":\"h4\",\"title_grid_breakpoint\":\"m\",\"title_grid_width\":\"1-2\",\"title_hover_style\":\"reset\",\"title_style\":\"h3\"},\"children\":[{\"type\":\"grid_item\",\"props\":{\"content\":\"\n\n<p>Wir gehen auf Ihre Bed\\u00fcrfnisse und Anforderungen ein und versuchen sie unkompliziert umzusetzen<\\\/p>\",\"image\":\"wp-content\\\/uploads\\\/2025\\\/03\\\/flexibel-icon.png\",\"title\":\"Flexibilit\\u00e4t\"}},{\"type\":\"grid_item\",\"props\":{\"content\":\"\n\n<ul>\\n\n\n<li>Alle Artikel auf Lager<\\\/li>\\n\n\n<li>Kurze Lieferzeiten f\\u00fcr Ersatzteile \\\/ Verbrauchsartikel<\\\/li>\\n<\\\/ul>\",\"image\":\"wp-content\\\/uploads\\\/2025\\\/03\\\/24-hours.png\",\"title\":\"Lagerhaltung\"}},{\"type\":\"grid_item\",\"props\":{\"content\":\"\n\n<p>Flexibler Einsatz unseres Servicepersonals bei Vorf\\u00fchrung \\\/ Wartung \\\/ Reparatur \\\/ Beratung<\\\/p>\",\"image\":\"wp-content\\\/uploads\\\/2025\\\/03\\\/service-icon.png\",\"title\":\"Servicepersonal\"}},{\"type\":\"grid_item\",\"props\":{\"content\":\"\n\n<p>Wir sind 24 Stunden am Tag, 7 Tage in der Woche und 365 Tage im Jahr f\\u00fcr Sie erreichbar<\\\/p>\",\"image\":\"wp-content\\\/uploads\\\/2025\\\/03\\\/24-stunden-icon.png\",\"title\":\"Erreichbarkeit\"}}]}]}]}]}]}]}]},{\"type\":\"section\",\"props\":{\"id\":\"wartung\",\"image_position\":\"center-center\",\"style\":\"muted\",\"title_breakpoint\":\"xl\",\"title_position\":\"top-left\",\"title_rotation\":\"left\",\"vertical_align\":\"middle\",\"width\":\"large\"},\"children\":[{\"type\":\"row\",\"props\":{\"layout\":\"2-3,1-3\"},\"children\":[{\"type\":\"column\",\"props\":{\"image_position\":\"center-center\",\"position_sticky_breakpoint\":\"m\",\"width_medium\":\"2-3\"},\"children\":[{\"type\":\"headline\",\"props\":{\"content\":\"Wartung\",\"title_element\":\"h1\"}},{\"type\":\"text\",\"props\":{\"column_breakpoint\":\"m\",\"content\":\"\n\n<p data-start=\\\"125\\\" data-end=\\\"273\\\" class=\\\"\\\">Regelm\\u00e4\\u00dfige Wartung sch\\u00fctzt vor Ausf\\u00e4llen und verl\\u00e4ngert die Lebensdauer Ihrer Anlage. Wir erkennen Verschlei\\u00df fr\\u00fchzeitig \\u2013 bevor Sch\\u00e4den entstehen.<\\\/p>\\n\n\n<p data-start=\\\"275\\\" data-end=\\\"511\\\" class=\\\"\\\"><strong data-start=\\\"275\\\" data-end=\\\"300\\\">Im St\\u00f6rungsfall gilt:<\\\/strong><br data-start=\\\"300\\\" data-end=\\\"303\\\" \\\/>Wir sind rund um die Uhr f\\u00fcr Sie erreichbar. Viele Probleme lassen sich bereits telefonisch kl\\u00e4ren \\u2013 andernfalls ist unser Serviceteam schnell vor Ort. Ersatzteile sind in der Regel direkt ab Lager verf\\u00fcgbar.<\\\/p>\",\"margin\":\"default\"}}]},{\"type\":\"column\",\"props\":{\"image_position\":\"center-center\",\"position_sticky_breakpoint\":\"m\",\"width_medium\":\"1-3\"}}]},{\"type\":\"row\",\"props\":{\"layout\":\"1-2,1-2\"},\"children\":[{\"type\":\"column\",\"props\":{\"image_position\":\"center-center\",\"position_sticky_breakpoint\":\"m\",\"width_medium\":\"1-2\"},\"children\":[{\"type\":\"panel\",\"props\":{\"content\":\"\n\n<ul>\\n\n\n<li>um Fehlfunktionen vorbeugend auszuschlie\\u00dfen,<\\\/li>\\n\n\n<li>Ausfallzeiten zu verhindern,<\\\/li>\\n\n\n<li>Verschlei\\u00df fr\\u00fchzeitig erkennen und beheben zu k\\u00f6nnen,<\\\/li>\\n\n\n<li>Defekte zu vermeiden<\\\/li>\\n<\\\/ul>\",\"content_column_breakpoint\":\"m\",\"icon_width\":80,\"image_align\":\"top\",\"image_grid_breakpoint\":\"m\",\"image_grid_width\":\"1-2\",\"image_svg_color\":\"emphasis\",\"link_style\":\"default\",\"link_text\":\"Read more\",\"margin\":\"default\",\"meta_align\":\"below-title\",\"meta_element\":\"div\",\"meta_style\":\"text-meta\",\"panel_padding\":\"small\",\"panel_style\":\"card-secondary\",\"title\":\"Unterziehen Sie Ihr System regelm\\u00e4\\u00dfigen Wartungen:\",\"title_align\":\"top\",\"title_element\":\"h3\",\"title_grid_breakpoint\":\"m\",\"title_grid_width\":\"1-2\",\"title_hover_style\":\"reset\",\"title_style\":\"h3\"}},{\"type\":\"button\",\"props\":{\"grid_column_gap\":\"small\",\"grid_row_gap\":\"small\",\"margin\":\"default\",\"text_align_breakpoint\":\"m\"},\"children\":[{\"type\":\"button_item\",\"props\":{\"button_style\":\"primary\",\"content\":\"Kontakt aufnehmen\",\"dialog_layout\":\"modal\",\"dialog_offcanvas_flip\":true,\"icon_align\":\"left\",\"link\":\"#\"}}]}]},{\"type\":\"column\",\"props\":{\"image_position\":\"center-center\",\"position_sticky_breakpoint\":\"m\",\"width_medium\":\"1-2\"},\"children\":[{\"type\":\"panel\",\"props\":{\"content\":\"\n\n<ul>\\n\n\n<li>Rufen Sie uns an, wir sind rund um die Uhr erreichbar.<\\\/li>\\n\n\n<li>Soweit m\\u00f6glich versuchen wir den Fehler telefonisch zu ermitteln.<\\\/li>\\n\n\n<li>Sollte dieses nicht m\\u00f6glich sein, ist unser Servicemitarbeiter schnell vor Ort.<\\\/li>\\n\n\n<li>Ersatzteile, soweit erforderlich, sind ab Lager lieferbar.<\\\/li>\\n<\\\/ul>\",\"content_column_breakpoint\":\"m\",\"icon_width\":80,\"image_align\":\"top\",\"image_grid_breakpoint\":\"m\",\"image_grid_width\":\"1-2\",\"image_svg_color\":\"emphasis\",\"link_style\":\"default\",\"link_text\":\"Read more\",\"margin\":\"default\",\"meta_align\":\"below-title\",\"meta_element\":\"div\",\"meta_style\":\"text-meta\",\"panel_padding\":\"small\",\"panel_style\":\"card-secondary\",\"title\":\"Ist der Schaden bereits eingetreten?\",\"title_align\":\"top\",\"title_element\":\"h3\",\"title_grid_breakpoint\":\"m\",\"title_grid_width\":\"1-2\",\"title_hover_style\":\"reset\",\"title_style\":\"h3\"}}]}]}]}],\"version\":\"4.5.11\"} --><\/p>\n","protected":false},"excerpt":{"rendered":"<p>Service &amp; Wartung Unser Service f\u00fcr Sie Wir unterst\u00fctzen Sie von der ersten Beratung bis zur laufenden Betreuung: mit zuverl\u00e4ssigem Service, schneller Ersatzteilversorgung, geschultem Personal und hoher Erreichbarkeit \u2013 damit Ihre Anlagen dauerhaft sicher und effizient laufen. Flexibilit\u00e4t Wir gehen auf Ihre Bed\u00fcrfnisse und Anforderungen ein und versuchen sie unkompliziert umzusetzen Lagerhaltung Alle Artikel auf [&hellip;]<\/p>\n","protected":false},"author":1,"featured_media":0,"parent":0,"menu_order":0,"comment_status":"closed","ping_status":"closed","template":"","meta":{"_acf_changed":false,"footnotes":""},"class_list":["post-2290","page","type-page","status-publish","hentry"],"acf":[],"_links":{"self":[{"href":"https:\/\/joerns-gmbh.com\/en\/wp-json\/wp\/v2\/pages\/2290","targetHints":{"allow":["GET"]}}],"collection":[{"href":"https:\/\/joerns-gmbh.com\/en\/wp-json\/wp\/v2\/pages"}],"about":[{"href":"https:\/\/joerns-gmbh.com\/en\/wp-json\/wp\/v2\/types\/page"}],"author":[{"embeddable":true,"href":"https:\/\/joerns-gmbh.com\/en\/wp-json\/wp\/v2\/users\/1"}],"replies":[{"embeddable":true,"href":"https:\/\/joerns-gmbh.com\/en\/wp-json\/wp\/v2\/comments?post=2290"}],"version-history":[{"count":28,"href":"https:\/\/joerns-gmbh.com\/en\/wp-json\/wp\/v2\/pages\/2290\/revisions"}],"predecessor-version":[{"id":3097,"href":"https:\/\/joerns-gmbh.com\/en\/wp-json\/wp\/v2\/pages\/2290\/revisions\/3097"}],"wp:attachment":[{"href":"https:\/\/joerns-gmbh.com\/en\/wp-json\/wp\/v2\/media?parent=2290"}],"curies":[{"name":"wp","href":"https:\/\/api.w.org\/{rel}","templated":true}]}}