{"id":2284,"date":"2025-04-07T12:49:38","date_gmt":"2025-04-07T12:49:38","guid":{"rendered":"https:\/\/joerns-gmbh.com\/?page_id=2284"},"modified":"2026-02-24T14:06:34","modified_gmt":"2026-02-24T13:06:34","slug":"uber-uns","status":"publish","type":"page","link":"https:\/\/joerns-gmbh.com\/en\/uber-uns\/","title":{"rendered":"About us"},"content":{"rendered":"<h1>Die JOERNS GmbH<\/h1>\n<h1>\u00dcber uns<\/h1>\n<div>\n<p data-start=\"224\" data-end=\"570\" class=\"\">Die JOERNS GmbH ist seit \u00fcber 30 Jahren verl\u00e4sslicher Partner f\u00fcr hochwertige Fertigungseinrichtungen und moderne Absaugsysteme in der Elektronikindustrie. Von der Handl\u00f6ttechnik \u00fcber effiziente Rework-Stationen bis hin zu digitalisierten Absaugl\u00f6sungen f\u00fcr z.\u202fB. Laseranwendungen \u2013 unser breites Produktspektrum deckt s\u00e4mtliche Anforderungen ab.<\/p>\n<\/div>\n<div>\n<h3>Schnelle Lieferzeiten garantiert!<\/h3>\n<div>\n<p>Dank eines gut gef\u00fcllten Lagers garantieren wir kurze Lieferzeiten \u2013 viele Bestellungen verlassen unser Haus bereits am n\u00e4chsten Tag.<\/p>\n<\/div>\n<\/div>\n<div>\n<h4 data-start=\"707\" data-end=\"945\">Unsere St\u00e4rke liegt in der <strong>individuellen Kundenbetreuung<\/strong>:<\/h4>\n<p data-start=\"707\" data-end=\"945\" class=\"\">Wir entwickeln ma\u00dfgeschneiderte L\u00f6sungen f\u00fcr spezifische Applikationen und stehen unseren Kunden mit fachlicher Kompetenz, pers\u00f6nlichem Service und langlebigen Produkten zur Seite.<\/p>\n<p data-start=\"947\" data-end=\"1201\" class=\"\">Namhafte Unternehmen aus Branchen wie Raumfahrt, Automotive, Medizintechnik, Maschinenbau, Optoelektronik und vielen mehr vertrauen auf unsere Expertise \u2013 von kleinen Betrieben bis zu internationalen Konzernen. Europaweit im Einsatz, immer auf Augenh\u00f6he.<\/p>\n<\/div>\n<p><p>\n        <a href=\"\/produktpalette\/\">Unsere Produktpalette<\/a>\n    <\/p>\n<\/p>\n<div>\n<p>        <img decoding=\"async\" src=\"\/wp-content\/uploads\/2025\/04\/briloner_web.jpg\" alt=\"\"><\/p>\n<h3>JOERNS GmbH<\/h3>\n<div>\n<p>Briloner Stra\u00dfe 21<br \/>DE &#8211; 34454 Bad Arolsen<br \/>Tel.: +49 (0) 5691-6287-0<br \/>Mob.: +49 (0) 151 &#8211; 2295 4587<br \/>E-mail: <a href=\"mailto:info@joerns-gmbh.com\">info@joerns-gmbh.com<\/a><\/p>\n<\/div>\n<p><a href=\"https:\/\/maps.app.goo.gl\/YQe8SHs7y4x9xSpDA\">Route berechnen<\/a><\/p>\n<\/div>\n<p><!--more--><br \/>\n<!-- {\"type\":\"layout\",\"children\":[{\"type\":\"section\",\"props\":{\"image\":\"wp-content\\\/uploads\\\/2025\\\/04\\\/briloner_web.jpg\",\"image_position\":\"center-center\",\"image_size\":\"cover\",\"media_overlay\":\"rgba(0, 0, 128, 0.82)\",\"style\":\"primary\",\"title_breakpoint\":\"xl\",\"title_position\":\"top-left\",\"title_rotation\":\"left\",\"vertical_align\":\"middle\",\"width\":\"large\"},\"children\":[{\"type\":\"row\",\"children\":[{\"type\":\"column\",\"props\":{\"image_position\":\"center-center\",\"position_sticky_breakpoint\":\"m\"},\"children\":[{\"type\":\"headline\",\"props\":{\"content\":\"Die JOERNS GmbH\",\"title_element\":\"h1\"}},{\"type\":\"breadcrumbs\",\"props\":{\"show_current\":true,\"show_home\":true}}]}]}]},{\"type\":\"section\",\"props\":{\"image_position\":\"center-center\",\"style\":\"muted\",\"title_breakpoint\":\"xl\",\"title_position\":\"top-left\",\"title_rotation\":\"left\",\"vertical_align\":\"middle\",\"width\":\"large\"},\"children\":[{\"type\":\"row\",\"children\":[{\"type\":\"column\",\"props\":{\"image_position\":\"center-center\",\"position_sticky_breakpoint\":\"m\"},\"children\":[{\"type\":\"fragment\",\"props\":{\"margin\":\"default\"},\"children\":[{\"type\":\"row\",\"props\":{\"layout\":\"3-5,2-5\"},\"children\":[{\"type\":\"column\",\"props\":{\"image_position\":\"center-center\",\"position_sticky_breakpoint\":\"m\",\"width_medium\":\"3-5\"},\"children\":[{\"type\":\"headline\",\"props\":{\"content\":\"\\u00dcber uns\",\"title_element\":\"h1\",\"title_style\":\"h1\"}},{\"type\":\"text\",\"props\":{\"column_breakpoint\":\"m\",\"content\":\"\n\n<p data-start=\\\"224\\\" data-end=\\\"570\\\" class=\\\"\\\">Die JOERNS GmbH ist seit \\u00fcber 30 Jahren verl\\u00e4sslicher Partner f\\u00fcr hochwertige Fertigungseinrichtungen und moderne Absaugsysteme in der Elektronikindustrie. Von der Handl\\u00f6ttechnik \\u00fcber effiziente Rework-Stationen bis hin zu digitalisierten Absaugl\\u00f6sungen f\\u00fcr z.\\u202fB. Laseranwendungen \\u2013 unser breites Produktspektrum deckt s\\u00e4mtliche Anforderungen ab.<\\\/p>\",\"margin\":\"default\"}},{\"type\":\"fragment\",\"props\":{\"margin\":\"default\"},\"children\":[{\"type\":\"row\",\"children\":[{\"type\":\"column\",\"props\":{\"image_position\":\"center-center\",\"position_sticky_breakpoint\":\"m\"},\"children\":[{\"type\":\"panel\",\"props\":{\"content\":\"\n\n<p>Dank eines gut gef\\u00fcllten Lagers garantieren wir kurze Lieferzeiten \\u2013 viele Bestellungen verlassen unser Haus bereits am n\\u00e4chsten Tag.<\\\/p>\",\"content_column_breakpoint\":\"m\",\"css\":\".el-element{\\n    background:white;\\n}\",\"icon_width\":80,\"image_align\":\"top\",\"image_grid_breakpoint\":\"m\",\"image_grid_width\":\"1-2\",\"image_svg_color\":\"emphasis\",\"link_style\":\"default\",\"link_text\":\"Read more\",\"margin\":\"default\",\"meta_align\":\"below-title\",\"meta_element\":\"div\",\"meta_style\":\"text-meta\",\"panel_padding\":\"small\",\"panel_style\":\"card-secondary\",\"title\":\"Schnelle Lieferzeiten garantiert!\",\"title_align\":\"top\",\"title_element\":\"h3\",\"title_grid_breakpoint\":\"m\",\"title_grid_width\":\"1-2\",\"title_hover_style\":\"reset\"},\"name\":\"schnelle lieferzeiten\"}]}]}]},{\"type\":\"text\",\"props\":{\"column_breakpoint\":\"m\",\"content\":\"\n\n<h4 data-start=\\\"707\\\" data-end=\\\"945\\\">Unsere St\\u00e4rke liegt in der <strong>individuellen Kundenbetreuung<\\\/strong>:<\\\/h4>\\n\n\n<p data-start=\\\"707\\\" data-end=\\\"945\\\" class=\\\"\\\">Wir entwickeln ma\\u00dfgeschneiderte L\\u00f6sungen f\\u00fcr spezifische Applikationen und stehen unseren Kunden mit fachlicher Kompetenz, pers\\u00f6nlichem Service und langlebigen Produkten zur Seite.<\\\/p>\\n\n\n<p data-start=\\\"947\\\" data-end=\\\"1201\\\" class=\\\"\\\">Namhafte Unternehmen aus Branchen wie Raumfahrt, Automotive, Medizintechnik, Maschinenbau, Optoelektronik und vielen mehr vertrauen auf unsere Expertise \\u2013 von kleinen Betrieben bis zu internationalen Konzernen. Europaweit im Einsatz, immer auf Augenh\\u00f6he.<\\\/p>\",\"margin\":\"default\"}},{\"type\":\"button\",\"props\":{\"grid_column_gap\":\"small\",\"grid_row_gap\":\"small\",\"margin\":\"default\"},\"children\":[{\"type\":\"button_item\",\"props\":{\"button_style\":\"primary\",\"content\":\"Unsere Produktpalette\",\"dialog_layout\":\"modal\",\"dialog_offcanvas_flip\":true,\"icon_align\":\"left\",\"link\":\"produktpalette\\\/\"}}],\"name\":\"button\"}]},{\"type\":\"column\",\"props\":{\"image_position\":\"center-center\",\"position_sticky_breakpoint\":\"m\",\"width_medium\":\"2-5\"},\"children\":[{\"type\":\"panel\",\"props\":{\"content\":\"\n\n<p>Briloner Stra\\u00dfe 21<br \\\/>DE - 34454 Bad Arolsen<br \\\/>Tel.: +49 (0) 5691-6287-0<br \\\/>Mob.: +49 (0) 151 - 2295 4587<br \\\/>E-mail: <a href=\\\"mailto:info@joerns-gmbh.com\\\">info@joerns-gmbh.com<\\\/a><\\\/p>\",\"content_column_breakpoint\":\"m\",\"icon_width\":80,\"image\":\"wp-content\\\/uploads\\\/2025\\\/04\\\/briloner_web.jpg\",\"image_align\":\"top\",\"image_grid_breakpoint\":\"m\",\"image_grid_width\":\"3-5\",\"image_svg_color\":\"emphasis\",\"image_width\":800,\"link\":\"https:\\\/\\\/maps.app.goo.gl\\\/YQe8SHs7y4x9xSpDA\",\"link_style\":\"primary\",\"link_target\":true,\"link_text\":\"Route berechnen\",\"margin\":\"default\",\"meta_align\":\"below-title\",\"meta_element\":\"div\",\"meta_style\":\"text-meta\",\"panel_padding\":\"small\",\"panel_style\":\"card-default\",\"title\":\"JOERNS GmbH\",\"title_align\":\"top\",\"title_element\":\"h3\",\"title_grid_breakpoint\":\"m\",\"title_grid_width\":\"1-2\",\"title_hover_style\":\"reset\",\"title_style\":\"h3\"},\"name\":\"ueberuns\"}]}]}]}]}]}]}],\"version\":\"4.5.11\"} --><\/p>\n","protected":false},"excerpt":{"rendered":"<p>Die JOERNS GmbH \u00dcber uns Die JOERNS GmbH ist seit \u00fcber 30 Jahren verl\u00e4sslicher Partner f\u00fcr hochwertige Fertigungseinrichtungen und moderne Absaugsysteme in der Elektronikindustrie. Von der Handl\u00f6ttechnik \u00fcber effiziente Rework-Stationen bis hin zu digitalisierten Absaugl\u00f6sungen f\u00fcr z.\u202fB. Laseranwendungen \u2013 unser breites Produktspektrum deckt s\u00e4mtliche Anforderungen ab. Schnelle Lieferzeiten garantiert! Dank eines gut gef\u00fcllten Lagers garantieren [&hellip;]<\/p>\n","protected":false},"author":1,"featured_media":0,"parent":0,"menu_order":0,"comment_status":"closed","ping_status":"closed","template":"","meta":{"_acf_changed":false,"footnotes":""},"class_list":["post-2284","page","type-page","status-publish","hentry"],"acf":[],"_links":{"self":[{"href":"https:\/\/joerns-gmbh.com\/en\/wp-json\/wp\/v2\/pages\/2284","targetHints":{"allow":["GET"]}}],"collection":[{"href":"https:\/\/joerns-gmbh.com\/en\/wp-json\/wp\/v2\/pages"}],"about":[{"href":"https:\/\/joerns-gmbh.com\/en\/wp-json\/wp\/v2\/types\/page"}],"author":[{"embeddable":true,"href":"https:\/\/joerns-gmbh.com\/en\/wp-json\/wp\/v2\/users\/1"}],"replies":[{"embeddable":true,"href":"https:\/\/joerns-gmbh.com\/en\/wp-json\/wp\/v2\/comments?post=2284"}],"version-history":[{"count":20,"href":"https:\/\/joerns-gmbh.com\/en\/wp-json\/wp\/v2\/pages\/2284\/revisions"}],"predecessor-version":[{"id":3136,"href":"https:\/\/joerns-gmbh.com\/en\/wp-json\/wp\/v2\/pages\/2284\/revisions\/3136"}],"wp:attachment":[{"href":"https:\/\/joerns-gmbh.com\/en\/wp-json\/wp\/v2\/media?parent=2284"}],"curies":[{"name":"wp","href":"https:\/\/api.w.org\/{rel}","templated":true}]}}