{"id":2264,"date":"2025-04-07T12:26:09","date_gmt":"2025-04-07T12:26:09","guid":{"rendered":"https:\/\/joerns-gmbh.com\/?page_id=2264"},"modified":"2026-02-05T15:17:44","modified_gmt":"2026-02-05T14:17:44","slug":"absaugsysteme-konfiguration","status":"publish","type":"page","link":"https:\/\/joerns-gmbh.com\/en\/absaugsysteme-2\/absaugsysteme-konfiguration\/","title":{"rendered":"Configuration"},"content":{"rendered":"<h1>Rauch- Gas- und Staub- Absaugsysteme<\/h1>\n<h3>Konfiguration<\/h3>\n<ul>\n<li>\n<p>        <img decoding=\"async\" src=\"\/wp-content\/uploads\/2025\/04\/systemausw.jpg\" alt=\"\"><\/p>\n<h4>1. Systemauswahl<\/h4>\n<div>Die Auswahl des richtigen Models ist \u00e4u\u00dferst wichtig, damit eine ausreichende Absaugrate und die optimale Filtration gew\u00e4hrleistet werden.<\/div>\n<\/li>\n<li>\n<p>        <img decoding=\"async\" src=\"\/wp-content\/uploads\/2025\/04\/vol_vac.jpg\" alt=\"\"><\/p>\n<h4>2. Volumenstrom- oder Vakuum- Regelung<\/h4>\n<div>Digitale Absaugsysteme sind mit Volumenstrom- oder Vakuumregelung erh\u00e4ltlich. F\u00fcr Kolben- Punkt- und Armabsaugung sollte Vakuumregelung gew\u00e4hlt werden. F\u00fcr Laser- und Maschinenabsaugung ist die Volumenstromregelung vorgesehen.<\/div>\n<\/li>\n<li>\n<p>        <img decoding=\"async\" src=\"\/wp-content\/uploads\/2025\/04\/vorfilter.jpg\" alt=\"\"><\/p>\n<h4>3. Vorfilterauswahl<\/h4>\n<div>Vorfilter sch\u00fctzen die Hauptfilter vor vorzeitiger S\u00e4ttigung. Je nach Anwendung ist eine gro\u00dfe Auswahl an Vorfiltervariationen verf\u00fcgbar.<\/div>\n<\/li>\n<li>\n<p>        <img decoding=\"async\" src=\"\/wp-content\/uploads\/2025\/04\/hauptfilter.jpg\" alt=\"\"><\/p>\n<h4>4. Hauptfilterauswahl<\/h4>\n<div>Je nach Anwendung ist eine gro\u00dfe Auswahl an Hauptfilterkombinationen verf\u00fcgbar. F\u00fcr spezielle Anwendungen k\u00f6nnen Sonderfilter angeboten werden.<\/div>\n<\/li>\n<li>\n<p>        <img decoding=\"async\" src=\"\/wp-content\/uploads\/2025\/04\/anschlussset.gif\" alt=\"\"><\/p>\n<h4>5. Anschlussset<\/h4>\n<div>\nVerrohrung oder Schlauchanschluss der Absaugsysteme an Laser, Reflow\u00f6fen, Wellenl\u00f6tmaschinen, Arbeitspl\u00e4tzen etc.<\/div>\n<\/li>\n<\/ul>\n<h3>Optionen, Zubeh\u00f6r &#038; Service<\/h3>\n<ul>\n<li>\n<p>        <img decoding=\"async\" src=\"\/wp-content\/uploads\/2025\/04\/inlinefilter.jpg\" alt=\"\"><\/p>\n<h4>6. Inlinefilter<\/h4>\n<div>Einige Anwendungen erfordern zus\u00e4tzliche Filterkapazit\u00e4t. Der Inlinefilter kann die Lebensdauer der Labyrinth Balgensackvorfilter erheblich verl\u00e4ngern.<\/div>\n<\/li>\n<li>\n<p>        <img decoding=\"async\" src=\"\/wp-content\/uploads\/2025\/04\/anschluss.gif\" alt=\"\"><\/p>\n<h4>7. Rohr- und Schlauchanschl\u00fcsse<\/h4>\n<div>\nZum Anschluss von Absaugarmen, Maschinen oder Lasern.<\/div>\n<\/li>\n<li>\n<p>        <img decoding=\"async\" src=\"\/wp-content\/uploads\/2025\/04\/zubehoer.jpg\" alt=\"\"><\/p>\n<h4>8. Zubeh\u00f6r<\/h4>\n<div>\nAls Zubeh\u00f6r stehen D\u00fcsen, Hutzen, Hauben, Laseradapter, Ventile, flexible Edelstahlarme, Tischklemmhalter, und vieles mehr zur Verf\u00fcgung.<\/div>\n<\/li>\n<li>\n<p>        <img decoding=\"async\" src=\"\/wp-content\/uploads\/2025\/04\/schnittst.gif\" alt=\"\"><\/p>\n<h4>9. Schnittstellenverbindung<\/h4>\n<div>\nDie Systeme bieten Schnittstellen zur Korrespondenz mit angeschlossenen Maschinen- oder Lasersteuerungen. Zu den Optionen geh\u00f6ren: ON \/ OFF- Steuerung und St\u00f6rungssignale.<\/div>\n<\/li>\n<li>\n<p>        <img decoding=\"async\" src=\"\/wp-content\/uploads\/2025\/04\/installation.jpg\" alt=\"\"><\/p>\n<h4>10. Installation<\/h4>\n<div>\nKorrekte Installation ist unerl\u00e4sslich, um die Einhaltung von Gesundheits- und Sicherheitsvorschriften zu gew\u00e4hrleisten sowie Mitarbeiter und Prozess optimal zu sch\u00fctzen.<\/div>\n<\/li>\n<li>\n<p>        <img decoding=\"async\" src=\"\/wp-content\/uploads\/2025\/04\/service.jpg\" alt=\"\"><\/p>\n<h4>11. Service<\/h4>\n<div>\nWartung und Instandhaltung sind wichtig, um die Einhaltung von Gesundheits- und Sicherheitsvorschriften zu gew\u00e4hrleisten, Mitarbeiter und Prozess optimal zu sch\u00fctzen sowie Ausfallzeiten zu vermeiden.<\/div>\n<\/li>\n<\/ul>\n<div>\n<\/div>\n<div>\n<h3>Sie haben Fragen?<\/h3>\n<div>\n<p>Kontaktieren Sie uns gerne. Wir sind durchgehend f\u00fcr Sie erreichbar.<\/p>\n<\/div>\n<p><a href=\"tel:+490569162870\">+49(0) 5691-6287-0<\/a><\/p>\n<\/div>\n<p><!--more--><br \/>\n<!-- {\"type\":\"layout\",\"children\":[{\"type\":\"section\",\"props\":{\"image\":\"wp-content\\\/uploads\\\/2025\\\/04\\\/briloner_web.jpg\",\"image_position\":\"center-center\",\"image_size\":\"cover\",\"media_overlay\":\"rgba(0, 0, 128, 0.82)\",\"padding\":\"small\",\"preserve_color\":false,\"style\":\"primary\",\"text_color\":\"light\",\"title_breakpoint\":\"xl\",\"title_position\":\"top-left\",\"title_rotation\":\"left\",\"vertical_align\":\"middle\",\"width\":\"large\"},\"children\":[{\"type\":\"row\",\"children\":[{\"type\":\"column\",\"props\":{\"image_position\":\"center-center\",\"position_sticky_breakpoint\":\"m\"},\"children\":[{\"type\":\"headline\",\"props\":{\"content\":\"Rauch- Gas- und Staub- Absaugsysteme\",\"css\":\"\\\/* Hide element if the viewport width is 600px or less *\\\/\\n@media screen and (max-width: 600px) {\\n  .el-element {\\n    font-size: 20px;\\n  }\\n}\",\"title_decoration\":\"line\",\"title_element\":\"h1\"}},{\"type\":\"breadcrumbs\",\"props\":{\"show_current\":true,\"show_home\":true}}]}]}]},{\"type\":\"section\",\"props\":{\"image_position\":\"center-center\",\"style\":\"muted\",\"title_breakpoint\":\"xl\",\"title_position\":\"top-left\",\"title_rotation\":\"left\",\"vertical_align\":\"middle\",\"width\":\"large\"},\"children\":[{\"type\":\"row\",\"props\":{\"column_gap\":\"medium\",\"layout\":\"3-4,1-4\"},\"children\":[{\"type\":\"column\",\"props\":{\"image_position\":\"center-center\",\"position_sticky_breakpoint\":\"m\",\"style\":\"card-default\",\"width_medium\":\"3-4\"},\"children\":[{\"type\":\"fragment\",\"props\":{\"margin\":\"default\"},\"children\":[{\"type\":\"row\",\"props\":{\"column_gap\":\"small\",\"row_gap\":\"small\"},\"children\":[{\"type\":\"column\",\"props\":{\"image_position\":\"center-center\",\"padding\":\"small\",\"position_sticky_breakpoint\":\"m\"},\"children\":[{\"type\":\"headline\",\"props\":{\"content\":\"Konfiguration\",\"title_element\":\"h3\",\"title_style\":\"h2\"}},{\"type\":\"grid\",\"props\":{\"content_column_breakpoint\":\"m\",\"content_margin\":\"small\",\"filter_align\":\"left\",\"filter_all\":true,\"filter_grid_breakpoint\":\"m\",\"filter_grid_width\":\"auto\",\"filter_position\":\"top\",\"filter_style\":\"tab\",\"grid_column_gap\":\"medium\",\"grid_default\":\"1\",\"grid_medium\":\"2\",\"grid_row_gap\":\"medium\",\"icon_width\":80,\"image_align\":\"top\",\"image_grid_breakpoint\":\"m\",\"image_grid_width\":\"1-2\",\"image_svg_color\":\"emphasis\",\"item_animation\":true,\"lightbox_bg_close\":true,\"link_style\":\"default\",\"link_text\":\"Read more\",\"margin\":\"default\",\"meta_align\":\"below-title\",\"meta_element\":\"div\",\"meta_style\":\"text-meta\",\"panel_padding\":\"small\",\"panel_style\":\"card-secondary\",\"show_content\":true,\"show_hover_image\":true,\"show_hover_video\":true,\"show_image\":true,\"show_link\":true,\"show_meta\":true,\"show_title\":true,\"show_video\":true,\"title_align\":\"top\",\"title_element\":\"h4\",\"title_grid_breakpoint\":\"m\",\"title_grid_width\":\"1-2\",\"title_hover_style\":\"reset\",\"title_style\":\"h4\"},\"children\":[{\"type\":\"grid_item\",\"props\":{\"content\":\"Die Auswahl des richtigen Models ist \\u00e4u\\u00dferst wichtig, damit eine ausreichende Absaugrate und die optimale Filtration gew\\u00e4hrleistet werden.\",\"image\":\"wp-content\\\/uploads\\\/2025\\\/04\\\/systemausw.jpg\",\"title\":\"1. Systemauswahl\"}},{\"type\":\"grid_item\",\"props\":{\"content\":\"Digitale Absaugsysteme sind mit Volumenstrom- oder Vakuumregelung erh\\u00e4ltlich. F\\u00fcr Kolben- Punkt- und Armabsaugung sollte Vakuumregelung gew\\u00e4hlt werden. F\\u00fcr Laser- und Maschinenabsaugung ist die Volumenstromregelung vorgesehen.\",\"image\":\"wp-content\\\/uploads\\\/2025\\\/04\\\/vol_vac.jpg\",\"title\":\"2. Volumenstrom- oder Vakuum- Regelung\"}},{\"type\":\"grid_item\",\"props\":{\"content\":\"Vorfilter sch\\u00fctzen die Hauptfilter vor vorzeitiger S\\u00e4ttigung. Je nach Anwendung ist eine gro\\u00dfe Auswahl an Vorfiltervariationen verf\\u00fcgbar.\",\"image\":\"wp-content\\\/uploads\\\/2025\\\/04\\\/vorfilter.jpg\",\"title\":\"3. Vorfilterauswahl\"}},{\"type\":\"grid_item\",\"props\":{\"content\":\"Je nach Anwendung ist eine gro\\u00dfe Auswahl an Hauptfilterkombinationen verf\\u00fcgbar. F\\u00fcr spezielle Anwendungen k\\u00f6nnen Sonderfilter angeboten werden.\",\"image\":\"wp-content\\\/uploads\\\/2025\\\/04\\\/hauptfilter.jpg\",\"title\":\"4. Hauptfilterauswahl\"}},{\"type\":\"grid_item\",\"props\":{\"content\":\"\\nVerrohrung oder Schlauchanschluss der Absaugsysteme an Laser, Reflow\\u00f6fen, Wellenl\\u00f6tmaschinen, Arbeitspl\\u00e4tzen etc.\",\"image\":\"wp-content\\\/uploads\\\/2025\\\/04\\\/anschlussset.gif\",\"title\":\"5. Anschlussset\"}}]}]}]},{\"type\":\"row\",\"children\":[{\"type\":\"column\",\"props\":{\"image_position\":\"center-center\",\"position_sticky_breakpoint\":\"m\"},\"children\":[{\"type\":\"headline\",\"props\":{\"content\":\"Optionen, Zubeh\\u00f6r & Service\",\"title_element\":\"h3\",\"title_style\":\"h2\"}},{\"type\":\"grid\",\"props\":{\"content_column_breakpoint\":\"m\",\"content_margin\":\"small\",\"filter_align\":\"left\",\"filter_all\":true,\"filter_grid_breakpoint\":\"m\",\"filter_grid_width\":\"auto\",\"filter_position\":\"top\",\"filter_style\":\"tab\",\"grid_column_gap\":\"medium\",\"grid_default\":\"1\",\"grid_medium\":\"2\",\"grid_row_gap\":\"medium\",\"icon_width\":80,\"image_align\":\"top\",\"image_grid_breakpoint\":\"m\",\"image_grid_width\":\"1-2\",\"image_svg_color\":\"emphasis\",\"item_animation\":true,\"lightbox_bg_close\":true,\"link_style\":\"default\",\"link_text\":\"Read more\",\"margin\":\"default\",\"meta_align\":\"below-title\",\"meta_element\":\"div\",\"meta_style\":\"text-meta\",\"panel_padding\":\"small\",\"panel_style\":\"card-secondary\",\"show_content\":true,\"show_hover_image\":true,\"show_hover_video\":true,\"show_image\":true,\"show_link\":true,\"show_meta\":true,\"show_title\":true,\"show_video\":true,\"title_align\":\"top\",\"title_element\":\"h4\",\"title_grid_breakpoint\":\"m\",\"title_grid_width\":\"1-2\",\"title_hover_style\":\"reset\",\"title_style\":\"h4\"},\"children\":[{\"type\":\"grid_item\",\"props\":{\"content\":\"Einige Anwendungen erfordern zus\\u00e4tzliche Filterkapazit\\u00e4t. Der Inlinefilter kann die Lebensdauer der Labyrinth Balgensackvorfilter erheblich verl\\u00e4ngern.\",\"image\":\"wp-content\\\/uploads\\\/2025\\\/04\\\/inlinefilter.jpg\",\"title\":\"6. Inlinefilter\"}},{\"type\":\"grid_item\",\"props\":{\"content\":\"\\nZum Anschluss von Absaugarmen, Maschinen oder Lasern.\",\"image\":\"wp-content\\\/uploads\\\/2025\\\/04\\\/anschluss.gif\",\"title\":\"7. Rohr- und Schlauchanschl\\u00fcsse\"}},{\"type\":\"grid_item\",\"props\":{\"content\":\"\\nAls Zubeh\\u00f6r stehen D\\u00fcsen, Hutzen, Hauben, Laseradapter, Ventile, flexible Edelstahlarme, Tischklemmhalter, und vieles mehr zur Verf\\u00fcgung.\",\"image\":\"wp-content\\\/uploads\\\/2025\\\/04\\\/zubehoer.jpg\",\"title\":\"8. Zubeh\\u00f6r\"}},{\"type\":\"grid_item\",\"props\":{\"content\":\"\\nDie Systeme bieten Schnittstellen zur Korrespondenz mit angeschlossenen Maschinen- oder Lasersteuerungen. Zu den Optionen geh\\u00f6ren: ON \\\/ OFF- Steuerung und St\\u00f6rungssignale.\",\"image\":\"wp-content\\\/uploads\\\/2025\\\/04\\\/schnittst.gif\",\"title\":\"9. Schnittstellenverbindung\"}},{\"type\":\"grid_item\",\"props\":{\"content\":\"\\nKorrekte Installation ist unerl\\u00e4sslich, um die Einhaltung von Gesundheits- und Sicherheitsvorschriften zu gew\\u00e4hrleisten sowie Mitarbeiter und Prozess optimal zu sch\\u00fctzen.\",\"image\":\"wp-content\\\/uploads\\\/2025\\\/04\\\/installation.jpg\",\"title\":\"10. Installation\"}},{\"type\":\"grid_item\",\"props\":{\"content\":\"\\nWartung und Instandhaltung sind wichtig, um die Einhaltung von Gesundheits- und Sicherheitsvorschriften zu gew\\u00e4hrleisten, Mitarbeiter und Prozess optimal zu sch\\u00fctzen sowie Ausfallzeiten zu vermeiden.\",\"image\":\"wp-content\\\/uploads\\\/2025\\\/04\\\/service.jpg\",\"title\":\"11. Service\"}}]}]}]}]}]},{\"type\":\"column\",\"props\":{\"image_position\":\"center-center\",\"position_sticky\":\"section\",\"position_sticky_breakpoint\":\"m\",\"position_sticky_offset\":\"20px\",\"width_medium\":\"1-4\"},\"children\":[{\"type\":\"grid\",\"props\":{\"class\":\"uk-card-default uk-card-body\",\"content_column_breakpoint\":\"m\",\"css\":\".el-title{\\n    font-size:17px;\\n}\\n\\n.el-element{\\n    background:#f5f4f4;\\n    border:10px solid white;\\n    border-radius:5px;\\n    padding:30px 30px;\\n}\",\"filter_align\":\"left\",\"filter_all\":true,\"filter_grid_breakpoint\":\"m\",\"filter_grid_width\":\"auto\",\"filter_position\":\"top\",\"filter_style\":\"tab\",\"grid_column_gap\":\"small\",\"grid_default\":\"1\",\"grid_divider\":true,\"grid_medium\":\"1\",\"grid_row_gap\":\"small\",\"icon_width\":80,\"image_align\":\"top\",\"image_grid_breakpoint\":\"m\",\"image_grid_width\":\"1-2\",\"image_svg_color\":\"emphasis\",\"item_animation\":true,\"lightbox_bg_close\":true,\"link_style\":\"default\",\"link_text\":\"\",\"margin\":\"default\",\"meta_align\":\"below-title\",\"meta_element\":\"div\",\"meta_style\":\"text-meta\",\"panel_link\":true,\"show_content\":true,\"show_hover_image\":true,\"show_hover_video\":true,\"show_image\":true,\"show_link\":true,\"show_meta\":true,\"show_title\":true,\"show_video\":true,\"title_align\":\"top\",\"title_element\":\"h3\",\"title_grid_breakpoint\":\"m\",\"title_grid_width\":\"1-2\",\"title_hover_style\":\"reset\",\"title_style\":\"h4\"},\"children\":[{\"type\":\"grid_item\",\"source\":{\"query\":{\"name\":\"pages.customPages\",\"arguments\":{\"users\":[],\"users_operator\":\"IN\",\"offset\":0,\"limit\":25,\"order\":\"date\",\"order_direction\":\"ASC\"}},\"props\":{\"title\":{\"name\":\"title\"},\"_condition\":{\"name\":\"parent.title\",\"filters\":{\"condition\":\"=\",\"condition_value\":\"Absaugsysteme\"}},\"link\":{\"name\":\"link\"}}}}],\"name\":\"subnav-right inklusive dynamischer filter\"},{\"type\":\"panel\",\"props\":{\"content\":\"\n\n<p>Kontaktieren Sie uns gerne. Wir sind durchgehend f\\u00fcr Sie erreichbar.<\\\/p>\",\"content_column_breakpoint\":\"m\",\"css\":\".el-element {\\n  outline: 1px solid white;\\n    outline-offset: -5px;\\n\\n}\\n\\n.el-content{\\n    font-size:16px;\\n color: white;   \\n    \\n    \\n}\",\"icon_width\":80,\"image_align\":\"top\",\"image_grid_breakpoint\":\"m\",\"image_grid_width\":\"1-2\",\"image_svg_color\":\"emphasis\",\"link\":\"tel:+490569162870\",\"link_fullwidth\":true,\"link_size\":\"small\",\"link_style\":\"primary\",\"link_text\":\"+49(0) 5691-6287-0\",\"margin\":\"default\",\"meta_align\":\"below-title\",\"meta_element\":\"div\",\"meta_style\":\"text-meta\",\"panel_padding\":\"small\",\"panel_style\":\"card-primary\",\"text_align\":\"center\",\"title\":\"Sie haben Fragen?\",\"title_align\":\"top\",\"title_element\":\"h3\",\"title_grid_breakpoint\":\"m\",\"title_grid_width\":\"1-2\",\"title_hover_style\":\"reset\",\"title_style\":\"h3\"},\"name\":\"Sie haben Fragen\"}]}]},{\"type\":\"row\",\"children\":[{\"type\":\"column\",\"props\":{\"image_position\":\"center-center\",\"position_sticky_breakpoint\":\"m\"}}]}]}],\"version\":\"4.5.11\"} --><\/p>\n","protected":false},"excerpt":{"rendered":"<p>Rauch- Gas- und Staub- Absaugsysteme Konfiguration 1. Systemauswahl Die Auswahl des richtigen Models ist \u00e4u\u00dferst wichtig, damit eine ausreichende Absaugrate und die optimale Filtration gew\u00e4hrleistet werden. 2. Volumenstrom- oder Vakuum- Regelung Digitale Absaugsysteme sind mit Volumenstrom- oder Vakuumregelung erh\u00e4ltlich. F\u00fcr Kolben- Punkt- und Armabsaugung sollte Vakuumregelung gew\u00e4hlt werden. F\u00fcr Laser- und Maschinenabsaugung ist die Volumenstromregelung [&hellip;]<\/p>\n","protected":false},"author":1,"featured_media":0,"parent":2205,"menu_order":0,"comment_status":"closed","ping_status":"closed","template":"","meta":{"_acf_changed":false,"footnotes":""},"class_list":["post-2264","page","type-page","status-publish","hentry"],"acf":[],"_links":{"self":[{"href":"https:\/\/joerns-gmbh.com\/en\/wp-json\/wp\/v2\/pages\/2264","targetHints":{"allow":["GET"]}}],"collection":[{"href":"https:\/\/joerns-gmbh.com\/en\/wp-json\/wp\/v2\/pages"}],"about":[{"href":"https:\/\/joerns-gmbh.com\/en\/wp-json\/wp\/v2\/types\/page"}],"author":[{"embeddable":true,"href":"https:\/\/joerns-gmbh.com\/en\/wp-json\/wp\/v2\/users\/1"}],"replies":[{"embeddable":true,"href":"https:\/\/joerns-gmbh.com\/en\/wp-json\/wp\/v2\/comments?post=2264"}],"version-history":[{"count":44,"href":"https:\/\/joerns-gmbh.com\/en\/wp-json\/wp\/v2\/pages\/2264\/revisions"}],"predecessor-version":[{"id":3111,"href":"https:\/\/joerns-gmbh.com\/en\/wp-json\/wp\/v2\/pages\/2264\/revisions\/3111"}],"up":[{"embeddable":true,"href":"https:\/\/joerns-gmbh.com\/en\/wp-json\/wp\/v2\/pages\/2205"}],"wp:attachment":[{"href":"https:\/\/joerns-gmbh.com\/en\/wp-json\/wp\/v2\/media?parent=2264"}],"curies":[{"name":"wp","href":"https:\/\/api.w.org\/{rel}","templated":true}]}}