{"id":2244,"date":"2025-04-07T12:06:51","date_gmt":"2025-04-07T12:06:51","guid":{"rendered":"https:\/\/joerns-gmbh.com\/?page_id=2244"},"modified":"2026-02-26T12:52:08","modified_gmt":"2026-02-26T11:52:08","slug":"absaugsysteme-systemauswahl","status":"publish","type":"page","link":"https:\/\/joerns-gmbh.com\/en\/absaugsysteme-2\/absaugsysteme-systemauswahl\/","title":{"rendered":"System selection"},"content":{"rendered":"<h1>Rauch- Gas- und Staub- Absaugsysteme<\/h1>\n<h2>Systemauswahl<\/h2>\n<div>\n<p>F\u00fcr unterschiedliche Anwendungen stehen speziell entwickelte Absaugsysteme zur Verf\u00fcgung.<\/p>\n<p><b>Digitale Systeme<\/b> verf\u00fcgen Wahlweise \u00fcber:<\/p>\n<\/div>\n<ul>\n<li>\n<p>        <img decoding=\"async\" src=\"\/wp-content\/uploads\/2025\/04\/display_volumen.jpg\" alt=\"\"><\/p>\n<h4>Volumenstromregelung <\/h4>\n<div>\n<p>F\u00fcr Anwendungen mit gro\u00dfen Durchs\u00e4tzen\/Querschnitten, zum Beispiel beim Laserbeschriften-\/ schneiden-\/ schwei\u00dfen-\/ drucken zur Integration in Herstellungsprozesse.<\/p>\n<\/div>\n<\/li>\n<li>\n<p>        <img decoding=\"async\" src=\"\/wp-content\/uploads\/2025\/04\/display_vakuum.jpg\" alt=\"\"><\/p>\n<h4>Vakuumregelung<\/h4>\n<div>\n<p>F\u00fcr Anwendungen mit geringen Durchs\u00e4tzen\/Querschnitten, zum Beispiel bei Arbeitsplatzstationen zur L\u00f6trauch absaugung.<\/p>\n<p>Digitale Absaugsysteme sind mit Saugleistungen von 200m\u00b3\/h bis 5000m\u00b3\/h verf\u00fcgbar.<\/p>\n<p>Bei der Auswahl der Saugleistung ist eine mindestens 50 prozentige Reserve zu ber\u00fccksichtigen.<br \/>Bei einem ben\u00f6tigtem Absaugvolumen von 200m\u00b3\/h sollte daher ein System mit 400m\u00b3\/h max. Saugleistung gew\u00e4hlt werden, damit eine ausreichende Regelstrecke verf\u00fcgbar ist.<\/p>\n<\/div>\n<\/li>\n<\/ul>\n<h1>Digitale Absaugsysteme Serie 9000<\/h1>\n<p><p>\n        <a href=\"\/absaugsysteme-2\/digitale-absaugsysteme\/\">Alle ansehen<\/a>\n    <\/p>\n<\/p>\n<ul>\n<li>\n<p>        <img decoding=\"async\" src=\"\/wp-content\/uploads\/2025\/10\/400er.png\" alt=\"\"><\/p>\n<h4>400<\/h4>\n<p><a href=\"\/digitale-absaugsysteme-9000-400i\/\"><\/a><\/p>\n<\/li>\n<li>\n<p>        <img decoding=\"async\" src=\"\/wp-content\/uploads\/2025\/10\/200i-200ihp-400i-png.png\" alt=\"\"><\/p>\n<h4>400i<\/h4>\n<p><a href=\"\/digitale-absaugsysteme-9000-400i\/\"><\/a><\/p>\n<\/li>\n<li>\n<p>        <img decoding=\"async\" src=\"\/wp-content\/uploads\/2025\/10\/750i-800ii-png.png\" alt=\"\"><\/p>\n<h4>800i-2T \/ 3T<\/h4>\n<p><a href=\"\/digitale-absaugsysteme-9000-800i-2t-9000-800i-3t\/\"><\/a><\/p>\n<\/li>\n<li>\n<p>        <img decoding=\"async\" src=\"\/wp-content\/uploads\/2025\/10\/1500i-1750i-2000ii-png.png\" alt=\"\"><\/p>\n<h4>1500i<\/h4>\n<p><a href=\"\/digitale-absaugsysteme-9000-1500i\/\"><\/a><\/p>\n<\/li>\n<li>\n<p>        <img decoding=\"async\" src=\"\/wp-content\/uploads\/2025\/10\/1500i-1750i-2000ii-png.png\" alt=\"\"><\/p>\n<h4>2000i<\/h4>\n<p><a href=\"\/digitale-absaugsysteme-9000-2000i\/\"><\/a><\/p>\n<\/li>\n<\/ul>\n<h1>Analoge Absaugsysteme <\/h1>\n<p><p>\n        <a href=\"\/absaugsysteme-2\/analoge-absaugsysteme\/\">Alle ansehen<\/a>\n    <\/p>\n<\/p>\n<div>Analoge Systeme sind ausschlie\u00dflich Vakuum geregelt und werden in der Regel als Arbeitsplatzstationen, bei kleineren Beschriftungs-, Schneid-, Schwei\u00df-, Gravierlasern  oder Druckern eingesetzt.<\/div>\n<ul>\n<li>\n<p>        <img decoding=\"async\" src=\"\/wp-content\/uploads\/2026\/02\/alpha-400-analog2-png.png\" alt=\"\"><\/p>\n<h4>Alpha 400<\/h4>\n<p><a href=\"\/absaugsysteme-2\/analoge-absaugsysteme\/analoge-absaugsysteme-alpha-400\/\"><\/a><\/p>\n<\/li>\n<li>\n<p>        <img decoding=\"async\" src=\"\/wp-content\/uploads\/2026\/02\/xbase400-analog2-png.png\" alt=\"\"><\/p>\n<h4>Xbase 400<\/h4>\n<p><a href=\"\/absaugsysteme-2\/analoge-absaugsysteme\/analoge-absaugsysteme-xbase-400\/\"><\/a><\/p>\n<\/li>\n<li>\n<p>        <img decoding=\"async\" src=\"\/wp-content\/uploads\/2026\/02\/fumecube-max-analog2.png\" alt=\"\"><\/p>\n<h4>FumeCube-Max<\/h4>\n<p><a href=\"\/absaugsysteme-2\/analoge-absaugsysteme\/analoge-absaugsysteme-fumecube-max\/\"><\/a><\/p>\n<\/li>\n<li>\n<p>        <img decoding=\"async\" src=\"\/wp-content\/uploads\/2026\/01\/tisch.jpg\" alt=\"\"><\/p>\n<h4>Absaugtisch<\/h4>\n<p><a href=\"\/absaugsysteme-2\/analoge-absaugsysteme\/analoge-absaugsysteme-absaugtisch\/\"><\/a><\/p>\n<\/li>\n<li>\n<p>        <img decoding=\"async\" src=\"\/wp-content\/uploads\/2026\/02\/fumecube-dual-arm-png-1.png\" alt=\"\"><\/p>\n<h4>FumeCube 1A\/2A<\/h4>\n<p><a href=\"\/absaugsysteme-2\/analoge-absaugsysteme\/analoge-absaugsysteme-fumecube-1-2-arm\/\"><\/a><\/p>\n<\/li>\n<\/ul>\n<div>\n<\/div>\n<div>\n<h3>Sie haben Fragen?<\/h3>\n<div>\n<p>Kontaktieren Sie uns gerne. Wir sind durchgehend f\u00fcr Sie erreichbar.<\/p>\n<\/div>\n<p><a href=\"tel:+490569162870\">+49(0) 5691-6287-0<\/a><\/p>\n<\/div>\n<p><!--more--><br \/>\n<!-- {\"type\":\"layout\",\"children\":[{\"type\":\"section\",\"props\":{\"image\":\"wp-content\\\/uploads\\\/2025\\\/04\\\/briloner_web.jpg\",\"image_position\":\"center-center\",\"image_size\":\"cover\",\"media_overlay\":\"rgba(0, 0, 128, 0.82)\",\"style\":\"primary\",\"title_breakpoint\":\"xl\",\"title_position\":\"top-left\",\"title_rotation\":\"left\",\"vertical_align\":\"middle\",\"width\":\"large\"},\"children\":[{\"type\":\"row\",\"children\":[{\"type\":\"column\",\"props\":{\"image_position\":\"center-center\",\"position_sticky_breakpoint\":\"m\"},\"children\":[{\"type\":\"headline\",\"props\":{\"content\":\"Rauch- Gas- und Staub- Absaugsysteme\",\"css\":\"\\\/* Hide element if the viewport width is 600px or less *\\\/\\n@media screen and (max-width: 600px) {\\n  .el-element {\\n    font-size: 20px;\\n  }\\n}\",\"title_element\":\"h1\"}},{\"type\":\"breadcrumbs\",\"props\":{\"show_current\":true,\"show_home\":true}}]}]}]},{\"type\":\"section\",\"props\":{\"image_position\":\"center-center\",\"style\":\"muted\",\"title_breakpoint\":\"xl\",\"title_position\":\"top-left\",\"title_rotation\":\"left\",\"vertical_align\":\"middle\",\"width\":\"large\"},\"children\":[{\"type\":\"row\",\"props\":{\"column_gap\":\"medium\",\"layout\":\"3-4,1-4\"},\"children\":[{\"type\":\"column\",\"props\":{\"image_position\":\"center-center\",\"position_sticky_breakpoint\":\"m\",\"style\":\"card-default\",\"width_medium\":\"3-4\"},\"children\":[{\"type\":\"fragment\",\"props\":{\"margin\":\"default\"},\"children\":[{\"type\":\"row\",\"children\":[{\"type\":\"column\",\"props\":{\"image_position\":\"center-center\",\"position_sticky_breakpoint\":\"m\"},\"children\":[{\"type\":\"headline\",\"props\":{\"content\":\"Systemauswahl\",\"title_element\":\"h2\"}},{\"type\":\"text\",\"props\":{\"column_breakpoint\":\"m\",\"content\":\"\n\n<p>F\\u00fcr unterschiedliche Anwendungen stehen speziell entwickelte Absaugsysteme zur Verf\\u00fcgung.<\\\/p>\\n\n\n<p><b>Digitale Systeme<\\\/b> verf\\u00fcgen Wahlweise \\u00fcber:<\\\/p>\",\"margin\":\"default\"}},{\"type\":\"grid\",\"props\":{\"content_column_breakpoint\":\"m\",\"filter_align\":\"left\",\"filter_all\":true,\"filter_grid_breakpoint\":\"m\",\"filter_grid_width\":\"auto\",\"filter_position\":\"top\",\"filter_style\":\"tab\",\"grid_column_gap\":\"small\",\"grid_default\":\"1\",\"grid_medium\":\"2\",\"grid_row_gap\":\"medium\",\"icon_width\":80,\"image_align\":\"between\",\"image_grid_breakpoint\":\"m\",\"image_grid_width\":\"1-2\",\"image_svg_color\":\"emphasis\",\"item_animation\":true,\"lightbox_bg_close\":true,\"link_style\":\"default\",\"link_text\":\"Read more\",\"margin\":\"default\",\"meta_align\":\"below-title\",\"meta_element\":\"div\",\"meta_style\":\"text-meta\",\"panel_padding\":\"small\",\"panel_style\":\"card-secondary\",\"show_content\":true,\"show_hover_image\":true,\"show_hover_video\":true,\"show_image\":true,\"show_link\":true,\"show_meta\":true,\"show_title\":true,\"show_video\":true,\"title_align\":\"top\",\"title_element\":\"h4\",\"title_grid_breakpoint\":\"m\",\"title_grid_width\":\"1-2\",\"title_hover_style\":\"reset\",\"title_style\":\"h4\"},\"children\":[{\"type\":\"grid_item\",\"props\":{\"content\":\"\n\n<p>F\\u00fcr Anwendungen mit gro\\u00dfen Durchs\\u00e4tzen\\\/Querschnitten, zum Beispiel beim Laserbeschriften-\\\/ schneiden-\\\/ schwei\\u00dfen-\\\/ drucken zur Integration in Herstellungsprozesse.<\\\/p>\",\"image\":\"wp-content\\\/uploads\\\/2025\\\/04\\\/display_volumen.jpg\",\"title\":\"Volumenstromregelung \"}},{\"type\":\"grid_item\",\"props\":{\"content\":\"\n\n<p>F\\u00fcr Anwendungen mit geringen Durchs\\u00e4tzen\\\/Querschnitten, zum Beispiel bei Arbeitsplatzstationen zur L\\u00f6trauch absaugung.<\\\/p>\\n\n\n<p>Digitale Absaugsysteme sind mit Saugleistungen von 200m\\u00b3\\\/h bis 5000m\\u00b3\\\/h verf\\u00fcgbar.<\\\/p>\\n\n\n<p>Bei der Auswahl der Saugleistung ist eine mindestens 50 prozentige Reserve zu ber\\u00fccksichtigen.<br \\\/>Bei einem ben\\u00f6tigtem Absaugvolumen von 200m\\u00b3\\\/h sollte daher ein System mit 400m\\u00b3\\\/h max. Saugleistung gew\\u00e4hlt werden, damit eine ausreichende Regelstrecke verf\\u00fcgbar ist.<\\\/p>\",\"image\":\"wp-content\\\/uploads\\\/2025\\\/04\\\/display_vakuum.jpg\",\"title\":\"Vakuumregelung\"}}]}]}]},{\"type\":\"row\",\"children\":[{\"type\":\"column\",\"props\":{\"image_position\":\"center-center\",\"position_sticky_breakpoint\":\"m\",\"style\":\"card-secondary\"},\"children\":[{\"type\":\"fragment\",\"props\":{\"margin\":\"default\"},\"children\":[{\"type\":\"row\",\"props\":{\"layout\":\"1-2,1-2\"},\"children\":[{\"type\":\"column\",\"props\":{\"image_position\":\"center-center\",\"position_sticky_breakpoint\":\"m\",\"width_medium\":\"1-2\"},\"children\":[{\"type\":\"headline\",\"props\":{\"content\":\"Digitale Absaugsysteme Serie 9000\",\"title_element\":\"h1\",\"title_style\":\"h3\"}}]},{\"type\":\"column\",\"props\":{\"image_position\":\"center-center\",\"position_sticky_breakpoint\":\"m\",\"width_medium\":\"1-2\"},\"children\":[{\"type\":\"button\",\"props\":{\"button_size\":\"small\",\"grid_column_gap\":\"small\",\"grid_row_gap\":\"small\",\"margin\":\"default\",\"text_align\":\"right\"},\"children\":[{\"type\":\"button_item\",\"props\":{\"button_style\":\"primary\",\"content\":\"Alle ansehen\",\"dialog_layout\":\"modal\",\"dialog_offcanvas_flip\":true,\"icon_align\":\"left\",\"link\":\"absaugsysteme-2\\\/digitale-absaugsysteme\\\/\"}}]}]}]}]},{\"type\":\"panel-slider\",\"props\":{\"content_column_breakpoint\":\"m\",\"css\":\".el-title{\\n    font-size:16px;\\n}\\n\\n.el-item{\\n    background:white;\\n}\",\"icon_width\":80,\"image_align\":\"top\",\"image_grid_breakpoint\":\"m\",\"image_grid_width\":\"1-2\",\"image_height\":110,\"image_svg_color\":\"emphasis\",\"link_style\":\"default\",\"link_text\":\"\",\"margin\":\"default\",\"meta_align\":\"below-title\",\"meta_element\":\"div\",\"meta_style\":\"text-meta\",\"nav\":\"dotnav\",\"nav_align\":\"center\",\"nav_breakpoint\":\"s\",\"panel_card_offset\":true,\"panel_link\":true,\"panel_match\":true,\"panel_padding\":\"small\",\"panel_style\":\"card-secondary\",\"show_content\":true,\"show_hover_image\":true,\"show_hover_video\":true,\"show_image\":true,\"show_link\":true,\"show_meta\":true,\"show_title\":true,\"show_video\":true,\"slidenav\":\"outside\",\"slidenav_breakpoint\":\"xl\",\"slidenav_margin\":\"medium\",\"slidenav_outside_breakpoint\":\"xl\",\"slider_autoplay\":true,\"slider_autoplay_interval\":\"3\",\"slider_autoplay_pause\":true,\"slider_gap\":\"small\",\"slider_width\":\"fixed\",\"slider_width_default\":\"1-1\",\"slider_width_medium\":\"1-4\",\"text_align\":\"center\",\"title_align\":\"top\",\"title_element\":\"h4\",\"title_grid_breakpoint\":\"m\",\"title_grid_width\":\"1-2\",\"title_hover_style\":\"reset\"},\"children\":[{\"type\":\"panel-slider_item\",\"props\":{\"image\":\"wp-content\\\/uploads\\\/2025\\\/10\\\/400er.png\",\"link\":\"digitale-absaugsysteme-9000-400i\\\/\",\"title\":\"400\"}},{\"type\":\"panel-slider_item\",\"props\":{\"image\":\"wp-content\\\/uploads\\\/2025\\\/10\\\/200i-200ihp-400i-png.png\",\"link\":\"digitale-absaugsysteme-9000-400i\\\/\",\"title\":\"400i\"}},{\"type\":\"panel-slider_item\",\"props\":{\"image\":\"wp-content\\\/uploads\\\/2025\\\/10\\\/750i-800ii-png.png\",\"link\":\"digitale-absaugsysteme-9000-800i-2t-9000-800i-3t\\\/\",\"title\":\"800i-2T \\\/ 3T\"}},{\"type\":\"panel-slider_item\",\"props\":{\"image\":\"wp-content\\\/uploads\\\/2025\\\/10\\\/1500i-1750i-2000ii-png.png\",\"link\":\"digitale-absaugsysteme-9000-1500i\\\/\",\"title\":\"1500i\"}},{\"type\":\"panel-slider_item\",\"props\":{\"image\":\"wp-content\\\/uploads\\\/2025\\\/10\\\/1500i-1750i-2000ii-png.png\",\"link\":\"digitale-absaugsysteme-9000-2000i\\\/\",\"title\":\"2000i\"}}]}]}]},{\"type\":\"row\",\"children\":[{\"type\":\"column\",\"props\":{\"image_position\":\"center-center\",\"position_sticky_breakpoint\":\"m\",\"style\":\"card-secondary\"},\"children\":[{\"type\":\"fragment\",\"props\":{\"margin\":\"default\"},\"children\":[{\"type\":\"row\",\"props\":{\"layout\":\"1-2,1-2\"},\"children\":[{\"type\":\"column\",\"props\":{\"image_position\":\"center-center\",\"position_sticky_breakpoint\":\"m\",\"width_medium\":\"1-2\"},\"children\":[{\"type\":\"headline\",\"props\":{\"content\":\"Analoge Absaugsysteme \",\"title_element\":\"h1\",\"title_style\":\"h3\"}}]},{\"type\":\"column\",\"props\":{\"image_position\":\"center-center\",\"position_sticky_breakpoint\":\"m\",\"width_medium\":\"1-2\"},\"children\":[{\"type\":\"button\",\"props\":{\"button_size\":\"small\",\"grid_column_gap\":\"small\",\"grid_row_gap\":\"small\",\"margin\":\"default\",\"text_align\":\"right\"},\"children\":[{\"type\":\"button_item\",\"props\":{\"button_style\":\"primary\",\"content\":\"Alle ansehen\",\"dialog_layout\":\"modal\",\"dialog_offcanvas_flip\":true,\"icon_align\":\"left\",\"link\":\"absaugsysteme-2\\\/analoge-absaugsysteme\\\/\"}}]}]}]}],\"name\":\"sublayout-slider\"},{\"type\":\"text\",\"props\":{\"column_breakpoint\":\"m\",\"content\":\"Analoge Systeme sind ausschlie\\u00dflich Vakuum geregelt und werden in der Regel als Arbeitsplatzstationen, bei kleineren Beschriftungs-, Schneid-, Schwei\\u00df-, Gravierlasern  oder Druckern eingesetzt.\",\"margin\":\"default\"}},{\"type\":\"panel-slider\",\"props\":{\"content_column_breakpoint\":\"m\",\"css\":\".el-title{\\n    font-size:16px;\\n}\\n\\n.el-item{\\n    background:white;\\n}\",\"icon_width\":80,\"image_align\":\"top\",\"image_grid_breakpoint\":\"m\",\"image_grid_width\":\"1-2\",\"image_height\":110,\"image_svg_color\":\"emphasis\",\"link_style\":\"default\",\"link_text\":\"\",\"margin\":\"default\",\"meta_align\":\"below-title\",\"meta_element\":\"div\",\"meta_style\":\"text-meta\",\"nav\":\"dotnav\",\"nav_align\":\"center\",\"nav_breakpoint\":\"s\",\"panel_card_offset\":true,\"panel_link\":true,\"panel_match\":true,\"panel_padding\":\"small\",\"panel_style\":\"card-secondary\",\"show_content\":true,\"show_hover_image\":true,\"show_hover_video\":true,\"show_image\":true,\"show_link\":true,\"show_meta\":true,\"show_title\":true,\"show_video\":true,\"slidenav\":\"outside\",\"slidenav_breakpoint\":\"xl\",\"slidenav_margin\":\"medium\",\"slidenav_outside_breakpoint\":\"xl\",\"slider_autoplay\":true,\"slider_autoplay_interval\":\"3\",\"slider_autoplay_pause\":true,\"slider_gap\":\"small\",\"slider_width\":\"fixed\",\"slider_width_default\":\"1-1\",\"slider_width_medium\":\"1-4\",\"text_align\":\"center\",\"title_align\":\"top\",\"title_element\":\"h4\",\"title_grid_breakpoint\":\"m\",\"title_grid_width\":\"1-2\",\"title_hover_style\":\"reset\"},\"children\":[{\"type\":\"panel-slider_item\",\"props\":{\"image\":\"wp-content\\\/uploads\\\/2026\\\/02\\\/alpha-400-analog2-png.png\",\"link\":\"absaugsysteme-2\\\/analoge-absaugsysteme\\\/analoge-absaugsysteme-alpha-400\\\/\",\"title\":\"Alpha 400\"}},{\"type\":\"panel-slider_item\",\"props\":{\"image\":\"wp-content\\\/uploads\\\/2026\\\/02\\\/xbase400-analog2-png.png\",\"link\":\"absaugsysteme-2\\\/analoge-absaugsysteme\\\/analoge-absaugsysteme-xbase-400\\\/\",\"title\":\"Xbase 400\"}},{\"type\":\"panel-slider_item\",\"props\":{\"image\":\"wp-content\\\/uploads\\\/2026\\\/02\\\/fumecube-max-analog2.png\",\"link\":\"absaugsysteme-2\\\/analoge-absaugsysteme\\\/analoge-absaugsysteme-fumecube-max\\\/\",\"title\":\"FumeCube-Max\"}},{\"type\":\"panel-slider_item\",\"props\":{\"image\":\"wp-content\\\/uploads\\\/2026\\\/01\\\/tisch.jpg\",\"link\":\"absaugsysteme-2\\\/analoge-absaugsysteme\\\/analoge-absaugsysteme-absaugtisch\\\/\",\"title\":\"Absaugtisch\"}},{\"type\":\"panel-slider_item\",\"props\":{\"image\":\"wp-content\\\/uploads\\\/2026\\\/02\\\/fumecube-dual-arm-png-1.png\",\"link\":\"absaugsysteme-2\\\/analoge-absaugsysteme\\\/analoge-absaugsysteme-fumecube-1-2-arm\\\/\",\"title\":\"FumeCube 1A\\\/2A\"}}]}]}]}]}]},{\"type\":\"column\",\"props\":{\"image_position\":\"center-center\",\"position_sticky\":\"section\",\"position_sticky_breakpoint\":\"m\",\"width_medium\":\"1-4\"},\"children\":[{\"type\":\"grid\",\"props\":{\"class\":\"uk-card-default uk-card-body\",\"content_column_breakpoint\":\"m\",\"css\":\".el-title{\\n    font-size:17px;\\n}\\n\\n.el-element{\\n    background:#f5f4f4;\\n    border:10px solid white;\\n    border-radius:5px;\\n    padding:30px 30px;\\n}\",\"filter_align\":\"left\",\"filter_all\":true,\"filter_grid_breakpoint\":\"m\",\"filter_grid_width\":\"auto\",\"filter_position\":\"top\",\"filter_style\":\"tab\",\"grid_column_gap\":\"small\",\"grid_default\":\"1\",\"grid_divider\":true,\"grid_medium\":\"1\",\"grid_row_gap\":\"small\",\"icon_width\":80,\"image_align\":\"top\",\"image_grid_breakpoint\":\"m\",\"image_grid_width\":\"1-2\",\"image_svg_color\":\"emphasis\",\"item_animation\":true,\"lightbox_bg_close\":true,\"link_style\":\"default\",\"link_text\":\"\",\"margin\":\"default\",\"meta_align\":\"below-title\",\"meta_element\":\"div\",\"meta_style\":\"text-meta\",\"panel_link\":true,\"show_content\":true,\"show_hover_image\":true,\"show_hover_video\":true,\"show_image\":true,\"show_link\":true,\"show_meta\":true,\"show_title\":true,\"show_video\":true,\"title_align\":\"top\",\"title_element\":\"h3\",\"title_grid_breakpoint\":\"m\",\"title_grid_width\":\"1-2\",\"title_hover_style\":\"reset\",\"title_style\":\"h4\"},\"children\":[{\"type\":\"grid_item\",\"source\":{\"query\":{\"name\":\"pages.customPages\",\"arguments\":{\"users\":[],\"users_operator\":\"IN\",\"offset\":0,\"limit\":30,\"order\":\"date\",\"order_direction\":\"ASC\"}},\"props\":{\"title\":{\"name\":\"title\"},\"_condition\":{\"name\":\"parent.title\",\"filters\":{\"condition\":\"=\",\"condition_value\":\"Absaugsysteme\"}},\"link\":{\"name\":\"link\"}}}}],\"name\":\"subnav-right inklusive dynamischer filter\"},{\"type\":\"panel\",\"props\":{\"content\":\"\n\n<p>Kontaktieren Sie uns gerne. Wir sind durchgehend f\\u00fcr Sie erreichbar.<\\\/p>\",\"content_column_breakpoint\":\"m\",\"css\":\".el-element {\\n  outline: 1px solid white;\\n    outline-offset: -5px;\\n\\n}\\n\\n.el-content{\\n    font-size:16px;\\n color: white;   \\n    \\n    \\n}\",\"icon_width\":80,\"image_align\":\"top\",\"image_grid_breakpoint\":\"m\",\"image_grid_width\":\"1-2\",\"image_svg_color\":\"emphasis\",\"link\":\"tel:+490569162870\",\"link_fullwidth\":true,\"link_size\":\"small\",\"link_style\":\"primary\",\"link_text\":\"+49(0) 5691-6287-0\",\"margin\":\"default\",\"meta_align\":\"below-title\",\"meta_element\":\"div\",\"meta_style\":\"text-meta\",\"panel_padding\":\"small\",\"panel_style\":\"card-primary\",\"text_align\":\"center\",\"title\":\"Sie haben Fragen?\",\"title_align\":\"top\",\"title_element\":\"h3\",\"title_grid_breakpoint\":\"m\",\"title_grid_width\":\"1-2\",\"title_hover_style\":\"reset\",\"title_style\":\"h3\"},\"name\":\"cta-subnav-right\"}]}]}]}],\"version\":\"4.5.11\"} --><\/p>\n","protected":false},"excerpt":{"rendered":"<p>Rauch- Gas- und Staub- Absaugsysteme Systemauswahl F\u00fcr unterschiedliche Anwendungen stehen speziell entwickelte Absaugsysteme zur Verf\u00fcgung. Digitale Systeme verf\u00fcgen Wahlweise \u00fcber: Volumenstromregelung F\u00fcr Anwendungen mit gro\u00dfen Durchs\u00e4tzen\/Querschnitten, zum Beispiel beim Laserbeschriften-\/ schneiden-\/ schwei\u00dfen-\/ drucken zur Integration in Herstellungsprozesse. Vakuumregelung F\u00fcr Anwendungen mit geringen Durchs\u00e4tzen\/Querschnitten, zum Beispiel bei Arbeitsplatzstationen zur L\u00f6trauch absaugung. Digitale Absaugsysteme sind mit Saugleistungen [&hellip;]<\/p>\n","protected":false},"author":1,"featured_media":0,"parent":2205,"menu_order":0,"comment_status":"closed","ping_status":"closed","template":"","meta":{"_acf_changed":false,"footnotes":""},"class_list":["post-2244","page","type-page","status-publish","hentry"],"acf":[],"_links":{"self":[{"href":"https:\/\/joerns-gmbh.com\/en\/wp-json\/wp\/v2\/pages\/2244","targetHints":{"allow":["GET"]}}],"collection":[{"href":"https:\/\/joerns-gmbh.com\/en\/wp-json\/wp\/v2\/pages"}],"about":[{"href":"https:\/\/joerns-gmbh.com\/en\/wp-json\/wp\/v2\/types\/page"}],"author":[{"embeddable":true,"href":"https:\/\/joerns-gmbh.com\/en\/wp-json\/wp\/v2\/users\/1"}],"replies":[{"embeddable":true,"href":"https:\/\/joerns-gmbh.com\/en\/wp-json\/wp\/v2\/comments?post=2244"}],"version-history":[{"count":42,"href":"https:\/\/joerns-gmbh.com\/en\/wp-json\/wp\/v2\/pages\/2244\/revisions"}],"predecessor-version":[{"id":3144,"href":"https:\/\/joerns-gmbh.com\/en\/wp-json\/wp\/v2\/pages\/2244\/revisions\/3144"}],"up":[{"embeddable":true,"href":"https:\/\/joerns-gmbh.com\/en\/wp-json\/wp\/v2\/pages\/2205"}],"wp:attachment":[{"href":"https:\/\/joerns-gmbh.com\/en\/wp-json\/wp\/v2\/media?parent=2244"}],"curies":[{"name":"wp","href":"https:\/\/api.w.org\/{rel}","templated":true}]}}