{"id":2229,"date":"2025-04-07T11:04:23","date_gmt":"2025-04-07T11:04:23","guid":{"rendered":"https:\/\/joerns-gmbh.com\/?page_id=2229"},"modified":"2026-02-05T15:11:51","modified_gmt":"2026-02-05T14:11:51","slug":"absaugsysteme-filtration","status":"publish","type":"page","link":"https:\/\/joerns-gmbh.com\/en\/absaugsysteme-2\/absaugsysteme-filtration\/","title":{"rendered":"Filtration"},"content":{"rendered":"<h1>Rauch- Gas- und Staub- Absaugsysteme<\/h1>\n<h2>Filtration<\/h2>\n<div>\n<p>Alle Absaugsysteme saugen die verunreinigte Luft ab, filtern sch\u00e4dliche Partikel und Gase anhand eines dreistufigen Prozesses heraus, und f\u00fchren die gereinigte Luft in die R\u00e4umlichkeiten zur\u00fcck.<\/p>\n<\/div>\n<ul>\n<li>\n<h4>1. Umkehrluftstromsystem<\/h4>\n<div>\n<p>Die einstr\u00f6mende kontaminierte Luft wird um 90 Grad umgelenkt und dadurch abgebremst. Dies f\u00fchrt dazu, dass gr\u00f6\u00dfere Partikel aus dem Luftstrom ausgeschieden werden, was vorzeitiges Verstopfen des Hauptfilters verhindert<\/p>\n<\/div>\n<\/li>\n<li>\n<h4>2. Luftausgleichsplatten<\/h4>\n<div>\n<p>dienen als Verst\u00e4rkung f\u00fcr den Filter und erh\u00f6hen die Filterlebensdauer indem gew\u00e4hrleistet wird, dass die volle zur Verf\u00fcgung stehende Filterfl\u00e4che genutzt wird<\/p>\n<\/div>\n<\/li>\n<li>\n<h4>3. Verst\u00e4rktes HEPA-Element<\/h4>\n<div>\n<p>Verst\u00e4rkungsmembran (100 mal robuster als das Filtermedium selbst) verhindert das Bersten des Filters unter hohem Druck<\/p>\n<\/div>\n<\/li>\n<li>\n<h4>4. Aktivkohleschicht<\/h4>\n<div>\n<p>Anhand einer Aktivkohleschicht werden gesundheitssch\u00e4dliche Gase aus dem Luftstrom entfernt<\/p>\n<\/div>\n<\/li>\n<li>\n<h4>5. Gereinigte Luft<\/h4>\n<div>\n<p>wird an den Arbeitsplatz zur\u00fcckgef\u00fchrt. Die vom System gereinigte Luft ist im Allgemeinen sauberer als die normale Umgebungsluft am Arbeitsplatz<\/p>\n<\/div>\n<\/li>\n<\/ul>\n<p><img decoding=\"async\" src=\"\/wp-content\/uploads\/2025\/04\/filterschnitt.jpg\" alt=\"\"><\/p>\n<div>\n<p>Alle Filter werden nach Gebrauch durch die JOERNS GmbH zur\u00fcckgenommen und der fachgerechten Entsorgung zugef\u00fchrt (Sonderm\u00fcll). \u00dcber die Entsorgung wird ein Nachweis f\u00fcr Ihr Umwelt-management erstellt.<\/p>\n<\/div>\n<ul>\n<li>\n<h3>Filterstufe 1<\/h3>\n<p>Labyrinth\u2122 Balgensackfilter<\/p>\n<div>\n<p>Der Balgensackfilter sch\u00fctzt den HEPA-Filter vor vorzeitigem Blockieren, indem gr\u00f6\u00dfere Partikel aus dem Luftstrom entfernt werden. <\/p>\n<p>Der Filter wurde als L\u00f6sung f\u00fcr die Schw\u00e4chen von Taschen- und Beutelfiltern entwickelt. <\/p>\n<p>Die leichte und robuste Konstruktion dieses Vorfilters weist trotz geringer Abmessungen eine hervorragende Partikelaufnahmekapazit\u00e4t auf, was eine lange Lebensdauer garantiert und die Kosten f\u00fcr Ersatzfilter in Grenzen h\u00e4lt. <\/p>\n<p>Der Filter macht selbst den Umgang mit problematischen Materialien, bei deren Bearbeitung klebrige feuchte Partikel entstehen, sicher und effizient. <\/p>\n<p>Die Filter sind erh\u00e4ltlich in den Klassen <br \/>F6 &#8211; Partikel &gt; 1-3\u00b5m und <br \/>F8\/F9 &#8211; Partikel &gt; 0,5-1\u00b5m.<\/p>\n<p>Bei Systemen die der reinen Rauchabsaugung dienen und somit keinen Balgensackfilter ben\u00f6tigen, wird zum Schutz des HEPA-Filters eine Vorfiltermatte in den Hauptfilter eingesetzt. Sie besteht aus einem Flies mit zwei unterschiedlichen Dichten (F5\/F6).<\/p>\n<\/div>\n<\/li>\n<li>\n<h3>Filterstufe 2<\/h3>\n<p>HEPA*-Filter im Submikron-Bereich<\/p>\n<div>\n<p>In den Hauptfiltern kommen verst\u00e4rkte nichtberstende HEPA-Materialien zur Anwendung um kleinste Partikel aus dem Luftstrom zu entfernen. <\/p>\n<p>HEPA-Filter halten 99,997% der Partikel &gt; 0,3\u00b5m und<br \/>95% der Partikel &gt; 0,01\u00b5m zur\u00fcck. <\/p>\n<p>Haar (100\u00b5m) Haar<br \/>Partikel (10\u00b5m) Partikel 10\u00b5m<br \/>Partikel (0,3\u00b5m) Partikel 0,3\u00b5m <\/p>\n<p>Der Standardfilter #113.505 hat eine HEPA-Fl\u00e4che von 4,03m\u00b2. <\/p>\n<p>Standard Hauptfilter sind als Kombifilter mit H14 HEPA-teil und Aktivkohleteil ausgestaltet und dienen der Aufnahme von Schwebstoffen sowie der Neutralisation von D\u00e4mpfen und Gasen. <\/p>\n<p>Au\u00dferdem werden reine HEPA- oder Aktivkohlefilter angeboten <\/p>\n<p>Die Geh\u00e4use werden aus verzinktem Stahlblech gefertigt. <\/p>\n<p>Jeder Filter ist einzeln getestet, zertifiziert und f\u00fcr den l\u00fcckenlosen Nachweis der Entsorgung mit Artikel- <br \/>und individueller Seriennummer versehen.<\/p>\n<\/div>\n<\/li>\n<li>\n<h3>Filterstufe 3<\/h3>\n<p>Aktivkohlefilter<\/p>\n<div>\n<p class=\"b-blue\">Aktivkohlefilter<\/p>\n<table>\n<tbody>\n<tr>\n<td>Eine leistungsf\u00e4hige Aktivkohleschicht im Hauptfilter adsorbiert toxische Gase, bevor die saubere Luft wieder an den Arbeitsplatz zur\u00fcckgef\u00fchrt wird.<\/p>\n<\/td>\n<td><\/td>\n<\/tr>\n<\/tbody>\n<\/table>\n<p>Angeboten wird einfach- oder doppelt aktivierte Kohle.<\/p>\n<p>Je nach Art der entstehenden Prozessgase, kann eine spezialimpr\u00e4gnierte Aktivkohle eingesetzt werden.<\/p>\n<p>Hauptfilter sind als Kombifilter mit H14 HEPA- und Aktivkohleteil ausgestattet und dienen der Aufnahme von Schwebstoffen sowie der Neutralisation von D\u00e4mpfen und Gasen.<\/p>\n<p>Der Standardfilter #113.505 hat einen Aktivkohleanteil von 7kg und kann ca. 2.5kg der enstehenden Gase absorbieren.<\/p>\n<p>Die Filtergeh\u00e4use werden aus verzinktem Stahlblech gefertigt.<\/p>\n<\/div>\n<\/li>\n<\/ul>\n<div>\n<\/div>\n<div>\n<h3>Sie haben Fragen?<\/h3>\n<div>\n<p>Kontaktieren Sie uns gerne. Wir sind durchgehend f\u00fcr Sie erreichbar.<\/p>\n<\/div>\n<p><a href=\"tel:+490569162870\">+49(0) 5691-6287-0<\/a><\/p>\n<\/div>\n<p><!--more--><br \/>\n<!-- {\"type\":\"layout\",\"children\":[{\"type\":\"section\",\"props\":{\"image\":\"wp-content\\\/uploads\\\/2025\\\/04\\\/briloner_web.jpg\",\"image_position\":\"center-center\",\"image_size\":\"cover\",\"media_overlay\":\"rgba(0, 0, 128, 0.82)\",\"style\":\"primary\",\"title_breakpoint\":\"xl\",\"title_position\":\"top-left\",\"title_rotation\":\"left\",\"vertical_align\":\"middle\",\"width\":\"large\"},\"children\":[{\"type\":\"row\",\"children\":[{\"type\":\"column\",\"props\":{\"image_position\":\"center-center\",\"position_sticky_breakpoint\":\"m\"},\"children\":[{\"type\":\"headline\",\"props\":{\"content\":\"Rauch- Gas- und Staub- Absaugsysteme\",\"css\":\"\\\/* Hide element if the viewport width is 600px or less *\\\/\\n@media screen and (max-width: 600px) {\\n  .el-element {\\n    font-size: 20px;\\n  }\\n}\",\"title_element\":\"h1\"}},{\"type\":\"breadcrumbs\",\"props\":{\"show_current\":true,\"show_home\":true}}]}]}]},{\"type\":\"section\",\"props\":{\"image_position\":\"center-center\",\"style\":\"muted\",\"title_breakpoint\":\"xl\",\"title_position\":\"top-left\",\"title_rotation\":\"left\",\"vertical_align\":\"middle\",\"width\":\"large\"},\"children\":[{\"type\":\"row\",\"props\":{\"column_gap\":\"medium\",\"layout\":\"3-4,1-4\"},\"children\":[{\"type\":\"column\",\"props\":{\"image_position\":\"center-center\",\"position_sticky_breakpoint\":\"m\",\"style\":\"card-default\",\"width_medium\":\"3-4\"},\"children\":[{\"type\":\"headline\",\"props\":{\"content\":\"Filtration\",\"title_element\":\"h2\",\"title_style\":\"h2\"}},{\"type\":\"fragment\",\"props\":{\"margin\":\"default\"},\"children\":[{\"type\":\"row\",\"props\":{\"layout\":\"2-3,1-3\"},\"children\":[{\"type\":\"column\",\"props\":{\"image_position\":\"center-center\",\"position_sticky_breakpoint\":\"m\",\"width_medium\":\"2-3\"},\"children\":[{\"type\":\"text\",\"props\":{\"column_breakpoint\":\"m\",\"content\":\"\n\n<p>Alle Absaugsysteme saugen die verunreinigte Luft ab, filtern sch\\u00e4dliche Partikel und Gase anhand eines dreistufigen Prozesses heraus, und f\\u00fchren die gereinigte Luft in die R\\u00e4umlichkeiten zur\\u00fcck.<\\\/p>\",\"margin\":\"default\"}},{\"type\":\"grid\",\"props\":{\"content_column_breakpoint\":\"m\",\"content_margin\":\"remove\",\"filter_align\":\"left\",\"filter_all\":true,\"filter_grid_breakpoint\":\"m\",\"filter_grid_width\":\"auto\",\"filter_position\":\"top\",\"filter_style\":\"tab\",\"grid_column_gap\":\"small\",\"grid_default\":\"1\",\"grid_medium\":\"1\",\"grid_row_gap\":\"medium\",\"icon_width\":80,\"image_align\":\"top\",\"image_grid_breakpoint\":\"m\",\"image_grid_width\":\"1-2\",\"image_svg_color\":\"emphasis\",\"item_animation\":true,\"lightbox_bg_close\":true,\"link_style\":\"default\",\"link_text\":\"Read more\",\"margin\":\"default\",\"meta_align\":\"below-title\",\"meta_element\":\"div\",\"meta_style\":\"text-meta\",\"show_content\":true,\"show_hover_image\":true,\"show_hover_video\":true,\"show_image\":true,\"show_link\":true,\"show_meta\":true,\"show_title\":true,\"show_video\":true,\"title_align\":\"top\",\"title_element\":\"h4\",\"title_grid_breakpoint\":\"m\",\"title_grid_width\":\"1-2\",\"title_hover_style\":\"reset\",\"title_style\":\"h4\"},\"children\":[{\"type\":\"grid_item\",\"props\":{\"content\":\"\n\n<p>Die einstr\\u00f6mende kontaminierte Luft wird um 90 Grad umgelenkt und dadurch abgebremst. Dies f\\u00fchrt dazu, dass gr\\u00f6\\u00dfere Partikel aus dem Luftstrom ausgeschieden werden, was vorzeitiges Verstopfen des Hauptfilters verhindert<\\\/p>\",\"title\":\"1. Umkehrluftstromsystem\"}},{\"type\":\"grid_item\",\"props\":{\"content\":\"\n\n<p>dienen als Verst\\u00e4rkung f\\u00fcr den Filter und erh\\u00f6hen die Filterlebensdauer indem gew\\u00e4hrleistet wird, dass die volle zur Verf\\u00fcgung stehende Filterfl\\u00e4che genutzt wird<\\\/p>\",\"title\":\"2. Luftausgleichsplatten\"}},{\"type\":\"grid_item\",\"props\":{\"content\":\"\n\n<p>Verst\\u00e4rkungsmembran (100 mal robuster als das Filtermedium selbst) verhindert das Bersten des Filters unter hohem Druck<\\\/p>\",\"title\":\"3. Verst\\u00e4rktes HEPA-Element\"}},{\"type\":\"grid_item\",\"props\":{\"content\":\"\n\n<p>Anhand einer Aktivkohleschicht werden gesundheitssch\\u00e4dliche Gase aus dem Luftstrom entfernt<\\\/p>\",\"title\":\"4. Aktivkohleschicht\"}},{\"type\":\"grid_item\",\"props\":{\"content\":\"\n\n<p>wird an den Arbeitsplatz zur\\u00fcckgef\\u00fchrt. Die vom System gereinigte Luft ist im Allgemeinen sauberer als die normale Umgebungsluft am Arbeitsplatz<\\\/p>\",\"title\":\"5. Gereinigte Luft\"}}]}]},{\"type\":\"column\",\"props\":{\"image_position\":\"center-center\",\"position_sticky\":\"row\",\"position_sticky_breakpoint\":\"m\",\"width_medium\":\"1-3\"},\"children\":[{\"type\":\"image\",\"props\":{\"image\":\"wp-content\\\/uploads\\\/2025\\\/04\\\/filterschnitt.jpg\",\"image_svg_color\":\"emphasis\",\"margin\":\"default\",\"text_align\":\"center\"}}]}]},{\"type\":\"row\",\"children\":[{\"type\":\"column\",\"props\":{\"image_position\":\"center-center\",\"position_sticky_breakpoint\":\"m\"},\"children\":[{\"type\":\"text\",\"props\":{\"column_breakpoint\":\"m\",\"content\":\"\n\n<p>Alle Filter werden nach Gebrauch durch die JOERNS GmbH zur\\u00fcckgenommen und der fachgerechten Entsorgung zugef\\u00fchrt (Sonderm\\u00fcll). \\u00dcber die Entsorgung wird ein Nachweis f\\u00fcr Ihr Umwelt-management erstellt.<\\\/p>\",\"margin\":\"default\"}},{\"type\":\"panel-slider\",\"props\":{\"content_column_breakpoint\":\"m\",\"css\":\".el-meta{\\n    \\n color: #000080;   \\n    \\n    \\n}\\n\\nsvg{\\n    \\n    \\n color: #000080;   \\n    \\n}\",\"icon_width\":80,\"image_align\":\"top\",\"image_grid_breakpoint\":\"m\",\"image_grid_width\":\"1-2\",\"image_svg_color\":\"emphasis\",\"link_style\":\"default\",\"link_text\":\"Read more\",\"margin\":\"default\",\"meta_align\":\"below-title\",\"meta_element\":\"div\",\"meta_style\":\"text-meta\",\"nav\":\"dotnav\",\"nav_align\":\"center\",\"nav_breakpoint\":\"s\",\"panel_card_offset\":true,\"panel_match\":true,\"panel_padding\":\"small\",\"panel_style\":\"card-secondary\",\"show_content\":true,\"show_hover_image\":true,\"show_hover_video\":true,\"show_image\":true,\"show_link\":true,\"show_meta\":true,\"show_title\":true,\"show_video\":true,\"slidenav\":\"bottom-right\",\"slidenav_breakpoint\":\"\",\"slidenav_margin\":\"medium\",\"slidenav_outside_breakpoint\":\"xl\",\"slider_autoplay\":true,\"slider_autoplay_interval\":\"5\",\"slider_autoplay_pause\":true,\"slider_gap\":\"default\",\"slider_width\":\"fixed\",\"slider_width_default\":\"1-1\",\"slider_width_medium\":\"\",\"title_align\":\"top\",\"title_element\":\"h3\",\"title_grid_breakpoint\":\"m\",\"title_grid_width\":\"1-2\",\"title_hover_style\":\"reset\",\"title_style\":\"h3\"},\"children\":[{\"type\":\"panel-slider_item\",\"props\":{\"content\":\"\n\n<p>Der Balgensackfilter sch\\u00fctzt den HEPA-Filter vor vorzeitigem Blockieren, indem gr\\u00f6\\u00dfere Partikel aus dem Luftstrom entfernt werden. <br \\\/><br \\\/>Der Filter wurde als L\\u00f6sung f\\u00fcr die Schw\\u00e4chen von Taschen- und Beutelfiltern entwickelt. <br \\\/><br \\\/>Die leichte und robuste Konstruktion dieses Vorfilters weist trotz geringer Abmessungen eine hervorragende Partikelaufnahmekapazit\\u00e4t auf, was eine lange Lebensdauer garantiert und die Kosten f\\u00fcr Ersatzfilter in Grenzen h\\u00e4lt. <br \\\/><br \\\/>Der Filter macht selbst den Umgang mit problematischen Materialien, bei deren Bearbeitung klebrige feuchte Partikel entstehen, sicher und effizient. <br \\\/><br \\\/>Die Filter sind erh\\u00e4ltlich in den Klassen <br \\\/>F6 - Partikel &gt; 1-3\\u00b5m und <br \\\/>F8\\\/F9 - Partikel &gt; 0,5-1\\u00b5m.<\\\/p>\\n\n\n<p>Bei Systemen die der reinen Rauchabsaugung dienen und somit keinen Balgensackfilter ben\\u00f6tigen, wird zum Schutz des HEPA-Filters eine Vorfiltermatte in den Hauptfilter eingesetzt. Sie besteht aus einem Flies mit zwei unterschiedlichen Dichten (F5\\\/F6).<\\\/p>\",\"meta\":\"Labyrinth\\u2122 Balgensackfilter\",\"title\":\"Filterstufe 1\"}},{\"type\":\"panel-slider_item\",\"props\":{\"content\":\"\n\n<p>In den Hauptfiltern kommen verst\\u00e4rkte nichtberstende HEPA-Materialien zur Anwendung um kleinste Partikel aus dem Luftstrom zu entfernen. <br \\\/><br \\\/>HEPA-Filter halten 99,997% der Partikel &gt; 0,3\\u00b5m und<br \\\/>95% der Partikel &gt; 0,01\\u00b5m zur\\u00fcck. <br \\\/><br \\\/>Haar (100\\u00b5m) Haar<br \\\/>Partikel (10\\u00b5m) Partikel 10\\u00b5m<br \\\/>Partikel (0,3\\u00b5m) Partikel 0,3\\u00b5m <br \\\/><br \\\/>Der Standardfilter #113.505 hat eine HEPA-Fl\\u00e4che von 4,03m\\u00b2. <br \\\/><br \\\/>Standard Hauptfilter sind als Kombifilter mit H14 HEPA-teil und Aktivkohleteil ausgestaltet und dienen der Aufnahme von Schwebstoffen sowie der Neutralisation von D\\u00e4mpfen und Gasen. <br \\\/><br \\\/>Au\\u00dferdem werden reine HEPA- oder Aktivkohlefilter angeboten <br \\\/><br \\\/>Die Geh\\u00e4use werden aus verzinktem Stahlblech gefertigt. <br \\\/><br \\\/>Jeder Filter ist einzeln getestet, zertifiziert und f\\u00fcr den l\\u00fcckenlosen Nachweis der Entsorgung mit Artikel- <br \\\/>und individueller Seriennummer versehen.<\\\/p>\",\"meta\":\"HEPA*-Filter im Submikron-Bereich\",\"title\":\"Filterstufe 2\"}},{\"type\":\"panel-slider_item\",\"props\":{\"content\":\"\n\n<p class=\\\"b-blue\\\">Aktivkohlefilter<\\\/p>\\n\n\n<table>\\n\n\n<tbody>\\n\n\n<tr>\\n\n\n<td>Eine leistungsf\\u00e4hige Aktivkohleschicht im Hauptfilter adsorbiert toxische Gase, bevor die saubere Luft wieder an den Arbeitsplatz zur\\u00fcckgef\\u00fchrt wird.<br \\\/><br \\\/><\\\/td>\\n\n\n<td><\\\/td>\\n<\\\/tr>\\n<\\\/tbody>\\n<\\\/table>\\n\n\n<p>Angeboten wird einfach- oder doppelt aktivierte Kohle.<\\\/p>\\n\n\n<p>Je nach Art der entstehenden Prozessgase, kann eine spezialimpr\\u00e4gnierte Aktivkohle eingesetzt werden.<\\\/p>\\n\n\n<p>Hauptfilter sind als Kombifilter mit H14 HEPA- und Aktivkohleteil ausgestattet und dienen der Aufnahme von Schwebstoffen sowie der Neutralisation von D\\u00e4mpfen und Gasen.<\\\/p>\\n\n\n<p>Der Standardfilter #113.505 hat einen Aktivkohleanteil von 7kg und kann ca. 2.5kg der enstehenden Gase absorbieren.<\\\/p>\\n\n\n<p>Die Filtergeh\\u00e4use werden aus verzinktem Stahlblech gefertigt.<\\\/p>\",\"meta\":\"Aktivkohlefilter\",\"title\":\"Filterstufe 3\"}}]}]}]}]}]},{\"type\":\"column\",\"props\":{\"image_position\":\"center-center\",\"position_sticky\":\"section\",\"position_sticky_breakpoint\":\"m\",\"width_medium\":\"1-4\"},\"children\":[{\"type\":\"grid\",\"props\":{\"class\":\"uk-card-default uk-card-body\",\"content_column_breakpoint\":\"m\",\"css\":\".el-title{\\n    font-size:17px;\\n}\\n\\n.el-element{\\n    background:#f5f4f4;\\n    border:10px solid white;\\n    border-radius:5px;\\n    padding:30px 30px;\\n}\",\"filter_align\":\"left\",\"filter_all\":true,\"filter_grid_breakpoint\":\"m\",\"filter_grid_width\":\"auto\",\"filter_position\":\"top\",\"filter_style\":\"tab\",\"grid_column_gap\":\"small\",\"grid_default\":\"1\",\"grid_divider\":true,\"grid_medium\":\"1\",\"grid_row_gap\":\"small\",\"icon_width\":80,\"image_align\":\"top\",\"image_grid_breakpoint\":\"m\",\"image_grid_width\":\"1-2\",\"image_svg_color\":\"emphasis\",\"item_animation\":true,\"lightbox_bg_close\":true,\"link_style\":\"default\",\"link_text\":\"\",\"margin\":\"default\",\"meta_align\":\"below-title\",\"meta_element\":\"div\",\"meta_style\":\"text-meta\",\"panel_link\":true,\"show_content\":true,\"show_hover_image\":true,\"show_hover_video\":true,\"show_image\":true,\"show_link\":true,\"show_meta\":true,\"show_title\":true,\"show_video\":true,\"title_align\":\"top\",\"title_element\":\"h3\",\"title_grid_breakpoint\":\"m\",\"title_grid_width\":\"1-2\",\"title_hover_style\":\"reset\",\"title_style\":\"h4\"},\"children\":[{\"type\":\"grid_item\",\"source\":{\"query\":{\"name\":\"pages.customPages\",\"arguments\":{\"users\":[],\"users_operator\":\"IN\",\"offset\":0,\"limit\":25,\"order\":\"date\",\"order_direction\":\"ASC\"}},\"props\":{\"title\":{\"name\":\"title\"},\"_condition\":{\"name\":\"parent.title\",\"filters\":{\"condition\":\"=\",\"condition_value\":\"Absaugsysteme\"}},\"link\":{\"name\":\"link\"}}}}],\"name\":\"subnav-right inklusive dynamischer filter\"},{\"type\":\"panel\",\"props\":{\"content\":\"\n\n<p>Kontaktieren Sie uns gerne. Wir sind durchgehend f\\u00fcr Sie erreichbar.<\\\/p>\",\"content_column_breakpoint\":\"m\",\"css\":\".el-element {\\n  outline: 1px solid white;\\n    outline-offset: -5px;\\n\\n}\\n\\n.el-content{\\n    font-size:16px;\\n color: white;   \\n    \\n    \\n}\",\"icon_width\":80,\"image_align\":\"top\",\"image_grid_breakpoint\":\"m\",\"image_grid_width\":\"1-2\",\"image_svg_color\":\"emphasis\",\"link\":\"tel:+490569162870\",\"link_fullwidth\":true,\"link_size\":\"small\",\"link_style\":\"primary\",\"link_text\":\"+49(0) 5691-6287-0\",\"margin\":\"default\",\"meta_align\":\"below-title\",\"meta_element\":\"div\",\"meta_style\":\"text-meta\",\"panel_padding\":\"small\",\"panel_style\":\"card-primary\",\"text_align\":\"center\",\"title\":\"Sie haben Fragen?\",\"title_align\":\"top\",\"title_element\":\"h3\",\"title_grid_breakpoint\":\"m\",\"title_grid_width\":\"1-2\",\"title_hover_style\":\"reset\",\"title_style\":\"h3\"},\"name\":\"cta-subnav-right\"}]}]}]}],\"version\":\"4.5.11\"} --><\/p>\n","protected":false},"excerpt":{"rendered":"<p>Rauch- Gas- und Staub- Absaugsysteme Filtration Alle Absaugsysteme saugen die verunreinigte Luft ab, filtern sch\u00e4dliche Partikel und Gase anhand eines dreistufigen Prozesses heraus, und f\u00fchren die gereinigte Luft in die R\u00e4umlichkeiten zur\u00fcck. 1. Umkehrluftstromsystem Die einstr\u00f6mende kontaminierte Luft wird um 90 Grad umgelenkt und dadurch abgebremst. Dies f\u00fchrt dazu, dass gr\u00f6\u00dfere Partikel aus dem Luftstrom [&hellip;]<\/p>\n","protected":false},"author":1,"featured_media":0,"parent":2205,"menu_order":0,"comment_status":"closed","ping_status":"closed","template":"","meta":{"_acf_changed":false,"footnotes":""},"class_list":["post-2229","page","type-page","status-publish","hentry"],"acf":[],"_links":{"self":[{"href":"https:\/\/joerns-gmbh.com\/en\/wp-json\/wp\/v2\/pages\/2229","targetHints":{"allow":["GET"]}}],"collection":[{"href":"https:\/\/joerns-gmbh.com\/en\/wp-json\/wp\/v2\/pages"}],"about":[{"href":"https:\/\/joerns-gmbh.com\/en\/wp-json\/wp\/v2\/types\/page"}],"author":[{"embeddable":true,"href":"https:\/\/joerns-gmbh.com\/en\/wp-json\/wp\/v2\/users\/1"}],"replies":[{"embeddable":true,"href":"https:\/\/joerns-gmbh.com\/en\/wp-json\/wp\/v2\/comments?post=2229"}],"version-history":[{"count":28,"href":"https:\/\/joerns-gmbh.com\/en\/wp-json\/wp\/v2\/pages\/2229\/revisions"}],"predecessor-version":[{"id":3109,"href":"https:\/\/joerns-gmbh.com\/en\/wp-json\/wp\/v2\/pages\/2229\/revisions\/3109"}],"up":[{"embeddable":true,"href":"https:\/\/joerns-gmbh.com\/en\/wp-json\/wp\/v2\/pages\/2205"}],"wp:attachment":[{"href":"https:\/\/joerns-gmbh.com\/en\/wp-json\/wp\/v2\/media?parent=2229"}],"curies":[{"name":"wp","href":"https:\/\/api.w.org\/{rel}","templated":true}]}}