{"id":2220,"date":"2025-04-07T10:49:45","date_gmt":"2025-04-07T10:49:45","guid":{"rendered":"https:\/\/joerns-gmbh.com\/?page_id=2220"},"modified":"2026-02-05T15:11:21","modified_gmt":"2026-02-05T14:11:21","slug":"absaugsysteme-merkmale-und-funktionen","status":"publish","type":"page","link":"https:\/\/joerns-gmbh.com\/en\/absaugsysteme-2\/absaugsysteme-merkmale-und-funktionen\/","title":{"rendered":"Features and functions"},"content":{"rendered":"<h1>Rauch- Gas- und Staub- Absaugsysteme<\/h1>\n<h2>Merkmale &amp; Funktionen<\/h2>\n<div>\n<h3>Leistungsmerkmale<\/h3>\n<div>\n<div class=\"uk-grid uk-child-width-1-2@m\" uk-grid=\"\">\n<div>\n<ul class=\"uk-list uk-list-bullet\">\n<li>Ger\u00e4te- und Filterkonfiguration nach Bedarf und Anforderung der Anwendung<\/li>\n<li>Mikroprozessor gesteuerte Hochdruckpumpen mit b\u00fcrstenfreiem Motor<\/li>\n<li>Durchs\u00e4tze von 200m\u00b3\/h bis 5000m\u00b3\/h<\/li>\n<li>Digital\u2122 Steuerungsprogramm mit Grafikdisplay<\/li>\n<li>Luftstromregelung durch digitale Differenzdruckmessung<\/li>\n<li>Geregelter Volumenstrom garantiert konstante Absaugergebnisse<\/li>\n<li>Kontinuierliche \u00dcberwachung der gereinigten Luft (Partikel, Gas, Temperatur, Saugstrom) mit optischem und akustischem Alarm<\/li>\n<\/ul>\n<\/div>\n<div>\n<ul class=\"uk-list uk-list-bullet\">\n<li>Patentierte Labyrinth\u2122 Balgen-Sackfilter, Filterklassen F6 bis F9 zur Aufnahme grober Partikel &gt; 0,5\u202f\u00b5m<\/li>\n<li>Hauptfilterkombinationen mit HEPA-Filter und Aktivkohle<\/li>\n<li>H14 HEPA-Filter zur Aufnahme von 99,997\u202f% aller Partikel &gt; 0,3\u202f\u00b5m und 95\u202f% der Partikel &gt; 0,01\u202f\u00b5m<\/li>\n<li>Aktivkohlefilter (einfach oder doppelt impregniert) zur Neutralisierung von Prozessgasen und Ger\u00fcchen<\/li>\n<li>Konfiguration mit Umkehrstr\u00f6mung verl\u00e4ngert die Filterlebensdauer<\/li>\n<\/ul>\n<\/div>\n<\/div>\n<\/div>\n<\/div>\n<ul>\n<li>\n<h3>System Merkmale <\/h3>\n<div>\n<div class=\"el-content uk-panel uk-margin-top\">\n<ul>\n<li>Geringer Energieverbrauch durch variable Motorgeschwindigkeit und automatische Steuerung des Absaugstroms\n<\/li>\n<li>Erweiterter Schutz des Personals durch st\u00e4ndige \u00dcberwachung der Abluft Emissionen\n<\/li>\n<li>Konstanter Saugstrom garantiert reproduzierbare Parameter, sch\u00fctzt Produkt und Material\n<\/li>\n<li>Erh\u00f6hte Filterlebensdauer durch optimierte Absaugung\n<\/li>\n<li>Schnittstelle zur Kommunikation mit angeschlossenen Ger\u00e4ten \/ Maschinen\n<\/li>\n<li>Schnittstelle zur Fernein- ausschaltung\n<\/li>\n<li>Korrosionsbest\u00e4ndiges Edelstahl Geh\u00e4use in Schutzklasse IP56<\/li>\n<\/ul>\n<\/div>\n<\/div>\n<\/li>\n<li>\n<h3>System Funktionen <\/h3>\n<div>\n<div class=\"el-content uk-panel uk-margin-top\">\n<ul>\n<li>Automatische elektronische Str\u00f6mungs\u00fcberwachung sorgt f\u00fcr einen konstanten Saugstrom bis zur vollst\u00e4ndigen Filters\u00e4ttigung\n<\/li>\n<li>Stufenlos einstellbare Absaugrate\n<\/li>\n<li>\u00dcbersichtliches und informatives Grafikdisplay\n<\/li>\n<li>Gas- Partikel- und Temperatursensoren \u00fcberwachen die Qualit\u00e4t der gereinigten Luft\n<\/li>\n<li>Geringe Investitions- und Betriebskosten\n<\/li>\n<li>Schneller und einfacher Filterwechsel\n<\/li>\n<li>Alle Ger\u00e4te sind standardm\u00e4\u00dfig mit einer dreistufigen Filterung ausgestattet\n<\/li>\n<li>Ger\u00e4uscharmer Betrieb<\/li>\n<\/ul>\n<\/div>\n<\/div>\n<\/li>\n<\/ul>\n<div>\n<\/div>\n<div>\n<h3>Sie haben Fragen?<\/h3>\n<div>\n<p>Kontaktieren Sie uns gerne. Wir sind durchgehend f\u00fcr Sie erreichbar.<\/p>\n<\/div>\n<p><a href=\"tel:+490569162870\">+49(0) 5691-6287-0<\/a><\/p>\n<\/div>\n<p><!--more--><br \/>\n<!-- {\"type\":\"layout\",\"children\":[{\"type\":\"section\",\"props\":{\"image\":\"wp-content\\\/uploads\\\/2025\\\/04\\\/briloner_web.jpg\",\"image_position\":\"center-center\",\"image_size\":\"cover\",\"media_overlay\":\"rgba(0, 0, 128, 0.82)\",\"style\":\"primary\",\"title_breakpoint\":\"xl\",\"title_position\":\"top-left\",\"title_rotation\":\"left\",\"vertical_align\":\"middle\",\"width\":\"large\"},\"children\":[{\"type\":\"row\",\"children\":[{\"type\":\"column\",\"props\":{\"image_position\":\"center-center\",\"position_sticky_breakpoint\":\"m\"},\"children\":[{\"type\":\"headline\",\"props\":{\"content\":\"Rauch- Gas- und Staub- Absaugsysteme\",\"css\":\"\\\/* Hide element if the viewport width is 600px or less *\\\/\\n@media screen and (max-width: 600px) {\\n  .el-element {\\n    font-size: 20px;\\n  }\\n}\",\"title_element\":\"h1\"}},{\"type\":\"breadcrumbs\",\"props\":{\"show_current\":true,\"show_home\":true}}]}]}]},{\"type\":\"section\",\"props\":{\"image_position\":\"center-center\",\"style\":\"muted\",\"title_breakpoint\":\"xl\",\"title_position\":\"top-left\",\"title_rotation\":\"left\",\"vertical_align\":\"middle\",\"width\":\"large\"},\"children\":[{\"type\":\"row\",\"props\":{\"column_gap\":\"medium\",\"layout\":\"3-4,1-4\"},\"children\":[{\"type\":\"column\",\"props\":{\"image_position\":\"center-center\",\"position_sticky_breakpoint\":\"m\",\"style\":\"card-default\",\"width_medium\":\"3-4\"},\"children\":[{\"type\":\"headline\",\"props\":{\"content\":\"Merkmale &amp; Funktionen\",\"title_element\":\"h2\"}},{\"type\":\"panel\",\"props\":{\"content\":\"\n\n<div class=\\\"uk-grid uk-child-width-1-2@m\\\" uk-grid=\\\"\\\">\\n\n\n<div>\\n\n\n<ul class=\\\"uk-list uk-list-bullet\\\">\\n\n\n<li>Ger\\u00e4te- und Filterkonfiguration nach Bedarf und Anforderung der Anwendung<\\\/li>\\n\n\n<li>Mikroprozessor gesteuerte Hochdruckpumpen mit b\\u00fcrstenfreiem Motor<\\\/li>\\n\n\n<li>Durchs\\u00e4tze von 200m\\u00b3\\\/h bis 5000m\\u00b3\\\/h<\\\/li>\\n\n\n<li>Digital\\u2122 Steuerungsprogramm mit Grafikdisplay<\\\/li>\\n\n\n<li>Luftstromregelung durch digitale Differenzdruckmessung<\\\/li>\\n\n\n<li>Geregelter Volumenstrom garantiert konstante Absaugergebnisse<\\\/li>\\n\n\n<li>Kontinuierliche \\u00dcberwachung der gereinigten Luft (Partikel, Gas, Temperatur, Saugstrom) mit optischem und akustischem Alarm<\\\/li>\\n<\\\/ul>\\n<\\\/div>\\n\n\n<div>\\n\n\n<ul class=\\\"uk-list uk-list-bullet\\\">\\n\n\n<li>Patentierte Labyrinth\\u2122 Balgen-Sackfilter, Filterklassen F6 bis F9 zur Aufnahme grober Partikel &gt; 0,5\\u202f\\u00b5m<\\\/li>\\n\n\n<li>Hauptfilterkombinationen mit HEPA-Filter und Aktivkohle<\\\/li>\\n\n\n<li>H14 HEPA-Filter zur Aufnahme von 99,997\\u202f% aller Partikel &gt; 0,3\\u202f\\u00b5m und 95\\u202f% der Partikel &gt; 0,01\\u202f\\u00b5m<\\\/li>\\n\n\n<li>Aktivkohlefilter (einfach oder doppelt impregniert) zur Neutralisierung von Prozessgasen und Ger\\u00fcchen<\\\/li>\\n\n\n<li>Konfiguration mit Umkehrstr\\u00f6mung verl\\u00e4ngert die Filterlebensdauer<\\\/li>\\n<\\\/ul>\\n<\\\/div>\\n<\\\/div>\",\"content_column_breakpoint\":\"m\",\"icon_width\":80,\"image_align\":\"top\",\"image_grid_breakpoint\":\"m\",\"image_grid_width\":\"1-2\",\"image_svg_color\":\"emphasis\",\"link_style\":\"default\",\"link_text\":\"Read more\",\"margin\":\"medium\",\"meta_align\":\"below-title\",\"meta_element\":\"div\",\"meta_style\":\"text-meta\",\"panel_padding\":\"small\",\"title\":\"Leistungsmerkmale\",\"title_align\":\"top\",\"title_element\":\"h3\",\"title_grid_breakpoint\":\"m\",\"title_grid_width\":\"1-2\",\"title_hover_style\":\"reset\",\"title_style\":\"h3\"}},{\"type\":\"fragment\",\"props\":{\"margin\":\"default\"},\"children\":[{\"type\":\"row\",\"children\":[{\"type\":\"column\",\"props\":{\"image_position\":\"center-center\",\"position_sticky_breakpoint\":\"m\"},\"children\":[{\"type\":\"grid\",\"props\":{\"content_column_breakpoint\":\"m\",\"content_margin\":\"remove\",\"filter_align\":\"left\",\"filter_all\":true,\"filter_grid_breakpoint\":\"m\",\"filter_grid_width\":\"auto\",\"filter_position\":\"top\",\"filter_style\":\"tab\",\"grid_column_gap\":\"medium\",\"grid_default\":\"1\",\"grid_medium\":\"2\",\"grid_row_gap\":\"small\",\"icon_width\":80,\"image_align\":\"top\",\"image_grid_breakpoint\":\"m\",\"image_grid_width\":\"1-2\",\"image_svg_color\":\"emphasis\",\"item_animation\":true,\"lightbox_bg_close\":true,\"link_style\":\"default\",\"link_text\":\"Read more\",\"margin\":\"default\",\"meta_align\":\"below-title\",\"meta_element\":\"div\",\"meta_style\":\"text-meta\",\"panel_padding\":\"small\",\"panel_style\":\"card-secondary\",\"show_content\":true,\"show_hover_image\":true,\"show_hover_video\":true,\"show_image\":true,\"show_link\":true,\"show_meta\":true,\"show_title\":true,\"show_video\":true,\"title_align\":\"top\",\"title_element\":\"h3\",\"title_grid_breakpoint\":\"m\",\"title_grid_width\":\"1-2\",\"title_hover_style\":\"reset\",\"title_style\":\"h3\"},\"children\":[{\"type\":\"grid_item\",\"props\":{\"content\":\"\n\n<div class=\\\"el-content uk-panel uk-margin-top\\\">\\n\n\n<ul>\\n\n\n<li>Geringer Energieverbrauch durch variable Motorgeschwindigkeit und automatische Steuerung des Absaugstroms<br \\\/><br \\\/><\\\/li>\\n\n\n<li>Erweiterter Schutz des Personals durch st\\u00e4ndige \\u00dcberwachung der Abluft Emissionen<br \\\/><br \\\/><\\\/li>\\n\n\n<li>Konstanter Saugstrom garantiert reproduzierbare Parameter, sch\\u00fctzt Produkt und Material<br \\\/><br \\\/><\\\/li>\\n\n\n<li>Erh\\u00f6hte Filterlebensdauer durch optimierte Absaugung<br \\\/><br \\\/><\\\/li>\\n\n\n<li>Schnittstelle zur Kommunikation mit angeschlossenen Ger\\u00e4ten \\\/ Maschinen<br \\\/><br \\\/><\\\/li>\\n\n\n<li>Schnittstelle zur Fernein- ausschaltung<br \\\/><br \\\/><\\\/li>\\n\n\n<li>Korrosionsbest\\u00e4ndiges Edelstahl Geh\\u00e4use in Schutzklasse IP56<\\\/li>\\n<\\\/ul>\\n<\\\/div>\",\"panel_style\":\"card-secondary\",\"title\":\"System Merkmale \"}},{\"type\":\"grid_item\",\"props\":{\"content\":\"\n\n<div class=\\\"el-content uk-panel uk-margin-top\\\">\\n\n\n<ul>\\n\n\n<li>Automatische elektronische Str\\u00f6mungs\\u00fcberwachung sorgt f\\u00fcr einen konstanten Saugstrom bis zur vollst\\u00e4ndigen Filters\\u00e4ttigung<br \\\/><br \\\/><\\\/li>\\n\n\n<li>Stufenlos einstellbare Absaugrate<br \\\/><br \\\/><\\\/li>\\n\n\n<li>\\u00dcbersichtliches und informatives Grafikdisplay<br \\\/><br \\\/><\\\/li>\\n\n\n<li>Gas- Partikel- und Temperatursensoren \\u00fcberwachen die Qualit\\u00e4t der gereinigten Luft<br \\\/><br \\\/><\\\/li>\\n\n\n<li>Geringe Investitions- und Betriebskosten<br \\\/><br \\\/><\\\/li>\\n\n\n<li>Schneller und einfacher Filterwechsel<br \\\/><br \\\/><\\\/li>\\n\n\n<li>Alle Ger\\u00e4te sind standardm\\u00e4\\u00dfig mit einer dreistufigen Filterung ausgestattet<br \\\/><br \\\/><\\\/li>\\n\n\n<li>Ger\\u00e4uscharmer Betrieb<\\\/li>\\n<\\\/ul>\\n<\\\/div>\",\"title\":\"System Funktionen \"}}]}]}]}]}]},{\"type\":\"column\",\"props\":{\"image_position\":\"center-center\",\"position_sticky\":\"section\",\"position_sticky_breakpoint\":\"m\",\"position_sticky_offset\":\"50\",\"width_medium\":\"1-4\"},\"children\":[{\"type\":\"grid\",\"props\":{\"class\":\"uk-card-default uk-card-body\",\"content_column_breakpoint\":\"m\",\"css\":\".el-title{\\n    font-size:17px;\\n}\\n\\n.el-element{\\n    background:#f5f4f4;\\n    border:10px solid white;\\n    border-radius:5px;\\n    padding:30px 30px;\\n}\",\"filter_align\":\"left\",\"filter_all\":true,\"filter_grid_breakpoint\":\"m\",\"filter_grid_width\":\"auto\",\"filter_position\":\"top\",\"filter_style\":\"tab\",\"grid_column_gap\":\"small\",\"grid_default\":\"1\",\"grid_divider\":true,\"grid_medium\":\"1\",\"grid_row_gap\":\"small\",\"icon_width\":80,\"image_align\":\"top\",\"image_grid_breakpoint\":\"m\",\"image_grid_width\":\"1-2\",\"image_svg_color\":\"emphasis\",\"item_animation\":true,\"lightbox_bg_close\":true,\"link_style\":\"default\",\"link_text\":\"\",\"margin\":\"default\",\"meta_align\":\"below-title\",\"meta_element\":\"div\",\"meta_style\":\"text-meta\",\"panel_link\":true,\"show_content\":true,\"show_hover_image\":true,\"show_hover_video\":true,\"show_image\":true,\"show_link\":true,\"show_meta\":true,\"show_title\":true,\"show_video\":true,\"title_align\":\"top\",\"title_element\":\"h3\",\"title_grid_breakpoint\":\"m\",\"title_grid_width\":\"1-2\",\"title_hover_style\":\"reset\",\"title_style\":\"h4\"},\"children\":[{\"type\":\"grid_item\",\"source\":{\"query\":{\"name\":\"pages.customPages\",\"arguments\":{\"users\":[],\"users_operator\":\"IN\",\"offset\":0,\"limit\":25,\"order\":\"date\",\"order_direction\":\"ASC\"}},\"props\":{\"title\":{\"name\":\"title\"},\"_condition\":{\"name\":\"parent.title\",\"filters\":{\"condition\":\"=\",\"condition_value\":\"Absaugsysteme\"}},\"link\":{\"name\":\"link\"}}}}],\"name\":\"subnav-right inklusive dynamischer filter\"},{\"type\":\"panel\",\"props\":{\"content\":\"\n\n<p>Kontaktieren Sie uns gerne. Wir sind durchgehend f\\u00fcr Sie erreichbar.<\\\/p>\",\"content_column_breakpoint\":\"m\",\"css\":\".el-element {\\n  outline: 1px solid white;\\n    outline-offset: -5px;\\n\\n}\\n\\n.el-content{\\n    font-size:16px;\\n color: white;   \\n    \\n    \\n}\",\"icon_width\":80,\"image_align\":\"top\",\"image_grid_breakpoint\":\"m\",\"image_grid_width\":\"1-2\",\"image_svg_color\":\"emphasis\",\"link\":\"tel:+490569162870\",\"link_fullwidth\":true,\"link_size\":\"small\",\"link_style\":\"primary\",\"link_text\":\"+49(0) 5691-6287-0\",\"margin\":\"default\",\"meta_align\":\"below-title\",\"meta_element\":\"div\",\"meta_style\":\"text-meta\",\"panel_padding\":\"small\",\"panel_style\":\"card-primary\",\"text_align\":\"center\",\"title\":\"Sie haben Fragen?\",\"title_align\":\"top\",\"title_element\":\"h3\",\"title_grid_breakpoint\":\"m\",\"title_grid_width\":\"1-2\",\"title_hover_style\":\"reset\",\"title_style\":\"h3\"},\"name\":\"cta-subnav-right\"}]}]}]}],\"version\":\"4.5.11\"} --><\/p>\n","protected":false},"excerpt":{"rendered":"<p>Rauch- Gas- und Staub- Absaugsysteme Merkmale &amp; Funktionen Leistungsmerkmale Ger\u00e4te- und Filterkonfiguration nach Bedarf und Anforderung der Anwendung Mikroprozessor gesteuerte Hochdruckpumpen mit b\u00fcrstenfreiem Motor Durchs\u00e4tze von 200m\u00b3\/h bis 5000m\u00b3\/h Digital\u2122 Steuerungsprogramm mit Grafikdisplay Luftstromregelung durch digitale Differenzdruckmessung Geregelter Volumenstrom garantiert konstante Absaugergebnisse Kontinuierliche \u00dcberwachung der gereinigten Luft (Partikel, Gas, Temperatur, Saugstrom) mit optischem und akustischem [&hellip;]<\/p>\n","protected":false},"author":1,"featured_media":0,"parent":2205,"menu_order":0,"comment_status":"closed","ping_status":"closed","template":"","meta":{"_acf_changed":false,"footnotes":""},"class_list":["post-2220","page","type-page","status-publish","hentry"],"acf":[],"_links":{"self":[{"href":"https:\/\/joerns-gmbh.com\/en\/wp-json\/wp\/v2\/pages\/2220","targetHints":{"allow":["GET"]}}],"collection":[{"href":"https:\/\/joerns-gmbh.com\/en\/wp-json\/wp\/v2\/pages"}],"about":[{"href":"https:\/\/joerns-gmbh.com\/en\/wp-json\/wp\/v2\/types\/page"}],"author":[{"embeddable":true,"href":"https:\/\/joerns-gmbh.com\/en\/wp-json\/wp\/v2\/users\/1"}],"replies":[{"embeddable":true,"href":"https:\/\/joerns-gmbh.com\/en\/wp-json\/wp\/v2\/comments?post=2220"}],"version-history":[{"count":34,"href":"https:\/\/joerns-gmbh.com\/en\/wp-json\/wp\/v2\/pages\/2220\/revisions"}],"predecessor-version":[{"id":3108,"href":"https:\/\/joerns-gmbh.com\/en\/wp-json\/wp\/v2\/pages\/2220\/revisions\/3108"}],"up":[{"embeddable":true,"href":"https:\/\/joerns-gmbh.com\/en\/wp-json\/wp\/v2\/pages\/2205"}],"wp:attachment":[{"href":"https:\/\/joerns-gmbh.com\/en\/wp-json\/wp\/v2\/media?parent=2220"}],"curies":[{"name":"wp","href":"https:\/\/api.w.org\/{rel}","templated":true}]}}