{"id":2205,"date":"2025-04-07T10:29:19","date_gmt":"2025-04-07T10:29:19","guid":{"rendered":"https:\/\/joerns-gmbh.com\/?page_id=2205"},"modified":"2026-01-21T12:52:17","modified_gmt":"2026-01-21T11:52:17","slug":"absaugsysteme-2","status":"publish","type":"page","link":"https:\/\/joerns-gmbh.com\/en\/absaugsysteme-2\/","title":{"rendered":"Suction systems"},"content":{"rendered":"<h1>Rauch- Gas- und Staub- Absaugsysteme<\/h1>\n<div>\n<h3>1. Abluftreinigung<\/h3>\n<div>\n<p>Partikel, St\u00e4ube, D\u00e4mpfe, Abbrand beim Laserprozess und Flussmittels\u00e4uren bei L\u00f6tarbeiten gef\u00e4hrden die Gesundheit des Personals und beeintr\u00e4chtigen Produktqualit\u00e4t und Produktionsabl\u00e4ufe.<\/p>\n<p>Auch zum Schutz von Ger\u00e4ten mit optischen Komponenten ist eine Absaugung von Vorteil. Der Niederschlag von Flussmittels\u00e4ured\u00e4mpfen und St\u00e4uben auf Prismen, Linsen oder Leuchtmitteln reduzieren die Arbeitsqualit\u00e4t und Produktionsergebnisse erheblich.<\/p>\n<p>Diese Qualit\u00e4tseinbu\u00dfe geschieht schleichend und wird vom Bedienpersonal nur selten bemerkt, obwohl die Fehlerrate dadurch st\u00e4ndig ansteigen kann.<\/p>\n<p><b>PUREX Absaugsysteme<\/b> haben eine sehr hohe Effizienz bei der Absaugleistung und Filtration. Die Steuerung der Systeme regelt die Pumpenleistung abh\u00e4ngig vom S\u00e4ttigungsgrad der Filter permanent auf das eingestellte Absaugvolumen nach. Somit l\u00e4uft die Pumpe nicht mit einer fixierten Geschwindigkeit (die Saugleistung nimmt mit der Zeit ab), sondern bis zur vollst\u00e4ndigen S\u00e4ttigung der Filter, mit optimaler Leistung.<\/p>\n<p>Die Absaugsysteme arbeiten nach dem Umluftprinzip. Kontaminierte Luft wird abgesaugt, durch einen mehrstufigen Prozess gefiltert und die gereinigte Luft wird in den Raum zur\u00fcckgef\u00fchrt. Dies spart Heizenergie und aufw\u00e4ndige Umbauma\u00dfnahmen.<\/p>\n<\/div>\n<\/div>\n<div>\n<h3>2. Filtrationsprinzip<\/h3>\n<div>\n<div class=\"div1\">\n<p>Die Absaugrichtung im Ger\u00e4t ist von unten nach oben (nicht FumeCube), durch die 90\u00b0 Umkehrstr\u00f6mung fallen schwere Partikel aus dem Luftstrom nach unten und Ablagerungen auf dem Hauptfilter werden verhindert.<\/p>\n<p>Die Standard Hauptfilter sind mit HEPA-Filter und behandelter Aktivkohle, z.B. zur Neutralisierung von Flussmittels\u00e4ured\u00e4mpfen ausgestattet.<\/p>\n<p>Patentierte Labyrinth<sup>TM<\/sup>&#8211; Balgensackvorfilter bieten eine hohe Aufnahmekapazit\u00e4t von Partikeln. Patentierte Inline-Filter bieten optimale Nutzung und somit lange Standzeiten der Sackfilter.<\/p>\n<p>System- und Filterkonfiguration k\u00f6nnen auf Bedarf und Anforderung der jeweiligen Anwendung abgestimmt werden.<\/p>\n<p>Haupt- und Vorfilter werden nach Gebrauch von der JOERNS GmbH zur\u00fcckgenommen (Sonderm\u00fcll) und einem Entsorgungsunternehmen zur fachgerechten Entsorgung zugef\u00fchrt.<\/p>\n<p>\u00dcber die Entsorgung wird ein Nachweis f\u00fcr Ihr Umweltmanagement ausgestellt.<\/p>\n<\/div>\n<\/div>\n<\/div>\n<div>\n<\/div>\n<div>\n<h3>Sie haben Fragen?<\/h3>\n<div>\n<p>Kontaktieren Sie uns gerne. Wir sind durchgehend f\u00fcr Sie erreichbar.<\/p>\n<\/div>\n<p><a href=\"tel:+490569162870\">+49(0) 5691-6287-0<\/a><\/p>\n<\/div>\n<p><!--more--><br \/>\n<!-- {\"type\":\"layout\",\"children\":[{\"type\":\"section\",\"props\":{\"image\":\"wp-content\\\/uploads\\\/2025\\\/04\\\/briloner_web.jpg\",\"image_position\":\"center-center\",\"image_size\":\"cover\",\"media_overlay\":\"rgba(0, 0, 128, 0.82)\",\"style\":\"primary\",\"title_breakpoint\":\"xl\",\"title_position\":\"top-left\",\"title_rotation\":\"left\",\"vertical_align\":\"middle\",\"width\":\"large\"},\"children\":[{\"type\":\"row\",\"children\":[{\"type\":\"column\",\"props\":{\"image_position\":\"center-center\",\"position_sticky_breakpoint\":\"m\"},\"children\":[{\"type\":\"headline\",\"props\":{\"content\":\"Rauch- Gas- und Staub- Absaugsysteme\",\"title_element\":\"h1\"}},{\"type\":\"breadcrumbs\",\"props\":{\"show_current\":true,\"show_home\":true}}]}]}]},{\"type\":\"section\",\"props\":{\"image_position\":\"center-center\",\"style\":\"muted\",\"title_breakpoint\":\"xl\",\"title_position\":\"top-left\",\"title_rotation\":\"left\",\"vertical_align\":\"middle\",\"width\":\"large\"},\"children\":[{\"type\":\"row\",\"props\":{\"column_gap\":\"medium\",\"layout\":\"3-4,1-4\"},\"children\":[{\"type\":\"column\",\"props\":{\"image_position\":\"center-center\",\"position_sticky_breakpoint\":\"m\",\"style\":\"card-default\",\"width_medium\":\"3-4\"},\"children\":[{\"type\":\"panel\",\"props\":{\"content\":\"\n\n<p>Partikel, St\\u00e4ube, D\\u00e4mpfe, Abbrand beim Laserprozess und Flussmittels\\u00e4uren bei L\\u00f6tarbeiten gef\\u00e4hrden die Gesundheit des Personals und beeintr\\u00e4chtigen Produktqualit\\u00e4t und Produktionsabl\\u00e4ufe.<\\\/p>\\n\n\n<p>Auch zum Schutz von Ger\\u00e4ten mit optischen Komponenten ist eine Absaugung von Vorteil. Der Niederschlag von Flussmittels\\u00e4ured\\u00e4mpfen und St\\u00e4uben auf Prismen, Linsen oder Leuchtmitteln reduzieren die Arbeitsqualit\\u00e4t und Produktionsergebnisse erheblich.<\\\/p>\\n\n\n<p>Diese Qualit\\u00e4tseinbu\\u00dfe geschieht schleichend und wird vom Bedienpersonal nur selten bemerkt, obwohl die Fehlerrate dadurch st\\u00e4ndig ansteigen kann.<\\\/p>\\n\n\n<p><b>PUREX Absaugsysteme<\\\/b> haben eine sehr hohe Effizienz bei der Absaugleistung und Filtration. Die Steuerung der Systeme regelt die Pumpenleistung abh\\u00e4ngig vom S\\u00e4ttigungsgrad der Filter permanent auf das eingestellte Absaugvolumen nach. Somit l\\u00e4uft die Pumpe nicht mit einer fixierten Geschwindigkeit (die Saugleistung nimmt mit der Zeit ab), sondern bis zur vollst\\u00e4ndigen S\\u00e4ttigung der Filter, mit optimaler Leistung.<\\\/p>\\n\n\n<p>Die Absaugsysteme arbeiten nach dem Umluftprinzip. Kontaminierte Luft wird abgesaugt, durch einen mehrstufigen Prozess gefiltert und die gereinigte Luft wird in den Raum zur\\u00fcckgef\\u00fchrt. Dies spart Heizenergie und aufw\\u00e4ndige Umbauma\\u00dfnahmen.<\\\/p>\",\"content_column_breakpoint\":\"m\",\"icon_width\":80,\"image_align\":\"top\",\"image_grid_breakpoint\":\"m\",\"image_grid_width\":\"1-2\",\"image_svg_color\":\"emphasis\",\"link_style\":\"default\",\"link_text\":\"Read more\",\"margin\":\"default\",\"meta_align\":\"below-title\",\"meta_element\":\"div\",\"meta_style\":\"text-meta\",\"panel_padding\":\"small\",\"title\":\"1. Abluftreinigung\",\"title_align\":\"top\",\"title_element\":\"h3\",\"title_grid_breakpoint\":\"m\",\"title_grid_width\":\"1-2\",\"title_hover_style\":\"reset\",\"title_style\":\"h2\"}},{\"type\":\"panel\",\"props\":{\"content\":\"\n\n<div class=\\\"div1\\\">\\n\n\n<p>Die Absaugrichtung im Ger\\u00e4t ist von unten nach oben (nicht FumeCube), durch die 90\\u00b0 Umkehrstr\\u00f6mung fallen schwere Partikel aus dem Luftstrom nach unten und Ablagerungen auf dem Hauptfilter werden verhindert.<\\\/p>\\n\n\n<p>Die Standard Hauptfilter sind mit HEPA-Filter und behandelter Aktivkohle, z.B. zur Neutralisierung von Flussmittels\\u00e4ured\\u00e4mpfen ausgestattet.<\\\/p>\\n\n\n<p>Patentierte Labyrinth<sup>TM<\\\/sup>- Balgensackvorfilter bieten eine hohe Aufnahmekapazit\\u00e4t von Partikeln. Patentierte Inline-Filter bieten optimale Nutzung und somit lange Standzeiten der Sackfilter.<\\\/p>\\n\n\n<p>System- und Filterkonfiguration k\\u00f6nnen auf Bedarf und Anforderung der jeweiligen Anwendung abgestimmt werden.<\\\/p>\\n\n\n<p>Haupt- und Vorfilter werden nach Gebrauch von der JOERNS GmbH zur\\u00fcckgenommen (Sonderm\\u00fcll) und einem Entsorgungsunternehmen zur fachgerechten Entsorgung zugef\\u00fchrt.<\\\/p>\\n\n\n<p>\\u00dcber die Entsorgung wird ein Nachweis f\\u00fcr Ihr Umweltmanagement ausgestellt.<\\\/p>\\n<\\\/div>\",\"content_column_breakpoint\":\"m\",\"icon_width\":80,\"image_align\":\"top\",\"image_grid_breakpoint\":\"m\",\"image_grid_width\":\"1-2\",\"image_svg_color\":\"emphasis\",\"link_style\":\"default\",\"link_text\":\"Read more\",\"margin\":\"default\",\"meta_align\":\"below-title\",\"meta_element\":\"div\",\"meta_style\":\"text-meta\",\"panel_padding\":\"small\",\"title\":\"2. Filtrationsprinzip\",\"title_align\":\"top\",\"title_element\":\"h3\",\"title_grid_breakpoint\":\"m\",\"title_grid_width\":\"1-2\",\"title_hover_style\":\"reset\",\"title_style\":\"h2\"}}]},{\"type\":\"column\",\"props\":{\"image_position\":\"center-center\",\"position_sticky\":\"column\",\"position_sticky_breakpoint\":\"m\",\"position_sticky_offset\":\"40px\",\"width_medium\":\"1-4\"},\"children\":[{\"type\":\"grid\",\"props\":{\"class\":\"uk-card-default uk-card-body\",\"content_column_breakpoint\":\"m\",\"css\":\".el-title{\\n    font-size:17px;\\n}\\n\\n.el-element{\\n    background:#f5f4f4;\\n    border:10px solid white;\\n    border-radius:5px;\\n    padding:30px 30px;\\n}\",\"filter_align\":\"left\",\"filter_all\":true,\"filter_grid_breakpoint\":\"m\",\"filter_grid_width\":\"auto\",\"filter_position\":\"top\",\"filter_style\":\"tab\",\"grid_column_gap\":\"small\",\"grid_default\":\"1\",\"grid_divider\":true,\"grid_medium\":\"1\",\"grid_row_gap\":\"small\",\"icon_width\":80,\"image_align\":\"top\",\"image_grid_breakpoint\":\"m\",\"image_grid_width\":\"1-2\",\"image_svg_color\":\"emphasis\",\"item_animation\":true,\"lightbox_bg_close\":true,\"link_style\":\"default\",\"link_text\":\"\",\"margin\":\"default\",\"meta_align\":\"below-title\",\"meta_element\":\"div\",\"meta_style\":\"text-meta\",\"panel_link\":true,\"show_content\":true,\"show_hover_image\":true,\"show_hover_video\":true,\"show_image\":true,\"show_link\":true,\"show_meta\":true,\"show_title\":true,\"show_video\":true,\"title_align\":\"top\",\"title_element\":\"h3\",\"title_grid_breakpoint\":\"m\",\"title_grid_width\":\"1-2\",\"title_hover_style\":\"reset\",\"title_style\":\"h4\"},\"children\":[{\"type\":\"grid_item\",\"source\":{\"query\":{\"name\":\"pages.customPages\",\"arguments\":{\"users\":[],\"users_operator\":\"IN\",\"offset\":0,\"limit\":30,\"order\":\"title\",\"order_direction\":\"ASC\"}},\"props\":{\"title\":{\"name\":\"title\"},\"_condition\":{\"name\":\"parent.title\",\"filters\":{\"condition\":\"=\",\"condition_value\":\"Absaugsysteme\"}},\"link\":{\"name\":\"link\"}}}}],\"name\":\"subnav-right inklusive dynamischer filter\"},{\"type\":\"panel\",\"props\":{\"content\":\"\n\n<p>Kontaktieren Sie uns gerne. Wir sind durchgehend f\\u00fcr Sie erreichbar.<\\\/p>\",\"content_column_breakpoint\":\"m\",\"css\":\".el-element {\\n  outline: 1px solid white;\\n    outline-offset: -5px;\\n\\n}\\n\\n.el-content{\\n    font-size:16px;\\n color: white;   \\n    \\n    \\n}\",\"icon_width\":80,\"image_align\":\"top\",\"image_grid_breakpoint\":\"m\",\"image_grid_width\":\"1-2\",\"image_svg_color\":\"emphasis\",\"link\":\"tel:+490569162870\",\"link_fullwidth\":true,\"link_size\":\"small\",\"link_style\":\"primary\",\"link_text\":\"+49(0) 5691-6287-0\",\"margin\":\"default\",\"meta_align\":\"below-title\",\"meta_element\":\"div\",\"meta_style\":\"text-meta\",\"panel_padding\":\"small\",\"panel_style\":\"card-primary\",\"text_align\":\"center\",\"title\":\"Sie haben Fragen?\",\"title_align\":\"top\",\"title_element\":\"h3\",\"title_grid_breakpoint\":\"m\",\"title_grid_width\":\"1-2\",\"title_hover_style\":\"reset\",\"title_style\":\"h3\"},\"name\":\"cta-subnav-right\"}]}]}]}],\"version\":\"4.5.11\"} --><\/p>\n","protected":false},"excerpt":{"rendered":"<p>Rauch- Gas- und Staub- Absaugsysteme 1. Abluftreinigung Partikel, St\u00e4ube, D\u00e4mpfe, Abbrand beim Laserprozess und Flussmittels\u00e4uren bei L\u00f6tarbeiten gef\u00e4hrden die Gesundheit des Personals und beeintr\u00e4chtigen Produktqualit\u00e4t und Produktionsabl\u00e4ufe. Auch zum Schutz von Ger\u00e4ten mit optischen Komponenten ist eine Absaugung von Vorteil. Der Niederschlag von Flussmittels\u00e4ured\u00e4mpfen und St\u00e4uben auf Prismen, Linsen oder Leuchtmitteln reduzieren die Arbeitsqualit\u00e4t und [&hellip;]<\/p>\n","protected":false},"author":1,"featured_media":0,"parent":0,"menu_order":0,"comment_status":"closed","ping_status":"closed","template":"","meta":{"_acf_changed":false,"footnotes":""},"class_list":["post-2205","page","type-page","status-publish","hentry"],"acf":[],"_links":{"self":[{"href":"https:\/\/joerns-gmbh.com\/en\/wp-json\/wp\/v2\/pages\/2205","targetHints":{"allow":["GET"]}}],"collection":[{"href":"https:\/\/joerns-gmbh.com\/en\/wp-json\/wp\/v2\/pages"}],"about":[{"href":"https:\/\/joerns-gmbh.com\/en\/wp-json\/wp\/v2\/types\/page"}],"author":[{"embeddable":true,"href":"https:\/\/joerns-gmbh.com\/en\/wp-json\/wp\/v2\/users\/1"}],"replies":[{"embeddable":true,"href":"https:\/\/joerns-gmbh.com\/en\/wp-json\/wp\/v2\/comments?post=2205"}],"version-history":[{"count":43,"href":"https:\/\/joerns-gmbh.com\/en\/wp-json\/wp\/v2\/pages\/2205\/revisions"}],"predecessor-version":[{"id":3052,"href":"https:\/\/joerns-gmbh.com\/en\/wp-json\/wp\/v2\/pages\/2205\/revisions\/3052"}],"wp:attachment":[{"href":"https:\/\/joerns-gmbh.com\/en\/wp-json\/wp\/v2\/media?parent=2205"}],"curies":[{"name":"wp","href":"https:\/\/api.w.org\/{rel}","templated":true}]}}